{"id":28529,"date":"2026-04-22T01:00:33","date_gmt":"2026-04-22T01:00:33","guid":{"rendered":"https:\/\/www.zolattitude.com\/index.php\/product\/ashwagandha-bio-ksm-66-1200-mg-5-withanolides-vegetable-capsules-stress-energy-sleep-60-capsules-made-in-france-nutrivie\/"},"modified":"2026-04-22T01:00:40","modified_gmt":"2026-04-22T01:00:40","slug":"ashwagandha-bio-ksm-66-1200-mg-5-withanolides-vegetable-capsules-stress-energy-sleep-60-capsules-made-in-france-nutrivie","status":"publish","type":"product","link":"https:\/\/www.zolattitude.com\/index.php\/product\/ashwagandha-bio-ksm-66-1200-mg-5-withanolides-vegetable-capsules-stress-energy-sleep-60-capsules-made-in-france-nutrivie\/","title":{"rendered":"Ashwagandha Bio KSM-66 &#8211; 1200 mg &#8211; 5% Withanolides &#8211; Vegetable Capsules &#8211; Stress &#8211; Energy &#8211; Sleep &#8211; 60 Capsules &#8211; Made in France Nutrivie"},"content":{"rendered":"<p>Price: <span style=\"color:#b12704\">\u20ac19.90<\/span><br \/><i><small>(as of Apr 22, 2026 01:00:33 UTC &#8211; <span class=\"wp_automatic_amazon_disclaimer\" title=\"Product prices and availability are accurate as of the date\/time indicated and are subject to change. Any price and availability information displayed on [relevant Amazon Site(s), as applicable] at the time of purchase will apply to the purchase of this product.\">Details<\/span>)<\/small><\/i><br \/><a href=\"https:\/\/amazon.fr\/dp\/B0G3WNRGF9?tag=onamzmoukoubl-21\"><img decoding=\"async\" src=\"https:\/\/valvepress.s3.amazonaws.com\/imgs\/buy_now.png\"><\/a><br \/>\n<\/p>\n<p>                                             Product Description   <\/p>\n<p>                                                                                                       <img decoding=\"async\" alt=\"aplus content image\" src=\"https:\/\/images-na.ssl-images-amazon.com\/images\/G\/01\/x-locale\/common\/grey-pixel.gif\" class=\"a-lazy-loaded\" data-src=\"https:\/\/m.media-amazon.com\/images\/S\/aplus-media-library-service-media\/c3083a46-e0c5-4d19-bd07-26905b63ba0d.__CR0,0,1464,600_PT0_SX1464_V1___.png\"><img decoding=\"async\" alt=\"aplus content image\" src=\"https:\/\/m.media-amazon.com\/images\/S\/aplus-media-library-service-media\/c3083a46-e0c5-4d19-bd07-26905b63ba0d.__CR0,0,1464,600_PT0_SX1464_V1___.png\">                                               <\/p>\n<p>                                                                                                       <img decoding=\"async\" alt=\"aplus content image\" src=\"https:\/\/images-na.ssl-images-amazon.com\/images\/G\/01\/x-locale\/common\/grey-pixel.gif\" class=\"a-lazy-loaded\" data-src=\"https:\/\/m.media-amazon.com\/images\/S\/aplus-media-library-service-media\/08c27308-e9f0-4dfb-b484-a2761434258c.__CR0,0,1464,600_PT0_SX1464_V1___.png\"><img decoding=\"async\" alt=\"aplus content image\" src=\"https:\/\/m.media-amazon.com\/images\/S\/aplus-media-library-service-media\/08c27308-e9f0-4dfb-b484-a2761434258c.__CR0,0,1464,600_PT0_SX1464_V1___.png\">                                               <\/p>\n<p>                                                                                                       <img decoding=\"async\" alt=\"aplus content image\" src=\"https:\/\/images-na.ssl-images-amazon.com\/images\/G\/01\/x-locale\/common\/grey-pixel.gif\" class=\"a-lazy-loaded\" data-src=\"https:\/\/m.media-amazon.com\/images\/S\/aplus-media-library-service-media\/c0bd1ca1-54c7-4910-8f9a-a02eff747ce2.__CR0,0,1464,600_PT0_SX1464_V1___.png\"><img decoding=\"async\" alt=\"aplus content image\" src=\"https:\/\/m.media-amazon.com\/images\/S\/aplus-media-library-service-media\/c0bd1ca1-54c7-4910-8f9a-a02eff747ce2.__CR0,0,1464,600_PT0_SX1464_V1___.png\">                                               <\/p>\n<p>                                                                                                       <img decoding=\"async\" alt=\"Le texte se lit comme suit : \u00ab D&amp;#39;ABORD \u00bb et \u00ab DE STRESS \u00bb. Images de style de vie teint\u00e9es de violet montrant des activit\u00e9s de relaxation ou de bien-\u00eatre.\" src=\"https:\/\/images-na.ssl-images-amazon.com\/images\/G\/01\/x-locale\/common\/grey-pixel.gif\" class=\"a-lazy-loaded\" data-src=\"https:\/\/m.media-amazon.com\/images\/S\/aplus-media-library-service-media\/c12d471f-fd1f-4686-836c-0eed01845727.__CR0,0,1464,600_PT0_SX1464_V1___.png\"><img decoding=\"async\" alt=\"Le texte se lit comme suit : \u00ab D&amp;#39;ABORD \u00bb et \u00ab DE STRESS \u00bb. Images de style de vie teint\u00e9es de violet montrant des activit\u00e9s de relaxation ou de bien-\u00eatre.\" src=\"https:\/\/m.media-amazon.com\/images\/S\/aplus-media-library-service-media\/c12d471f-fd1f-4686-836c-0eed01845727.__CR0,0,1464,600_PT0_SX1464_V1___.png\">                                               <\/p>\n<p>                                                                                                       <img decoding=\"async\" alt=\"Le texte se lit comme suit : \u00ab pour apr\u00e8s jour \u00bb. Rang\u00e9e de logos de certification, y compris AB agriculture biologique, Made in France, Vegan et d&amp;#39;autres symboles de certification.\" src=\"https:\/\/images-na.ssl-images-amazon.com\/images\/G\/01\/x-locale\/common\/grey-pixel.gif\" class=\"a-lazy-loaded\" data-src=\"https:\/\/m.media-amazon.com\/images\/S\/aplus-media-library-service-media\/7ca8ba0a-f729-4e63-a5b8-49ece037ea17.__CR0,0,1464,600_PT0_SX1464_V1___.png\"><img decoding=\"async\" alt=\"Le texte se lit comme suit : \u00ab pour apr\u00e8s jour \u00bb. Rang\u00e9e de logos de certification, y compris AB agriculture biologique, Made in France, Vegan et d&amp;#39;autres symboles de certification.\" src=\"https:\/\/m.media-amazon.com\/images\/S\/aplus-media-library-service-media\/7ca8ba0a-f729-4e63-a5b8-49ece037ea17.__CR0,0,1464,600_PT0_SX1464_V1___.png\">                                               <\/p>\n<p> Product Dimensions                                            \u200f                                            :                                            \u200e                                            4.5 x 4.5 x 8.5 cm; 45 g   <br \/> Manufacturer                                            \u200f                                            :                                            \u200e                                            NUTRIVIE   <br \/> ASIN                                            \u200f                                            :                                            \u200e                                            B0G3WNRGF9   <br \/> Country of origin                                            \u200f                                            :                                            \u200e                                            France   <br \/>  Customer reviews:                                                                                            4.4               4.4 out of 5 stars                                  (28)                                              var dpAcrHasRegisteredArcLinkClickAction;                    P.when(&#8216;A&#8217;, &#8216;ready&#8217;).execute(function(A) {                        if (dpAcrHasRegisteredArcLinkClickAction !== true) {                            dpAcrHasRegisteredArcLinkClickAction = true;                            A.declarative(                                &#8216;acrLink-click-metrics&#8217;, &#8216;click&#8217;,                                { &#8220;allowLinkDefault&#8221;: true },                                function (event) {                                    if (window.ue) {                                        ue.count(&#8220;acrLinkClickCount&#8221;, (ue.count(&#8220;acrLinkClickCount&#8221;) || 0) + 1);                                    }                                }                            );                        }                    });                                             P.when(&#8216;A&#8217;, &#8216;cf&#8217;).execute(function(A) {                A.declarative(&#8216;acrStarsLink-click-metrics&#8217;, &#8216;click&#8217;, { &#8220;allowLinkDefault&#8221; : true },  function(event){                    if(window.ue) {                        ue.count(&#8220;acrStarsLinkWithPopoverClickCount&#8221;, (ue.count(&#8220;acrStarsLinkWithPopoverClickCount&#8221;) || 0) + 1);                    }                });            });                          <br \/>COMPLETE ADAPTOGENIC PLANT \u2013 Helps the body adapt to physical and mental stress, promotes relaxation, improves sleep quality and supports concentration abilities.<br \/>KSM-66 PATENTED EXTRACT \u2013 The purest and most studied form of Ashwagandha, derived from organic roots. Clinically proven efficacy: 75% reduction in anxiety and 64% of stress.<br \/>HIGH CONCENTRATION &#038; TITRATION \u2013 400 mg of dry extract of Ashwagandha KSM-66 per capsule, titrated at 5% withanolides (active ingredients).<br \/>100% ORGANIC &#038; CLEAN FORMULA \u2013 Gluten free, lactose free, no added sugars, no preservatives, no GMOs. Vegetable envelope. Certified organic farming. Made in France.<br \/>Directions for use: Take 1 capsule daily, in the morning for energy or in the evening for sleep. For optimal effectiveness, it is recommended to increase the doses gradually.<\/p>\n\n","protected":false},"excerpt":{"rendered":"<p> Product Description Product Dimensions \u200f : \u200e 4.5 x 4.5 x 8.5 cm; 45 g Manufacturer \u200f : \u200e NUTRIVIE ASIN \u200f : \u200e B0G3WNRGF9 Country of origin \u200f : \u200e France Customer reviews: 4.4 4.4 out of 5 stars (28) var dpAcrHasRegisteredArcLinkClickAction; P.when(&#8216;A&#8217;, &#8216;ready&#8217;).execute(function(A) { if (dpAcrHasRegisteredArcLinkClickAction !== true) [&hellip;]<\/p>\n","protected":false},"featured_media":28530,"comment_status":"open","ping_status":"closed","template":"","meta":{"_gspb_post_css":"","om_disable_all_campaigns":false,"_monsterinsights_skip_tracking":false,"_monsterinsights_sitenote_active":false,"_monsterinsights_sitenote_note":"","_monsterinsights_sitenote_category":0},"store":[],"product_brand":[],"product_cat":[150],"product_tag":[493,339,198,289,201,496,5230,405,278,197,2270],"class_list":{"0":"post-28529","1":"product","2":"type-product","3":"status-publish","4":"has-post-thumbnail","6":"product_cat-anti-stress-adaptogenes","7":"product_tag-ashwagandha","8":"product_tag-bio","9":"product_tag-capsules","10":"product_tag-energy","11":"product_tag-france","12":"product_tag-ksm66","13":"product_tag-nutrivie","14":"product_tag-sleep","15":"product_tag-stress","16":"product_tag-vegetable","17":"product_tag-withanolides","19":"first","20":"instock","21":"shipping-taxable","22":"product-type-external"},"aioseo_notices":[],"jetpack_sharing_enabled":true,"_links":{"self":[{"href":"https:\/\/www.zolattitude.com\/index.php\/wp-json\/wp\/v2\/product\/28529","targetHints":{"allow":["GET"]}}],"collection":[{"href":"https:\/\/www.zolattitude.com\/index.php\/wp-json\/wp\/v2\/product"}],"about":[{"href":"https:\/\/www.zolattitude.com\/index.php\/wp-json\/wp\/v2\/types\/product"}],"replies":[{"embeddable":true,"href":"https:\/\/www.zolattitude.com\/index.php\/wp-json\/wp\/v2\/comments?post=28529"}],"wp:featuredmedia":[{"embeddable":true,"href":"https:\/\/www.zolattitude.com\/index.php\/wp-json\/wp\/v2\/media\/28530"}],"wp:attachment":[{"href":"https:\/\/www.zolattitude.com\/index.php\/wp-json\/wp\/v2\/media?parent=28529"}],"wp:term":[{"taxonomy":"store","embeddable":true,"href":"https:\/\/www.zolattitude.com\/index.php\/wp-json\/wp\/v2\/store?post=28529"},{"taxonomy":"product_brand","embeddable":true,"href":"https:\/\/www.zolattitude.com\/index.php\/wp-json\/wp\/v2\/product_brand?post=28529"},{"taxonomy":"product_cat","embeddable":true,"href":"https:\/\/www.zolattitude.com\/index.php\/wp-json\/wp\/v2\/product_cat?post=28529"},{"taxonomy":"product_tag","embeddable":true,"href":"https:\/\/www.zolattitude.com\/index.php\/wp-json\/wp\/v2\/product_tag?post=28529"}],"curies":[{"name":"wp","href":"https:\/\/api.w.org\/{rel}","templated":true}]}}