{"id":28539,"date":"2026-04-22T01:14:08","date_gmt":"2026-04-22T01:14:08","guid":{"rendered":"https:\/\/www.zolattitude.com\/index.php\/product\/ashwagandha-blend-ashwagandha-ksm-66-rhodiola-magnesium-bisglycinate-vitamin-b6-nootropic-and-adaptogen-helps-sleep-mental-clarity-and-general-wellness-60-capsules-nyvos\/"},"modified":"2026-04-22T01:14:23","modified_gmt":"2026-04-22T01:14:23","slug":"ashwagandha-blend-ashwagandha-ksm-66-rhodiola-magnesium-bisglycinate-vitamin-b6-nootropic-and-adaptogen-helps-sleep-mental-clarity-and-general-wellness-60-capsules-nyvos","status":"publish","type":"product","link":"https:\/\/www.zolattitude.com\/index.php\/product\/ashwagandha-blend-ashwagandha-ksm-66-rhodiola-magnesium-bisglycinate-vitamin-b6-nootropic-and-adaptogen-helps-sleep-mental-clarity-and-general-wellness-60-capsules-nyvos\/","title":{"rendered":"Ashwagandha Blend Ashwagandha KSM-66, Rhodiola, Magnesium Bisglycinate, Vitamin B6 \u2013 Nootropic and Adaptogen Helps Sleep, Mental Clarity and General Wellness, 60 Capsules &#8211; Nyvos"},"content":{"rendered":"<p>Price: <span style=\"color:#b12704\"><del>\u20ac24.99<\/del> - \u20ac18.99<\/span><br \/><i><small>(as of Apr 22, 2026 01:14:08 UTC &#8211; <span class=\"wp_automatic_amazon_disclaimer\" title=\"Product prices and availability are accurate as of the date\/time indicated and are subject to change. Any price and availability information displayed on [relevant Amazon Site(s), as applicable] at the time of purchase will apply to the purchase of this product.\">Details<\/span>)<\/small><\/i><br \/><a href=\"https:\/\/amazon.fr\/dp\/B0G25XKJ8C?tag=onamzmoukoubl-21\"><img decoding=\"async\" src=\"https:\/\/valvepress.s3.amazonaws.com\/imgs\/buy_now.png\"><\/a><br \/>\n<\/p>\n<p>                                             Product Description   <\/p>\n<p>                                                                             <img decoding=\"async\" alt=\"Le texte indique \u00ab ASHWAGANDHA BLEND \u00bb et \u00ab \u00c9quilibre r\u00e9el pour chaque type de journ\u00e9e \u00bb avec le logo Myios. Une banni\u00e8re publicitaire montre une personne en position de yoga\/m\u00e9ditation en plein air.\" src=\"https:\/\/images-na.ssl-images-amazon.com\/images\/G\/01\/x-locale\/common\/grey-pixel.gif\" class=\"a-spacing-base a-lazy-loaded\" data-src=\"https:\/\/m.media-amazon.com\/images\/S\/aplus-media-library-service-media\/060e3330-24b8-40a5-810a-d083c6e13b4a.__CR0,0,970,600_PT0_SX970_V1___.png\"><img decoding=\"async\" alt=\"Le texte indique \u00ab ASHWAGANDHA BLEND \u00bb et \u00ab \u00c9quilibre r\u00e9el pour chaque type de journ\u00e9e \u00bb avec le logo Myios. Une banni\u00e8re publicitaire montre une personne en position de yoga\/m\u00e9ditation en plein air.\" src=\"https:\/\/m.media-amazon.com\/images\/S\/aplus-media-library-service-media\/060e3330-24b8-40a5-810a-d083c6e13b4a.__CR0,0,970,600_PT0_SX970_V1___.png\">                                                                    <\/p>\n<p>                                                                             <img decoding=\"async\" alt=\"Le texte se lit comme suit : \u00ab ACTIVEZ VOTRE CORPS - R\u00c9VEILLEZ VOTRE ESPRIT - PERFORMEZ AU MIEUX \u00bb, \u00ab ASHWAGANDHA \u00bb, \u00ab SANS ALLERG\u00c8NES \u00bb, \u00ab PALEO, KETO, VEGAN \u00bb, \u00ab SANS GLUTEN SANS LACTOSE \u00bb, \u00ab FABRIQU\u00c9 DANS L&amp;#39;UE \u00bb, \u00ab WITHANOLIDESS \u00bb\" src=\"https:\/\/images-na.ssl-images-amazon.com\/images\/G\/01\/x-locale\/common\/grey-pixel.gif\" class=\"a-spacing-base a-lazy-loaded\" data-src=\"https:\/\/m.media-amazon.com\/images\/S\/aplus-media-library-service-media\/018a2744-9bee-47e1-8407-63ba34704108.__CR0,0,970,600_PT0_SX970_V1___.png\"><img decoding=\"async\" alt=\"Le texte se lit comme suit : \u00ab ACTIVEZ VOTRE CORPS - R\u00c9VEILLEZ VOTRE ESPRIT - PERFORMEZ AU MIEUX \u00bb, \u00ab ASHWAGANDHA \u00bb, \u00ab SANS ALLERG\u00c8NES \u00bb, \u00ab PALEO, KETO, VEGAN \u00bb, \u00ab SANS GLUTEN SANS LACTOSE \u00bb, \u00ab FABRIQU\u00c9 DANS L&amp;#39;UE \u00bb, \u00ab WITHANOLIDESS \u00bb\" src=\"https:\/\/m.media-amazon.com\/images\/S\/aplus-media-library-service-media\/018a2744-9bee-47e1-8407-63ba34704108.__CR0,0,970,600_PT0_SX970_V1___.png\">                                                                    <\/p>\n<p>                                                                             <img decoding=\"async\" alt=\"Le texte indique \u00ab L&amp;#39;\u00e9quilibre de l&amp;#39;int\u00e9rieur \u00bb et \u00ab Ashwagandha Blend \u00bb. Publicit\u00e9 montrant une personne sur un tapis de yoga en position d&amp;#39;\u00e9tirement.\" src=\"https:\/\/images-na.ssl-images-amazon.com\/images\/G\/01\/x-locale\/common\/grey-pixel.gif\" class=\"a-spacing-base a-lazy-loaded\" data-src=\"https:\/\/m.media-amazon.com\/images\/S\/aplus-media-library-service-media\/caa47cb0-4bd1-418b-8dfe-1ff43c79d0be.__CR0,0,970,600_PT0_SX970_V1___.png\"><img decoding=\"async\" alt=\"Le texte indique \u00ab L&amp;#39;\u00e9quilibre de l&amp;#39;int\u00e9rieur \u00bb et \u00ab Ashwagandha Blend \u00bb. Publicit\u00e9 montrant une personne sur un tapis de yoga en position d&amp;#39;\u00e9tirement.\" src=\"https:\/\/m.media-amazon.com\/images\/S\/aplus-media-library-service-media\/caa47cb0-4bd1-418b-8dfe-1ff43c79d0be.__CR0,0,970,600_PT0_SX970_V1___.png\">                                                                    <\/p>\n<p>                         Add To Basket  <\/p>\n<p>                         Add To Basket  <\/p>\n<p>                             Customer Reviews  <\/p>\n<p>                    4.5 out of 5 stars  122  <\/p>\n<p>                    4.4 out of 5 stars  114  <\/p>\n<p>                             Price  <\/p>\n<p>                                    \u20ac18.99\u20ac18.99                  \u20ac26.99\u20ac26.99                    <\/p>\n<p>                             Niveau d\u2019intensit\u00e9<br \/>\n                                \u00c9quilibre doux               Haute puissance                    <\/p>\n<p>                             Id\u00e9al pour<br \/>\n                                 Bien-\u00eatre quotidien                Besoins intensifs \/ utilisateurs exp\u00e9riment\u00e9s                    <\/p>\n<p>                             Type de formule<br \/>\n                                Adaptog\u00e8nes combin\u00e9s               Extraits ultra concentr\u00e9s                    <\/p>\n<p>                             Ashwagandha par dose journali\u00e8re<br \/>\n                                600 mg KSM-66               960 mg d\u2019extraits                    <\/p>\n<p>                             Niveau de withanolides<br \/>\n                                5 % de withanolides               Jusqu\u2019\u00e0 35 % de withanolides                    <\/p>\n<p>                             Ingr\u00e9dients cl\u00e9s<br \/>\n                                KSM-66, Magn\u00e9sium, Rhodiola, Vit. B6               Ashwagandha + Vitamine B6                    <\/p>\n<p>                             Dose journali\u00e8re<br \/>\n                                2 g\u00e9lules               3 g\u00e9lules                    <\/p>\n<p>                             G\u00e9lules par flacon<br \/>\n                                60               120                    <\/p>\n<p>                             Dur\u00e9e du flacon<br \/>\n                                30 jours               40 jours                    <\/p>\n<p>                             Sans gluten &amp; lactose  <\/p>\n<p>                                              \u2713<\/p>\n<p>                                              \u2713<\/p>\n<p>                                                                             <img decoding=\"async\" alt=\"Le texte se lit comme suit : \u00ab Formule naturelle et v\u00e9g\u00e9tale \u00bb, \u00ab Withanolide \u00bb, \u00ab Aide \u00e0 r\u00e9duire le stress \u00bb, \u00ab \u00e9quilibre \u00bb. Pr\u00e9sentation des informations sur le produit avec des informations d\u00e9taill\u00e9es sur les vitamines et les suppl\u00e9ments.\" src=\"https:\/\/images-na.ssl-images-amazon.com\/images\/G\/01\/x-locale\/common\/grey-pixel.gif\" class=\"a-spacing-base a-lazy-loaded\" data-src=\"https:\/\/m.media-amazon.com\/images\/S\/aplus-media-library-service-media\/991dce13-9b61-4bc3-bb54-5e8521cf9d6f.__CR0,0,970,600_PT0_SX970_V1___.png\"><img decoding=\"async\" alt=\"Le texte se lit comme suit : \u00ab Formule naturelle et v\u00e9g\u00e9tale \u00bb, \u00ab Withanolide \u00bb, \u00ab Aide \u00e0 r\u00e9duire le stress \u00bb, \u00ab \u00e9quilibre \u00bb. Pr\u00e9sentation des informations sur le produit avec des informations d\u00e9taill\u00e9es sur les vitamines et les suppl\u00e9ments.\" src=\"https:\/\/m.media-amazon.com\/images\/S\/aplus-media-library-service-media\/991dce13-9b61-4bc3-bb54-5e8521cf9d6f.__CR0,0,970,600_PT0_SX970_V1___.png\">                                                                    <\/p>\n<p>                                                                             <img decoding=\"async\" alt=\"Le texte se lit comme suit : \u00ab Produit fabriqu\u00e9 dans l&amp;#39;Union europ\u00e9enne \u00bb. Trois contenants de suppl\u00e9ments noirs avec des \u00e9tiquettes fonc\u00e9es affich\u00e9es sur fond blanc avec la marque Nyvos.\" src=\"https:\/\/images-na.ssl-images-amazon.com\/images\/G\/01\/x-locale\/common\/grey-pixel.gif\" class=\"a-spacing-base a-lazy-loaded\" data-src=\"https:\/\/m.media-amazon.com\/images\/S\/aplus-media-library-service-media\/d6042a79-ca66-47b2-b104-c04334824bc0.__CR0,0,970,600_PT0_SX970_V1___.png\"><img decoding=\"async\" alt=\"Le texte se lit comme suit : \u00ab Produit fabriqu\u00e9 dans l&amp;#39;Union europ\u00e9enne \u00bb. Trois contenants de suppl\u00e9ments noirs avec des \u00e9tiquettes fonc\u00e9es affich\u00e9es sur fond blanc avec la marque Nyvos.\" src=\"https:\/\/m.media-amazon.com\/images\/S\/aplus-media-library-service-media\/d6042a79-ca66-47b2-b104-c04334824bc0.__CR0,0,970,600_PT0_SX970_V1___.png\">                                                                    <\/p>\n<p> Product Dimensions                                            \u200f                                            :                                            \u200e                                            5 x 5 x 10 cm; 45 g   <br \/> Manufacturer                                            \u200f                                            :                                            \u200e                                            Monvita Wellness Group S.L.   <br \/> ASIN                                            \u200f                                            :                                            \u200e                                            B0G25XKJ8C   <br \/> Country of origin                                            \u200f                                            :                                            \u200e                                            Espa\u00f1a   <br \/>  Customer reviews:                                                                                            4.5               4.5 out of 5 stars                                  (122)                                              var dpAcrHasRegisteredArcLinkClickAction;                    P.when(&#8216;A&#8217;, &#8216;ready&#8217;).execute(function(A) {                        if (dpAcrHasRegisteredArcLinkClickAction !== true) {                            dpAcrHasRegisteredArcLinkClickAction = true;                            A.declarative(                                &#8216;acrLink-click-metrics&#8217;, &#8216;click&#8217;,                                { &#8220;allowLinkDefault&#8221;: true },                                function (event) {                                    if (window.ue) {                                        ue.count(&#8220;acrLinkClickCount&#8221;, (ue.count(&#8220;acrLinkClickCount&#8221;) || 0) + 1);                                    }                                }                            );                        }                    });                                             P.when(&#8216;A&#8217;, &#8216;cf&#8217;).execute(function(A) {                A.declarative(&#8216;acrStarsLink-click-metrics&#8217;, &#8216;click&#8217;, { &#8220;allowLinkDefault&#8221; : true },  function(event){                    if(window.ue) {                        ue.count(&#8220;acrStarsLinkWithPopoverClickCount&#8221;, (ue.count(&#8220;acrStarsLinkWithPopoverClickCount&#8221;) || 0) + 1);                    }                });            });                          <br \/>Advanced Formula with KSM-66, Rhodiola and Magnesium Bisglycinate We combine Ashwagandha KSM-66 (15:1), a clinically studied standardized extract, with Rhodiola Rosea and magnesium in bisglycinate form, highly bioavailable, to promote emotional balance, mental clarity and stress resistance.<br \/>With Vitamin B6 for daily well-being and neurological support Vitamin B6 contributes to the normal functioning of the nervous system and helps reduce fatigue. A formula with high tolerance, designed for those who favor a natural, functional and premium approach to overall well-being.<br \/>Restful sleep and adaptogenic effect on cortisol This formula acts like a natural Cortisol Blocker thanks to the combination of adaptogens such as KSM-66 and Rhodiola, helping to relax the nervous system and promote deeper and stable sleep. Ideal for mentally disconnecting and waking up regenerated, without melatonin.<br \/>With magnesium and vitamin B6 These nutrients contribute to normal energy metabolism and help reduce fatigue. Also contains Rhodiola, a plant traditionally known for its role in adapting to physical and mental stress.<br \/>Ayurvedic wisdom and modern science Ashwagandha, one of the most studied adaptogens in Ayurvedic medicine, has been used for centuries to support physical and mental resilience. Our formula combines this ancestral heritage with modern science, incorporating KSM-66, Rhodiola and Magnesium Bisglycinate to modulate stress, promote rest and maintain overall balance in a natural and sustainable way.<br \/>Nyvos quality: High power, high security, gluten-free, lactose-free, plant-based capsules, manufactured to exacting European standards. A premium option designed for demanding men looking for well-being, performance and confidence.<br \/>Natural support for stress management and daily balance A combination of adaptogenic ingredients designed for those who want to better manage stress and preserve their overall well-being. Ideal for those inquiring about lowering cortisol or seeking natural support for a healthy hormone balance. Through a holistic approach that promotes calm and mental clarity, it helps to establish balanced eating habits and a conscious lifestyle. Also a great choice for those who perform their own cortisol test as part of a personal wellness journey.<br \/>ASHWAGANDHA, ASAWANDA\u2026 HOW IS IT WRITING? Call it asawanda, asuaganda, swaganda, ashaganda, ashawanda concentrate or even &#8220;cortisol blocker&#8221;\u2026 we too were wrong at the beginning! But the important thing is not how you write it, it&#8217;s what this formula can do for you. With a synergistic blend of KSM-66 Ashwagandha, Rhodiola, Magnesium Bisglycinate and Vitamin B6, it&#8217;s the preferred choice for those seeking mental wellness, rest and clarity \u2014 without depending on a dictionary.<\/p>\n\n","protected":false},"excerpt":{"rendered":"<p> Product Description Add To Basket Add To Basket Customer Reviews 4.5 out of 5 stars 122 4.4 out of 5 stars 114 Price \u20ac18.99\u20ac18.99 \u20ac26.99\u20ac26.99 Niveau d\u2019intensit\u00e9 \u00c9quilibre doux Haute puissance Id\u00e9al pour Bien-\u00eatre quotidien Besoins intensifs \/ utilisateurs exp\u00e9riment\u00e9s Type de formule Adaptog\u00e8nes combin\u00e9s Extraits ultra concentr\u00e9s Ashwagandha par [&hellip;]<\/p>\n","protected":false},"featured_media":28540,"comment_status":"open","ping_status":"closed","template":"","meta":{"_gspb_post_css":"","om_disable_all_campaigns":false,"_monsterinsights_skip_tracking":false,"_monsterinsights_sitenote_active":false,"_monsterinsights_sitenote_note":"","_monsterinsights_sitenote_category":0},"store":[],"product_brand":[],"product_cat":[147],"product_tag":[380,493,293,825,198,3344,3376,907,496,287,590,3404,7085,419,405,178,250],"class_list":{"0":"post-28539","1":"product","2":"type-product","3":"status-publish","4":"has-post-thumbnail","6":"product_cat-racines-adaptogenes","7":"product_tag-adaptogen","8":"product_tag-ashwagandha","9":"product_tag-bisglycinate","10":"product_tag-blend","11":"product_tag-capsules","12":"product_tag-clarity","13":"product_tag-general","14":"product_tag-helps","15":"product_tag-ksm66","16":"product_tag-magnesium","17":"product_tag-mental","18":"product_tag-nootropic","19":"product_tag-nyvos","20":"product_tag-rhodiola","21":"product_tag-sleep","22":"product_tag-vitamin","23":"product_tag-wellness","25":"first","26":"instock","27":"sale","28":"shipping-taxable","29":"product-type-external"},"aioseo_notices":[],"jetpack_sharing_enabled":true,"_links":{"self":[{"href":"https:\/\/www.zolattitude.com\/index.php\/wp-json\/wp\/v2\/product\/28539","targetHints":{"allow":["GET"]}}],"collection":[{"href":"https:\/\/www.zolattitude.com\/index.php\/wp-json\/wp\/v2\/product"}],"about":[{"href":"https:\/\/www.zolattitude.com\/index.php\/wp-json\/wp\/v2\/types\/product"}],"replies":[{"embeddable":true,"href":"https:\/\/www.zolattitude.com\/index.php\/wp-json\/wp\/v2\/comments?post=28539"}],"wp:featuredmedia":[{"embeddable":true,"href":"https:\/\/www.zolattitude.com\/index.php\/wp-json\/wp\/v2\/media\/28540"}],"wp:attachment":[{"href":"https:\/\/www.zolattitude.com\/index.php\/wp-json\/wp\/v2\/media?parent=28539"}],"wp:term":[{"taxonomy":"store","embeddable":true,"href":"https:\/\/www.zolattitude.com\/index.php\/wp-json\/wp\/v2\/store?post=28539"},{"taxonomy":"product_brand","embeddable":true,"href":"https:\/\/www.zolattitude.com\/index.php\/wp-json\/wp\/v2\/product_brand?post=28539"},{"taxonomy":"product_cat","embeddable":true,"href":"https:\/\/www.zolattitude.com\/index.php\/wp-json\/wp\/v2\/product_cat?post=28539"},{"taxonomy":"product_tag","embeddable":true,"href":"https:\/\/www.zolattitude.com\/index.php\/wp-json\/wp\/v2\/product_tag?post=28539"}],"curies":[{"name":"wp","href":"https:\/\/api.w.org\/{rel}","templated":true}]}}