{"id":28560,"date":"2026-04-22T01:36:52","date_gmt":"2026-04-22T01:36:52","guid":{"rendered":"https:\/\/www.zolattitude.com\/index.php\/product\/zinc-gluconate-15-mg-200-tablets-skin-immune-system-gph-diffusion\/"},"modified":"2026-04-22T01:37:00","modified_gmt":"2026-04-22T01:37:00","slug":"zinc-gluconate-15-mg-200-tablets-skin-immune-system-gph-diffusion","status":"publish","type":"product","link":"https:\/\/www.zolattitude.com\/index.php\/product\/zinc-gluconate-15-mg-200-tablets-skin-immune-system-gph-diffusion\/","title":{"rendered":"Zinc Gluconate &#8211; 15 mg &#8211; 200 tablets &#8211; Skin &#8211; Immune System &#8211; GPH Diffusion"},"content":{"rendered":"<p>Price: <span style=\"color:#b12704\">\u20ac12.99<\/span><br \/><i><small>(as of Apr 22, 2026 01:36:52 UTC &#8211; <span class=\"wp_automatic_amazon_disclaimer\" title=\"Product prices and availability are accurate as of the date\/time indicated and are subject to change. Any price and availability information displayed on [relevant Amazon Site(s), as applicable] at the time of purchase will apply to the purchase of this product.\">Details<\/span>)<\/small><\/i><br \/><a href=\"https:\/\/amazon.fr\/dp\/B0843QDT91?tag=onamzmoukoubl-21\"><img decoding=\"async\" src=\"https:\/\/valvepress.s3.amazonaws.com\/imgs\/buy_now.png\"><\/a><br \/>\n<\/p>\n<p>                                             Product Description   <\/p>\n<p>                                                                             <img decoding=\"async\" alt=\"GPH Gluconate de Zinc\" src=\"https:\/\/images-na.ssl-images-amazon.com\/images\/G\/01\/x-locale\/common\/grey-pixel.gif\" class=\"a-spacing-base a-lazy-loaded\" data-src=\"https:\/\/m.media-amazon.com\/images\/S\/aplus-media-library-service-media\/994c6cf9-d8d7-4b3d-bf29-5af189061b5d.__CR0,0,1940,1200_PT0_SX970_V1___.jpg\"><img decoding=\"async\" alt=\"GPH Gluconate de Zinc\" src=\"https:\/\/m.media-amazon.com\/images\/S\/aplus-media-library-service-media\/994c6cf9-d8d7-4b3d-bf29-5af189061b5d.__CR0,0,1940,1200_PT0_SX970_V1___.jpg\">                                         <\/p>\n<h3 class=\"a-spacing-mini\"> LE GLUCONATE DE ZINC : L&#8217;ALLI\u00c9  DE LA PEAU ET DU SYST\u00c8ME IMMUNITAIRE <\/h3>\n<p class=\"a-spacing-base\"> Le Zinc est un oligo-\u00e9l\u00e9ment pr\u00e9sent en faible quantit\u00e9 dans l\u2019organisme (environ 2g) mais toutefois indispensable \u00e0 son bon fonctionnement. Il intervient, en effet, dans l\u2019activit\u00e9 de plus de 200 enzymes. On le retrouve dans toutes les parties du corps mais plus particuli\u00e8rement au niveau des muscles o\u00f9 il est pr\u00e9sent \u00e0 60% et au niveau des os (20%). <\/p>\n<p class=\"a-spacing-base\"> Le corps humain n\u2019\u00e9tant pas capable de le stocker, il est conseiller de veiller \u00e0 un apport r\u00e9gulier et quotidien. Une carence en Zinc peut entrainer de la fatigue, des troubles des sens, un retard de croissance, des probl\u00e8mes de peau, une perte de poids\u2026 <\/p>\n<p class=\"a-spacing-base\"> Notre Gluconate de Zinc est un d\u00e9riv\u00e9 du Zinc, obtenu en liant ce dernier \u00e0 l\u2019acide gluconique. <\/p>\n<p>                                                                             <img decoding=\"async\" alt=\"Gluconate de Zinc - All\u00e9gations\" src=\"https:\/\/images-na.ssl-images-amazon.com\/images\/G\/01\/x-locale\/common\/grey-pixel.gif\" class=\"a-spacing-base a-lazy-loaded\" data-src=\"https:\/\/m.media-amazon.com\/images\/S\/aplus-media-library-service-media\/65b1395e-c13a-4e33-825e-537944bd4d62.__CR0,0,1940,1200_PT0_SX970_V1___.jpg\"><img decoding=\"async\" alt=\"Gluconate de Zinc - All\u00e9gations\" src=\"https:\/\/m.media-amazon.com\/images\/S\/aplus-media-library-service-media\/65b1395e-c13a-4e33-825e-537944bd4d62.__CR0,0,1940,1200_PT0_SX970_V1___.jpg\">                                                                     <\/p>\n<p class=\"a-spacing-base\"> Le Zinc contribue au maintien de cheveux, d&#8217;ongles, d&#8217;une peau et d&#8217;une ossature normaux (1). Il contribue \u00e9galement \u00e0 une fertilit\u00e9 et une reproduction normales (2), au maintien d&#8217;un taux normal de testost\u00e9rone dans le sang (3), \u00e0 une fonction cognitive normale (4), au fonctionnement normal du syst\u00e8me immunitaire (5), au maintien d&#8217;une vision normale (6) et \u00e0 la synth\u00e8se normale de l&#8217;ADN (7). Enfin, le Zinc joue un r\u00f4le dans le processus de division cellulaire (8). <\/p>\n<p>                                                  <img decoding=\"async\" alt=\"Gluconate de Zinc - Sans colorant ou ar\u00f4me artificiel - Assimilation optimale -Conditionn\u00e9 en France\" src=\"https:\/\/images-na.ssl-images-amazon.com\/images\/G\/01\/x-locale\/common\/grey-pixel.gif\" class=\"a-lazy-loaded\" data-src=\"https:\/\/m.media-amazon.com\/images\/S\/aplus-media-library-service-media\/33d6aa7f-8792-4dcb-b6da-ca9d2a1ac320.__CR0,0,970,300_PT0_SX970_V1___.jpg\"><img decoding=\"async\" alt=\"Gluconate de Zinc - Sans colorant ou ar\u00f4me artificiel - Assimilation optimale -Conditionn\u00e9 en France\" src=\"https:\/\/m.media-amazon.com\/images\/S\/aplus-media-library-service-media\/33d6aa7f-8792-4dcb-b6da-ca9d2a1ac320.__CR0,0,970,300_PT0_SX970_V1___.jpg\">  <\/p>\n<h3 class=\"a-size-extra-large aplus-13-heading-text a-text-bold\"> POUR VOUS, NOUS EXIGEONS L&#8217;EXCELLENCE <\/h3>\n<p class=\"description\"> Nos experts choisissent les meilleurs ingr\u00e9dients disponibles permettant d&#8217;offrir une efficacit\u00e9 maximale des principes actifs et une parfaite absorption. L&#8217;excellente biodisponibilit\u00e9 sera encore augment\u00e9e en prenant la dose \u00e0 jeun, moment de la journ\u00e9e o\u00f9 l&#8217;organisme absorbe le mieux le Zinc. <\/p>\n<p class=\"description\"> Nos comprim\u00e9s de Gluconate de Zinc sont dos\u00e9s avec une tr\u00e8s grande pr\u00e9cision et fabriqu\u00e9s selon les bonnes pratiques en vigueur. Nos ateliers fran\u00e7ais, install\u00e9s dans les Landes, sont titulaires de la norme ISO 9001. <\/p>\n<p>                         Add To Basket  <\/p>\n<p>                         Add To Basket  <\/p>\n<p>                         Add To Basket  <\/p>\n<p>                         Add To Basket  <\/p>\n<p>                         Add To Basket  <\/p>\n<p>                         Add To Basket  <\/p>\n<p>                             Customer Reviews  <\/p>\n<p>                    4.4 out of 5 stars  192  <\/p>\n<p>                    4.3 out of 5 stars  83  <\/p>\n<p>                    4.3 out of 5 stars  286  <\/p>\n<p>                    4.3 out of 5 stars  108  <\/p>\n<p>                    4.2 out of 5 stars  116  <\/p>\n<p>                    4.1 out of 5 stars  58  <\/p>\n<p>                             Price  <\/p>\n<p>                                    \u20ac12.99\u20ac12.99                  \u20ac9.99\u20ac9.99                  \u20ac14.99\u20ac14.99                  \u20ac24.90\u20ac24.90                  \u20ac11.90\u20ac11.90                  \u20ac12.99\u20ac12.99        <\/p>\n<p>                             Pr\u00e9sentations disponibles<br \/>\n                                60 comprim\u00e9s \/ 200 comprim\u00e9s               60 comprim\u00e9s \/ 200 comprim\u00e9s               60 comprim\u00e9s \/ 200 comprim\u00e9s               60 comprim\u00e9s \/ 200 comprim\u00e9s               60 comprim\u00e9s \/ 200 comprim\u00e9s               180 comprim\u00e9s \/ 365 comprim\u00e9s        <\/p>\n<p>                             Cheveux, Peau  <\/p>\n<p>                                              \u2713<\/p>\n<p>                                              \u2713<\/p>\n<p>                                              \u2713<br \/>\n                                                          no data<\/p>\n<p>                                              \u2713<\/p>\n<p>                                              \u2713<\/p>\n<p>                             D\u00e9fenses immunitaires  <\/p>\n<p>                                              \u2713<\/p>\n<p>                                              \u2713<\/p>\n<p>                                              \u2713<\/p>\n<p>                                              \u2713<\/p>\n<p>                                              \u2713<br \/>\n                                                          no data<\/p>\n<p>                             Ossature  <\/p>\n<p>                                              \u2713<br \/>\n                                                          no data<\/p>\n<p>                                              \u2713<\/p>\n<p>                                              \u2713<\/p>\n<p>                                              \u2713<br \/>\n                                                          no data<\/p>\n<p>                             Vitalit\u00e9<br \/>\n                                  no data<\/p>\n<p>                                              \u2713<\/p>\n<p>                                              \u2713<br \/>\n                                                          no data<\/p>\n<p>                                              \u2713<\/p>\n<p>                                              \u2713<\/p>\n<p>                             Fertilit\u00e9  <\/p>\n<p>                                              \u2713<br \/>\n                                                          no data<\/p>\n<p>                                              \u2713<br \/>\n                                                          no data<\/p>\n<p>                                              \u2713<br \/>\n                                                          no data<\/p>\n<p>                             Syst\u00e8me nerveux<br \/>\n                                  no data<\/p>\n<p>                                              \u2713<\/p>\n<p>                                              \u2713<br \/>\n                                                          no data<\/p>\n<p>                                              \u2713<\/p>\n<p>                                              \u2713<\/p>\n<p>                             Activit\u00e9 hormonale  <\/p>\n<p>                                              \u2713<\/p>\n<p>                                              \u2713<\/p>\n<p>                                              \u2713<br \/>\n                                                          no data<\/p>\n<p>                                              \u2713<br \/>\n                                                          no data<\/p>\n<p>                             Antioxydant  <\/p>\n<p>                                              \u2713<\/p>\n<p>                                              \u2713<\/p>\n<p>                                              \u2713<br \/>\n                                                          no data<\/p>\n<p>                                              \u2713<br \/>\n                                                          no data<\/p>\n<p>                             Vision  <\/p>\n<p>                                              \u2713<\/p>\n<p>                                              \u2713<\/p>\n<p>                                              \u2713<br \/>\n                                                          no data<\/p>\n<p>                                              \u2713<br \/>\n                                                          no data<\/p>\n<p> Product Dimensions                                            \u200f                                            :                                            \u200e                                            9.5 x 9.5 x 9 cm; 80 g   <br \/> Manufacturer                                            \u200f                                            :                                            \u200e                                            GPH DIFFUSION   <br \/> ASIN                                            \u200f                                            :                                            \u200e                                            B0843QDT91   <br \/> Country of origin                                            \u200f                                            :                                            \u200e                                            France   <br \/>  Customer reviews:                                                                                            4.5               4.5 out of 5 stars                                  (117)                                              var dpAcrHasRegisteredArcLinkClickAction;                    P.when(&#8216;A&#8217;, &#8216;ready&#8217;).execute(function(A) {                        if (dpAcrHasRegisteredArcLinkClickAction !== true) {                            dpAcrHasRegisteredArcLinkClickAction = true;                            A.declarative(                                &#8216;acrLink-click-metrics&#8217;, &#8216;click&#8217;,                                { &#8220;allowLinkDefault&#8221;: true },                                function (event) {                                    if (window.ue) {                                        ue.count(&#8220;acrLinkClickCount&#8221;, (ue.count(&#8220;acrLinkClickCount&#8221;) || 0) + 1);                                    }                                }                            );                        }                    });                                             P.when(&#8216;A&#8217;, &#8216;cf&#8217;).execute(function(A) {                A.declarative(&#8216;acrStarsLink-click-metrics&#8217;, &#8216;click&#8217;, { &#8220;allowLinkDefault&#8221; : true },  function(event){                    if(window.ue) {                        ue.count(&#8220;acrStarsLinkWithPopoverClickCount&#8221;, (ue.count(&#8220;acrStarsLinkWithPopoverClickCount&#8221;) || 0) + 1);                    }                });            });                          <br \/>ZINC &#8211; one tablet per day = 150% of the recommended nutritional values<br \/>\u2705 YOUR WELLNESS, OUR PRIORITY &#8211; Our Zinc Gluconate helps maintain normal skin and the normal functioning of the immune system.<br \/>Made in France \u2013 GPH DIFFUSION is a French company, located in the Landes.<br \/>Box of 200 tablets<\/p>\n\n","protected":false},"excerpt":{"rendered":"<p> Product Description LE GLUCONATE DE ZINC : L&#8217;ALLI\u00c9 DE LA PEAU ET DU SYST\u00c8ME IMMUNITAIRE Le Zinc est un oligo-\u00e9l\u00e9ment pr\u00e9sent en faible quantit\u00e9 dans l\u2019organisme (environ 2g) mais toutefois indispensable \u00e0 son bon fonctionnement. Il intervient, en effet, dans l\u2019activit\u00e9 de plus de 200 enzymes. On le retrouve dans [&hellip;]<\/p>\n","protected":false},"featured_media":28561,"comment_status":"open","ping_status":"closed","template":"","meta":{"_gspb_post_css":"","om_disable_all_campaigns":false,"_monsterinsights_skip_tracking":false,"_monsterinsights_sitenote_active":false,"_monsterinsights_sitenote_note":"","_monsterinsights_sitenote_category":0},"store":[],"product_brand":[],"product_cat":[143],"product_tag":[621,5221,1692,814,176,401,179,172],"class_list":{"0":"post-28560","1":"product","2":"type-product","3":"status-publish","4":"has-post-thumbnail","6":"product_cat-mineraux","7":"product_tag-diffusion","8":"product_tag-gluconate","9":"product_tag-gph","10":"product_tag-immune","11":"product_tag-skin","12":"product_tag-system","13":"product_tag-tablets","14":"product_tag-zinc","16":"first","17":"instock","18":"shipping-taxable","19":"product-type-external"},"aioseo_notices":[],"jetpack_sharing_enabled":true,"_links":{"self":[{"href":"https:\/\/www.zolattitude.com\/index.php\/wp-json\/wp\/v2\/product\/28560","targetHints":{"allow":["GET"]}}],"collection":[{"href":"https:\/\/www.zolattitude.com\/index.php\/wp-json\/wp\/v2\/product"}],"about":[{"href":"https:\/\/www.zolattitude.com\/index.php\/wp-json\/wp\/v2\/types\/product"}],"replies":[{"embeddable":true,"href":"https:\/\/www.zolattitude.com\/index.php\/wp-json\/wp\/v2\/comments?post=28560"}],"wp:featuredmedia":[{"embeddable":true,"href":"https:\/\/www.zolattitude.com\/index.php\/wp-json\/wp\/v2\/media\/28561"}],"wp:attachment":[{"href":"https:\/\/www.zolattitude.com\/index.php\/wp-json\/wp\/v2\/media?parent=28560"}],"wp:term":[{"taxonomy":"store","embeddable":true,"href":"https:\/\/www.zolattitude.com\/index.php\/wp-json\/wp\/v2\/store?post=28560"},{"taxonomy":"product_brand","embeddable":true,"href":"https:\/\/www.zolattitude.com\/index.php\/wp-json\/wp\/v2\/product_brand?post=28560"},{"taxonomy":"product_cat","embeddable":true,"href":"https:\/\/www.zolattitude.com\/index.php\/wp-json\/wp\/v2\/product_cat?post=28560"},{"taxonomy":"product_tag","embeddable":true,"href":"https:\/\/www.zolattitude.com\/index.php\/wp-json\/wp\/v2\/product_tag?post=28560"}],"curies":[{"name":"wp","href":"https:\/\/api.w.org\/{rel}","templated":true}]}}