{"id":28568,"date":"2026-04-22T01:43:24","date_gmt":"2026-04-22T01:43:24","guid":{"rendered":"https:\/\/www.zolattitude.com\/index.php\/product\/food-oil-for-dogs-100-ml-100-organic-barfol-natural-and-vegan-flaxseed-oil-evening-primrose-olive-squash-seed-chia-omega-3-6-9-de-oko-060\/"},"modified":"2026-04-22T01:43:38","modified_gmt":"2026-04-22T01:43:38","slug":"food-oil-for-dogs-100-ml-100-organic-barfol-natural-and-vegan-flaxseed-oil-evening-primrose-olive-squash-seed-chia-omega-3-6-9-de-oko-060","status":"publish","type":"product","link":"https:\/\/www.zolattitude.com\/index.php\/product\/food-oil-for-dogs-100-ml-100-organic-barfol-natural-and-vegan-flaxseed-oil-evening-primrose-olive-squash-seed-chia-omega-3-6-9-de-oko-060\/","title":{"rendered":"Food Oil for Dogs 100 ml &#8211; 100% Organic Barf\u00f6l &#8211; Natural and Vegan &#8211; Flaxseed Oil, Evening Primrose, Olive, Squash Seed, Chia &#8211; Omega 3-6-9, DE-\u00d6KO-060"},"content":{"rendered":"<p>Price: <span style=\"color:#b12704\">\u20ac18.90<\/span><br \/><i><small>(as of Apr 22, 2026 01:43:25 UTC &#8211; <span class=\"wp_automatic_amazon_disclaimer\" title=\"Product prices and availability are accurate as of the date\/time indicated and are subject to change. Any price and availability information displayed on [relevant Amazon Site(s), as applicable] at the time of purchase will apply to the purchase of this product.\">Details<\/span>)<\/small><\/i><br \/><a href=\"https:\/\/amazon.fr\/dp\/B07Z88CV5X?tag=onamzmoukoubl-21\"><img decoding=\"async\" src=\"https:\/\/valvepress.s3.amazonaws.com\/imgs\/buy_now.png\"><\/a><br \/>\n<\/p>\n<p>                                             Product Description   <\/p>\n<p>                                                                                                       <img decoding=\"async\" alt=\"aplus content image\" src=\"https:\/\/images-na.ssl-images-amazon.com\/images\/G\/01\/x-locale\/common\/grey-pixel.gif\" class=\"a-lazy-loaded\" data-src=\"https:\/\/m.media-amazon.com\/images\/S\/aplus-media-library-service-media\/c1e0ac07-42b4-423f-ac76-9e87070a1a99.__CR0,0,1464,600_PT0_SX1464_V1___.jpg\"><img decoding=\"async\" alt=\"aplus content image\" src=\"https:\/\/m.media-amazon.com\/images\/S\/aplus-media-library-service-media\/c1e0ac07-42b4-423f-ac76-9e87070a1a99.__CR0,0,1464,600_PT0_SX1464_V1___.jpg\">                                               <\/p>\n<p>                                                                                  <img decoding=\"async\" alt=\"aplus content image\" src=\"https:\/\/m.media-amazon.com\/images\/S\/aplus-media-library-service-media\/a8003d4b-611e-4641-ab19-141cad7f5301.__CR0,0,1464,600_PT0_SX1464_V1___.jpg\">       <\/p>\n<p>                                                                                  <img decoding=\"async\" alt=\"aplus content image\" src=\"https:\/\/m.media-amazon.com\/images\/S\/aplus-media-library-service-media\/47e7f308-4838-493c-a4f5-2e69e3a705c3.__CR0,0,1464,600_PT0_SX1464_V1___.jpg\">       <\/p>\n<p>                                                                                  <img decoding=\"async\" alt=\"aplus content image\" src=\"https:\/\/m.media-amazon.com\/images\/S\/aplus-media-library-service-media\/1134ee98-730a-406c-8a23-7100d8f6489d.__CR0,0,1464,600_PT0_SX1464_V1___.jpg\">       <\/p>\n<p>                                                                                  <img decoding=\"async\" alt=\"aplus content image\" src=\"https:\/\/m.media-amazon.com\/images\/S\/aplus-media-library-service-media\/d4926439-b57b-4484-9c98-138b2aacfb20.__CR0,0,1464,600_PT0_SX1464_V1___.jpg\">       <\/p>\n<p>The video showcases the product in use.The video guides you through product setup.The video compares multiple products.The video shows the product being unpacked. Wolfsbacher ZeckGuard &#8211; Soin Naturel pour Chiens Merchant video<\/p>\n<p>                                                                                  <img decoding=\"async\" alt=\"Banni\u00e8re verte avec des silhouettes blanches de chats et de foug\u00e8res. Le cercle vert fonc\u00e9 central contient le texte : \u00ab En savoir plus sur notre responsabilit\u00e9 durable ! \u00bb\" src=\"https:\/\/m.media-amazon.com\/images\/S\/aplus-media-library-service-media\/4f2cfab1-95c3-48e7-a1ed-4c4029b14891.__CR0,0,1464,600_PT0_SX1464_V1___.jpg\">       <\/p>\n<p>                                                                                  <img decoding=\"async\" alt=\"\u00c9tiquette de produit verte avec logo \u00ab Bio \u00bb en hexagone. Silhouettes blanches de chats et de foug\u00e8res. Le texte mentionne le label biologique et les avantages en mati\u00e8re de durabilit\u00e9 pour les animaux de compagnie et l&amp;#39;environnement.\" src=\"https:\/\/m.media-amazon.com\/images\/S\/aplus-media-library-service-media\/ec51de78-6f6b-40e2-bcb3-fe3d95f89c91.__CR0,0,1464,600_PT0_SX1464_V1___.jpg\">       <\/p>\n<p>                                                                                  <img decoding=\"async\" alt=\"Banni\u00e8re verte avec des silhouettes blanches de chats et de foug\u00e8res. Le logo blanc central indique \u00ab Klimaneutrales Unternehmen \u00bb (entreprise climatiquement neutre). Le texte ci-dessous mentionne la certification par FOKUS ZUKUNFT depuis 2022.\" src=\"https:\/\/m.media-amazon.com\/images\/S\/aplus-media-library-service-media\/24372528-bf6b-4c5e-8532-32404cd0148b.__CR0,0,1464,600_PT0_SX1464_V1___.jpg\">       <\/p>\n<p>                                                                                  <img decoding=\"async\" alt=\"Banni\u00e8re d&amp;#39;information verte sur l&amp;#39;emballage avec symbole de recyclage. Silhouettes blanches d&amp;#39;oiseaux et de foug\u00e8res. Le texte mentionne des mat\u00e9riaux recyclables et un impact environnemental r\u00e9duit.\" src=\"https:\/\/m.media-amazon.com\/images\/S\/aplus-media-library-service-media\/7e3f1082-b3ee-47ac-87a3-bd3faf4c9e78.__CR0,0,1464,600_PT0_SX1464_V1___.jpg\">       <\/p>\n<p>                                                                                  <img decoding=\"async\" alt=\"Fond vert avec des silhouettes blanches de plantes et d&amp;#39;animaux. Le texte indique \u00ab UNE PLAN\u00c8TE SANS PLASTIQUE \u00bb dans un encadr\u00e9 blanc, promouvant la protection de l&amp;#39;environnement et la r\u00e9duction des d\u00e9chets plastiques\" src=\"https:\/\/m.media-amazon.com\/images\/S\/aplus-media-library-service-media\/bc62e54f-0af5-4b4f-8364-6dcd18e094bf.__CR0,0,1464,600_PT0_SX1464_V1___.jpg\">       <\/p>\n<p>                                                                                  <img decoding=\"async\" alt=\"Produits naturels pour animaux de compagnie expos\u00e9s sur l&amp;#39;herbe avec deux chiots husky. Les produits comprennent un sac, un flacon pulv\u00e9risateur et des flacons compte-gouttes, pr\u00e9sentant une gamme d&amp;#39;articles de soins pour animaux de compagnie\" src=\"https:\/\/m.media-amazon.com\/images\/S\/aplus-media-library-service-media\/24fe2ecb-c04f-4dbc-8cd6-3c22cefa7449.__CR0,0,1464,600_PT0_SX1464_V1___.jpg\">       <\/p>\n<p>                                                                                  <img decoding=\"async\" alt=\"Trois biberons d&amp;#39;huiles alimentaires pour animaux de compagnie sur l&amp;#39;herbe avec un chiot blanc. Produits \u00e9tiquet\u00e9s pour leur soutien aux articulations, \u00e0 la peau et \u00e0 l&amp;#39;apaisement. La banni\u00e8re verte indique \u00ab HUILES ALIMENTAIRES \u00bb\" src=\"https:\/\/m.media-amazon.com\/images\/S\/aplus-media-library-service-media\/db85d4c2-423f-417e-aa45-9ee6a1cebb9d.__CR0,0,1464,600_PT0_SX1464_V1___.jpg\">       <\/p>\n<p>                                                                                  <img decoding=\"async\" alt=\"Un chien gris et blanc debout sur l&amp;#39;herbe \u00e0 c\u00f4t\u00e9 de deux petits contenants de produits. La banni\u00e8re verte indique \u00ab SNACKS AVEC FONCTION \u00bb au-dessus de l&amp;#39;image\" src=\"https:\/\/m.media-amazon.com\/images\/S\/aplus-media-library-service-media\/83a5b753-79e1-49f7-b8d4-b67e1bdd0f17.__CR0,0,1464,600_PT0_SX1464_V1___.jpg\">       <\/p>\n<p>                                                                                  <img decoding=\"async\" alt=\"Chien noir couch\u00e9 dans l&amp;#39;herbe \u00e0 c\u00f4t\u00e9 d&amp;#39;un sac en papier brun contenant un produit de sant\u00e9 pour animaux de compagnie. Banni\u00e8re verte avec le texte \u00ab SANT\u00c9 \u00bb au-dessus de l&amp;#39;image.\" src=\"https:\/\/m.media-amazon.com\/images\/S\/aplus-media-library-service-media\/4a492090-a2eb-4195-a81e-e834422d08c0.__CR0,0,1464,600_PT0_SX1464_V1___.jpg\">       <\/p>\n<p>                                                                                  <img decoding=\"async\" alt=\"Un chien blanc renifle une petite bouteille en plastique dans un champ de fleurs violettes. La bouteille poss\u00e8de une \u00e9tiquette verte avec \u00ab CARE \u00bb \u00e9crit au-dessus de l&amp;#39;image.\" src=\"https:\/\/m.media-amazon.com\/images\/S\/aplus-media-library-service-media\/a2405eb5-f981-4420-8420-178c6f97a095.__CR0,0,1464,600_PT0_SX1464_V1___.jpg\">       <\/p>\n<h3 class=\"a-text-center aplus-h1 a-text-bold\"> Discover more natural products from Wolfsbacher Natur <\/h3>\n<p>                         Add To Basket  <\/p>\n<p>                         Add To Basket  <\/p>\n<p>                         Add To Basket  <\/p>\n<p>                         Add To Basket  <\/p>\n<p>                                     Customer Reviews  <\/p>\n<p>                    4.3 out of 5 stars  1,378  <\/p>\n<p>                    4.3 out of 5 stars  6,245  <\/p>\n<p>                    4.4 out of 5 stars  2,533  <\/p>\n<p>                    4.4 out of 5 stars  368  <\/p>\n<p>                                     Price  <\/p>\n<p>                                                        \u20ac18.90\u20ac18.90     <\/p>\n<p>                                                        \u20ac12.90\u20ac12.90     <\/p>\n<p>                                                        \u20ac18.90\u20ac18.90     <\/p>\n<p>                                                        \u20ac18.90\u20ac18.90     <\/p>\n<p>                                     Natural ingredients  <\/p>\n<p>                                                    \u2714       <\/p>\n<p>                                                    \u2714       <\/p>\n<p>                                                    \u2714       <\/p>\n<p>                                                    \u2714       <\/p>\n<p>                                     Suitable for all ages  <\/p>\n<p>                                                    \u2714       <\/p>\n<p>                                                    \u2714       <\/p>\n<p>                                                    \u2714       <\/p>\n<p>                                                    \u2714       <\/p>\n<p>                                     Made in Germany  <\/p>\n<p>                                                    \u2714       <\/p>\n<p>                                                    \u2714       <\/p>\n<p>                                                    \u2714       <\/p>\n<p>                                                    \u2714       <\/p>\n<p>                                     High acceptance  <\/p>\n<p>                                                    \u2714       <\/p>\n<p>                                                    \u2714       <\/p>\n<p>                                                    \u2714       <\/p>\n<p>                                                    \u2714       <\/p>\n<p>                                     Sustainably packaged  <\/p>\n<p>                                                    \u2714       <\/p>\n<p>                                                    \u2714       <\/p>\n<p>                                                    \u2714       <\/p>\n<p>                                                    \u2714       <\/p>\n<p>SUPPORT FATTY ACID INTAIN: With a balanced blend of organic hemp seed oils, organic flaxseed, organic evening primrose and organic pumpkin seeds.<br \/>TO COMPLETE MEAT-BASED RATIONS: Meat contains only small amounts of certain fatty acids \u2013 so an oil supplement is essential for a balanced BARF diet.<br \/>INTENSE VEGETABLE POWER: The combination of selected vegetable oils is also known from the human diet in relation to natural fatty acids and offers a balanced ratio of omega-3 and omega-6 fatty acids.<br \/>100% ORGANIC &#038; COLD PRESSED: First pressure from controlled organic farming \u2013 without pesticide residues and without refining. Heat and chemical treatment cause conventional oils to lose their natural ingredients. Our oil remains natural.<br \/>IDEAL FOR ALL TYPES OF FEED: Especially suitable for BARF, but also wet or dry food.<\/p>\n\n","protected":false},"excerpt":{"rendered":"<p> Product Description The video showcases the product in use.The video guides you through product setup.The video compares multiple products.The video shows the product being unpacked. Wolfsbacher ZeckGuard &#8211; Soin Naturel pour Chiens Merchant video Discover more natural products from Wolfsbacher Natur Add To Basket Add To Basket Add To Basket [&hellip;]<\/p>\n","protected":false},"featured_media":28569,"comment_status":"open","ping_status":"closed","template":"","meta":{"_gspb_post_css":"","om_disable_all_campaigns":false,"_monsterinsights_skip_tracking":false,"_monsterinsights_sitenote_active":false,"_monsterinsights_sitenote_note":"","_monsterinsights_sitenote_category":0},"store":[],"product_brand":[],"product_cat":[140],"product_tag":[7087,3038,7088,3372,251,1915,199,260,243,989,259,238,252,1283,4438,261],"class_list":{"0":"post-28568","1":"product","2":"type-product","3":"status-publish","4":"has-post-thumbnail","6":"product_cat-huiles-de-bourrache-onagre","7":"product_tag-barfol","8":"product_tag-chia","9":"product_tag-deoko060","10":"product_tag-dogs","11":"product_tag-evening","12":"product_tag-flaxseed","13":"product_tag-food","14":"product_tag-natural","15":"product_tag-oil","16":"product_tag-olive","17":"product_tag-omega","18":"product_tag-organic","19":"product_tag-primrose","20":"product_tag-seed","21":"product_tag-squash","22":"product_tag-vegan","24":"first","25":"instock","26":"shipping-taxable","27":"product-type-external"},"aioseo_notices":[],"jetpack_sharing_enabled":true,"_links":{"self":[{"href":"https:\/\/www.zolattitude.com\/index.php\/wp-json\/wp\/v2\/product\/28568","targetHints":{"allow":["GET"]}}],"collection":[{"href":"https:\/\/www.zolattitude.com\/index.php\/wp-json\/wp\/v2\/product"}],"about":[{"href":"https:\/\/www.zolattitude.com\/index.php\/wp-json\/wp\/v2\/types\/product"}],"replies":[{"embeddable":true,"href":"https:\/\/www.zolattitude.com\/index.php\/wp-json\/wp\/v2\/comments?post=28568"}],"wp:featuredmedia":[{"embeddable":true,"href":"https:\/\/www.zolattitude.com\/index.php\/wp-json\/wp\/v2\/media\/28569"}],"wp:attachment":[{"href":"https:\/\/www.zolattitude.com\/index.php\/wp-json\/wp\/v2\/media?parent=28568"}],"wp:term":[{"taxonomy":"store","embeddable":true,"href":"https:\/\/www.zolattitude.com\/index.php\/wp-json\/wp\/v2\/store?post=28568"},{"taxonomy":"product_brand","embeddable":true,"href":"https:\/\/www.zolattitude.com\/index.php\/wp-json\/wp\/v2\/product_brand?post=28568"},{"taxonomy":"product_cat","embeddable":true,"href":"https:\/\/www.zolattitude.com\/index.php\/wp-json\/wp\/v2\/product_cat?post=28568"},{"taxonomy":"product_tag","embeddable":true,"href":"https:\/\/www.zolattitude.com\/index.php\/wp-json\/wp\/v2\/product_tag?post=28568"}],"curies":[{"name":"wp","href":"https:\/\/api.w.org\/{rel}","templated":true}]}}