{"id":28653,"date":"2026-04-23T01:03:36","date_gmt":"2026-04-23T01:03:36","guid":{"rendered":"https:\/\/www.zolattitude.com\/index.php\/product\/acai-bowl-smoothie-bowl-breakfast-recipe-fruit-nouveaute-retro-plaque-en-metal-decoration-murale-amusante-garage-bar-cour-salon-203-x-305-cm\/"},"modified":"2026-04-23T01:03:41","modified_gmt":"2026-04-23T01:03:41","slug":"acai-bowl-smoothie-bowl-breakfast-recipe-fruit-nouveaute-retro-plaque-en-metal-decoration-murale-amusante-garage-bar-cour-salon-203-x-305-cm","status":"publish","type":"product","link":"https:\/\/www.zolattitude.com\/index.php\/product\/acai-bowl-smoothie-bowl-breakfast-recipe-fruit-nouveaute-retro-plaque-en-metal-decoration-murale-amusante-garage-bar-cour-salon-203-x-305-cm\/","title":{"rendered":"Acai Bowl Smoothie Bowl Breakfast Recipe Fruit Nouveaut\u00e9 R\u00e9tro Plaque en m\u00e9tal D\u00e9coration murale amusante Garage Bar Cour Salon 20,3 x 30,5 cm"},"content":{"rendered":"<p>Price: <span style=\"color:#b12704\">\u20ac13.63<\/span><br \/><i><small>(as of Apr 23, 2026 01:03:36 UTC &#8211; <span class=\"wp_automatic_amazon_disclaimer\" title=\"Product prices and availability are accurate as of the date\/time indicated and are subject to change. Any price and availability information displayed on [relevant Amazon Site(s), as applicable] at the time of purchase will apply to the purchase of this product.\">Details<\/span>)<\/small><\/i><br \/><a href=\"https:\/\/amazon.fr\/dp\/B0GKFCD321?tag=onamzmoukoubl-21\"><img decoding=\"async\" src=\"https:\/\/valvepress.s3.amazonaws.com\/imgs\/buy_now.png\"><\/a><br \/>\n<br \/>\n    <span>Bienvenue dans ma boutique. Produit neuf. Il est l\u00e9ger et facile \u00e0 d\u00e9corer, adapt\u00e9 \u00e0 n&#8217;importe quel endroit. Nous avons une grande vari\u00e9t\u00e9 de signes nostalgiques, vintage et sportifs. Nos panneaux sont parfaits pour d\u00e9corer votre maison, salon, chambre, bureau, caf\u00e9, garage, bureau, boutique, pavillon de chasse, cabine, salle de jeux, bar ou cave, restaurant. Ils peuvent \u00e9galement \u00eatre utilis\u00e9s comme cadeau pour vos coll\u00e8gues, votre famille, vos proches et vos amis. Ils sont \u00e9l\u00e9gants, \u00e9l\u00e9gants et individuels. N&#8217;h\u00e9sitez pas \u00e0 ajouter une nouvelle collection ou \u00e0 acheter un cadeau pour vos amis. Nous esp\u00e9rons qu&#8217;ils peuvent vous apporter plus de plaisir. Chaque produit est scell\u00e9 Emballage pour garantir que le produit est livr\u00e9 \u00e0 vos mains intact. Si vous \u00eates satisfait, vous pouvez d\u00e9placer votre doigt pour donner un commentaire satisfaisant. Enfin, je vous souhaite une vie heureuse<\/span>    <br \/>Dimensions : 30 x 20 cm<br \/>Mat\u00e9riau respectueux de l&#8217;environnement : fabriqu\u00e9 en m\u00e9tal \u00e9tain de haute qualit\u00e9. Ne se d\u00e9forme pas. Imperm\u00e9able, r\u00e9sistance aux hautes temp\u00e9ratures, bonne ductilit\u00e9, poids l\u00e9ger et recyclable.<br \/>D\u00e9coration r\u00e9tro et vintage : la plaque en \u00e9tain est une d\u00e9coration parfaite et attrayante pour votre cuisine, maison, bureau, bar, terrasse, cave ou dortoir<br \/>Montage facile : la plaque en m\u00e9tal dispose de 4 trous pr\u00e9-perc\u00e9s. Peut \u00eatre fix\u00e9 au mur avec des clous sur les 4 coins ou du ruban adh\u00e9sif double face. Coins arrondis. Les bords de chaque panneau sont roul\u00e9s et ourl\u00e9s pour une manipulation s\u00fbre.<br \/>Chaque plaque en \u00e9tain sera mise dans un sac, et nous emballons chaque article, afin que vous puissiez recevoir le colis intact.<\/p>\n\n","protected":false},"excerpt":{"rendered":"<p> Bienvenue dans ma boutique. Produit neuf. Il est l\u00e9ger et facile \u00e0 d\u00e9corer, adapt\u00e9 \u00e0 n&#8217;importe quel endroit. Nous avons une grande vari\u00e9t\u00e9 de signes nostalgiques, vintage et sportifs. Nos panneaux sont parfaits pour d\u00e9corer votre maison, salon, chambre, bureau, caf\u00e9, garage, bureau, boutique, pavillon de chasse, cabine, salle de [&hellip;]<\/p>\n","protected":false},"featured_media":28654,"comment_status":"open","ping_status":"closed","template":"","meta":{"_gspb_post_css":"","om_disable_all_campaigns":false,"_monsterinsights_skip_tracking":false,"_monsterinsights_sitenote_active":false,"_monsterinsights_sitenote_note":"","_monsterinsights_sitenote_category":0},"store":[],"product_brand":[],"product_cat":[148],"product_tag":[386,7099,3834,4060,4175,7101,4788,921,7100,4039,6510,7097,7098,4079,6874,5929,2115],"class_list":{"0":"post-28653","1":"product","2":"type-product","3":"status-publish","4":"has-post-thumbnail","6":"product_cat-superaliments-exotiques","7":"product_tag-acai","8":"product_tag-amusante","9":"product_tag-bar","10":"product_tag-bowl","11":"product_tag-breakfast","12":"product_tag-cour","13":"product_tag-decoration","14":"product_tag-fruit","15":"product_tag-garage","16":"product_tag-metal","17":"product_tag-murale","18":"product_tag-nouveaute","19":"product_tag-plaque","20":"product_tag-recipe","21":"product_tag-retro","22":"product_tag-salon","23":"product_tag-smoothie","25":"first","26":"instock","27":"shipping-taxable","28":"product-type-external"},"aioseo_notices":[],"jetpack_sharing_enabled":true,"_links":{"self":[{"href":"https:\/\/www.zolattitude.com\/index.php\/wp-json\/wp\/v2\/product\/28653","targetHints":{"allow":["GET"]}}],"collection":[{"href":"https:\/\/www.zolattitude.com\/index.php\/wp-json\/wp\/v2\/product"}],"about":[{"href":"https:\/\/www.zolattitude.com\/index.php\/wp-json\/wp\/v2\/types\/product"}],"replies":[{"embeddable":true,"href":"https:\/\/www.zolattitude.com\/index.php\/wp-json\/wp\/v2\/comments?post=28653"}],"wp:featuredmedia":[{"embeddable":true,"href":"https:\/\/www.zolattitude.com\/index.php\/wp-json\/wp\/v2\/media\/28654"}],"wp:attachment":[{"href":"https:\/\/www.zolattitude.com\/index.php\/wp-json\/wp\/v2\/media?parent=28653"}],"wp:term":[{"taxonomy":"store","embeddable":true,"href":"https:\/\/www.zolattitude.com\/index.php\/wp-json\/wp\/v2\/store?post=28653"},{"taxonomy":"product_brand","embeddable":true,"href":"https:\/\/www.zolattitude.com\/index.php\/wp-json\/wp\/v2\/product_brand?post=28653"},{"taxonomy":"product_cat","embeddable":true,"href":"https:\/\/www.zolattitude.com\/index.php\/wp-json\/wp\/v2\/product_cat?post=28653"},{"taxonomy":"product_tag","embeddable":true,"href":"https:\/\/www.zolattitude.com\/index.php\/wp-json\/wp\/v2\/product_tag?post=28653"}],"curies":[{"name":"wp","href":"https:\/\/api.w.org\/{rel}","templated":true}]}}