{"id":28726,"date":"2026-04-24T00:15:57","date_gmt":"2026-04-24T00:15:57","guid":{"rendered":"https:\/\/www.zolattitude.com\/index.php\/product\/vivonu-magnesium-bisglycinate-magnesium-complex-8-in-1-high-content-1000mg-d-90-vegan-capsules-sleep-stress-fatigue-maximum-absorption-easy-assimilation\/"},"modified":"2026-04-24T00:16:07","modified_gmt":"2026-04-24T00:16:07","slug":"vivonu-magnesium-bisglycinate-magnesium-complex-8-in-1-high-content-1000mg-d-90-vegan-capsules-sleep-stress-fatigue-maximum-absorption-easy-assimilation","status":"publish","type":"product","link":"https:\/\/www.zolattitude.com\/index.php\/product\/vivonu-magnesium-bisglycinate-magnesium-complex-8-in-1-high-content-1000mg-d-90-vegan-capsules-sleep-stress-fatigue-maximum-absorption-easy-assimilation\/","title":{"rendered":"VivoNu Magnesium Bisglycinate | Magnesium Complex 8 in 1, High Content 1000mg \/d | 90 Vegan Capsules | Sleep, Stress, Fatigue &#8211; Maximum Absorption &#038; Easy Assimilation"},"content":{"rendered":"<p>Price: <span style=\"color:#b12704\"><del>\u20ac19.99<\/del> - \u20ac9.99<\/span><br \/><i><small>(as of Apr 24, 2026 00:15:57 UTC &#8211; <span class=\"wp_automatic_amazon_disclaimer\" title=\"Product prices and availability are accurate as of the date\/time indicated and are subject to change. Any price and availability information displayed on [relevant Amazon Site(s), as applicable] at the time of purchase will apply to the purchase of this product.\">Details<\/span>)<\/small><\/i><br \/><a href=\"https:\/\/amazon.fr\/dp\/B0GHLXKR52?tag=onamzmoukoubl-21\"><img decoding=\"async\" src=\"https:\/\/valvepress.s3.amazonaws.com\/imgs\/buy_now.png\"><\/a><br \/>\n<\/p>\n<p>                                             Product Description   <\/p>\n<p>                                                                                                       <img decoding=\"async\" alt=\"Le texte indique \u00ab COMPLEXE DE MAGN\u00c9SIUM 8 EN 1 \u00bb. Compl\u00e9tez l&amp;#39;emballage du produit au design bleu et blanc avec des images des ingr\u00e9dients et des ic\u00f4nes de bienfaits.\" src=\"https:\/\/images-na.ssl-images-amazon.com\/images\/G\/01\/x-locale\/common\/grey-pixel.gif\" class=\"a-lazy-loaded\" data-src=\"https:\/\/m.media-amazon.com\/images\/S\/aplus-media-library-service-media\/f7f38b87-ec2e-4c0f-8f47-1df85dcd82c4.__CR0,0,1464,600_PT0_SX1464_V1___.jpg\"><img decoding=\"async\" alt=\"Le texte indique \u00ab COMPLEXE DE MAGN\u00c9SIUM 8 EN 1 \u00bb. Compl\u00e9tez l&amp;#39;emballage du produit au design bleu et blanc avec des images des ingr\u00e9dients et des ic\u00f4nes de bienfaits.\" src=\"https:\/\/m.media-amazon.com\/images\/S\/aplus-media-library-service-media\/f7f38b87-ec2e-4c0f-8f47-1df85dcd82c4.__CR0,0,1464,600_PT0_SX1464_V1___.jpg\">                                               <\/p>\n<p>                                                                                                       <img decoding=\"async\" alt=\"aplus content image\" src=\"https:\/\/images-na.ssl-images-amazon.com\/images\/G\/01\/x-locale\/common\/grey-pixel.gif\" class=\"a-lazy-loaded\" data-src=\"https:\/\/m.media-amazon.com\/images\/S\/aplus-media-library-service-media\/51a722e2-10aa-485e-ba85-9322dcd70d1a.__CR0,0,1464,600_PT0_SX1464_V1___.jpg\"><img decoding=\"async\" alt=\"aplus content image\" src=\"https:\/\/m.media-amazon.com\/images\/S\/aplus-media-library-service-media\/51a722e2-10aa-485e-ba85-9322dcd70d1a.__CR0,0,1464,600_PT0_SX1464_V1___.jpg\">                                               <\/p>\n<p>                                                                                                       <img decoding=\"async\" alt=\"Le texte inclut \u00ab Carbonate de magn\u00e9sium \u00bb et \u00ab Taurate de magn\u00e9sium \u00bb. Sch\u00e9ma scientifique montrant des structures mol\u00e9culaires avec des \u00e9l\u00e9ments chimiques surlign\u00e9s de diff\u00e9rentes couleurs.\" src=\"https:\/\/images-na.ssl-images-amazon.com\/images\/G\/01\/x-locale\/common\/grey-pixel.gif\" class=\"a-lazy-loaded\" data-src=\"https:\/\/m.media-amazon.com\/images\/S\/aplus-media-library-service-media\/6b73c651-74a3-4c9e-b292-e758277691cc.__CR0,0,1464,600_PT0_SX1464_V1___.jpg\"><img decoding=\"async\" alt=\"Le texte inclut \u00ab Carbonate de magn\u00e9sium \u00bb et \u00ab Taurate de magn\u00e9sium \u00bb. Sch\u00e9ma scientifique montrant des structures mol\u00e9culaires avec des \u00e9l\u00e9ments chimiques surlign\u00e9s de diff\u00e9rentes couleurs.\" src=\"https:\/\/m.media-amazon.com\/images\/S\/aplus-media-library-service-media\/6b73c651-74a3-4c9e-b292-e758277691cc.__CR0,0,1464,600_PT0_SX1464_V1___.jpg\">                                               <\/p>\n<p>                                                                                                       <img decoding=\"async\" alt=\"Le texte indique \u00ab Magn\u00e9sium \u00bb. Un collage marketing comportant des graphiques bleus et blancs avec des \u00e9l\u00e9ments circulaires oranges semble \u00eatre destin\u00e9 \u00e0 un suppl\u00e9ment de magn\u00e9sium.\" src=\"https:\/\/images-na.ssl-images-amazon.com\/images\/G\/01\/x-locale\/common\/grey-pixel.gif\" class=\"a-lazy-loaded\" data-src=\"https:\/\/m.media-amazon.com\/images\/S\/aplus-media-library-service-media\/912d4eb2-90a7-4faf-b95d-a0239999e279.__CR0,0,1464,600_PT0_SX1464_V1___.jpg\"><img decoding=\"async\" alt=\"Le texte indique \u00ab Magn\u00e9sium \u00bb. Un collage marketing comportant des graphiques bleus et blancs avec des \u00e9l\u00e9ments circulaires oranges semble \u00eatre destin\u00e9 \u00e0 un suppl\u00e9ment de magn\u00e9sium.\" src=\"https:\/\/m.media-amazon.com\/images\/S\/aplus-media-library-service-media\/912d4eb2-90a7-4faf-b95d-a0239999e279.__CR0,0,1464,600_PT0_SX1464_V1___.jpg\">                                               <\/p>\n<p>                                                                                                       <img decoding=\"async\" alt=\"aplus content image\" src=\"https:\/\/images-na.ssl-images-amazon.com\/images\/G\/01\/x-locale\/common\/grey-pixel.gif\" class=\"a-lazy-loaded\" data-src=\"https:\/\/m.media-amazon.com\/images\/S\/aplus-media-library-service-media\/bda2bf36-a6eb-4978-8e3a-b6cc954eb0ee.__CR0,0,1464,600_PT0_SX1464_V1___.jpg\"><img decoding=\"async\" alt=\"aplus content image\" src=\"https:\/\/m.media-amazon.com\/images\/S\/aplus-media-library-service-media\/bda2bf36-a6eb-4978-8e3a-b6cc954eb0ee.__CR0,0,1464,600_PT0_SX1464_V1___.jpg\">                                               <\/p>\n<p>                                                                                                       <img decoding=\"async\" alt=\"aplus content image\" src=\"https:\/\/images-na.ssl-images-amazon.com\/images\/G\/01\/x-locale\/common\/grey-pixel.gif\" class=\"a-lazy-loaded\" data-src=\"https:\/\/m.media-amazon.com\/images\/S\/aplus-media-library-service-media\/ee291575-cfe5-40cb-85a9-47c2621a1722.__CR0,0,1464,600_PT0_SX1464_V1___.jpg\"><img decoding=\"async\" alt=\"aplus content image\" src=\"https:\/\/m.media-amazon.com\/images\/S\/aplus-media-library-service-media\/ee291575-cfe5-40cb-85a9-47c2621a1722.__CR0,0,1464,600_PT0_SX1464_V1___.jpg\">                                               <\/p>\n<p>                                                                                                       <img decoding=\"async\" alt=\"aplus content image\" src=\"https:\/\/images-na.ssl-images-amazon.com\/images\/G\/01\/x-locale\/common\/grey-pixel.gif\" class=\"a-lazy-loaded\" data-src=\"https:\/\/m.media-amazon.com\/images\/S\/aplus-media-library-service-media\/ff5c6d9e-981d-4ce7-aa20-cf2c8bb7529e.__CR0,0,1464,600_PT0_SX1464_V1___.jpg\"><img decoding=\"async\" alt=\"aplus content image\" src=\"https:\/\/m.media-amazon.com\/images\/S\/aplus-media-library-service-media\/ff5c6d9e-981d-4ce7-aa20-cf2c8bb7529e.__CR0,0,1464,600_PT0_SX1464_V1___.jpg\">                                               <\/p>\n<p> Package Dimensions                                            \u200f                                            :                                            \u200e                                            9.4 x 5.1 x 5.1 cm; 70 g   <br \/> Manufacturer                                            \u200f                                            :                                            \u200e                                            VivoNu   <br \/> ASIN                                            \u200f                                            :                                            \u200e                                            B0GHLXKR52   <br \/> Country of origin                                            \u200f                                            :                                            \u200e                                            China   <br \/>  Customer reviews:                                                                                            4.7               4.7 out of 5 stars                                  (516)                                              var dpAcrHasRegisteredArcLinkClickAction;                    P.when(&#8216;A&#8217;, &#8216;ready&#8217;).execute(function(A) {                        if (dpAcrHasRegisteredArcLinkClickAction !== true) {                            dpAcrHasRegisteredArcLinkClickAction = true;                            A.declarative(                                &#8216;acrLink-click-metrics&#8217;, &#8216;click&#8217;,                                { &#8220;allowLinkDefault&#8221;: true },                                function (event) {                                    if (window.ue) {                                        ue.count(&#8220;acrLinkClickCount&#8221;, (ue.count(&#8220;acrLinkClickCount&#8221;) || 0) + 1);                                    }                                }                            );                        }                    });                                             P.when(&#8216;A&#8217;, &#8216;cf&#8217;).execute(function(A) {                A.declarative(&#8216;acrStarsLink-click-metrics&#8217;, &#8216;click&#8217;, { &#8220;allowLinkDefault&#8221; : true },  function(event){                    if(window.ue) {                        ue.count(&#8220;acrStarsLinkWithPopoverClickCount&#8221;, (ue.count(&#8220;acrStarsLinkWithPopoverClickCount&#8221;) || 0) + 1);                    }                });            });                          <br \/>8 in 1 Magnesium &#8211; Each dose provides 1000mg of magnesium in 8 highly bioavailable forms, including glycinate, citrate, malate and magnesium taurate, designed for optimal absorption and complete body support.<br \/>Contributes to Bone &#038; Muscle Health &#8211; Formulated to help maintain strong bones and flexible muscles, while supporting natural balance and mobility.<br \/>HIGH ABSORBENT &#038; GENTLE TO THE STAMACH &#8211; Elaborated blend for maximum bioavailability with oxide, glycinate and magnesium citrate, providing balanced release and easy digestion.<br \/>Promotes vitality and well-being in everyday life &#8211; Helps support energy production, relaxation and overall well-being, helping you feel at your best all day long.<br \/>PURE, CLEAN &#038; CONVENIENT &#8211; Made from non-GMO ingredients, gluten-free, dairy free, and no artificial additives. Each bottle contains 90 vegetarian capsules for a 45-day cure.<\/p>\n\n","protected":false},"excerpt":{"rendered":"<p> Product Description Package Dimensions \u200f : \u200e 9.4 x 5.1 x 5.1 cm; 70 g Manufacturer \u200f : \u200e VivoNu ASIN \u200f : \u200e B0GHLXKR52 Country of origin \u200f : \u200e China Customer reviews: 4.7 4.7 out of 5 stars (516) var dpAcrHasRegisteredArcLinkClickAction; P.when(&#8216;A&#8217;, &#8216;ready&#8217;).execute(function(A) { if (dpAcrHasRegisteredArcLinkClickAction !== true) [&hellip;]<\/p>\n","protected":false},"featured_media":28727,"comment_status":"open","ping_status":"closed","template":"","meta":{"_gspb_post_css":"","om_disable_all_campaigns":false,"_monsterinsights_skip_tracking":false,"_monsterinsights_sitenote_active":false,"_monsterinsights_sitenote_note":"","_monsterinsights_sitenote_category":0},"store":[],"product_brand":[],"product_cat":[152],"product_tag":[323,295,623,293,198,173,1943,1357,270,294,287,1118,405,278,261,5997],"class_list":{"0":"post-28726","1":"product","2":"type-product","3":"status-publish","4":"has-post-thumbnail","6":"product_cat-magnesium-marin","7":"product_tag-1000mg","8":"product_tag-absorption","9":"product_tag-assimilation","10":"product_tag-bisglycinate","11":"product_tag-capsules","12":"product_tag-complex","13":"product_tag-content","14":"product_tag-easy","15":"product_tag-fatigue","16":"product_tag-high","17":"product_tag-magnesium","18":"product_tag-maximum","19":"product_tag-sleep","20":"product_tag-stress","21":"product_tag-vegan","22":"product_tag-vivonu","24":"first","25":"instock","26":"sale","27":"shipping-taxable","28":"product-type-external"},"aioseo_notices":[],"jetpack_sharing_enabled":true,"_links":{"self":[{"href":"https:\/\/www.zolattitude.com\/index.php\/wp-json\/wp\/v2\/product\/28726","targetHints":{"allow":["GET"]}}],"collection":[{"href":"https:\/\/www.zolattitude.com\/index.php\/wp-json\/wp\/v2\/product"}],"about":[{"href":"https:\/\/www.zolattitude.com\/index.php\/wp-json\/wp\/v2\/types\/product"}],"replies":[{"embeddable":true,"href":"https:\/\/www.zolattitude.com\/index.php\/wp-json\/wp\/v2\/comments?post=28726"}],"wp:featuredmedia":[{"embeddable":true,"href":"https:\/\/www.zolattitude.com\/index.php\/wp-json\/wp\/v2\/media\/28727"}],"wp:attachment":[{"href":"https:\/\/www.zolattitude.com\/index.php\/wp-json\/wp\/v2\/media?parent=28726"}],"wp:term":[{"taxonomy":"store","embeddable":true,"href":"https:\/\/www.zolattitude.com\/index.php\/wp-json\/wp\/v2\/store?post=28726"},{"taxonomy":"product_brand","embeddable":true,"href":"https:\/\/www.zolattitude.com\/index.php\/wp-json\/wp\/v2\/product_brand?post=28726"},{"taxonomy":"product_cat","embeddable":true,"href":"https:\/\/www.zolattitude.com\/index.php\/wp-json\/wp\/v2\/product_cat?post=28726"},{"taxonomy":"product_tag","embeddable":true,"href":"https:\/\/www.zolattitude.com\/index.php\/wp-json\/wp\/v2\/product_tag?post=28726"}],"curies":[{"name":"wp","href":"https:\/\/api.w.org\/{rel}","templated":true}]}}