{"id":28763,"date":"2026-04-24T01:15:59","date_gmt":"2026-04-24T01:15:59","guid":{"rendered":"https:\/\/www.zolattitude.com\/index.php\/product\/natural-elements-organic-turmeric-and-ginger-4440mg-180-capsules-organic-pepper-with-curcumin-and-piperine-highly-dosed-laboratory-controlled\/"},"modified":"2026-04-24T01:16:06","modified_gmt":"2026-04-24T01:16:06","slug":"natural-elements-organic-turmeric-and-ginger-4440mg-180-capsules-organic-pepper-with-curcumin-and-piperine-highly-dosed-laboratory-controlled","status":"publish","type":"product","link":"https:\/\/www.zolattitude.com\/index.php\/product\/natural-elements-organic-turmeric-and-ginger-4440mg-180-capsules-organic-pepper-with-curcumin-and-piperine-highly-dosed-laboratory-controlled\/","title":{"rendered":"natural elements Organic Turmeric and Ginger 4440mg \u2013 180 capsules \u2013 organic pepper \u2013 with curcumin and piperine \u2013 highly dosed \u2013 laboratory controlled"},"content":{"rendered":"<p>Price: <span style=\"color:#b12704\">\u20ac18.99<\/span><br \/><i><small>(as of Apr 24, 2026 01:16:00 UTC &#8211; <span class=\"wp_automatic_amazon_disclaimer\" title=\"Product prices and availability are accurate as of the date\/time indicated and are subject to change. Any price and availability information displayed on [relevant Amazon Site(s), as applicable] at the time of purchase will apply to the purchase of this product.\">Details<\/span>)<\/small><\/i><br \/><a href=\"https:\/\/amazon.fr\/dp\/B07RDKMF6Y?tag=onamzmoukoubl-21\"><img decoding=\"async\" src=\"https:\/\/valvepress.s3.amazonaws.com\/imgs\/buy_now.png\"><\/a><br \/>\n<\/p>\n<p>                                             From the brand   <\/p>\n<p>                                              <img decoding=\"async\" alt=\"avec fermeture \u00e9clair visible et \u00e9cusson brod\u00e9. Port\u00e9 sur une chemise violette, associ\u00e9 \u00e0 un jean bleu. Logo Natural Elements dans le coin sup\u00e9rieur gauche.\" src=\"https:\/\/images-na.ssl-images-amazon.com\/images\/G\/01\/x-locale\/common\/grey-pixel.gif\" class=\"a-lazy-loaded\" data-src=\"https:\/\/m.media-amazon.com\/images\/S\/aplus-media-library-service-media\/e145ba36-afa7-4359-acdf-740300976c21.__CR0,0,1464,625_PT0_SX1464_V1___.jpg\"><img decoding=\"async\" alt=\"avec fermeture \u00e9clair visible et \u00e9cusson brod\u00e9. Port\u00e9 sur une chemise violette, associ\u00e9 \u00e0 un jean bleu. Logo Natural Elements dans le coin sup\u00e9rieur gauche.\" src=\"https:\/\/m.media-amazon.com\/images\/S\/aplus-media-library-service-media\/e145ba36-afa7-4359-acdf-740300976c21.__CR0,0,1464,625_PT0_SX1464_V1___.jpg\">  <\/p>\n<p>                                              <img decoding=\"async\" alt=\"aplus content image\" src=\"https:\/\/images-na.ssl-images-amazon.com\/images\/G\/01\/x-locale\/common\/grey-pixel.gif\" class=\"a-lazy-loaded\" data-src=\"https:\/\/m.media-amazon.com\/images\/S\/aplus-media-library-service-media\/b45d4c09-d499-4f3c-845b-f5884ff09832.__CR0,0,362,453_PT0_SX362_V1___.jpg\"><img decoding=\"async\" alt=\"aplus content image\" src=\"https:\/\/m.media-amazon.com\/images\/S\/aplus-media-library-service-media\/b45d4c09-d499-4f3c-845b-f5884ff09832.__CR0,0,362,453_PT0_SX362_V1___.jpg\">  <\/p>\n<p>                                              <img decoding=\"async\" alt=\"aplus content image\" src=\"https:\/\/images-na.ssl-images-amazon.com\/images\/G\/01\/x-locale\/common\/grey-pixel.gif\" class=\"a-lazy-loaded\" data-src=\"https:\/\/m.media-amazon.com\/images\/S\/aplus-media-library-service-media\/03ceadec-74c5-4c3b-a401-4ebb3cb69edd.__CR0,0,362,453_PT0_SX362_V1___.jpg\"><img decoding=\"async\" alt=\"aplus content image\" src=\"https:\/\/m.media-amazon.com\/images\/S\/aplus-media-library-service-media\/03ceadec-74c5-4c3b-a401-4ebb3cb69edd.__CR0,0,362,453_PT0_SX362_V1___.jpg\">  <\/p>\n<p>                                              <img decoding=\"async\" alt=\"aplus content image\" src=\"https:\/\/images-na.ssl-images-amazon.com\/images\/G\/01\/x-locale\/common\/grey-pixel.gif\" class=\"a-lazy-loaded\" data-src=\"https:\/\/m.media-amazon.com\/images\/S\/aplus-media-library-service-media\/ed127faf-c394-4528-a24c-a25c6e3b03bd.__CR0,0,362,453_PT0_SX362_V1___.jpg\"><img decoding=\"async\" alt=\"aplus content image\" src=\"https:\/\/m.media-amazon.com\/images\/S\/aplus-media-library-service-media\/ed127faf-c394-4528-a24c-a25c6e3b03bd.__CR0,0,362,453_PT0_SX362_V1___.jpg\">  <\/p>\n<h3> Les produits les plus appr\u00e9ci\u00e9s <\/h3>\n<p>                                              <img decoding=\"async\" alt=\"aplus content image\" src=\"https:\/\/images-na.ssl-images-amazon.com\/images\/G\/01\/x-locale\/common\/grey-pixel.gif\" class=\"a-lazy-loaded\" data-src=\"https:\/\/m.media-amazon.com\/images\/S\/aplus-media-library-service-media\/504661b8-3c80-4b3e-84e3-85662a5beaab.__CR0,0,362,453_PT0_SX362_V1___.jpg\"><img decoding=\"async\" alt=\"aplus content image\" src=\"https:\/\/m.media-amazon.com\/images\/S\/aplus-media-library-service-media\/504661b8-3c80-4b3e-84e3-85662a5beaab.__CR0,0,362,453_PT0_SX362_V1___.jpg\">  <\/p>\n<p>                                              <img decoding=\"async\" alt=\"aplus content image\" src=\"https:\/\/images-na.ssl-images-amazon.com\/images\/G\/01\/x-locale\/common\/grey-pixel.gif\" class=\"a-lazy-loaded\" data-src=\"https:\/\/m.media-amazon.com\/images\/S\/aplus-media-library-service-media\/5b3147a4-f77c-4481-895b-2b0fca2efe1c.__CR0,0,362,453_PT0_SX362_V1___.jpg\"><img decoding=\"async\" alt=\"aplus content image\" src=\"https:\/\/m.media-amazon.com\/images\/S\/aplus-media-library-service-media\/5b3147a4-f77c-4481-895b-2b0fca2efe1c.__CR0,0,362,453_PT0_SX362_V1___.jpg\">  <\/p>\n<h3> Les nouveaut\u00e9s pour vous <\/h3>\n<p>                                              <img decoding=\"async\" alt=\"aplus content image\" src=\"https:\/\/images-na.ssl-images-amazon.com\/images\/G\/01\/x-locale\/common\/grey-pixel.gif\" class=\"a-lazy-loaded\" data-src=\"https:\/\/m.media-amazon.com\/images\/S\/aplus-media-library-service-media\/0ce4ccb2-65ed-4ead-bf8b-8072590ae234.__CR0,0,362,453_PT0_SX362_V1___.jpg\"><img decoding=\"async\" alt=\"aplus content image\" src=\"https:\/\/m.media-amazon.com\/images\/S\/aplus-media-library-service-media\/0ce4ccb2-65ed-4ead-bf8b-8072590ae234.__CR0,0,362,453_PT0_SX362_V1___.jpg\">  <\/p>\n<h3> Trouvez votre produit <\/h3>\n<p>                                              <img decoding=\"async\" alt=\"aplus content image\" src=\"https:\/\/images-na.ssl-images-amazon.com\/images\/G\/01\/x-locale\/common\/grey-pixel.gif\" class=\"a-lazy-loaded\" data-src=\"https:\/\/m.media-amazon.com\/images\/S\/aplus-media-library-service-media\/9155b57d-7952-4572-925e-0b158b7b810c.__CR0,0,362,453_PT0_SX362_V1___.jpg\"><img decoding=\"async\" alt=\"aplus content image\" src=\"https:\/\/m.media-amazon.com\/images\/S\/aplus-media-library-service-media\/9155b57d-7952-4572-925e-0b158b7b810c.__CR0,0,362,453_PT0_SX362_V1___.jpg\">  <\/p>\n<p> Package Dimensions                                            \u200f                                            :                                            \u200e                                            12.7 x 6.5 x 6.4 cm; 200 g   <br \/> Manufacturer                                            \u200f                                            :                                            \u200e                                            natural elements   <br \/> ASIN                                            \u200f                                            :                                            \u200e                                            B07RDKMF6Y   <br \/> Manufacturer reference                                            \u200f                                            :                                            \u200e                                            ne0042   <br \/> Country of origin                                            \u200f                                            :                                            \u200e                                            Germany   <br \/>  Customer reviews:                                                                                            4.6               4.6 out of 5 stars                                  (3,070)                                              var dpAcrHasRegisteredArcLinkClickAction;                    P.when(&#8216;A&#8217;, &#8216;ready&#8217;).execute(function(A) {                        if (dpAcrHasRegisteredArcLinkClickAction !== true) {                            dpAcrHasRegisteredArcLinkClickAction = true;                            A.declarative(                                &#8216;acrLink-click-metrics&#8217;, &#8216;click&#8217;,                                { &#8220;allowLinkDefault&#8221;: true },                                function (event) {                                    if (window.ue) {                                        ue.count(&#8220;acrLinkClickCount&#8221;, (ue.count(&#8220;acrLinkClickCount&#8221;) || 0) + 1);                                    }                                }                            );                        }                    });                                             P.when(&#8216;A&#8217;, &#8216;cf&#8217;).execute(function(A) {                A.declarative(&#8216;acrStarsLink-click-metrics&#8217;, &#8216;click&#8217;, { &#8220;allowLinkDefault&#8221; : true },  function(event){                    if(window.ue) {                        ue.count(&#8220;acrStarsLinkWithPopoverClickCount&#8221;, (ue.count(&#8220;acrStarsLinkWithPopoverClickCount&#8221;) || 0) + 1);                    }                });            });                          <br \/>YELLOW POWER IN DOUBLE PACK | Curcumin, a proven herbal substance from turmeric, supports you in conjunction with the natural strength of ginger. Amount of natural antioxidants for a &#8220;feel-good&#8221; effect!<br \/>HIGHLY DOSED AND VEGAN | A daily dose contains 3,000 mg of organic turmeric powder (including 150 mg curcumin) and 1,200 mg of organic ginger powder. 2 natural talents in a purely vegetable capsule envelope \u2013 all completely vegan!<br \/>HIGH BIOAVAILABILITY | Per daily dose, 240 mg of organic black pepper and 12 mg of piperine ensure increased bioavailability. Your body can thus perfectly assimilate the precious plant substances of turmeric and ginger.<br \/>ELEMENTARY DESIGNED | The essentials, and nothing more: unnecessary flavours and additives such as fillers, stabilizers or anti-caking agents have nothing to do with our organic vegan product. Without genetic engineering, of course!<br \/>THE MOTOR NATURAL ELEMENTS | Big words the big means! That is why we have each of our production lots thoroughly checked by independent laboratories in Germany. You will find the certificate of analysis under &#8220;Product guides and documents&#8221;.<\/p>\n\n","protected":false},"excerpt":{"rendered":"<p> From the brand Les produits les plus appr\u00e9ci\u00e9s Les nouveaut\u00e9s pour vous Trouvez votre produit Package Dimensions \u200f : \u200e 12.7 x 6.5 x 6.4 cm; 200 g Manufacturer \u200f : \u200e natural elements ASIN \u200f : \u200e B07RDKMF6Y Manufacturer reference \u200f : \u200e ne0042 Country of origin \u200f : [&hellip;]<\/p>\n","protected":false},"featured_media":28764,"comment_status":"open","ping_status":"closed","template":"","meta":{"_gspb_post_css":"","om_disable_all_campaigns":false,"_monsterinsights_skip_tracking":false,"_monsterinsights_sitenote_active":false,"_monsterinsights_sitenote_note":"","_monsterinsights_sitenote_category":0},"store":[],"product_brand":[],"product_cat":[147],"product_tag":[7122,198,348,1287,430,1230,364,944,770,260,238,358,936,935],"class_list":{"0":"post-28763","1":"product","2":"type-product","3":"status-publish","4":"has-post-thumbnail","6":"product_cat-racines-adaptogenes","7":"product_tag-4440mg","8":"product_tag-capsules","9":"product_tag-controlled","10":"product_tag-curcumin","11":"product_tag-dosed","12":"product_tag-elements","13":"product_tag-ginger","14":"product_tag-highly","15":"product_tag-laboratory","16":"product_tag-natural","17":"product_tag-organic","18":"product_tag-pepper","19":"product_tag-piperine","20":"product_tag-turmeric","22":"first","23":"instock","24":"shipping-taxable","25":"product-type-external"},"aioseo_notices":[],"jetpack_sharing_enabled":true,"_links":{"self":[{"href":"https:\/\/www.zolattitude.com\/index.php\/wp-json\/wp\/v2\/product\/28763","targetHints":{"allow":["GET"]}}],"collection":[{"href":"https:\/\/www.zolattitude.com\/index.php\/wp-json\/wp\/v2\/product"}],"about":[{"href":"https:\/\/www.zolattitude.com\/index.php\/wp-json\/wp\/v2\/types\/product"}],"replies":[{"embeddable":true,"href":"https:\/\/www.zolattitude.com\/index.php\/wp-json\/wp\/v2\/comments?post=28763"}],"wp:featuredmedia":[{"embeddable":true,"href":"https:\/\/www.zolattitude.com\/index.php\/wp-json\/wp\/v2\/media\/28764"}],"wp:attachment":[{"href":"https:\/\/www.zolattitude.com\/index.php\/wp-json\/wp\/v2\/media?parent=28763"}],"wp:term":[{"taxonomy":"store","embeddable":true,"href":"https:\/\/www.zolattitude.com\/index.php\/wp-json\/wp\/v2\/store?post=28763"},{"taxonomy":"product_brand","embeddable":true,"href":"https:\/\/www.zolattitude.com\/index.php\/wp-json\/wp\/v2\/product_brand?post=28763"},{"taxonomy":"product_cat","embeddable":true,"href":"https:\/\/www.zolattitude.com\/index.php\/wp-json\/wp\/v2\/product_cat?post=28763"},{"taxonomy":"product_tag","embeddable":true,"href":"https:\/\/www.zolattitude.com\/index.php\/wp-json\/wp\/v2\/product_tag?post=28763"}],"curies":[{"name":"wp","href":"https:\/\/api.w.org\/{rel}","templated":true}]}}