{"id":28780,"date":"2026-04-24T01:42:09","date_gmt":"2026-04-24T01:42:09","guid":{"rendered":"https:\/\/www.zolattitude.com\/index.php\/product\/magnesium-bisglycinate-vitamin-b6-1422mg-180-vegan-capsules-for-3-months-magnesium-helps-reduce-fatigue-burnout-efsa-non-gmo-gluten-free-2-capsules-per-day\/"},"modified":"2026-04-24T01:42:20","modified_gmt":"2026-04-24T01:42:20","slug":"magnesium-bisglycinate-vitamin-b6-1422mg-180-vegan-capsules-for-3-months-magnesium-helps-reduce-fatigue-burnout-efsa-non-gmo-gluten-free-2-capsules-per-day","status":"publish","type":"product","link":"https:\/\/www.zolattitude.com\/index.php\/product\/magnesium-bisglycinate-vitamin-b6-1422mg-180-vegan-capsules-for-3-months-magnesium-helps-reduce-fatigue-burnout-efsa-non-gmo-gluten-free-2-capsules-per-day\/","title":{"rendered":"Magnesium Bisglycinate + Vitamin B6, 1422mg &#8211; 180 Vegan Capsules for 3 Months &#8211; Magnesium Helps Reduce Fatigue &#038; Burnout (EFSA) &#8211; Non-GMO, Gluten Free &#8211; 2 Capsules per Day"},"content":{"rendered":"<p>Price: <span style=\"color:#b12704\"><del>\u20ac17.99<\/del> - \u20ac16.99<\/span><br \/><i><small>(as of Apr 24, 2026 01:42:09 UTC &#8211; <span class=\"wp_automatic_amazon_disclaimer\" title=\"Product prices and availability are accurate as of the date\/time indicated and are subject to change. Any price and availability information displayed on [relevant Amazon Site(s), as applicable] at the time of purchase will apply to the purchase of this product.\">Details<\/span>)<\/small><\/i><br \/><a href=\"https:\/\/amazon.fr\/dp\/B0CKFHG8NQ?tag=onamzmoukoubl-21\"><img decoding=\"async\" src=\"https:\/\/valvepress.s3.amazonaws.com\/imgs\/buy_now.png\"><\/a><br \/>\n<\/p>\n<p>                                             From the brand   <\/p>\n<p>                                              <img decoding=\"async\" alt=\"sur fond vert p\u00e2le avec des \u00e9l\u00e9ments de design circulaires. Le texte se lit comme suit : \u00ab Trusted for health since 2006 \u00bb et \u00ab Balayez\" src=\"https:\/\/images-na.ssl-images-amazon.com\/images\/G\/01\/x-locale\/common\/grey-pixel.gif\" class=\"a-lazy-loaded\" data-src=\"https:\/\/m.media-amazon.com\/images\/S\/aplus-media-library-service-media\/67784ec5-89c0-4fcc-8dc8-fd1be16f91eb.__CR0,0,1464,625_PT0_SX1464_V1___.png\"><img decoding=\"async\" alt=\"sur fond vert p\u00e2le avec des \u00e9l\u00e9ments de design circulaires. Le texte se lit comme suit : \u00ab Trusted for health since 2006 \u00bb et \u00ab Balayez\" src=\"https:\/\/m.media-amazon.com\/images\/S\/aplus-media-library-service-media\/67784ec5-89c0-4fcc-8dc8-fd1be16f91eb.__CR0,0,1464,625_PT0_SX1464_V1___.png\">  <\/p>\n<h3> Essentiels d\u2019hiver <\/h3>\n<p class=\"apm-brand-story-stores-link\">\n<p>                                              <img decoding=\"async\" alt=\"en fran\u00e7ais d\u00e9crivant une soci\u00e9t\u00e9 appel\u00e9e WeightWorld, qui propose des vitamines, des min\u00e9raux, des suppl\u00e9ments \u00e0 base de plantes et des appareils dans de nombreux pays\" src=\"https:\/\/images-na.ssl-images-amazon.com\/images\/G\/01\/x-locale\/common\/grey-pixel.gif\" class=\"a-lazy-loaded\" data-src=\"https:\/\/m.media-amazon.com\/images\/S\/aplus-media-library-service-media\/cefe6694-d3f4-491b-88b6-bf07865ccd0d.__CR0,23,463,579_PT0_SX362_V1___.png\"><img decoding=\"async\" alt=\"en fran\u00e7ais d\u00e9crivant une soci\u00e9t\u00e9 appel\u00e9e WeightWorld, qui propose des vitamines, des min\u00e9raux, des suppl\u00e9ments \u00e0 base de plantes et des appareils dans de nombreux pays\" src=\"https:\/\/m.media-amazon.com\/images\/S\/aplus-media-library-service-media\/cefe6694-d3f4-491b-88b6-bf07865ccd0d.__CR0,23,463,579_PT0_SX362_V1___.png\">  <\/p>\n<h3> Meilleures Ventes <\/h3>\n<p class=\"apm-brand-story-stores-link\">\n<p>                                              <img decoding=\"async\" alt=\"Sc\u00e8ne athl\u00e9tique montrant une personne en polo blanc sans manches pendant une activit\u00e9 sportive.\" src=\"https:\/\/images-na.ssl-images-amazon.com\/images\/G\/01\/x-locale\/common\/grey-pixel.gif\" class=\"a-lazy-loaded\" data-src=\"https:\/\/m.media-amazon.com\/images\/S\/aplus-media-library-service-media\/ec85dcd3-2342-4d1c-a870-9a41e0baedff.__CR280,0,639,800_PT0_SX362_V1___.jpg\"><img decoding=\"async\" alt=\"Sc\u00e8ne athl\u00e9tique montrant une personne en polo blanc sans manches pendant une activit\u00e9 sportive.\" src=\"https:\/\/m.media-amazon.com\/images\/S\/aplus-media-library-service-media\/ec85dcd3-2342-4d1c-a870-9a41e0baedff.__CR280,0,639,800_PT0_SX362_V1___.jpg\">  <\/p>\n<p>                                              <img decoding=\"async\" alt=\"aplus content image\" src=\"https:\/\/images-na.ssl-images-amazon.com\/images\/G\/01\/x-locale\/common\/grey-pixel.gif\" class=\"a-lazy-loaded\" data-src=\"https:\/\/m.media-amazon.com\/images\/S\/aplus-media-library-service-media\/4881ac9e-3503-4fce-8d12-f9e7a1552de4.__CR0,23,463,579_PT0_SX362_V1___.png\"><img decoding=\"async\" alt=\"aplus content image\" src=\"https:\/\/m.media-amazon.com\/images\/S\/aplus-media-library-service-media\/4881ac9e-3503-4fce-8d12-f9e7a1552de4.__CR0,23,463,579_PT0_SX362_V1___.png\">  <\/p>\n<p>                                              <img decoding=\"async\" alt=\"aplus content image\" src=\"https:\/\/images-na.ssl-images-amazon.com\/images\/G\/01\/x-locale\/common\/grey-pixel.gif\" class=\"a-lazy-loaded\" data-src=\"https:\/\/m.media-amazon.com\/images\/S\/aplus-media-library-service-media\/e3e80e1a-61ed-4fc7-941c-34b565038362.__CR0,23,463,579_PT0_SX362_V1___.jpg\"><img decoding=\"async\" alt=\"aplus content image\" src=\"https:\/\/m.media-amazon.com\/images\/S\/aplus-media-library-service-media\/e3e80e1a-61ed-4fc7-941c-34b565038362.__CR0,23,463,579_PT0_SX362_V1___.jpg\">  <\/p>\n<h3> Nouveaut\u00e9s <\/h3>\n<p class=\"apm-brand-story-stores-link\">\n<p>                                              <img decoding=\"async\" alt=\"Collage repr\u00e9sentant une personne portant un pull blanc \u00e0 manches jaunes dans diff\u00e9rentes poses, d\u00e9montrant un style d\u00e9contract\u00e9 avec un jean et des accessoires.\" src=\"https:\/\/images-na.ssl-images-amazon.com\/images\/G\/01\/x-locale\/common\/grey-pixel.gif\" class=\"a-lazy-loaded\" data-src=\"https:\/\/m.media-amazon.com\/images\/S\/aplus-media-library-service-media\/6e05a706-72e3-40fe-ac24-69ff0d609f2e.__CR0,23,463,579_PT0_SX362_V1___.jpg\"><img decoding=\"async\" alt=\"Collage repr\u00e9sentant une personne portant un pull blanc \u00e0 manches jaunes dans diff\u00e9rentes poses, d\u00e9montrant un style d\u00e9contract\u00e9 avec un jean et des accessoires.\" src=\"https:\/\/m.media-amazon.com\/images\/S\/aplus-media-library-service-media\/6e05a706-72e3-40fe-ac24-69ff0d609f2e.__CR0,23,463,579_PT0_SX362_V1___.jpg\">  <\/p>\n<h3> D\u00e9couvrir  <\/h3>\n<p class=\"apm-brand-story-stores-link\">\n<p>                                              <img decoding=\"async\" alt=\"Graphique d&amp;#39;information sur le produit en fran\u00e7ais avec quatre ic\u00f4nes : \u00ab Sans OGM \u00bb, \u00ab BPF \u00bb, \u00ab Sans additifs nocifs \u00bb et \u00ab Des ingr\u00e9dients soigneusement s\u00e9lectionn\u00e9s \u00bb. Le titre se lit comme suit : \u00ab Aussi bons qu&amp;#39;ils puissent \u00eatre \u00bb\" src=\"https:\/\/images-na.ssl-images-amazon.com\/images\/G\/01\/x-locale\/common\/grey-pixel.gif\" class=\"a-lazy-loaded\" data-src=\"https:\/\/m.media-amazon.com\/images\/S\/aplus-media-library-service-media\/3ccef917-f3f5-495b-8206-2fc061c599cc.__CR0,23,463,579_PT0_SX362_V1___.png\"><img decoding=\"async\" alt=\"Graphique d&amp;#39;information sur le produit en fran\u00e7ais avec quatre ic\u00f4nes : \u00ab Sans OGM \u00bb, \u00ab BPF \u00bb, \u00ab Sans additifs nocifs \u00bb et \u00ab Des ingr\u00e9dients soigneusement s\u00e9lectionn\u00e9s \u00bb. Le titre se lit comme suit : \u00ab Aussi bons qu&amp;#39;ils puissent \u00eatre \u00bb\" src=\"https:\/\/m.media-amazon.com\/images\/S\/aplus-media-library-service-media\/3ccef917-f3f5-495b-8206-2fc061c599cc.__CR0,23,463,579_PT0_SX362_V1___.png\">  <\/p>\n<p>                                              <img decoding=\"async\" alt=\"aplus content image\" src=\"https:\/\/images-na.ssl-images-amazon.com\/images\/G\/01\/x-locale\/common\/grey-pixel.gif\" class=\"a-lazy-loaded\" data-src=\"https:\/\/m.media-amazon.com\/images\/S\/aplus-media-library-service-media\/5290f489-48d6-48d4-95d7-afb8c548a630.__CR0,23,463,579_PT0_SX362_V1___.png\"><img decoding=\"async\" alt=\"aplus content image\" src=\"https:\/\/m.media-amazon.com\/images\/S\/aplus-media-library-service-media\/5290f489-48d6-48d4-95d7-afb8c548a630.__CR0,23,463,579_PT0_SX362_V1___.png\">  <\/p>\n<h3> D\u00e9couvrir  <\/h3>\n<p class=\"apm-brand-story-stores-link\">\n<p>                                              <img decoding=\"async\" alt=\"Graphique d&amp;#39;information sur le produit en fran\u00e7ais avec des coches vertes. R\u00e9pertorie quatre qualit\u00e9s de produits et affiche quatre logos de certification, y compris des certifications biologiques et biologiques.\" src=\"https:\/\/images-na.ssl-images-amazon.com\/images\/G\/01\/x-locale\/common\/grey-pixel.gif\" class=\"a-lazy-loaded\" data-src=\"https:\/\/m.media-amazon.com\/images\/S\/aplus-media-library-service-media\/12f3247a-63bb-4cd2-b5d3-293fcf92fdc8.__CR0,23,463,579_PT0_SX362_V1___.png\"><img decoding=\"async\" alt=\"Graphique d&amp;#39;information sur le produit en fran\u00e7ais avec des coches vertes. R\u00e9pertorie quatre qualit\u00e9s de produits et affiche quatre logos de certification, y compris des certifications biologiques et biologiques.\" src=\"https:\/\/m.media-amazon.com\/images\/S\/aplus-media-library-service-media\/12f3247a-63bb-4cd2-b5d3-293fcf92fdc8.__CR0,23,463,579_PT0_SX362_V1___.png\">  <\/p>\n<p>                                              <img decoding=\"async\" alt=\"Un flacon de suppl\u00e9ment est affich\u00e9 avec du texte visible sur une \u00e9tiquette de couleur bleu\/bleu sarcelle.\" src=\"https:\/\/images-na.ssl-images-amazon.com\/images\/G\/01\/x-locale\/common\/grey-pixel.gif\" class=\"a-lazy-loaded\" data-src=\"https:\/\/m.media-amazon.com\/images\/S\/aplus-media-library-service-media\/a38b9926-eafe-468e-b78e-fa4590d0e19e.__CR0,31,750,939_PT0_SX362_V1___.jpg\"><img decoding=\"async\" alt=\"Un flacon de suppl\u00e9ment est affich\u00e9 avec du texte visible sur une \u00e9tiquette de couleur bleu\/bleu sarcelle.\" src=\"https:\/\/m.media-amazon.com\/images\/S\/aplus-media-library-service-media\/a38b9926-eafe-468e-b78e-fa4590d0e19e.__CR0,31,750,939_PT0_SX362_V1___.jpg\">  <\/p>\n<p> Product Dimensions                                            \u200f                                            :                                            \u200e                                            7.2 x 7.2 x 13 cm; 198 g   <br \/> Manufacturer                                            \u200f                                            :                                            \u200e                                            Comfort Click Ltd   <br \/> ASIN                                            \u200f                                            :                                            \u200e                                            B0CKFHG8NQ   <br \/> Item model number                                            \u200f                                            :                                            \u200e                                            CC0533   <br \/>  Customer reviews:                                                                                            4.5               4.5 out of 5 stars                                  (3,161)                                              var dpAcrHasRegisteredArcLinkClickAction;                    P.when(&#8216;A&#8217;, &#8216;ready&#8217;).execute(function(A) {                        if (dpAcrHasRegisteredArcLinkClickAction !== true) {                            dpAcrHasRegisteredArcLinkClickAction = true;                            A.declarative(                                &#8216;acrLink-click-metrics&#8217;, &#8216;click&#8217;,                                { &#8220;allowLinkDefault&#8221;: true },                                function (event) {                                    if (window.ue) {                                        ue.count(&#8220;acrLinkClickCount&#8221;, (ue.count(&#8220;acrLinkClickCount&#8221;) || 0) + 1);                                    }                                }                            );                        }                    });                                             P.when(&#8216;A&#8217;, &#8216;cf&#8217;).execute(function(A) {                A.declarative(&#8216;acrStarsLink-click-metrics&#8217;, &#8216;click&#8217;, { &#8220;allowLinkDefault&#8221; : true },  function(event){                    if(window.ue) {                        ue.count(&#8220;acrStarsLinkWithPopoverClickCount&#8221;, (ue.count(&#8220;acrStarsLinkWithPopoverClickCount&#8221;) || 0) + 1);                    }                });            });                          <br \/>Generous 3 Month Supply &#8211; Each serving of 2 capsules provides a total of 1,422 mg, including 1,420 mg of magnesium bisglycinate (magnesium glycinate) and 2 mg of vitamin B6 (as pyridoxine hydrochloride). This formula provides 200 mg of elemental magnesium per serving, for a complete and sufficient routine for 3 months.<br \/>Multiple properties of Magnesium Bisglycinate &#8211; According to EFSA, magnesium helps to reduce fatigue and a normal energy metabolism. It contributes to the normal functioning of the muscles and the maintenance of a normal bone. Magnesium maintains normal psychological function and contributes to the normal functioning of the nervous system.<br \/>ENRICHED WITH VITAMIN B6 &#8211; This formula combines magnesium bisglycinate (magnesium glycinate) with vitamin B6 for an extra intake in your daily routine (magnesium b6). According to EFSA, vitamin B6 contributes to the normal metabolism of homocysteine and contributes to normal protein and glycogen metabolism.<br \/>Convenient to incorporate into a daily routine \u2013 Magnesium glycinate capsules are gluten-free, lactose-free, non-GMO &#038; unpleasant taste. They are ideal for vegan &#038; vegetarian diets while respecting food values. This supplement is magnesium stearate free &#038; manufactured according to Good Manufacturing Practices (GMP).<br \/>About WeightWorld &#8211; Born out of a passion, WeightWorld has been growing since 2006 and presents a wide range of vitamins and minerals. Now distributed in several countries, it focuses on product development with the same passion and philosophy, without ever losing attention to detail.<\/p>\n\n","protected":false},"excerpt":{"rendered":"<p> From the brand Essentiels d\u2019hiver Meilleures Ventes Nouveaut\u00e9s D\u00e9couvrir D\u00e9couvrir Product Dimensions \u200f : \u200e 7.2 x 7.2 x 13 cm; 198 g Manufacturer \u200f : \u200e Comfort Click Ltd ASIN \u200f : \u200e B0CKFHG8NQ Item model number \u200f : \u200e CC0533 Customer reviews: 4.5 4.5 out of 5 stars [&hellip;]<\/p>\n","protected":false},"featured_media":28781,"comment_status":"open","ping_status":"closed","template":"","meta":{"_gspb_post_css":"","om_disable_all_campaigns":false,"_monsterinsights_skip_tracking":false,"_monsterinsights_sitenote_active":false,"_monsterinsights_sitenote_note":"","_monsterinsights_sitenote_category":0},"store":[],"product_brand":[],"product_cat":[143],"product_tag":[7127,293,4210,198,280,333,270,263,310,907,287,195,362,908,261,178],"class_list":{"0":"post-28780","1":"product","2":"type-product","3":"status-publish","4":"has-post-thumbnail","6":"product_cat-mineraux","7":"product_tag-1422mg","8":"product_tag-bisglycinate","9":"product_tag-burnout","10":"product_tag-capsules","11":"product_tag-day","12":"product_tag-efsa","13":"product_tag-fatigue","14":"product_tag-free","15":"product_tag-gluten","16":"product_tag-helps","17":"product_tag-magnesium","18":"product_tag-months","19":"product_tag-nongmo","20":"product_tag-reduce","21":"product_tag-vegan","22":"product_tag-vitamin","24":"first","25":"instock","26":"sale","27":"shipping-taxable","28":"product-type-external"},"aioseo_notices":[],"jetpack_sharing_enabled":true,"_links":{"self":[{"href":"https:\/\/www.zolattitude.com\/index.php\/wp-json\/wp\/v2\/product\/28780","targetHints":{"allow":["GET"]}}],"collection":[{"href":"https:\/\/www.zolattitude.com\/index.php\/wp-json\/wp\/v2\/product"}],"about":[{"href":"https:\/\/www.zolattitude.com\/index.php\/wp-json\/wp\/v2\/types\/product"}],"replies":[{"embeddable":true,"href":"https:\/\/www.zolattitude.com\/index.php\/wp-json\/wp\/v2\/comments?post=28780"}],"wp:featuredmedia":[{"embeddable":true,"href":"https:\/\/www.zolattitude.com\/index.php\/wp-json\/wp\/v2\/media\/28781"}],"wp:attachment":[{"href":"https:\/\/www.zolattitude.com\/index.php\/wp-json\/wp\/v2\/media?parent=28780"}],"wp:term":[{"taxonomy":"store","embeddable":true,"href":"https:\/\/www.zolattitude.com\/index.php\/wp-json\/wp\/v2\/store?post=28780"},{"taxonomy":"product_brand","embeddable":true,"href":"https:\/\/www.zolattitude.com\/index.php\/wp-json\/wp\/v2\/product_brand?post=28780"},{"taxonomy":"product_cat","embeddable":true,"href":"https:\/\/www.zolattitude.com\/index.php\/wp-json\/wp\/v2\/product_cat?post=28780"},{"taxonomy":"product_tag","embeddable":true,"href":"https:\/\/www.zolattitude.com\/index.php\/wp-json\/wp\/v2\/product_tag?post=28780"}],"curies":[{"name":"wp","href":"https:\/\/api.w.org\/{rel}","templated":true}]}}