{"id":28819,"date":"2026-04-25T00:08:47","date_gmt":"2026-04-25T00:08:47","guid":{"rendered":"https:\/\/www.zolattitude.com\/index.php\/product\/milk-thistle-extra-strong-and-liver-detox-180-capsules-for-6-months-extract-251-with-80-silymarin-artichoke-dandelion-and-choline-food-supplement-liver-support-and-digestive-comfort\/"},"modified":"2026-04-25T00:08:59","modified_gmt":"2026-04-25T00:08:59","slug":"milk-thistle-extra-strong-and-liver-detox-180-capsules-for-6-months-extract-251-with-80-silymarin-artichoke-dandelion-and-choline-food-supplement-liver-support-and-digestive-comfort","status":"publish","type":"product","link":"https:\/\/www.zolattitude.com\/index.php\/product\/milk-thistle-extra-strong-and-liver-detox-180-capsules-for-6-months-extract-251-with-80-silymarin-artichoke-dandelion-and-choline-food-supplement-liver-support-and-digestive-comfort\/","title":{"rendered":"Milk Thistle Extra Strong and Liver Detox, 180 Capsules for 6 Months, Extract 25:1 with 80% Silymarin, Artichoke, Dandelion and Choline, Food Supplement Liver Support and Digestive Comfort"},"content":{"rendered":"<p>Price: <span style=\"color:#b12704\">\u20ac24.95<\/span><br \/><i><small>(as of Apr 25, 2026 00:08:47 UTC &#8211; <span class=\"wp_automatic_amazon_disclaimer\" title=\"Product prices and availability are accurate as of the date\/time indicated and are subject to change. Any price and availability information displayed on [relevant Amazon Site(s), as applicable] at the time of purchase will apply to the purchase of this product.\">Details<\/span>)<\/small><\/i><br \/><a href=\"https:\/\/amazon.fr\/dp\/B0G53737NT?tag=onamzmoukoubl-21\"><img decoding=\"async\" src=\"https:\/\/valvepress.s3.amazonaws.com\/imgs\/buy_now.png\"><\/a><br \/>\n<\/p>\n<p>                                                 Product Description   <\/p>\n<p>                                                                     Chardon Marie Forte \u2013 180 G\u00e9lules (6 Mois) \u2013 Avec Artichaut et Pissenlit                                            <img decoding=\"async\" alt=\"Deux images de paysages c\u00f4te \u00e0 c\u00f4te : la gauche montre une bouteille ambr\u00e9e dans un champ ensoleill\u00e9, la droite montre une sc\u00e8ne de campagne sereine avec un grand arbre et des papillons volants sur un ciel dor\u00e9.\" src=\"https:\/\/images-na.ssl-images-amazon.com\/images\/G\/01\/x-locale\/common\/grey-pixel.gif\" class=\"a-lazy-loaded\" data-src=\"https:\/\/m.media-amazon.com\/images\/S\/aplus-media-library-service-media\/234d95da-f3b3-433b-8464-00515a3d73f9.__CR0,0,1464,600_PT0_SX1464_V1___.png\"><img decoding=\"async\" alt=\"Deux images de paysages c\u00f4te \u00e0 c\u00f4te : la gauche montre une bouteille ambr\u00e9e dans un champ ensoleill\u00e9, la droite montre une sc\u00e8ne de campagne sereine avec un grand arbre et des papillons volants sur un ciel dor\u00e9.\" src=\"https:\/\/m.media-amazon.com\/images\/S\/aplus-media-library-service-media\/234d95da-f3b3-433b-8464-00515a3d73f9.__CR0,0,1464,600_PT0_SX1464_V1___.png\">                                         <\/p>\n<p class=\"aplus-description aplus-container-3 aplus-p1\"> Chardon Marie Forte de Kinoko Life : complexe d\u00e9tox v\u00e9g\u00e9tale avec chardon marie 25:1 (80 % silymarine), artichaut, pissenlit, choline et silice de bambou. Accompagne le bien-\u00eatre h\u00e9patique et digestif avec une seule g\u00e9lule par jour (180 g\u00e9lules). <\/p>\n<p>                                                                                                       <img decoding=\"async\" alt=\"Bouteille de produit pr\u00e9sent\u00e9e dans un cadre naturel ext\u00e9rieur avec des fleurs de chardon violet et des pissenlits jaunes. Fond botanique flou avec une douce lumi\u00e8re du soleil filtrant \u00e0 travers.\" src=\"https:\/\/images-na.ssl-images-amazon.com\/images\/G\/01\/x-locale\/common\/grey-pixel.gif\" class=\"a-lazy-loaded\" data-src=\"https:\/\/m.media-amazon.com\/images\/S\/aplus-media-library-service-media\/8a74c8ab-3436-45e7-8c47-ff9d3de628c4.__CR0,0,1464,600_PT0_SX1464_V1___.png\"><img decoding=\"async\" alt=\"Bouteille de produit pr\u00e9sent\u00e9e dans un cadre naturel ext\u00e9rieur avec des fleurs de chardon violet et des pissenlits jaunes. Fond botanique flou avec une douce lumi\u00e8re du soleil filtrant \u00e0 travers.\" src=\"https:\/\/m.media-amazon.com\/images\/S\/aplus-media-library-service-media\/8a74c8ab-3436-45e7-8c47-ff9d3de628c4.__CR0,0,1464,600_PT0_SX1464_V1___.png\">                                                 D\u00e9tox v\u00e9g\u00e9tale foie et digestion                                             Cardo Mariano Forte Kinoko Life                                        <\/p>\n<p class=\"aplus-p2 aplus-module-2-description\"> Complejo detox vegetal con cardo mariano 25:1 (80% silimarina), alcachofa, diente de le\u00f3n, colina y silicio de bamb\u00fa. Apoya el bienestar hep\u00e1tico y digestivo con 1 c\u00e1psula vegana al d\u00eda (180 c\u00e1psulas, suministro 6 meses), ideal tras comidas copiosas. <\/p>\n<p>                                                                     Chardon Marie Forte Kinoko Life \u2013 Complexe D\u00e9tox V\u00e9g\u00e9tale                                            <img decoding=\"async\" alt=\"Personne en haut bleu clair montr\u00e9e dans un cadre ext\u00e9rieur d\u00e9contract\u00e9 avec de la verdure et un \u00e9clairage naturel.\" src=\"https:\/\/images-na.ssl-images-amazon.com\/images\/G\/01\/x-locale\/common\/grey-pixel.gif\" class=\"a-lazy-loaded\" data-src=\"https:\/\/m.media-amazon.com\/images\/S\/aplus-media-library-service-media\/f7ae9ed7-5d3e-4bd8-998f-82ca4a9d2ecd.__CR0,0,1464,600_PT0_SX1464_V1___.png\"><img decoding=\"async\" alt=\"Personne en haut bleu clair montr\u00e9e dans un cadre ext\u00e9rieur d\u00e9contract\u00e9 avec de la verdure et un \u00e9clairage naturel.\" src=\"https:\/\/m.media-amazon.com\/images\/S\/aplus-media-library-service-media\/f7ae9ed7-5d3e-4bd8-998f-82ca4a9d2ecd.__CR0,0,1464,600_PT0_SX1464_V1___.png\">                                         <\/p>\n<p class=\"aplus-description aplus-container-3 aplus-p1\"> Complexe d\u00e9tox v\u00e9g\u00e9tal avec chardon marie 25:1 (80 % silymarine), artichaut et pissenlit, avec choline et silice de bambou. Accompagne le bien-\u00eatre h\u00e9patique et digestif avec une seule g\u00e9lule par jour (180 g\u00e9lules), formule v\u00e9gane. <\/p>\n<h3>\n<p class=\"aplus-question aplus-p1\"> Pour qui Kinoko Life Cardo Mariano Forte est-il recommand\u00e9 ? <\/p>\n<\/h3>\n<p class=\"aplus-answer aplus-p2\"> Indiqu\u00e9 pour les personnes qui souhaitent soutenir le bien-\u00eatre de leur foie et de leur digestion, en particulier lors de p\u00e9riodes d\u2019alimentation riche en graisses, de repas copieux ou de routines d\u00e9tox, toujours dans le cadre d\u2019un mode de vie sain. <\/p>\n<h3>\n<p class=\"aplus-question aplus-p1\"> Comment le prendre et pendant combien de temps puis-je l\u2019utiliser ? <\/p>\n<\/h3>\n<p class=\"aplus-answer aplus-p2\"> Il est recommand\u00e9 de prendre 1 g\u00e9lule par jour, pendant ou apr\u00e8s un repas principal, avec un verre d\u2019eau. Il peut \u00eatre utilis\u00e9 pendant des p\u00e9riodes prolong\u00e9es. <\/p>\n<h3>\n<p class=\"aplus-question aplus-p1\"> Puis-je le prendre avec d\u2019autres compl\u00e9ments alimentaires ? <\/p>\n<\/h3>\n<p class=\"aplus-answer aplus-p2\"> En g\u00e9n\u00e9ral, il peut \u00eatre associ\u00e9 \u00e0 d\u2019autres compl\u00e9ments, \u00e0 condition de ne pas d\u00e9passer les apports journaliers recommand\u00e9s en vitamines ou en nutriments identiques. <\/p>\n<h3>\n<p class=\"aplus-question aplus-p1\"> Il convient aux v\u00e9g\u00e9taliens ? <\/p>\n<\/h3>\n<p class=\"aplus-answer aplus-p2\"> Oui, la formule est v\u00e9gane, sans gluten et sans OGM. Elle ne contient pas de st\u00e9arate de magn\u00e9sium. Les personnes souffrant d\u2019allergies alimentaires doivent toujours v\u00e9rifier la liste compl\u00e8te des ingr\u00e9dients sur l\u2019\u00e9tiquette avant utilisation. <\/p>\n<h3>\n<p class=\"aplus-question aplus-p1\"> Quand prendre ce produit ? <\/p>\n<\/h3>\n<p class=\"aplus-answer aplus-p2\"> Elle peut \u00eatre particuli\u00e8rement utile lors de p\u00e9riodes d\u2019alimentation plus lourde (repas copieux, p\u00e9riodes de f\u00eates), de changements d\u2019habitudes ou de routines d\u00e9tox, toujours en soutien au sein d\u2019une alimentation vari\u00e9e et \u00e9quilibr\u00e9e <\/p>\n<h3 class=\"a-text-center aplus-container-3 aplus-h1 a-text-bold\"> Cardo Mariano Forte Kinoko Life <\/h3>\n<p>The video showcases the product in use.The video guides you through product setup.The video compares multiple products.The video shows the product being unpacked. Cardo Mariano Forte Kinoko Life Merchant video<\/p>\n<p> Product Dimensions                                            \u200f                                            :                                            \u200e                                            10 x 5 x 10 cm; 112 g   <br \/> Manufacturer                                            \u200f                                            :                                            \u200e                                            Kinoko Life   <br \/> ASIN                                            \u200f                                            :                                            \u200e                                            B0G53737NT   <br \/> Item model number                                            \u200f                                            :                                            \u200e                                            8425402859827   <br \/> Country of origin                                            \u200f                                            :                                            \u200e                                            Espa\u00f1a   <br \/>  Customer reviews:                                                                                            4.4               4.4 out of 5 stars                                  (72)                                              var dpAcrHasRegisteredArcLinkClickAction;                    P.when(&#8216;A&#8217;, &#8216;ready&#8217;).execute(function(A) {                        if (dpAcrHasRegisteredArcLinkClickAction !== true) {                            dpAcrHasRegisteredArcLinkClickAction = true;                            A.declarative(                                &#8216;acrLink-click-metrics&#8217;, &#8216;click&#8217;,                                { &#8220;allowLinkDefault&#8221;: true },                                function (event) {                                    if (window.ue) {                                        ue.count(&#8220;acrLinkClickCount&#8221;, (ue.count(&#8220;acrLinkClickCount&#8221;) || 0) + 1);                                    }                                }                            );                        }                    });                                             P.when(&#8216;A&#8217;, &#8216;cf&#8217;).execute(function(A) {                A.declarative(&#8216;acrStarsLink-click-metrics&#8217;, &#8216;click&#8217;, { &#8220;allowLinkDefault&#8221; : true },  function(event){                    if(window.ue) {                        ue.count(&#8220;acrStarsLinkWithPopoverClickCount&#8221;, (ue.count(&#8220;acrStarsLinkWithPopoverClickCount&#8221;) || 0) + 1);                    }                });            });                          <br \/>CHARDON MARIE EXTRA STRONG 25:1 Our formula uses a highly concentrated seed extract with a 25:1 ratio, standardized to 80% silymarin. Only one capsule per day provides a much higher content of active ingredients than a conventional plant powder, ideal for your wellness routine.<br \/>HEPATIC SUPPORT AND LIVER DETOX Enriched with choline, an essential nutrient that helps maintain normal liver function and lipid metabolism. It is the ideal supplement to accompany your liver detox routines and support your body&#8217;s balance as part of a healthy lifestyle.<br \/>4-IN-1 DIGESTIVE SYNERGY This unique complex combines milk thistle, artichoke, dandelion and choline. This combination of plants works synergistically to promote digestive comfort and help regain a feeling of lightness, especially after heavy or high-fat meals.<br \/>Each bottle contains 180 vegetable capsules, which is 6 full months of treatment with a single daily intake. A practical and economical solution to maintain your wellness goals over the long term, without having to repeat your purchases frequently.<br \/>PREMIUM QUALITY 100% VEGAN 100% vegetable formula, free from animal ingredients, gluten-free, non-GMO and magnesium stearate. Made in Europe to strict standards (GMP), this Kinoko life supplement offers a high level of quality and reliability for everyday use with confidence.<\/p>\n\n","protected":false},"excerpt":{"rendered":"<p> Product Description Chardon Marie Forte \u2013 180 G\u00e9lules (6 Mois) \u2013 Avec Artichaut et Pissenlit Chardon Marie Forte de Kinoko Life : complexe d\u00e9tox v\u00e9g\u00e9tale avec chardon marie 25:1 (80 % silymarine), artichaut, pissenlit, choline et silice de bambou. Accompagne le bien-\u00eatre h\u00e9patique et digestif avec une seule g\u00e9lule par [&hellip;]<\/p>\n","protected":false},"featured_media":28820,"comment_status":"open","ping_status":"closed","template":"","meta":{"_gspb_post_css":"","om_disable_all_campaigns":false,"_monsterinsights_skip_tracking":false,"_monsterinsights_sitenote_active":false,"_monsterinsights_sitenote_note":"","_monsterinsights_sitenote_category":0},"store":[],"product_brand":[],"product_cat":[156],"product_tag":[445,198,1398,444,568,442,487,455,422,199,448,541,195,1722,456,200,1238,542],"class_list":{"0":"post-28819","1":"product","2":"type-product","3":"status-publish","4":"has-post-thumbnail","6":"product_cat-foie-drainage","7":"product_tag-artichoke","8":"product_tag-capsules","9":"product_tag-choline","10":"product_tag-comfort","11":"product_tag-dandelion","12":"product_tag-detox","13":"product_tag-digestive","14":"product_tag-extra","15":"product_tag-extract","16":"product_tag-food","17":"product_tag-liver","18":"product_tag-milk","19":"product_tag-months","20":"product_tag-silymarin","21":"product_tag-strong","22":"product_tag-supplement","23":"product_tag-support","24":"product_tag-thistle","26":"first","27":"instock","28":"shipping-taxable","29":"product-type-external"},"aioseo_notices":[],"jetpack_sharing_enabled":true,"_links":{"self":[{"href":"https:\/\/www.zolattitude.com\/index.php\/wp-json\/wp\/v2\/product\/28819","targetHints":{"allow":["GET"]}}],"collection":[{"href":"https:\/\/www.zolattitude.com\/index.php\/wp-json\/wp\/v2\/product"}],"about":[{"href":"https:\/\/www.zolattitude.com\/index.php\/wp-json\/wp\/v2\/types\/product"}],"replies":[{"embeddable":true,"href":"https:\/\/www.zolattitude.com\/index.php\/wp-json\/wp\/v2\/comments?post=28819"}],"wp:featuredmedia":[{"embeddable":true,"href":"https:\/\/www.zolattitude.com\/index.php\/wp-json\/wp\/v2\/media\/28820"}],"wp:attachment":[{"href":"https:\/\/www.zolattitude.com\/index.php\/wp-json\/wp\/v2\/media?parent=28819"}],"wp:term":[{"taxonomy":"store","embeddable":true,"href":"https:\/\/www.zolattitude.com\/index.php\/wp-json\/wp\/v2\/store?post=28819"},{"taxonomy":"product_brand","embeddable":true,"href":"https:\/\/www.zolattitude.com\/index.php\/wp-json\/wp\/v2\/product_brand?post=28819"},{"taxonomy":"product_cat","embeddable":true,"href":"https:\/\/www.zolattitude.com\/index.php\/wp-json\/wp\/v2\/product_cat?post=28819"},{"taxonomy":"product_tag","embeddable":true,"href":"https:\/\/www.zolattitude.com\/index.php\/wp-json\/wp\/v2\/product_tag?post=28819"}],"curies":[{"name":"wp","href":"https:\/\/api.w.org\/{rel}","templated":true}]}}