{"id":28830,"date":"2026-04-25T00:11:27","date_gmt":"2026-04-25T00:11:27","guid":{"rendered":"https:\/\/www.zolattitude.com\/index.php\/product\/oral-probiotics-for-teeth-and-gum-support-7-billion-cfus-with-howaru-smile-xylitol-and-chicory-inulin-fresh-breath-30-sachets-sensilab\/"},"modified":"2026-04-25T00:11:36","modified_gmt":"2026-04-25T00:11:36","slug":"oral-probiotics-for-teeth-and-gum-support-7-billion-cfus-with-howaru-smile-xylitol-and-chicory-inulin-fresh-breath-30-sachets-sensilab","status":"publish","type":"product","link":"https:\/\/www.zolattitude.com\/index.php\/product\/oral-probiotics-for-teeth-and-gum-support-7-billion-cfus-with-howaru-smile-xylitol-and-chicory-inulin-fresh-breath-30-sachets-sensilab\/","title":{"rendered":"Oral Probiotics for Teeth and Gum Support, 7 Billion CFUs with Howaru Smile, Xylitol and Chicory Inulin, Fresh Breath, 30 Sachets, Sensilab"},"content":{"rendered":"<p>Price: <span style=\"color:#b12704\"><del>\u20ac21.99<\/del> - \u20ac18.69<\/span><br \/><i><small>(as of Apr 25, 2026 00:11:28 UTC &#8211; <span class=\"wp_automatic_amazon_disclaimer\" title=\"Product prices and availability are accurate as of the date\/time indicated and are subject to change. Any price and availability information displayed on [relevant Amazon Site(s), as applicable] at the time of purchase will apply to the purchase of this product.\">Details<\/span>)<\/small><\/i><br \/><a href=\"https:\/\/amazon.fr\/dp\/B0G4DGZCV9?tag=onamzmoukoubl-21\"><img decoding=\"async\" src=\"https:\/\/valvepress.s3.amazonaws.com\/imgs\/buy_now.png\"><\/a><br \/>\n<\/p>\n<p>                                                 Product Description   <\/p>\n<p>                                                                                                       <img decoding=\"async\" alt=\"Le texte indique \u00ab Soins bucco-dentaires complets dans un seul sachet \u00bb et \u00ab ORAL BIOTIC \u00bb. La publicit\u00e9 montre un fond d\u00e9grad\u00e9 vert avec des \u00e9l\u00e9ments de feuilles flottants.\" src=\"https:\/\/images-na.ssl-images-amazon.com\/images\/G\/01\/x-locale\/common\/grey-pixel.gif\" class=\"a-lazy-loaded\" data-src=\"https:\/\/m.media-amazon.com\/images\/S\/aplus-media-library-service-media\/35e35fff-5c55-40d9-825f-2e2bfe88e52d.__CR0,0,1464,600_PT0_SX1464_V1___.jpg\"><img decoding=\"async\" alt=\"Le texte indique \u00ab Soins bucco-dentaires complets dans un seul sachet \u00bb et \u00ab ORAL BIOTIC \u00bb. La publicit\u00e9 montre un fond d\u00e9grad\u00e9 vert avec des \u00e9l\u00e9ments de feuilles flottants.\" src=\"https:\/\/m.media-amazon.com\/images\/S\/aplus-media-library-service-media\/35e35fff-5c55-40d9-825f-2e2bfe88e52d.__CR0,0,1464,600_PT0_SX1464_V1___.jpg\">                                               <\/p>\n<p>                                                                                                       <img decoding=\"async\" alt=\"Le texte se lit comme suit : \u00ab Parfois, le brossage ne suffit pas \u00bb. Illustration de soins dentaires teint\u00e9e en vert avec des feuilles flottantes et un emballage du produit.\" src=\"https:\/\/images-na.ssl-images-amazon.com\/images\/G\/01\/x-locale\/common\/grey-pixel.gif\" class=\"a-lazy-loaded\" data-src=\"https:\/\/m.media-amazon.com\/images\/S\/aplus-media-library-service-media\/1df3b7ab-463c-46ec-9186-32aaf913ca76.__CR0,0,1464,600_PT0_SX1464_V1___.jpg\"><img decoding=\"async\" alt=\"Le texte se lit comme suit : \u00ab Parfois, le brossage ne suffit pas \u00bb. Illustration de soins dentaires teint\u00e9e en vert avec des feuilles flottantes et un emballage du produit.\" src=\"https:\/\/m.media-amazon.com\/images\/S\/aplus-media-library-service-media\/1df3b7ab-463c-46ec-9186-32aaf913ca76.__CR0,0,1464,600_PT0_SX1464_V1___.jpg\">                                               <\/p>\n<p>                                                                                  <img decoding=\"async\" alt=\"Le texte se lit comme suit : \u00ab Une haleine fraiche commence \u00e0 la source. Un environnement buccal bien contr\u00f4l\u00e9 permet de contr\u00f4ler les odeurs \u00e0 la source, plut\u00f4t que de simplement les masquer. \u00bb Illustration de l&amp;#39;hygi\u00e8ne dentaire avec loupe.\" src=\"https:\/\/m.media-amazon.com\/images\/S\/aplus-media-library-service-media\/d7f5adf5-48a2-455d-ba24-fdc68f607660.__CR0,0,1464,600_PT0_SX1464_V1___.jpg\">       <\/p>\n<p>                                                                                  <img decoding=\"async\" alt=\"Le texte se lit comme suit : \u00ab Le confort des gencives commence par l&amp;#39;\u00e9quilibre bact\u00e9rien \u00bb. Photographie de produit en gros plan montrant des produits de soins dentaires sur fond blanc.\" src=\"https:\/\/m.media-amazon.com\/images\/S\/aplus-media-library-service-media\/28e538dc-b597-4398-94ce-882812c8ece9.__CR0,0,1464,600_PT0_SX1464_V1___.jpg\">       <\/p>\n<p>                                                                                  <img decoding=\"async\" alt=\"Le texte se lit comme suit : \u00ab Utiliser le test d&amp;#39;\u00e9quilibre du pH Youth &amp;amp; Difference \u00bb. Les images montrent des bandelettes de test ou des indicateurs cod\u00e9s par couleur avec plusieurs carr\u00e9s color\u00e9s.\" src=\"https:\/\/m.media-amazon.com\/images\/S\/aplus-media-library-service-media\/73d823da-65b0-4c3d-be7f-9df01474aaab.__CR0,0,1464,600_PT0_SX1464_V1___.jpg\">       <\/p>\n<p>                                                                                  <img decoding=\"async\" alt=\"aplus content image\" src=\"https:\/\/m.media-amazon.com\/images\/S\/aplus-media-library-service-media\/2c199b5f-055d-4c96-a703-96aadb2e773c.__CR0,0,1464,600_PT0_SX1464_V1___.jpg\">       <\/p>\n<p>                                                                                  <img decoding=\"async\" alt=\"Le texte se lit comme suit : \u00ab Les sels Succo-d\u00e9tartres sont importants au quotidien \u00bb. L&amp;#39;image montre un verre transparent contenant un liquide de couleur orange.\" src=\"https:\/\/m.media-amazon.com\/images\/S\/aplus-media-library-service-media\/be8647dd-d2f6-48f7-b3f9-9c3788b212e9.__CR0,0,1464,600_PT0_SX1464_V1___.jpg\">       <\/p>\n<p>                                                                                                       <img decoding=\"async\" alt=\"aplus content image\" src=\"https:\/\/images-na.ssl-images-amazon.com\/images\/G\/01\/x-locale\/common\/grey-pixel.gif\" class=\"a-lazy-loaded\" data-src=\"https:\/\/m.media-amazon.com\/images\/S\/aplus-media-library-service-media\/4ff22727-57e9-4ddf-b799-849ea8896195.__CR0,0,1464,600_PT0_SX1464_V1___.jpg\"><img decoding=\"async\" alt=\"aplus content image\" src=\"https:\/\/m.media-amazon.com\/images\/S\/aplus-media-library-service-media\/4ff22727-57e9-4ddf-b799-849ea8896195.__CR0,0,1464,600_PT0_SX1464_V1___.jpg\">                                               <\/p>\n<p>                                                                                                       <img decoding=\"async\" alt=\"aplus content image\" src=\"https:\/\/images-na.ssl-images-amazon.com\/images\/G\/01\/x-locale\/common\/grey-pixel.gif\" class=\"a-lazy-loaded\" data-src=\"https:\/\/m.media-amazon.com\/images\/S\/aplus-media-library-service-media\/4a628369-5edc-43f0-8a01-7c671979ba86.__CR0,0,1464,600_PT0_SX1464_V1___.jpg\"><img decoding=\"async\" alt=\"aplus content image\" src=\"https:\/\/m.media-amazon.com\/images\/S\/aplus-media-library-service-media\/4a628369-5edc-43f0-8a01-7c671979ba86.__CR0,0,1464,600_PT0_SX1464_V1___.jpg\">                                               <\/p>\n<p>                                                                                                       <img decoding=\"async\" alt=\"aplus content image\" src=\"https:\/\/images-na.ssl-images-amazon.com\/images\/G\/01\/x-locale\/common\/grey-pixel.gif\" class=\"a-lazy-loaded\" data-src=\"https:\/\/m.media-amazon.com\/images\/S\/aplus-media-library-service-media\/3c154ca5-628b-402e-8327-b85b1f960ae8.__CR0,0,1464,600_PT0_SX1464_V1___.jpg\"><img decoding=\"async\" alt=\"aplus content image\" src=\"https:\/\/m.media-amazon.com\/images\/S\/aplus-media-library-service-media\/3c154ca5-628b-402e-8327-b85b1f960ae8.__CR0,0,1464,600_PT0_SX1464_V1___.jpg\">                                               <\/p>\n<h3 class=\"a-text-center aplus-h1 a-text-bold\"> Notre large gamme de produits <\/h3>\n<p>                         Add To Basket  <\/p>\n<p>                         Add To Basket  <\/p>\n<p>                         Add To Basket  <\/p>\n<p>                         Add To Basket  <\/p>\n<p>                         Add To Basket  <\/p>\n<p>                         Add To Basket  <\/p>\n<p>                         Add To Basket  <\/p>\n<p>                                     Customer Reviews  <\/p>\n<p>                    4.2 out of 5 stars     110    <\/p>\n<p>                    3.7 out of 5 stars     109    <\/p>\n<p>                    4.3 out of 5 stars     481    <\/p>\n<p>                    4.4 out of 5 stars     87    <\/p>\n<p>                    3.4 out of 5 stars     178    <\/p>\n<p>                    3.8 out of 5 stars     1,164    <\/p>\n<p>                    3.5 out of 5 stars     118    <\/p>\n<p>                                     Price  <\/p>\n<p>                                                        \u20ac18.69\u20ac18.69     <\/p>\n<p>                                                        \u20ac18.79\u20ac18.79     <\/p>\n<p>                                                        \u20ac21.59\u20ac21.59     <\/p>\n<p>                                                        \u20ac21.53\u20ac21.53     <\/p>\n<p>                                                        \u20ac17.99\u20ac17.99     <\/p>\n<p>                                                        \u20ac25.99\u20ac25.99     <\/p>\n<p>                                                        \u20ac13.49\u20ac13.49     <\/p>\n<p>                                     Approvisionnement  <\/p>\n<p>                                                30 sachets    <\/p>\n<p>                                                30 sachets    <\/p>\n<p>                                                60 g\u00e9lules    <\/p>\n<p>                                                120 g\u00e9lules    <\/p>\n<p>                                                60 g\u00e9lules    <\/p>\n<p>                                                2&#215;60 g\u00e9lules    <\/p>\n<p>                                                60 g\u00e9lules    <\/p>\n<p>                                     Doses recommand\u00e9es  <\/p>\n<p>                                                1 sachet par jour    <\/p>\n<p>                                                1 sachet par jour    <\/p>\n<p>                                                1-2 g\u00e9lules par jour    <\/p>\n<p>                                                2 g\u00e9lules par jour    <\/p>\n<p>                                                1 g\u00e9lule par jour    <\/p>\n<p>                                                2 g\u00e9lules par jour    <\/p>\n<p>                                                1 g\u00e9lule par jour    <\/p>\n<p>                                     Avantages  <\/p>\n<p>                                                Pour la sant\u00e9 bucco-dentaire    <\/p>\n<p>                                                D\u00e9toxification en profondeur    <\/p>\n<p>                                                Avec gingembre et vitamine D3    <\/p>\n<p>                                                Pour g\u00e9rer le stress    <\/p>\n<p>                                                Ventre plat    <\/p>\n<p>                                                Iode, magn\u00e9sium, l-thyrosine    <\/p>\n<p>                                                Soutien du m\u00e9tabolisme    <\/p>\n<p>                                     Sans gluten et sans lactose  <\/p>\n<p>                                                    \u2714       <\/p>\n<p>                                                    \u2714       <\/p>\n<p>                                                    \u2714       <\/p>\n<p>                                                    \u2714       <\/p>\n<p>                                                    \u2714       <\/p>\n<p>                                                    \u2714       <\/p>\n<p>                                                    \u2714       <\/p>\n<p>                                     Sans OGM  <\/p>\n<p>                                                    \u2714       <\/p>\n<p>                                                    \u2714       <\/p>\n<p>                                                    \u2714       <\/p>\n<p>                                                    \u2714       <\/p>\n<p>                                                    \u2714       <\/p>\n<p>                                                    \u2714       <\/p>\n<p>                                                    \u2714       <\/p>\n<p>                                     BPF (GMP)  <\/p>\n<p>                                                    \u2714       <\/p>\n<p>                                                    \u2714       <\/p>\n<p>                                                    \u2714       <\/p>\n<p>                                                    \u2714       <\/p>\n<p>                                                    \u2714       <\/p>\n<p>                                                    \u2714       <\/p>\n<p>                                                    \u2714       <\/p>\n<p>                                     V\u00e9g\u00e9talien  <\/p>\n<p>                                                    \u2714       <\/p>\n<p>                                                    \u2714       <\/p>\n<p>                                                    \u2718      <\/p>\n<p>                                                    \u2714       <\/p>\n<p>                                                    \u2714       <\/p>\n<p>                                                    \u2714       <\/p>\n<p>                                                    \u2714       <\/p>\n<p> Package Dimensions                                            \u200f                                            :                                            \u200e                                            13.6 x 10.8 x 7.7 cm; 30 g   <br \/> Manufacturer                                            \u200f                                            :                                            \u200e                                            Sensilab   <br \/> ASIN                                            \u200f                                            :                                            \u200e                                            B0G4DGZCV9   <br \/> Country of origin                                            \u200f                                            :                                            \u200e                                            Slovenia   <br \/>  Customer reviews:                                                                                            4.2               4.2 out of 5 stars                                  (110)                                              var dpAcrHasRegisteredArcLinkClickAction;                    P.when(&#8216;A&#8217;, &#8216;ready&#8217;).execute(function(A) {                        if (dpAcrHasRegisteredArcLinkClickAction !== true) {                            dpAcrHasRegisteredArcLinkClickAction = true;                            A.declarative(                                &#8216;acrLink-click-metrics&#8217;, &#8216;click&#8217;,                                { &#8220;allowLinkDefault&#8221;: true },                                function (event) {                                    if (window.ue) {                                        ue.count(&#8220;acrLinkClickCount&#8221;, (ue.count(&#8220;acrLinkClickCount&#8221;) || 0) + 1);                                    }                                }                            );                        }                    });                                             P.when(&#8216;A&#8217;, &#8216;cf&#8217;).execute(function(A) {                A.declarative(&#8216;acrStarsLink-click-metrics&#8217;, &#8216;click&#8217;, { &#8220;allowLinkDefault&#8221; : true },  function(event){                    if(window.ue) {                        ue.count(&#8220;acrStarsLinkWithPopoverClickCount&#8221;, (ue.count(&#8220;acrStarsLinkWithPopoverClickCount&#8221;) || 0) + 1);                    }                });            });                          <br \/>Treatment against bad breath, tooth decay and gingival bleeding in adults thanks to an ultra-powerful blend of oral probiotics! By rebalancing your oral microbiota, Oral Biotic addresses the root causes of halitosis, cavities, and gum problems.<br \/>Oral probiotics containing 6 lactic strains with scientifically proven benefits. Powerful and immediate effect thanks to 7 billion CFUs with HOWARU Smile, a patented strain specially designed for gum and tooth health. Protects and strengthens the oral microbiota.<br \/>Promotes oral health &#8211; a targeted blend that protects against harmful bacteria that cause tooth decay and other problems. Xylitol and vitamin D3 promote remineralization, the natural process of tooth repair.<br \/>Freshens breath &#8211; Oral Biotic contains a natural peppermint aroma that provides long-lasting fresh breath. EASY TO USE &#8211; Pour the tasty powder directly onto your tongue. Only one sachet per day.<br \/>Made in the EU to strict quality standards &#8211; Produced in the EU by Sensilab in accordance with GMP and HACCP guidelines. Each batch undergoes microbiological testing and heavy metal detection to ensure purity, safety and high quality.<\/p>\n\n","protected":false},"excerpt":{"rendered":"<p> Product Description Notre large gamme de produits Add To Basket Add To Basket Add To Basket Add To Basket Add To Basket Add To Basket Add To Basket Customer Reviews 4.2 out of 5 stars 110 3.7 out of 5 stars 109 4.3 out of 5 stars 481 4.4 out [&hellip;]<\/p>\n","protected":false},"featured_media":28831,"comment_status":"open","ping_status":"closed","template":"","meta":{"_gspb_post_css":"","om_disable_all_campaigns":false,"_monsterinsights_skip_tracking":false,"_monsterinsights_sitenote_active":false,"_monsterinsights_sitenote_note":"","_monsterinsights_sitenote_category":0},"store":[],"product_brand":[],"product_cat":[154],"product_tag":[553,3493,1899,2495,2746,3758,7153,1003,3488,490,1684,465,7154,1238,1433,7155],"class_list":{"0":"post-28830","1":"product","2":"type-product","3":"status-publish","4":"has-post-thumbnail","6":"product_cat-sante-intestinale","7":"product_tag-billion","8":"product_tag-breath","9":"product_tag-cfus","10":"product_tag-chicory","11":"product_tag-fresh","12":"product_tag-gum","13":"product_tag-howaru","14":"product_tag-inulin","15":"product_tag-oral","16":"product_tag-probiotics","17":"product_tag-sachets","18":"product_tag-sensilab","19":"product_tag-smile","20":"product_tag-support","21":"product_tag-teeth","22":"product_tag-xylitol","24":"first","25":"instock","26":"sale","27":"shipping-taxable","28":"product-type-external"},"aioseo_notices":[],"jetpack_sharing_enabled":true,"_links":{"self":[{"href":"https:\/\/www.zolattitude.com\/index.php\/wp-json\/wp\/v2\/product\/28830","targetHints":{"allow":["GET"]}}],"collection":[{"href":"https:\/\/www.zolattitude.com\/index.php\/wp-json\/wp\/v2\/product"}],"about":[{"href":"https:\/\/www.zolattitude.com\/index.php\/wp-json\/wp\/v2\/types\/product"}],"replies":[{"embeddable":true,"href":"https:\/\/www.zolattitude.com\/index.php\/wp-json\/wp\/v2\/comments?post=28830"}],"wp:featuredmedia":[{"embeddable":true,"href":"https:\/\/www.zolattitude.com\/index.php\/wp-json\/wp\/v2\/media\/28831"}],"wp:attachment":[{"href":"https:\/\/www.zolattitude.com\/index.php\/wp-json\/wp\/v2\/media?parent=28830"}],"wp:term":[{"taxonomy":"store","embeddable":true,"href":"https:\/\/www.zolattitude.com\/index.php\/wp-json\/wp\/v2\/store?post=28830"},{"taxonomy":"product_brand","embeddable":true,"href":"https:\/\/www.zolattitude.com\/index.php\/wp-json\/wp\/v2\/product_brand?post=28830"},{"taxonomy":"product_cat","embeddable":true,"href":"https:\/\/www.zolattitude.com\/index.php\/wp-json\/wp\/v2\/product_cat?post=28830"},{"taxonomy":"product_tag","embeddable":true,"href":"https:\/\/www.zolattitude.com\/index.php\/wp-json\/wp\/v2\/product_tag?post=28830"}],"curies":[{"name":"wp","href":"https:\/\/api.w.org\/{rel}","templated":true}]}}