{"id":28850,"date":"2026-04-25T01:04:58","date_gmt":"2026-04-25T01:04:58","guid":{"rendered":"https:\/\/www.zolattitude.com\/index.php\/product\/rhodonit-40-mm-healing-crystal-divination-sphere-skulptur-figur-edelsteinkugel-feng-shui-chakra-aura-home-desk-decor-decorative-sammlung-mit-holzstander\/"},"modified":"2026-04-25T01:05:03","modified_gmt":"2026-04-25T01:05:03","slug":"rhodonit-40-mm-healing-crystal-divination-sphere-skulptur-figur-edelsteinkugel-feng-shui-chakra-aura-home-desk-decor-decorative-sammlung-mit-holzstander","status":"publish","type":"product","link":"https:\/\/www.zolattitude.com\/index.php\/product\/rhodonit-40-mm-healing-crystal-divination-sphere-skulptur-figur-edelsteinkugel-feng-shui-chakra-aura-home-desk-decor-decorative-sammlung-mit-holzstander\/","title":{"rendered":"Rhodonit 40 mm Healing Crystal Divination Sphere Skulptur Figur Edelsteinkugel, Feng Shui Chakra Aura Home Desk Decor Decorative Sammlung, Mit Holzst\u00e4nder"},"content":{"rendered":"<p>Price: <span style=\"color:#b12704\">\u20ac29.99<\/span><br \/><i><small>(as of Apr 25, 2026 01:04:58 UTC &#8211; <span class=\"wp_automatic_amazon_disclaimer\" title=\"Product prices and availability are accurate as of the date\/time indicated and are subject to change. Any price and availability information displayed on [relevant Amazon Site(s), as applicable] at the time of purchase will apply to the purchase of this product.\">Details<\/span>)<\/small><\/i><br \/><a href=\"https:\/\/amazon.fr\/dp\/B0B9L84VTM?tag=onamzmoukoubl-21\"><img decoding=\"async\" src=\"https:\/\/valvepress.s3.amazonaws.com\/imgs\/buy_now.png\"><\/a><br \/>\n<br \/>\n    <span>1. Size for Kristallkugel: 1.57 inches (40 mm), wiegt: 80-95 g. <br \/>2. Hergestellt aus nat\u00fcrlichem Quarzkristall. Die nat\u00fcrlichen Risse und Fr\u00f6ste im Inneren sind normal. Jedes einzelne Exemplar ist einzigartig und Sie erhalten Exemplare, die dem gezeigten Bild \u00e4hneln 3.Kugelf\u00f6rmige Passform perfekt in Ihren H\u00e4nden, ideal f\u00fcr Meditation, Massage, Selbstreflexion oder als Gl\u00fccksbringer. Perfekt f\u00fcr Feng Shuior, einfach f\u00fcr Dekorationszwecke. Erleben Sie die Magie und nat\u00fcrliche Sch\u00f6nheit nat\u00fcrlicher Kristalle in Ihrem Zuhause; <br \/>4.Spheres senden Energy in alle Richtungen. Sie helfen, eine reibungslose Kommunikation in Gruppensituationen zu erleichtern. Kleinere Kugeln eignen sich hervorragend zum Halten w\u00e4hrend der Meditation, w\u00e4hrend gro\u00dfe vor Ihnen platziert werden k\u00f6nnen. Kristallkugeln sind beliebt zum Sp\u00e4hen und zur visuellen Meditation, mit denen Sie in die Vergangenheit, Gegenwart und Zukunft blicken k\u00f6nnen. <br \/>5. Packungsinhalt: 1 x Kristallkugel, 1 x Holzst\u00e4nder, 1 x Geschenkt\u00fcte (Farbe zuf\u00e4llige Verteilung der Geschenkt\u00fcte).<\/span>    <br \/>1. Size for Crystal Ball: 1.57 inches (40 mm), weighs 80-95 g<br \/>2.Sphere-shaped fit perfectly in your hands, making them great for meditation, massage, self-reflection, or as a goodluck charm. Perfect for feng shuior simply for home decor display purposes. Experience the magic and naturalbeauty of natural crystals in your home;<br \/>3.Spheres send energy in all directions. They help to facilitate smooth communication in group settings. Smaller spheres are excellent for holding during meditation, while large ones can be placed in front of you. Crystal balls are popular for scrying and visual meditation, allowing you to gaze into the past, present, and future;<br \/>4. Made of natural quartz crystal. The natural cracks and frosts inside will be normal. Each and every specimen is unique and you will receive ones similar to the image shown; and stone may have gragn spot scratches;<br \/>5. Pakcage Content: 1 x crystal ball, 1 x wooden stand, 1 x gift bag (gift bag colour random distribution).<\/p>\n\n","protected":false},"excerpt":{"rendered":"<p> 1. Size for Kristallkugel: 1.57 inches (40 mm), wiegt: 80-95 g. 2. Hergestellt aus nat\u00fcrlichem Quarzkristall. Die nat\u00fcrlichen Risse und Fr\u00f6ste im Inneren sind normal. Jedes einzelne Exemplar ist einzigartig und Sie erhalten Exemplare, die dem gezeigten Bild \u00e4hneln 3.Kugelf\u00f6rmige Passform perfekt in Ihren H\u00e4nden, ideal f\u00fcr Meditation, Massage, Selbstreflexion [&hellip;]<\/p>\n","protected":false},"featured_media":28851,"comment_status":"open","ping_status":"closed","template":"","meta":{"_gspb_post_css":"","om_disable_all_campaigns":false,"_monsterinsights_skip_tracking":false,"_monsterinsights_sitenote_active":false,"_monsterinsights_sitenote_note":"","_monsterinsights_sitenote_category":0},"store":[],"product_brand":[],"product_cat":[150],"product_tag":[7167,7166,5409,5413,6387,7168,7159,7163,7164,7162,4081,7171,3243,7170,5888,7169,7165,7161,7160],"class_list":{"0":"post-28850","1":"product","2":"type-product","3":"status-publish","4":"has-post-thumbnail","6":"product_cat-anti-stress-adaptogenes","7":"product_tag-aura","8":"product_tag-chakra","9":"product_tag-crystal","10":"product_tag-decor","11":"product_tag-decorative","12":"product_tag-desk","13":"product_tag-divination","14":"product_tag-edelsteinkugel","15":"product_tag-feng","16":"product_tag-figur","17":"product_tag-healing","18":"product_tag-holzstander","19":"product_tag-home","20":"product_tag-mit","21":"product_tag-rhodonit","22":"product_tag-sammlung","23":"product_tag-shui","24":"product_tag-skulptur","25":"product_tag-sphere","27":"first","28":"instock","29":"shipping-taxable","30":"product-type-external"},"aioseo_notices":[],"jetpack_sharing_enabled":true,"_links":{"self":[{"href":"https:\/\/www.zolattitude.com\/index.php\/wp-json\/wp\/v2\/product\/28850","targetHints":{"allow":["GET"]}}],"collection":[{"href":"https:\/\/www.zolattitude.com\/index.php\/wp-json\/wp\/v2\/product"}],"about":[{"href":"https:\/\/www.zolattitude.com\/index.php\/wp-json\/wp\/v2\/types\/product"}],"replies":[{"embeddable":true,"href":"https:\/\/www.zolattitude.com\/index.php\/wp-json\/wp\/v2\/comments?post=28850"}],"wp:featuredmedia":[{"embeddable":true,"href":"https:\/\/www.zolattitude.com\/index.php\/wp-json\/wp\/v2\/media\/28851"}],"wp:attachment":[{"href":"https:\/\/www.zolattitude.com\/index.php\/wp-json\/wp\/v2\/media?parent=28850"}],"wp:term":[{"taxonomy":"store","embeddable":true,"href":"https:\/\/www.zolattitude.com\/index.php\/wp-json\/wp\/v2\/store?post=28850"},{"taxonomy":"product_brand","embeddable":true,"href":"https:\/\/www.zolattitude.com\/index.php\/wp-json\/wp\/v2\/product_brand?post=28850"},{"taxonomy":"product_cat","embeddable":true,"href":"https:\/\/www.zolattitude.com\/index.php\/wp-json\/wp\/v2\/product_cat?post=28850"},{"taxonomy":"product_tag","embeddable":true,"href":"https:\/\/www.zolattitude.com\/index.php\/wp-json\/wp\/v2\/product_tag?post=28850"}],"curies":[{"name":"wp","href":"https:\/\/api.w.org\/{rel}","templated":true}]}}