{"id":28865,"date":"2026-04-25T01:30:26","date_gmt":"2026-04-25T01:30:26","guid":{"rendered":"https:\/\/www.zolattitude.com\/index.php\/product\/origeens-organic-baby-feeding-herbe-100g-organic-infusion-lactation-and-digestion-fenugreek-herbal-tea-ginger-turmeric-lemon-nettle-moringa\/"},"modified":"2026-04-25T01:30:37","modified_gmt":"2026-04-25T01:30:37","slug":"origeens-organic-baby-feeding-herbe-100g-organic-infusion-lactation-and-digestion-fenugreek-herbal-tea-ginger-turmeric-lemon-nettle-moringa","status":"publish","type":"product","link":"https:\/\/www.zolattitude.com\/index.php\/product\/origeens-organic-baby-feeding-herbe-100g-organic-infusion-lactation-and-digestion-fenugreek-herbal-tea-ginger-turmeric-lemon-nettle-moringa\/","title":{"rendered":"ORIGEENS ORGANIC BABY FEEDING HERB\u00c9 100g &#8211; Organic Infusion Lactation and Digestion &#8211; Fenugreek Herbal Tea, Ginger Turmeric &#038; Lemon, Nettle, Moringa"},"content":{"rendered":"<p>Price: <span style=\"color:#b12704\">\u20ac12.47<\/span><br \/><i><small>(as of Apr 25, 2026 01:30:26 UTC &#8211; <span class=\"wp_automatic_amazon_disclaimer\" title=\"Product prices and availability are accurate as of the date\/time indicated and are subject to change. Any price and availability information displayed on [relevant Amazon Site(s), as applicable] at the time of purchase will apply to the purchase of this product.\">Details<\/span>)<\/small><\/i><br \/><a href=\"https:\/\/amazon.fr\/dp\/B09XQSBS5D?tag=onamzmoukoubl-21\"><img decoding=\"async\" src=\"https:\/\/valvepress.s3.amazonaws.com\/imgs\/buy_now.png\"><\/a><br \/>\n<\/p>\n<p>                                                 Product Description   <\/p>\n<p>                                                                             <img decoding=\"async\" alt=\"tisane allaitement\" src=\"https:\/\/images-na.ssl-images-amazon.com\/images\/G\/01\/x-locale\/common\/grey-pixel.gif\" class=\"a-spacing-base a-lazy-loaded\" data-src=\"https:\/\/m.media-amazon.com\/images\/S\/aplus-media-library-service-media\/713d406f-dfc7-4b27-aad4-0ee40f3056b5.__CR0,0,970,600_PT0_SX970_V1___.jpg\"><img decoding=\"async\" alt=\"tisane allaitement\" src=\"https:\/\/m.media-amazon.com\/images\/S\/aplus-media-library-service-media\/713d406f-dfc7-4b27-aad4-0ee40f3056b5.__CR0,0,970,600_PT0_SX970_V1___.jpg\">                                                                     <\/p>\n<p class=\"a-spacing-base\"> Right After est une tisane BIO, sans ar\u00f4mes artificiels et sans caf\u00e9ine, au go\u00fbt frais de citron, gingembre et curcuma, et aux notes anis\u00e9es. <\/p>\n<p class=\"a-spacing-base\"> C\u2019est une tisane d\u2019allaitement qui accompagnera les mamans souhaitant stimuler de fa\u00e7on naturelle leur lactation et diminuer les coliques du nourrisson. <\/p>\n<p class=\"a-spacing-base\"> Elle accompagnera \u00e9galement toute personne non allaitante souhaitant d\u00e9guster en toute simplicit\u00e9 une tisane plaisir ou d\u00e9sirant donner un coup de pouce \u00e0 leur digestion! <\/p>\n<h3 class=\"a-spacing-small\"> Une combinaison de plantes ancestrales <\/h3>\n<p class=\"apm-text-center\">\n                                                      <img decoding=\"async\" alt=\"fenouil\" src=\"https:\/\/images-na.ssl-images-amazon.com\/images\/G\/01\/x-locale\/common\/grey-pixel.gif\" class=\"a-lazy-loaded\" data-src=\"https:\/\/m.media-amazon.com\/images\/S\/aplus-media-library-service-media\/3b6584a2-8835-48ff-909a-a0ac25cda1bb.__CR0,0,220,220_PT0_SX220_V1___.jpg\"><\/p>\n<p><img decoding=\"async\" alt=\"fenouil\" src=\"https:\/\/m.media-amazon.com\/images\/S\/aplus-media-library-service-media\/3b6584a2-8835-48ff-909a-a0ac25cda1bb.__CR0,0,220,220_PT0_SX220_V1___.jpg\"><br \/>\n                                                    Graines de fenouil                                     <\/p>\n<p class=\"a-size-small\"> Traditionnellement utilis\u00e9es pour : <\/p>\n<p class=\"a-size-small\">\n<p>favoriser de fa\u00e7on naturelle la mont\u00e9e d\u2019un lait de qualit\u00e9 chez les mamans allaitantes, diminuant ainsi indirectement les coliques du nourrissonfaciliter la digestion en \u00e9vitant gaz, ballonnements et constipation     <\/p>\n<p class=\"apm-text-center\">\n                                                      <img decoding=\"async\" alt=\"ortie\" src=\"https:\/\/images-na.ssl-images-amazon.com\/images\/G\/01\/x-locale\/common\/grey-pixel.gif\" class=\"a-lazy-loaded\" data-src=\"https:\/\/m.media-amazon.com\/images\/S\/aplus-media-library-service-media\/627d24f3-181b-4779-9342-473cb636e062.__CR0,0,220,220_PT0_SX220_V1___.jpg\"><\/p>\n<p><img decoding=\"async\" alt=\"ortie\" src=\"https:\/\/m.media-amazon.com\/images\/S\/aplus-media-library-service-media\/627d24f3-181b-4779-9342-473cb636e062.__CR0,0,220,220_PT0_SX220_V1___.jpg\"><br \/>\n                                                    Feuilles d&#8217;Orties                                     <\/p>\n<p class=\"a-size-small\"> Traditionnellement utilis\u00e9es pour: <\/p>\n<p class=\"a-size-small\">\n<p>enrichir le lait maternel gr\u00e2ce \u00e0 leur richesse nutritionnelle : Fer, Vitamines B et C, min\u00e9raux (potassium, calcium, zinc, silice)     <\/p>\n<p class=\"apm-text-center\">\n                                                      <img decoding=\"async\" alt=\"moringa\" src=\"https:\/\/images-na.ssl-images-amazon.com\/images\/G\/01\/x-locale\/common\/grey-pixel.gif\" class=\"a-lazy-loaded\" data-src=\"https:\/\/m.media-amazon.com\/images\/S\/aplus-media-library-service-media\/5f38f203-62b0-4de0-bf88-96e0419bba9f.__CR0,0,220,220_PT0_SX220_V1___.jpg\"><\/p>\n<p><img decoding=\"async\" alt=\"moringa\" src=\"https:\/\/m.media-amazon.com\/images\/S\/aplus-media-library-service-media\/5f38f203-62b0-4de0-bf88-96e0419bba9f.__CR0,0,220,220_PT0_SX220_V1___.jpg\"><br \/>\n                                                    Feuilles de Moringa                                     <\/p>\n<p class=\"a-size-small\"> Traditionnellement utilis\u00e9es pour : <\/p>\n<p class=\"a-size-small\">\n<p>enrichir le lait maternel gr\u00e2ce \u00e0 leur richesse nutritionnelle : Vitamines A et C, prot\u00e9ines et min\u00e9raux (calcium, potassium, fer, magn\u00e9sium)     <\/p>\n<p class=\"apm-text-center\">\n                                                      <img decoding=\"async\" alt=\"citron gigembre\" src=\"https:\/\/images-na.ssl-images-amazon.com\/images\/G\/01\/x-locale\/common\/grey-pixel.gif\" class=\"a-lazy-loaded\" data-src=\"https:\/\/m.media-amazon.com\/images\/S\/aplus-media-library-service-media\/2a9f4156-0768-475b-8ac0-e1466773e6b6.__CR0,0,220,220_PT0_SX220_V1___.jpg\"><\/p>\n<p><img decoding=\"async\" alt=\"citron gigembre\" src=\"https:\/\/m.media-amazon.com\/images\/S\/aplus-media-library-service-media\/2a9f4156-0768-475b-8ac0-e1466773e6b6.__CR0,0,220,220_PT0_SX220_V1___.jpg\"><br \/>\n                                                    Citron, Gingembre et Curcuma                                     <\/p>\n<p class=\"a-size-small\"> Traditionnellement utilis\u00e9es pour <\/p>\n<p class=\"a-size-small\">\n<p>favoriser une digestion harmonieuse et donner de l\u2019\u00e9nergie     <\/p>\n<p>                                                      <img decoding=\"async\" alt=\"right after\" src=\"https:\/\/images-na.ssl-images-amazon.com\/images\/G\/01\/x-locale\/common\/grey-pixel.gif\" class=\"a-spacing-mini a-lazy-loaded\" data-src=\"https:\/\/m.media-amazon.com\/images\/S\/aplus-media-library-service-media\/6b0be70d-9547-4c79-99b3-df406c881e5f.__CR0,0,300,400_PT0_SX300_V1___.jpg\"><img decoding=\"async\" alt=\"right after\" src=\"https:\/\/m.media-amazon.com\/images\/S\/aplus-media-library-service-media\/6b0be70d-9547-4c79-99b3-df406c881e5f.__CR0,0,300,400_PT0_SX300_V1___.jpg\">  <\/p>\n<p>                                                              <img decoding=\"async\" alt=\"Bio\" src=\"https:\/\/images-na.ssl-images-amazon.com\/images\/G\/01\/x-locale\/common\/grey-pixel.gif\" class=\"a-spacing-mini a-lazy-loaded\" data-src=\"https:\/\/m.media-amazon.com\/images\/S\/aplus-media-library-service-media\/99bd52e5-6849-41fd-b04e-0bb6f8ee704d.__CR0,0,350,175_PT0_SX350_V1___.jpg\"><img decoding=\"async\" alt=\"Bio\" src=\"https:\/\/m.media-amazon.com\/images\/S\/aplus-media-library-service-media\/99bd52e5-6849-41fd-b04e-0bb6f8ee704d.__CR0,0,350,175_PT0_SX350_V1___.jpg\">                                          Ingr\u00e9dients                                 <\/p>\n<p class=\"a-spacing-small a-size-small a-color-secondary\"> Graines de fenouil*, feuilles d\u2019ortie*, gingembre*, Granul\u00e9s de citron*, curcuma*, granul\u00e9s de gingembre*, feuilles de moringa*, Huile de citron*, ar\u00f4mes naturels <\/p>\n<p class=\"a-spacing-small a-size-small a-color-secondary\"> *Ingre\u0301dients issus de l\u2019agriculture biologique <\/p>\n<h3 class=\"a-spacing-mini\"> Une composition s\u00fbre <\/h3>\n<p>                                          BIO et valid\u00e9e par un naturopathe                                     <\/p>\n<p class=\"a-spacing-base\">\n<p>Sans ar\u00f4mes artificielsCompos\u00e9e de plantes certifi\u00e9es Agriculture Biologique,  synonyme d\u2019une culture sans pesticides de synth\u00e8se,Composition valid\u00e9e par une naturopathe      <\/p>\n<p class=\"a-spacing-base\"> \u2192 La tisane Right After respecte la Nature, votre sant\u00e9 et celle de votre b\u00e9b\u00e9. Pas d\u2019inqui\u00e9tude, vous pouvez la d\u00e9guster en toute s\u00e9r\u00e9nit\u00e9! <\/p>\n<p>                                                                             <img decoding=\"async\" alt=\"chaud froid\" src=\"https:\/\/images-na.ssl-images-amazon.com\/images\/G\/01\/x-locale\/common\/grey-pixel.gif\" class=\"a-spacing-base a-lazy-loaded\" data-src=\"https:\/\/m.media-amazon.com\/images\/S\/aplus-media-library-service-media\/49bf9384-5e15-4764-b56f-278cc3ba3e0e.__CR0,0,970,600_PT0_SX970_V1___.jpg\"><img decoding=\"async\" alt=\"chaud froid\" src=\"https:\/\/m.media-amazon.com\/images\/S\/aplus-media-library-service-media\/49bf9384-5e15-4764-b56f-278cc3ba3e0e.__CR0,0,970,600_PT0_SX970_V1___.jpg\">                                                                     <\/p>\n<p class=\"a-spacing-base\"> Parce que s\u2019hydrater est essentiel, d\u2019autant plus lorsqu\u2019on allaite, nous avons pens\u00e9 Right After comme une infusion synonyme autant de plaisir que de bien-\u00eatre! <\/p>\n<p class=\"a-spacing-base\">\n<p>Avec ses notes fra\u00eeches et \u00e9pic\u00e9es de gingembre, curcuma et citron, et son go\u00fbt l\u00e9g\u00e8rement anis\u00e9, elle donne du peps et met de bonne humeur.Sans caf\u00e9ine, elle se boit \u00e0 tout moment de la journ\u00e9e.Elle peut \u00eatre d\u00e9gust\u00e9e aussi bien chaude qu\u2019en th\u00e9 glac\u00e9 pour \u00eatre adapt\u00e9e \u00e0 toutes les envies et les saisons.      <\/p>\n<p class=\"a-spacing-base\"> Quelques Conseils: <\/p>\n<p class=\"a-spacing-base\"> Accordez-vous une parenth\u00e8se de r\u00e9confort avec l\u2019infusion Right After : <\/p>\n<p class=\"a-spacing-base\">\n<p>Laissez infuser 2 cuill\u00e8res \u00e0 caf\u00e9 (2gr) de tisane pour 1 tasse (250ml) dans une eau \u00e0 95\u00ba pendant 10 minutes ouPour un th\u00e9 glac\u00e9, laissez les feuilles infuser dans de l\u2019eau \u00e0 temp\u00e9rature ambiante toute une nuit, puis mettez au frigo avant de d\u00e9guster.     <\/p>\n<p> Le temps que met cette infusion \u00e0 agir sera variable d\u2019une femme \u00e0 une autre:  chez certaines les r\u00e9sultats se feront rapidement ressentir, tandis que chez d\u2019autres il faudra parfois attendre plusieurs jours&#8230; <\/p>\n<p> La tisane d\u2019allaitement Right After ne remplace pas de bonnes pratiques d\u2019allaitement de votre b\u00e9b\u00e9: c\u2019est avant tout un coup de pouce et une mani\u00e8re de s\u2019hydrater avec plaisir! L\u2019effet b\u00e9n\u00e9fique est obtenu par la consommation de 2 \u00e0 3 tasses par jour. En usage quotidien, nous vous recommandons de ne pas d\u00e9passer 3 tasses par jour. <\/p>\n<p> Pr\u00e9cautions : <\/p>\n<p> Right After est d\u00e9conseill\u00e9e en cas de grossesse et d\u2019ant\u00e9c\u00e9dents aux cancers hormonaux d\u00e9pendants. <\/p>\n<p>                                                                      <img decoding=\"async\" alt=\"right after\" src=\"https:\/\/images-na.ssl-images-amazon.com\/images\/G\/01\/x-locale\/common\/grey-pixel.gif\" class=\"a-spacing-mini a-lazy-loaded\" data-src=\"https:\/\/m.media-amazon.com\/images\/S\/aplus-media-library-service-media\/80d2d259-36d6-4c3f-a3b3-094161608d0a.__CR0,0,300,300_PT0_SX300_V1___.jpg\"><img decoding=\"async\" alt=\"right after\" src=\"https:\/\/m.media-amazon.com\/images\/S\/aplus-media-library-service-media\/80d2d259-36d6-4c3f-a3b3-094161608d0a.__CR0,0,300,300_PT0_SX300_V1___.jpg\">  <\/p>\n<h3 class=\"a-spacing-mini\"> Gamme Maternit\u00e9 ORIGEENS <\/h3>\n<p class=\"a-spacing-base\"> Infusion Right After <\/p>\n<p class=\"a-spacing-base\">\n<p>Tisane d&#8217;allaitementSoutien la digestionDiminue les coliques de b\u00e9b\u00e9     <\/p>\n<p>                                                                      <img decoding=\"async\" alt=\"just before\" src=\"https:\/\/images-na.ssl-images-amazon.com\/images\/G\/01\/x-locale\/common\/grey-pixel.gif\" class=\"a-spacing-mini a-lazy-loaded\" data-src=\"https:\/\/m.media-amazon.com\/images\/S\/aplus-media-library-service-media\/a11392e5-0c26-4d56-be3e-915a808bb285.__CR0,0,300,300_PT0_SX300_V1___.jpg\"><img decoding=\"async\" alt=\"just before\" src=\"https:\/\/m.media-amazon.com\/images\/S\/aplus-media-library-service-media\/a11392e5-0c26-4d56-be3e-915a808bb285.__CR0,0,300,300_PT0_SX300_V1___.jpg\">  <\/p>\n<h3 class=\"a-spacing-mini\"> Gamme Maternit\u00e9 ORIGEENS <\/h3>\n<p class=\"a-spacing-base\"> Infusion Just Before <\/p>\n<p class=\"a-spacing-base\">\n<p>Pr\u00e9paration \u00e0 l&#8217;accouchementR\u00e9cup\u00e9ration post-accouchementDouleurs de r\u00e8gles     <\/p>\n<p>                                                                      <img decoding=\"async\" alt=\"coffret maternit\u00e9\" src=\"https:\/\/images-na.ssl-images-amazon.com\/images\/G\/01\/x-locale\/common\/grey-pixel.gif\" class=\"a-spacing-mini a-lazy-loaded\" data-src=\"https:\/\/m.media-amazon.com\/images\/S\/aplus-media-library-service-media\/2c16d9a1-062b-4891-896d-0afd1b17872e.__CR0,0,300,300_PT0_SX300_V1___.jpg\"><img decoding=\"async\" alt=\"coffret maternit\u00e9\" src=\"https:\/\/m.media-amazon.com\/images\/S\/aplus-media-library-service-media\/2c16d9a1-062b-4891-896d-0afd1b17872e.__CR0,0,300,300_PT0_SX300_V1___.jpg\">  <\/p>\n<h3 class=\"a-spacing-mini\"> Gamme Maternit\u00e9 ORIGEENS <\/h3>\n<p class=\"a-spacing-base\"> Le coffret maternit\u00e9 contient un duo de tisanes BIO, sans ar\u00f4mes artificiels et sans caf\u00e9ine, accompagn\u00e9es d\u2019un infuseur et de son sachet en tissu: <\/p>\n<p class=\"a-spacing-base\">\n<p>La tisane de grossesse \/ post partum Just Before, aux notes douces de camomille, d\u2019orange et de citronnelleLa tisane d\u2019allaitement \/ digestive Right After, au go\u00fbt frais de citron, gingembre et curcuma, et aux notes anis\u00e9es      <\/p>\n<p class=\"a-spacing-base\"> Et si vous faisiez le choix d&#8217;un cadeau original et responsable qui prendra soin de fa\u00e7on naturelle de la maman et de son b\u00e9b\u00e9? <\/p>\n<p>                                                                    <img decoding=\"async\" alt=\"\" src=\"https:\/\/images-na.ssl-images-amazon.com\/images\/G\/01\/x-locale\/common\/grey-pixel.gif\" class=\"a-lazy-loaded\" data-src=\"https:\/\/m.media-amazon.com\/images\/S\/aplus-media-library-service-media\/80d2d259-36d6-4c3f-a3b3-094161608d0a.__CR0,0,300,300_PT0_SX300_V1___.jpg\"><img decoding=\"async\" alt=\"\" src=\"https:\/\/m.media-amazon.com\/images\/S\/aplus-media-library-service-media\/80d2d259-36d6-4c3f-a3b3-094161608d0a.__CR0,0,300,300_PT0_SX300_V1___.jpg\">   <\/p>\n<p>\n                                                             Right After   <\/p>\n<p>                                                                    <img decoding=\"async\" alt=\"\" src=\"https:\/\/images-na.ssl-images-amazon.com\/images\/G\/01\/x-locale\/common\/grey-pixel.gif\" class=\"a-lazy-loaded\" data-src=\"https:\/\/m.media-amazon.com\/images\/S\/aplus-media-library-service-media\/a11392e5-0c26-4d56-be3e-915a808bb285.__CR0,0,300,300_PT0_SX300_V1___.jpg\"><img decoding=\"async\" alt=\"\" src=\"https:\/\/m.media-amazon.com\/images\/S\/aplus-media-library-service-media\/a11392e5-0c26-4d56-be3e-915a808bb285.__CR0,0,300,300_PT0_SX300_V1___.jpg\">   <\/p>\n<p>\n                                                           Just Before   <\/p>\n<p>                                                                    <img decoding=\"async\" alt=\"\" src=\"https:\/\/images-na.ssl-images-amazon.com\/images\/G\/01\/x-locale\/common\/grey-pixel.gif\" class=\"a-lazy-loaded\" data-src=\"https:\/\/m.media-amazon.com\/images\/S\/aplus-media-library-service-media\/2c16d9a1-062b-4891-896d-0afd1b17872e.__CR0,0,300,300_PT0_SX300_V1___.jpg\"><img decoding=\"async\" alt=\"\" src=\"https:\/\/m.media-amazon.com\/images\/S\/aplus-media-library-service-media\/2c16d9a1-062b-4891-896d-0afd1b17872e.__CR0,0,300,300_PT0_SX300_V1___.jpg\">   <\/p>\n<p>\n                                                           Coffret Maternit\u00e9   <\/p>\n<p class=\"apm-text-center\">\n                                                      <img decoding=\"async\" alt=\"bio\" src=\"https:\/\/images-na.ssl-images-amazon.com\/images\/G\/01\/x-locale\/common\/grey-pixel.gif\" class=\"a-spacing-mini a-lazy-loaded\" data-src=\"https:\/\/m.media-amazon.com\/images\/S\/aplus-media-library-service-media\/353829f2-604b-4344-a2fa-d224f07327f2.__CR0,0,300,300_PT0_SX300_V1___.jpg\"><\/p>\n<p><img decoding=\"async\" alt=\"bio\" src=\"https:\/\/m.media-amazon.com\/images\/S\/aplus-media-library-service-media\/353829f2-604b-4344-a2fa-d224f07327f2.__CR0,0,300,300_PT0_SX300_V1___.jpg\">  <\/p>\n<p class=\"apm-text-center\">\n                                                      <img decoding=\"async\" alt=\"le logo de l&amp;#39;entreprise 100 % naturelle\" src=\"https:\/\/images-na.ssl-images-amazon.com\/images\/G\/01\/x-locale\/common\/grey-pixel.gif\" class=\"a-spacing-mini a-lazy-loaded\" data-src=\"https:\/\/m.media-amazon.com\/images\/S\/aplus-media-library-service-media\/d0f7176b-bb72-49ce-b057-dd9644dea9d9.__CR0,0,300,300_PT0_SX300_V1___.png\"><\/p>\n<p><img decoding=\"async\" alt=\"le logo de l&amp;#39;entreprise 100 % naturelle\" src=\"https:\/\/m.media-amazon.com\/images\/S\/aplus-media-library-service-media\/d0f7176b-bb72-49ce-b057-dd9644dea9d9.__CR0,0,300,300_PT0_SX300_V1___.png\">  <\/p>\n<p class=\"apm-text-center\">\n                                                      <img decoding=\"async\" alt=\"entreprise fran\u00e7aise\" src=\"https:\/\/images-na.ssl-images-amazon.com\/images\/G\/01\/x-locale\/common\/grey-pixel.gif\" class=\"a-spacing-mini a-lazy-loaded\" data-src=\"https:\/\/m.media-amazon.com\/images\/S\/aplus-media-library-service-media\/bfdc80e5-4c13-453b-90aa-9d4e4d6d948e.__CR70,125,625,625_PT0_SX300_V1___.jpg\"><\/p>\n<p><img decoding=\"async\" alt=\"entreprise fran\u00e7aise\" src=\"https:\/\/m.media-amazon.com\/images\/S\/aplus-media-library-service-media\/bfdc80e5-4c13-453b-90aa-9d4e4d6d948e.__CR70,125,625,625_PT0_SX300_V1___.jpg\">  <\/p>\n<p> Product Dimensions                                            \u200f                                            :                                            \u200e                                            30 x 20 x 2 cm; 100 g   <br \/> Manufacturer                                            \u200f                                            :                                            \u200e                                            GEMYNO   <br \/> ASIN                                            \u200f                                            :                                            \u200e                                            B09XQSBS5D   <br \/> Manufacturer reference                                            \u200f                                            :                                            \u200e                                            Right_after2_100g   <br \/> Country of origin                                            \u200f                                            :                                            \u200e                                            Germany   <br \/>  Customer reviews:                                                                                            3.5               3.5 out of 5 stars                                  (261)                                              var dpAcrHasRegisteredArcLinkClickAction;                    P.when(&#8216;A&#8217;, &#8216;ready&#8217;).execute(function(A) {                        if (dpAcrHasRegisteredArcLinkClickAction !== true) {                            dpAcrHasRegisteredArcLinkClickAction = true;                            A.declarative(                                &#8216;acrLink-click-metrics&#8217;, &#8216;click&#8217;,                                { &#8220;allowLinkDefault&#8221;: true },                                function (event) {                                    if (window.ue) {                                        ue.count(&#8220;acrLinkClickCount&#8221;, (ue.count(&#8220;acrLinkClickCount&#8221;) || 0) + 1);                                    }                                }                            );                        }                    });                                             P.when(&#8216;A&#8217;, &#8216;cf&#8217;).execute(function(A) {                A.declarative(&#8216;acrStarsLink-click-metrics&#8217;, &#8216;click&#8217;, { &#8220;allowLinkDefault&#8221; : true },  function(event){                    if(window.ue) {                        ue.count(&#8220;acrStarsLinkWithPopoverClickCount&#8221;, (ue.count(&#8220;acrStarsLinkWithPopoverClickCount&#8221;) || 0) + 1);                    }                });            });                          <br \/>BREASTFEEDING AND DIGESTION HERBAL &#8211; Right After is an organic herbal tea, without artificial flavours and caffeine, which accompanies nursing mothers by naturally stimulating lactation and reducing infant colic<br \/>HERA FENUGREEK SEED &#8211; Right After contains fenugreek seeds from nettle leaves and moringa, plants traditionally used to promote lactation and enrich breast milk. Its composition was validated by a naturopath<br \/>WELLNESS &#8211; With its fresh and spicy notes of ginger, turmeric and lemon, Right After gives you energy and is drunk with pleasure! It can be enjoyed both hot and iced tea: suitable for all desires and seasons!<br \/>ORGANIC HERBAL &#8211; All the plants used are certified organic farming, their cultivation has been carried out without the use of chemicals to respect Nature, your health and that of your baby<br \/>Why choose the bulk? The bulk herbal tea offers a high quality: the plants are less crushed, better preserved and thus retain all their aromatic and beneficial properties, unlike bags often made of plant dust. It&#8217;s also an eco-friendly choice: less packaging, less waste<br \/>ORIGEENS is a responsible French brand, founded by 3 enthusiasts, which offers a selection of organic teas, infusions &#038; mates. Our promise? Make you spend unique moments, every day.<br \/>OUR RANGE OF INFUSIONS &#8211; Chamomile, Verbena, Hibiscus, Mint, Passionflower&#8230; discover our infusions by visiting our shop!<\/p>\n\n","protected":false},"excerpt":{"rendered":"<p> Product Description Right After est une tisane BIO, sans ar\u00f4mes artificiels et sans caf\u00e9ine, au go\u00fbt frais de citron, gingembre et curcuma, et aux notes anis\u00e9es. C\u2019est une tisane d\u2019allaitement qui accompagnera les mamans souhaitant stimuler de fa\u00e7on naturelle leur lactation et diminuer les coliques du nourrisson. Elle accompagnera \u00e9galement [&hellip;]<\/p>\n","protected":false},"featured_media":28866,"comment_status":"open","ping_status":"closed","template":"","meta":{"_gspb_post_css":"","om_disable_all_campaigns":false,"_monsterinsights_skip_tracking":false,"_monsterinsights_sitenote_active":false,"_monsterinsights_sitenote_note":"","_monsterinsights_sitenote_category":0},"store":[],"product_brand":[],"product_cat":[146],"product_tag":[352,2846,437,7174,6392,364,561,2104,559,6393,407,373,1152,238,557,562,935],"class_list":{"0":"post-28865","1":"product","2":"type-product","3":"status-publish","4":"has-post-thumbnail","6":"product_cat-superaliments-verts","7":"product_tag-100g","8":"product_tag-baby","9":"product_tag-digestion","10":"product_tag-feeding","11":"product_tag-fenugreek","12":"product_tag-ginger","13":"product_tag-herbal","14":"product_tag-herbe","15":"product_tag-infusion","16":"product_tag-lactation","17":"product_tag-lemon","18":"product_tag-moringa","19":"product_tag-nettle","20":"product_tag-organic","21":"product_tag-origeens","22":"product_tag-tea","23":"product_tag-turmeric","25":"first","26":"instock","27":"shipping-taxable","28":"product-type-external"},"aioseo_notices":[],"jetpack_sharing_enabled":true,"_links":{"self":[{"href":"https:\/\/www.zolattitude.com\/index.php\/wp-json\/wp\/v2\/product\/28865","targetHints":{"allow":["GET"]}}],"collection":[{"href":"https:\/\/www.zolattitude.com\/index.php\/wp-json\/wp\/v2\/product"}],"about":[{"href":"https:\/\/www.zolattitude.com\/index.php\/wp-json\/wp\/v2\/types\/product"}],"replies":[{"embeddable":true,"href":"https:\/\/www.zolattitude.com\/index.php\/wp-json\/wp\/v2\/comments?post=28865"}],"wp:featuredmedia":[{"embeddable":true,"href":"https:\/\/www.zolattitude.com\/index.php\/wp-json\/wp\/v2\/media\/28866"}],"wp:attachment":[{"href":"https:\/\/www.zolattitude.com\/index.php\/wp-json\/wp\/v2\/media?parent=28865"}],"wp:term":[{"taxonomy":"store","embeddable":true,"href":"https:\/\/www.zolattitude.com\/index.php\/wp-json\/wp\/v2\/store?post=28865"},{"taxonomy":"product_brand","embeddable":true,"href":"https:\/\/www.zolattitude.com\/index.php\/wp-json\/wp\/v2\/product_brand?post=28865"},{"taxonomy":"product_cat","embeddable":true,"href":"https:\/\/www.zolattitude.com\/index.php\/wp-json\/wp\/v2\/product_cat?post=28865"},{"taxonomy":"product_tag","embeddable":true,"href":"https:\/\/www.zolattitude.com\/index.php\/wp-json\/wp\/v2\/product_tag?post=28865"}],"curies":[{"name":"wp","href":"https:\/\/api.w.org\/{rel}","templated":true}]}}