{"id":28909,"date":"2026-04-25T23:34:49","date_gmt":"2026-04-25T23:34:49","guid":{"rendered":"https:\/\/www.zolattitude.com\/index.php\/product\/true-collagen-joints-hydrolyzed-collagen-liquid-supplement-10000mg-500ml-20-days-supply-glucosamine-msm-chondroitin-for-joints-hair-pain\/"},"modified":"2026-04-25T23:35:00","modified_gmt":"2026-04-25T23:35:00","slug":"true-collagen-joints-hydrolyzed-collagen-liquid-supplement-10000mg-500ml-20-days-supply-glucosamine-msm-chondroitin-for-joints-hair-pain","status":"publish","type":"product","link":"https:\/\/www.zolattitude.com\/index.php\/product\/true-collagen-joints-hydrolyzed-collagen-liquid-supplement-10000mg-500ml-20-days-supply-glucosamine-msm-chondroitin-for-joints-hair-pain\/","title":{"rendered":"True Collagen Joints | Hydrolyzed Collagen Liquid Supplement 10,000mg &#8211; 500ml, 20 Days Supply | Glucosamine, MSM &#038; Chondroitin for Joints, Hair, Pain"},"content":{"rendered":"<p>Price: <span style=\"color:#b12704\">\u20ac25.95<\/span><br \/><i><small>(as of Apr 25, 2026 23:34:49 UTC &#8211; <span class=\"wp_automatic_amazon_disclaimer\" title=\"Product prices and availability are accurate as of the date\/time indicated and are subject to change. Any price and availability information displayed on [relevant Amazon Site(s), as applicable] at the time of purchase will apply to the purchase of this product.\">Details<\/span>)<\/small><\/i><br \/><a href=\"https:\/\/amazon.fr\/dp\/B09F65PQ35?tag=onamzmoukoubl-21\"><img decoding=\"async\" src=\"https:\/\/valvepress.s3.amazonaws.com\/imgs\/buy_now.png\"><\/a><br \/>\n<\/p>\n<p>                                                 From the brand   <\/p>\n<p>                                              <img decoding=\"async\" alt=\"True Collagen Products\" src=\"https:\/\/images-na.ssl-images-amazon.com\/images\/G\/01\/x-locale\/common\/grey-pixel.gif\" class=\"a-lazy-loaded\" data-src=\"https:\/\/m.media-amazon.com\/images\/S\/aplus-media-library-service-media\/ec6cd245-75e8-4cba-8146-44fcc1a5d51a.__CR0,0,4392,1875_PT0_SX1464_V1___.png\"><img decoding=\"async\" alt=\"True Collagen Products\" src=\"https:\/\/m.media-amazon.com\/images\/S\/aplus-media-library-service-media\/ec6cd245-75e8-4cba-8146-44fcc1a5d51a.__CR0,0,4392,1875_PT0_SX1464_V1___.png\">  <\/p>\n<p>                                              <img decoding=\"async\" alt=\"woman doing yoga on the beach at sunset\" src=\"https:\/\/images-na.ssl-images-amazon.com\/images\/G\/01\/x-locale\/common\/grey-pixel.gif\" class=\"a-lazy-loaded\" data-src=\"https:\/\/m.media-amazon.com\/images\/S\/aplus-media-library-service-media\/1ad521f6-8d76-49e4-af12-b9812d82039a.__CR3,0,1076,1347_PT0_SX362_V1___.png\"><img decoding=\"async\" alt=\"woman doing yoga on the beach at sunset\" src=\"https:\/\/m.media-amazon.com\/images\/S\/aplus-media-library-service-media\/1ad521f6-8d76-49e4-af12-b9812d82039a.__CR3,0,1076,1347_PT0_SX362_V1___.png\">  <\/p>\n<p>                                              <img decoding=\"async\" alt=\"certifications\" src=\"https:\/\/images-na.ssl-images-amazon.com\/images\/G\/01\/x-locale\/common\/grey-pixel.gif\" class=\"a-lazy-loaded\" data-src=\"https:\/\/m.media-amazon.com\/images\/S\/aplus-media-library-service-media\/40bde660-a557-45fb-9fe3-159cdd7c7eee.__CR3,0,1076,1347_PT0_SX362_V1___.png\"><img decoding=\"async\" alt=\"certifications\" src=\"https:\/\/m.media-amazon.com\/images\/S\/aplus-media-library-service-media\/40bde660-a557-45fb-9fe3-159cdd7c7eee.__CR3,0,1076,1347_PT0_SX362_V1___.png\">  <\/p>\n<p>                                              <img decoding=\"async\" alt=\"\" src=\"https:\/\/images-na.ssl-images-amazon.com\/images\/G\/01\/x-locale\/common\/grey-pixel.gif\" class=\"a-lazy-loaded\" data-src=\"https:\/\/m.media-amazon.com\/images\/S\/aplus-media-library-service-media\/e1822c9b-a74f-4fcc-8add-f2ca1d170c0b.__CR3,0,1076,1347_PT0_SX362_V1___.png\"><img decoding=\"async\" alt=\"\" src=\"https:\/\/m.media-amazon.com\/images\/S\/aplus-media-library-service-media\/e1822c9b-a74f-4fcc-8add-f2ca1d170c0b.__CR3,0,1076,1347_PT0_SX362_V1___.png\">  <\/p>\n<h3> True Beauty, True Strength <\/h3>\n<p> Nos produits vont au-del\u00e0 des compl\u00e9ments, c\u00e9l\u00e9brant votre beaut\u00e9 int\u00e9rieure, votre force et votre v\u00e9ritable potentiel. <\/p>\n<p>                                              <img decoding=\"async\" alt=\"\" src=\"https:\/\/images-na.ssl-images-amazon.com\/images\/G\/01\/x-locale\/common\/grey-pixel.gif\" class=\"a-lazy-loaded\" data-src=\"https:\/\/m.media-amazon.com\/images\/S\/aplus-media-library-service-media\/6b9ac9e5-74b9-4dae-ab9e-bc95f953b92a.__CR0,2,3405,1567_PT0_SX315_V1___.png\"><img decoding=\"async\" alt=\"\" src=\"https:\/\/m.media-amazon.com\/images\/S\/aplus-media-library-service-media\/6b9ac9e5-74b9-4dae-ab9e-bc95f953b92a.__CR0,2,3405,1567_PT0_SX315_V1___.png\">  <\/p>\n<p> NOTRE MISSION <\/p>\n<p> Nous nous engageons \u00e0 vous fournir les outils pour g\u00e9rer votre sant\u00e9 et votre bien-\u00eatre. Vivez avec confiance et authenticit\u00e9 gr\u00e2ce \u00e0 nos produits de haute qualit\u00e9, int\u00e9gr\u00e9s dans vos rituels quotidiens et pratiques de pleine conscience. Nous sommes le compagnon id\u00e9al pour votre parcours vers un mode de vie conscient et sain, en vous offrant des solutions personnalis\u00e9es pour un bien-\u00eatre durable. <\/p>\n<p>                                              <img decoding=\"async\" alt=\"woman doing yoga on the beach at sunset\" src=\"https:\/\/images-na.ssl-images-amazon.com\/images\/G\/01\/x-locale\/common\/grey-pixel.gif\" class=\"a-lazy-loaded\" data-src=\"https:\/\/m.media-amazon.com\/images\/S\/aplus-media-library-service-media\/f3ca85cc-7564-4c1b-81bc-b1ff87758200.__CR3,0,1076,1347_PT0_SX362_V1___.png\"><img decoding=\"async\" alt=\"woman doing yoga on the beach at sunset\" src=\"https:\/\/m.media-amazon.com\/images\/S\/aplus-media-library-service-media\/f3ca85cc-7564-4c1b-81bc-b1ff87758200.__CR3,0,1076,1347_PT0_SX362_V1___.png\">  <\/p>\n<p> Product Dimensions                                            \u200f                                            :                                            \u200e                                            7.85 x 7.85 x 16 cm; 608 g   <br \/> Manufacturer                                            \u200f                                            :                                            \u200e                                            Swedish Nutra   <br \/> ASIN                                            \u200f                                            :                                            \u200e                                            B09F65PQ35   <br \/> Manufacturer reference                                            \u200f                                            :                                            \u200e                                            7350122360418   <br \/> Country of origin                                            \u200f                                            :                                            \u200e                                            Sweden   <br \/>  Customer reviews:                                                                                            4.2               4.2 out of 5 stars                                  (263)                                              var dpAcrHasRegisteredArcLinkClickAction;                    P.when(&#8216;A&#8217;, &#8216;ready&#8217;).execute(function(A) {                        if (dpAcrHasRegisteredArcLinkClickAction !== true) {                            dpAcrHasRegisteredArcLinkClickAction = true;                            A.declarative(                                &#8216;acrLink-click-metrics&#8217;, &#8216;click&#8217;,                                { &#8220;allowLinkDefault&#8221;: true },                                function (event) {                                    if (window.ue) {                                        ue.count(&#8220;acrLinkClickCount&#8221;, (ue.count(&#8220;acrLinkClickCount&#8221;) || 0) + 1);                                    }                                }                            );                        }                    });                                             P.when(&#8216;A&#8217;, &#8216;cf&#8217;).execute(function(A) {                A.declarative(&#8216;acrStarsLink-click-metrics&#8217;, &#8216;click&#8217;, { &#8220;allowLinkDefault&#8221; : true },  function(event){                    if(window.ue) {                        ue.count(&#8220;acrStarsLinkWithPopoverClickCount&#8221;, (ue.count(&#8220;acrStarsLinkWithPopoverClickCount&#8221;) || 0) + 1);                    }                });            });                          <br \/>HIGH DOSE: Each serving contains 10,000 mg of certified halal type 1, 2 and 3 collagen, hydrolyzed to low molecular weight collagen for excellent absorption; enriched with glucosamine, chondroitin and 250mg of MSM, natural components found in healthy cartilage<br \/>JOINT SUPPORT: Promote joint, bone and tendon health with our supplement; Turmeric and MSM can relieve inflammation and act as an antioxidant for the body, MSM helps produce collagen; Glucosamine and chondroitin are essential for bone and joint health Vitamin D3 supports the immune system<br \/>QUICK ACTION: Promotes joint comfort in just 1 week, with improved relief in just 8 weeks<br \/>FOR HEALTHY SKIN, HAIR AND NAILS: Collagen, Vitamin C and Hyaluronic Acid promote skin health, hydration and elasticity while promoting hair growth, slowing hair loss, strengthening nails and minimizing wrinkles<br \/>SUPPLY FOR 20 DAYS: A 500 ml bottle for a 20-day supply with a daily dose of 25 ml; it is presented in a delicious shot with natural berry taste and is fat and sugar free, with 100% natural aroma and coloring; store in the refrigerator for optimal taste; made with 100% natural packaging 0% recyclable<\/p>\n\n","protected":false},"excerpt":{"rendered":"<p> From the brand True Beauty, True Strength Nos produits vont au-del\u00e0 des compl\u00e9ments, c\u00e9l\u00e9brant votre beaut\u00e9 int\u00e9rieure, votre force et votre v\u00e9ritable potentiel. NOTRE MISSION Nous nous engageons \u00e0 vous fournir les outils pour g\u00e9rer votre sant\u00e9 et votre bien-\u00eatre. Vivez avec confiance et authenticit\u00e9 gr\u00e2ce \u00e0 nos produits de [&hellip;]<\/p>\n","protected":false},"featured_media":28910,"comment_status":"open","ping_status":"closed","template":"","meta":{"_gspb_post_css":"","om_disable_all_campaigns":false,"_monsterinsights_skip_tracking":false,"_monsterinsights_sitenote_active":false,"_monsterinsights_sitenote_note":"","_monsterinsights_sitenote_category":0},"store":[],"product_brand":[],"product_cat":[137],"product_tag":[1552,452,1440,168,292,1439,175,881,416,1000,205,1624,200,1146,343],"class_list":{"0":"post-28909","1":"product","2":"type-product","3":"status-publish","4":"has-post-thumbnail","6":"product_cat-collagene-biotine","7":"product_tag-10000mg","8":"product_tag-500ml","9":"product_tag-chondroitin","10":"product_tag-collagen","11":"product_tag-days","12":"product_tag-glucosamine","13":"product_tag-hair","14":"product_tag-hydrolyzed","15":"product_tag-joints","16":"product_tag-liquid","17":"product_tag-msm","18":"product_tag-pain","19":"product_tag-supplement","20":"product_tag-supply","21":"product_tag-true","23":"first","24":"instock","25":"shipping-taxable","26":"product-type-external"},"aioseo_notices":[],"jetpack_sharing_enabled":true,"_links":{"self":[{"href":"https:\/\/www.zolattitude.com\/index.php\/wp-json\/wp\/v2\/product\/28909","targetHints":{"allow":["GET"]}}],"collection":[{"href":"https:\/\/www.zolattitude.com\/index.php\/wp-json\/wp\/v2\/product"}],"about":[{"href":"https:\/\/www.zolattitude.com\/index.php\/wp-json\/wp\/v2\/types\/product"}],"replies":[{"embeddable":true,"href":"https:\/\/www.zolattitude.com\/index.php\/wp-json\/wp\/v2\/comments?post=28909"}],"wp:featuredmedia":[{"embeddable":true,"href":"https:\/\/www.zolattitude.com\/index.php\/wp-json\/wp\/v2\/media\/28910"}],"wp:attachment":[{"href":"https:\/\/www.zolattitude.com\/index.php\/wp-json\/wp\/v2\/media?parent=28909"}],"wp:term":[{"taxonomy":"store","embeddable":true,"href":"https:\/\/www.zolattitude.com\/index.php\/wp-json\/wp\/v2\/store?post=28909"},{"taxonomy":"product_brand","embeddable":true,"href":"https:\/\/www.zolattitude.com\/index.php\/wp-json\/wp\/v2\/product_brand?post=28909"},{"taxonomy":"product_cat","embeddable":true,"href":"https:\/\/www.zolattitude.com\/index.php\/wp-json\/wp\/v2\/product_cat?post=28909"},{"taxonomy":"product_tag","embeddable":true,"href":"https:\/\/www.zolattitude.com\/index.php\/wp-json\/wp\/v2\/product_tag?post=28909"}],"curies":[{"name":"wp","href":"https:\/\/api.w.org\/{rel}","templated":true}]}}