{"id":28949,"date":"2026-04-26T01:07:32","date_gmt":"2026-04-26T01:07:32","guid":{"rendered":"https:\/\/www.zolattitude.com\/index.php\/product\/600-comprimes-de-spiruline-bio-algue-100-bio-de-haute-purete-3000-mg-par-dose-satietogene-et-detox-riche-en-proteines-vegetales-sans-additifs-ni-allergenes\/"},"modified":"2026-04-26T01:07:41","modified_gmt":"2026-04-26T01:07:41","slug":"600-comprimes-de-spiruline-bio-algue-100-bio-de-haute-purete-3000-mg-par-dose-satietogene-et-detox-riche-en-proteines-vegetales-sans-additifs-ni-allergenes","status":"publish","type":"product","link":"https:\/\/www.zolattitude.com\/index.php\/product\/600-comprimes-de-spiruline-bio-algue-100-bio-de-haute-purete-3000-mg-par-dose-satietogene-et-detox-riche-en-proteines-vegetales-sans-additifs-ni-allergenes\/","title":{"rendered":"600 Comprim\u00e9s de Spiruline Bio &#8211; Algue 100% Bio de Haute Puret\u00e9 &#8211; 3000 mg par Dose &#8211; Sati\u00e9tog\u00e8ne et D\u00e9tox &#8211; Riche en Prot\u00e9ines V\u00e9g\u00e9tales &#8211; Sans Additifs ni Allerg\u00e8nes"},"content":{"rendered":"<p>Price: <span style=\"color:#b12704\">\u20ac17.97<\/span><br \/><i><small>(as of Apr 26, 2026 01:07:33 UTC &#8211; <span class=\"wp_automatic_amazon_disclaimer\" title=\"Product prices and availability are accurate as of the date\/time indicated and are subject to change. Any price and availability information displayed on [relevant Amazon Site(s), as applicable] at the time of purchase will apply to the purchase of this product.\">Details<\/span>)<\/small><\/i><br \/><a href=\"https:\/\/amazon.fr\/dp\/B09SV8843N?tag=onamzmoukoubl-21\"><img decoding=\"async\" src=\"https:\/\/valvepress.s3.amazonaws.com\/imgs\/buy_now.png\"><\/a><br \/>\n<br \/>\n    <span>Espirulina 600comp. ECO \u2013 is taken daily according to the indications, preparation in tablets for regular intake, box of 600 tablets and facilitates the care of your well-being offers an application<\/span>    <br \/> Product Dimensions                                            \u200f                                            :                                            \u200e                                            16 x 2.5 x 23 cm; 300 g   <br \/> Manufacturer                                            \u200f                                            :                                            \u200e                                            Zenement   <br \/> ASIN                                            \u200f                                            :                                            \u200e                                            B09SV8843N   <br \/> Manufacturer reference                                            \u200f                                            :                                            \u200e                                            Z-21EB02E   <br \/> Country of origin                                            \u200f                                            :                                            \u200e                                            Espa\u00f1a   <br \/>  Customer reviews:                                                                                            4.6               4.6 out of 5 stars                                  (233)                                              var dpAcrHasRegisteredArcLinkClickAction;                    P.when(&#8216;A&#8217;, &#8216;ready&#8217;).execute(function(A) {                        if (dpAcrHasRegisteredArcLinkClickAction !== true) {                            dpAcrHasRegisteredArcLinkClickAction = true;                            A.declarative(                                &#8216;acrLink-click-metrics&#8217;, &#8216;click&#8217;,                                { &#8220;allowLinkDefault&#8221;: true },                                function (event) {                                    if (window.ue) {                                        ue.count(&#8220;acrLinkClickCount&#8221;, (ue.count(&#8220;acrLinkClickCount&#8221;) || 0) + 1);                                    }                                }                            );                        }                    });                                             P.when(&#8216;A&#8217;, &#8216;cf&#8217;).execute(function(A) {                A.declarative(&#8216;acrStarsLink-click-metrics&#8217;, &#8216;click&#8217;, { &#8220;allowLinkDefault&#8221; : true },  function(event){                    if(window.ue) {                        ue.count(&#8220;acrStarsLinkWithPopoverClickCount&#8221;, (ue.count(&#8220;acrStarsLinkWithPopoverClickCount&#8221;) || 0) + 1);                    }                });            });                          <br \/>Rich in essential nutrients: 100% organic spirulina, rich in proteins, amino acids, antioxidants, B vitamins, iron, calcium and zinc. Thanks to this unique composition, rich in essential nutrients, it is considered an ideal superfood for vegans and those with an active lifestyle, contributing to a complete and balanced diet every day.<br \/>PLANT PROTEIN SOURCE: Spirulina is an excellent source of protein, which contributes to the increase and maintenance of muscle mass and good bone condition. With its high vegetable protein content, it is the perfect supplement for those looking for natural and healthy support for their physical well-being.<br \/>100% ORGANIC, NATURAL AND VEGETAN: Our Spirulina is cultivated and processed according to the standards of organic farming to guarantee purity. Certified without additives, allergens and GMOs, it is a sustainable choice for those looking for a high-quality supplement.<br \/>QUALITY AND SATISFACTION: Our supplements, formulated in Barcelona, are made with the highest quality ingredients under strict controls respecting Good Manufacturing Practices (GMP). They meet the highest safety and efficiency standards, providing a reliable and healthy option. In addition, we have personalized attention to answer your questions and help you choose the supplement that suits you best.<br \/>ZENEMENT, INSPIRING WELLNESS: Founded in 2017 in Barcelona, Zenement was born with the aim of offering dietary supplements formulated with rigor and backed by science. Inspired by the &#8220;Zen&#8221; philosophy, the name merges &#8220;Zen&#8221; and &#8220;Supplement&#8221;, reflecting a commitment to balance and innovation. As a member of the Barcelona Health Hub, at the Recinto Modernista de Sant Pau de Barcelona, he promotes excellence and development in the health sector.<\/p>\n\n","protected":false},"excerpt":{"rendered":"<p> Espirulina 600comp. ECO \u2013 is taken daily according to the indications, preparation in tablets for regular intake, box of 600 tablets and facilitates the care of your well-being offers an application Product Dimensions \u200f : \u200e 16 x 2.5 x 23 cm; 300 g Manufacturer \u200f : \u200e Zenement ASIN [&hellip;]<\/p>\n","protected":false},"featured_media":28950,"comment_status":"open","ping_status":"closed","template":"","meta":{"_gspb_post_css":"","om_disable_all_campaigns":false,"_monsterinsights_skip_tracking":false,"_monsterinsights_sitenote_active":false,"_monsterinsights_sitenote_note":"","_monsterinsights_sitenote_category":0},"store":[],"product_brand":[],"product_cat":[148],"product_tag":[7190,7185,7191,339,775,442,306,305,772,7189,7186,7188,309,7187,7184,7033],"class_list":{"0":"post-28949","1":"product","2":"type-product","3":"status-publish","4":"has-post-thumbnail","6":"product_cat-superaliments-exotiques","7":"product_tag-additifs","8":"product_tag-algue","9":"product_tag-allergenes","10":"product_tag-bio","11":"product_tag-comprimes","12":"product_tag-detox","13":"product_tag-dose","14":"product_tag-haute","15":"product_tag-par","16":"product_tag-proteines","17":"product_tag-purete","18":"product_tag-riche","19":"product_tag-sans","20":"product_tag-satietogene","21":"product_tag-spiruline","22":"product_tag-vegetales","24":"first","25":"instock","26":"shipping-taxable","27":"product-type-external"},"aioseo_notices":[],"jetpack_sharing_enabled":true,"_links":{"self":[{"href":"https:\/\/www.zolattitude.com\/index.php\/wp-json\/wp\/v2\/product\/28949","targetHints":{"allow":["GET"]}}],"collection":[{"href":"https:\/\/www.zolattitude.com\/index.php\/wp-json\/wp\/v2\/product"}],"about":[{"href":"https:\/\/www.zolattitude.com\/index.php\/wp-json\/wp\/v2\/types\/product"}],"replies":[{"embeddable":true,"href":"https:\/\/www.zolattitude.com\/index.php\/wp-json\/wp\/v2\/comments?post=28949"}],"wp:featuredmedia":[{"embeddable":true,"href":"https:\/\/www.zolattitude.com\/index.php\/wp-json\/wp\/v2\/media\/28950"}],"wp:attachment":[{"href":"https:\/\/www.zolattitude.com\/index.php\/wp-json\/wp\/v2\/media?parent=28949"}],"wp:term":[{"taxonomy":"store","embeddable":true,"href":"https:\/\/www.zolattitude.com\/index.php\/wp-json\/wp\/v2\/store?post=28949"},{"taxonomy":"product_brand","embeddable":true,"href":"https:\/\/www.zolattitude.com\/index.php\/wp-json\/wp\/v2\/product_brand?post=28949"},{"taxonomy":"product_cat","embeddable":true,"href":"https:\/\/www.zolattitude.com\/index.php\/wp-json\/wp\/v2\/product_cat?post=28949"},{"taxonomy":"product_tag","embeddable":true,"href":"https:\/\/www.zolattitude.com\/index.php\/wp-json\/wp\/v2\/product_tag?post=28949"}],"curies":[{"name":"wp","href":"https:\/\/api.w.org\/{rel}","templated":true}]}}