{"id":28973,"date":"2026-04-26T01:43:49","date_gmt":"2026-04-26T01:43:49","guid":{"rendered":"https:\/\/www.zolattitude.com\/index.php\/product\/vitabay-vitamin-d3-k2-depot-180-vegan-tablets-highly-dosed-20000-iu-vitamin-d3-with-k2-mk7-all-trans-without-additives-vegan-laboratory-tested-in\/"},"modified":"2026-04-26T01:43:59","modified_gmt":"2026-04-26T01:43:59","slug":"vitabay-vitamin-d3-k2-depot-180-vegan-tablets-highly-dosed-20000-iu-vitamin-d3-with-k2-mk7-all-trans-without-additives-vegan-laboratory-tested-in","status":"publish","type":"product","link":"https:\/\/www.zolattitude.com\/index.php\/product\/vitabay-vitamin-d3-k2-depot-180-vegan-tablets-highly-dosed-20000-iu-vitamin-d3-with-k2-mk7-all-trans-without-additives-vegan-laboratory-tested-in\/","title":{"rendered":"Vitabay Vitamin D3 + K2 Depot \u2013 180 vegan tablets \u2013 highly dosed \u2013 20,000 IU vitamin D3 with K2 MK7 all-trans \u2013 without additives \u2013 vegan &#038; laboratory tested in Germany \u2013 long reserve"},"content":{"rendered":"<p>Price: <span style=\"color:#b12704\">\u20ac21.44<\/span><br \/><i><small>(as of Apr 26, 2026 01:43:49 UTC &#8211; <span class=\"wp_automatic_amazon_disclaimer\" title=\"Product prices and availability are accurate as of the date\/time indicated and are subject to change. Any price and availability information displayed on [relevant Amazon Site(s), as applicable] at the time of purchase will apply to the purchase of this product.\">Details<\/span>)<\/small><\/i><br \/><a href=\"https:\/\/amazon.fr\/dp\/B09K7WBF59?tag=onamzmoukoubl-21\"><img decoding=\"async\" src=\"https:\/\/valvepress.s3.amazonaws.com\/imgs\/buy_now.png\"><\/a><br \/>\n<\/p>\n<p>                                                 From the brand   <\/p>\n<p>                                              <img decoding=\"async\" alt=\"Plusieurs bouteilles en verre vert avec des bouchons noirs dispos\u00e9es sur une surface r\u00e9fl\u00e9chissante brun dor\u00e9, cr\u00e9ant ainsi un pr\u00e9sentoir de produits luxueux\" src=\"https:\/\/images-na.ssl-images-amazon.com\/images\/G\/01\/x-locale\/common\/grey-pixel.gif\" class=\"a-lazy-loaded\" data-src=\"https:\/\/m.media-amazon.com\/images\/S\/aplus-media-library-service-media\/92c461c6-4654-4916-b459-684f28abee2f.__CR0,0,1464,625_PT0_SX1464_V1___.png\"><img decoding=\"async\" alt=\"Plusieurs bouteilles en verre vert avec des bouchons noirs dispos\u00e9es sur une surface r\u00e9fl\u00e9chissante brun dor\u00e9, cr\u00e9ant ainsi un pr\u00e9sentoir de produits luxueux\" src=\"https:\/\/m.media-amazon.com\/images\/S\/aplus-media-library-service-media\/92c461c6-4654-4916-b459-684f28abee2f.__CR0,0,1464,625_PT0_SX1464_V1___.png\">  <\/p>\n<p>                                              <img decoding=\"async\" alt=\"\" src=\"https:\/\/images-na.ssl-images-amazon.com\/images\/G\/01\/x-locale\/common\/grey-pixel.gif\" class=\"a-lazy-loaded\" data-src=\"https:\/\/m.media-amazon.com\/images\/S\/aplus-media-library-service-media\/a2cab850-bfab-4c97-94ed-08473c1e0de8.__CR177,0,2470,1137_PT0_SX315_V1___.png\"><img decoding=\"async\" alt=\"\" src=\"https:\/\/m.media-amazon.com\/images\/S\/aplus-media-library-service-media\/a2cab850-bfab-4c97-94ed-08473c1e0de8.__CR177,0,2470,1137_PT0_SX315_V1___.png\">  <\/p>\n<p> Vitabay brille maintenant sous un nouveau jour \u2013 nous sommes le coach \u00e0 vos c\u00f4t\u00e9s et nous sommes heureux de vous soutenir et de vous conseiller dans un programme de sant\u00e9 \u00e0 360 degr\u00e9s \u00e0 l&#8217;avenir. Il ne s&#8217;agit pas seulement de compl\u00e9ments alimentaires, il s&#8217;agit de vous. Ensemble pour une meilleure sant\u00e9. Nous sommes l\u00e0 pour vous. <\/p>\n<p>                                                         50 ans de m\u00e9decine &#8211; 25 ans de Vitabay                                       <\/p>\n<p> Notre p\u00e8re fondateur, Dr. med. Harald Pfeffer, a commenc\u00e9 il y a 50 ans en tant que m\u00e9decin orthomol\u00e9culaire dans sa pratique. Avec le d\u00e9sir d&#8217;aider encore plus de gens, Vitabay est n\u00e9 25 ans plus tard. <\/p>\n<p>                                                         Contexte scientifique                                       <\/p>\n<p> Nos professionnels de la sant\u00e9 sont \u00e9galement rejoints par des scientifiques qui recherchent de nombreux nouveaux compl\u00e9ments alimentaires \u2013 pour les vitamines et min\u00e9raux les plus importants dans les meilleures formes disponibles. <\/p>\n<p>                                                         Entreprise familiale                                       <\/p>\n<p> O\u00f9 est-ce qu&#8217;il y a aujourd&#8217;hui ? Nous sommes fiers d&#8217;\u00eatre une telle entreprise &#8211; pour les familles, pour les familles. <\/p>\n<h3> Nos meilleurs ventes <\/h3>\n<p class=\"apm-brand-story-stores-link\">\n<h3> Nos meilleures nouveaut\u00e9s <\/h3>\n<p class=\"apm-brand-story-stores-link\">\n<h3> Autres produits haut de gamme <\/h3>\n<p class=\"apm-brand-story-stores-link\">\n<p> Product Dimensions                                            \u200f                                            :                                            \u200e                                            4.6 x 4.6 x 9.2 cm; 40 g   <br \/> Manufacturer                                            \u200f                                            :                                            \u200e                                            vitabay   <br \/> ASIN                                            \u200f                                            :                                            \u200e                                            B09K7WBF59   <br \/> Item model number                                            \u200f                                            :                                            \u200e                                            VB2061   <br \/> Country of origin                                            \u200f                                            :                                            \u200e                                            Germany   <br \/>  Customer reviews:                                                                                            4.5               4.5 out of 5 stars                                  (1,057)                                              var dpAcrHasRegisteredArcLinkClickAction;                    P.when(&#8216;A&#8217;, &#8216;ready&#8217;).execute(function(A) {                        if (dpAcrHasRegisteredArcLinkClickAction !== true) {                            dpAcrHasRegisteredArcLinkClickAction = true;                            A.declarative(                                &#8216;acrLink-click-metrics&#8217;, &#8216;click&#8217;,                                { &#8220;allowLinkDefault&#8221;: true },                                function (event) {                                    if (window.ue) {                                        ue.count(&#8220;acrLinkClickCount&#8221;, (ue.count(&#8220;acrLinkClickCount&#8221;) || 0) + 1);                                    }                                }                            );                        }                    });                                             P.when(&#8216;A&#8217;, &#8216;cf&#8217;).execute(function(A) {                A.declarative(&#8216;acrStarsLink-click-metrics&#8217;, &#8216;click&#8217;, { &#8220;allowLinkDefault&#8221; : true },  function(event){                    if(window.ue) {                        ue.count(&#8220;acrStarsLinkWithPopoverClickCount&#8221;, (ue.count(&#8220;acrStarsLinkWithPopoverClickCount&#8221;) || 0) + 1);                    }                });            });                          <br \/>Vitamin Sun Power \u2013 Vitamin D 20,000 IU is supplied as vitamin D3 (cholecalciferol), the natural form also produced by the body through sun exposure. Combined with vitamin K2 (MK-7 all-trans), it forms a balanced combination for daily intake. *<br \/>Precisely Balanced Formula &#8211; Vitamin D and Vitamin K contribute to the maintenance of a normal bone. Vitamin D also contributes to the normal functioning of the immune system and muscles, the normal absorption and use of calcium and phosphorus, the maintenance of normal teeth, and a normal level of calcium in the blood. Vitamin K contributes to normal blood clotting. *<br \/>Easy to use \u2013 Take only 1 tablet every 20 days with enough fluid during a meal. This corresponds to a daily intake of 25 \u00b5g of vitamin D3 (1000 IU, 500% NRV) and 20 \u00b5g of vitamin K2 (26.7% NRV).<br \/>Laboratory tested in Germany \u2013 The highly dosed vegan vitamin D3+K2 is manufactured to international standards and contains no animal ingredients, GMOs, preservatives or artificial additives.<br \/>25 years of experience \u2013 For over two decades, vitabay has been developing high-quality dietary supplements according to strictly controlled processes.<\/p>\n\n","protected":false},"excerpt":{"rendered":"<p> From the brand Vitabay brille maintenant sous un nouveau jour \u2013 nous sommes le coach \u00e0 vos c\u00f4t\u00e9s et nous sommes heureux de vous soutenir et de vous conseiller dans un programme de sant\u00e9 \u00e0 360 degr\u00e9s \u00e0 l&#8217;avenir. Il ne s&#8217;agit pas seulement de compl\u00e9ments alimentaires, il s&#8217;agit de [&hellip;]<\/p>\n","protected":false},"featured_media":28974,"comment_status":"open","ping_status":"closed","template":"","meta":{"_gspb_post_css":"","om_disable_all_campaigns":false,"_monsterinsights_skip_tracking":false,"_monsterinsights_sitenote_active":false,"_monsterinsights_sitenote_note":"","_monsterinsights_sitenote_category":0},"store":[],"product_brand":[],"product_cat":[143],"product_tag":[342,1459,3816,430,950,944,770,2304,1175,3199,179,951,261,6376,178],"class_list":{"0":"post-28973","1":"product","2":"type-product","3":"status-publish","4":"has-post-thumbnail","6":"product_cat-mineraux","7":"product_tag-additives","8":"product_tag-alltrans","9":"product_tag-depot","10":"product_tag-dosed","11":"product_tag-germany","12":"product_tag-highly","13":"product_tag-laboratory","14":"product_tag-long","15":"product_tag-mk7","16":"product_tag-reserve","17":"product_tag-tablets","18":"product_tag-tested","19":"product_tag-vegan","20":"product_tag-vitabay","21":"product_tag-vitamin","23":"first","24":"instock","25":"shipping-taxable","26":"product-type-external"},"aioseo_notices":[],"jetpack_sharing_enabled":true,"_links":{"self":[{"href":"https:\/\/www.zolattitude.com\/index.php\/wp-json\/wp\/v2\/product\/28973","targetHints":{"allow":["GET"]}}],"collection":[{"href":"https:\/\/www.zolattitude.com\/index.php\/wp-json\/wp\/v2\/product"}],"about":[{"href":"https:\/\/www.zolattitude.com\/index.php\/wp-json\/wp\/v2\/types\/product"}],"replies":[{"embeddable":true,"href":"https:\/\/www.zolattitude.com\/index.php\/wp-json\/wp\/v2\/comments?post=28973"}],"wp:featuredmedia":[{"embeddable":true,"href":"https:\/\/www.zolattitude.com\/index.php\/wp-json\/wp\/v2\/media\/28974"}],"wp:attachment":[{"href":"https:\/\/www.zolattitude.com\/index.php\/wp-json\/wp\/v2\/media?parent=28973"}],"wp:term":[{"taxonomy":"store","embeddable":true,"href":"https:\/\/www.zolattitude.com\/index.php\/wp-json\/wp\/v2\/store?post=28973"},{"taxonomy":"product_brand","embeddable":true,"href":"https:\/\/www.zolattitude.com\/index.php\/wp-json\/wp\/v2\/product_brand?post=28973"},{"taxonomy":"product_cat","embeddable":true,"href":"https:\/\/www.zolattitude.com\/index.php\/wp-json\/wp\/v2\/product_cat?post=28973"},{"taxonomy":"product_tag","embeddable":true,"href":"https:\/\/www.zolattitude.com\/index.php\/wp-json\/wp\/v2\/product_tag?post=28973"}],"curies":[{"name":"wp","href":"https:\/\/api.w.org\/{rel}","templated":true}]}}