{"id":29006,"date":"2026-04-26T22:25:07","date_gmt":"2026-04-26T22:25:07","guid":{"rendered":"https:\/\/www.zolattitude.com\/index.php\/product\/melvita-3-in-1-hydra-plumping-glow-serum-niacinamide-like-complex-intense-hydration-combination-skin-glass-bottle-30-ml\/"},"modified":"2026-04-26T22:25:17","modified_gmt":"2026-04-26T22:25:17","slug":"melvita-3-in-1-hydra-plumping-glow-serum-niacinamide-like-complex-intense-hydration-combination-skin-glass-bottle-30-ml","status":"publish","type":"product","link":"https:\/\/www.zolattitude.com\/index.php\/product\/melvita-3-in-1-hydra-plumping-glow-serum-niacinamide-like-complex-intense-hydration-combination-skin-glass-bottle-30-ml\/","title":{"rendered":"Melvita &#8211; 3-in-1 Hydra-Plumping Glow Serum &#8211; Niacinamide-Like Complex &#8211; Intense Hydration &#8211; Combination Skin &#8211; Glass Bottle &#8211; 30 ml"},"content":{"rendered":"<p>Price: <span style=\"color:#b12704\">\u20ac46.00<\/span><br \/><i><small>(as of Apr 26, 2026 22:25:07 UTC &#8211; <span class=\"wp_automatic_amazon_disclaimer\" title=\"Product prices and availability are accurate as of the date\/time indicated and are subject to change. Any price and availability information displayed on [relevant Amazon Site(s), as applicable] at the time of purchase will apply to the purchase of this product.\">Details<\/span>)<\/small><\/i><br \/><a href=\"https:\/\/amazon.fr\/dp\/B0FYP8N51R?tag=onamzmoukoubl-21\"><img decoding=\"async\" src=\"https:\/\/valvepress.s3.amazonaws.com\/imgs\/buy_now.png\"><\/a><br \/>\n<\/p>\n<p>                                                 From the manufacturer   <\/p>\n<p>                                                           Testez le s\u00e9rum pendant 28 jours.                                          <\/p>\n<h3 class=\"aplus-h1 aplus-module-1-heading a-text-bold\"> Efficacit\u00e9 Prouv\u00e9e ou Rembours\u00e9e. <\/h3>\n<p class=\"aplus-p2 aplus-module-1-description\"> Appliquer une goutte du s\u00e9rum Glow 3-en-1 Source de Roses matin et soir pendant 28 jours sur le visage. Constatez les r\u00e9sultats sur votre peau. Si vous n\u2019\u00eates pas convaincu(e), nous vous remboursons. <\/p>\n<p class=\"aplus-p2 aplus-module-1-description\"> Retrouvez les d\u00e9marches ici : melvita-efficacite-prouvee-ou-remboursee.offre-promotionnelle.fr <\/p>\n<p>                                           <img decoding=\"async\" alt=\"aplus content image\" src=\"https:\/\/images-na.ssl-images-amazon.com\/images\/G\/01\/x-locale\/common\/grey-pixel.gif\" class=\"a-lazy-loaded\" data-src=\"https:\/\/m.media-amazon.com\/images\/S\/aplus-media-library-service-media\/09242233-9a14-419b-bed7-30f505182ace.__CR0,0,2500,1875_PT0_SX800_V1___.jpg\"><img decoding=\"async\" alt=\"aplus content image\" src=\"https:\/\/m.media-amazon.com\/images\/S\/aplus-media-library-service-media\/09242233-9a14-419b-bed7-30f505182ace.__CR0,0,2500,1875_PT0_SX800_V1___.jpg\">          <\/p>\n<p>                                                                                                       <img decoding=\"async\" alt=\"Le texte se lit comme suit : \u00ab HYDRATE LISSE ET ILLUMINE EN UNE GOUTTE. \u00bb et \u00ab S\u00c9RUM 3-EN-1 NOUVEAU \u00bb. Publicit\u00e9 de produit teint\u00e9e en rose montrant un flacon compte-gouttes contenant un liquide transparent.\" src=\"https:\/\/images-na.ssl-images-amazon.com\/images\/G\/01\/x-locale\/common\/grey-pixel.gif\" class=\"a-lazy-loaded\" data-src=\"https:\/\/m.media-amazon.com\/images\/S\/aplus-media-library-service-media\/3ff1c9c7-569e-4b85-af93-2c102cb823f1.__CR0,0,1464,600_PT0_SX1464_V1___.png\"><img decoding=\"async\" alt=\"Le texte se lit comme suit : \u00ab HYDRATE LISSE ET ILLUMINE EN UNE GOUTTE. \u00bb et \u00ab S\u00c9RUM 3-EN-1 NOUVEAU \u00bb. Publicit\u00e9 de produit teint\u00e9e en rose montrant un flacon compte-gouttes contenant un liquide transparent.\" src=\"https:\/\/m.media-amazon.com\/images\/S\/aplus-media-library-service-media\/3ff1c9c7-569e-4b85-af93-2c102cb823f1.__CR0,0,1464,600_PT0_SX1464_V1___.png\">                                               <\/p>\n<p>                                                                                                       <img decoding=\"async\" alt=\"Le texte indique \u00ab 97 % \u00bb, \u00ab TEINT FRAIS \u00bb et \u00ab APR\u00c8S 1 MOIS \u00bb. Publicit\u00e9 de produits de beaut\u00e9 montrant une comparaison de la texture de la peau et du teint.\" src=\"https:\/\/images-na.ssl-images-amazon.com\/images\/G\/01\/x-locale\/common\/grey-pixel.gif\" class=\"a-lazy-loaded\" data-src=\"https:\/\/m.media-amazon.com\/images\/S\/aplus-media-library-service-media\/7b14e02a-27fe-4da2-9cb0-669ee856d685.__CR0,0,1464,600_PT0_SX1464_V1___.png\"><img decoding=\"async\" alt=\"Le texte indique \u00ab 97 % \u00bb, \u00ab TEINT FRAIS \u00bb et \u00ab APR\u00c8S 1 MOIS \u00bb. Publicit\u00e9 de produits de beaut\u00e9 montrant une comparaison de la texture de la peau et du teint.\" src=\"https:\/\/m.media-amazon.com\/images\/S\/aplus-media-library-service-media\/7b14e02a-27fe-4da2-9cb0-669ee856d685.__CR0,0,1464,600_PT0_SX1464_V1___.png\">                                               <\/p>\n<p>                                                                                                       <img decoding=\"async\" alt=\"Le texte indique \u00ab AVANT APR\u00c8S \u00bb et \u00ab [X2] HYDRATATION \u00bb. Comparaison avant et apr\u00e8s montrant la texture de la peau et les niveaux d&amp;#39;hydratation.\" src=\"https:\/\/images-na.ssl-images-amazon.com\/images\/G\/01\/x-locale\/common\/grey-pixel.gif\" class=\"a-lazy-loaded\" data-src=\"https:\/\/m.media-amazon.com\/images\/S\/aplus-media-library-service-media\/30a26894-16a0-4c74-8f79-a292164a938a.__CR0,0,1464,600_PT0_SX1464_V1___.png\"><img decoding=\"async\" alt=\"Le texte indique \u00ab AVANT APR\u00c8S \u00bb et \u00ab [X2] HYDRATATION \u00bb. Comparaison avant et apr\u00e8s montrant la texture de la peau et les niveaux d&amp;#39;hydratation.\" src=\"https:\/\/m.media-amazon.com\/images\/S\/aplus-media-library-service-media\/30a26894-16a0-4c74-8f79-a292164a938a.__CR0,0,1464,600_PT0_SX1464_V1___.png\">                                               <\/p>\n<p>                                                                                                       <img decoding=\"async\" alt=\"Le texte se lit comme suit : \u00ab HYDRATE INTENS\u00c9MENT ET JOUR APR\u00c8S JOUR \u00bb, \u00ab HYDRATE, LISSE ET ILLUMINE EN UNE GOUTTE \u00bb, \u00ab UN COUP D&amp;#39;\u00c9CLAT INSTANTAN\u00c9 \u00bb. Trois panneaux publicitaires de produits teint\u00e9s en rose.\" src=\"https:\/\/images-na.ssl-images-amazon.com\/images\/G\/01\/x-locale\/common\/grey-pixel.gif\" class=\"a-lazy-loaded\" data-src=\"https:\/\/m.media-amazon.com\/images\/S\/aplus-media-library-service-media\/cbc6536c-7727-4b75-b186-fef785c4a453.__CR0,0,1464,600_PT0_SX1464_V1___.png\"><img decoding=\"async\" alt=\"Le texte se lit comme suit : \u00ab HYDRATE INTENS\u00c9MENT ET JOUR APR\u00c8S JOUR \u00bb, \u00ab HYDRATE, LISSE ET ILLUMINE EN UNE GOUTTE \u00bb, \u00ab UN COUP D&amp;#39;\u00c9CLAT INSTANTAN\u00c9 \u00bb. Trois panneaux publicitaires de produits teint\u00e9s en rose.\" src=\"https:\/\/m.media-amazon.com\/images\/S\/aplus-media-library-service-media\/cbc6536c-7727-4b75-b186-fef785c4a453.__CR0,0,1464,600_PT0_SX1464_V1___.png\">                                               <\/p>\n<h3 class=\"a-text-center aplus-heading aplus-h1 a-text-bold\"> Nouveaut\u00e9s Source de Roses <\/h3>\n<p class=\"aplus-p3 a-text-bold\"> B\u00e9n\u00e9fices <\/p>\n<p class=\"aplus-p3\"> x2 hydratation imm\u00e9diate. Hydrate, lisse et illumine la peau. <\/p>\n<p class=\"aplus-p3 a-text-bold\"> B\u00e9n\u00e9fices <\/p>\n<p class=\"aplus-p3\"> Effet bonne mine imm\u00e9diat pour 96%. +88% d\u2019hydratation apr\u00e8s seulement 2 heures. <\/p>\n<p class=\"aplus-p3 a-text-bold\"> B\u00e9n\u00e9fices <\/p>\n<p class=\"aplus-p3\"> +84% d\u2019hydratation en 10mn chrono. <\/p>\n<p class=\"aplus-p3 a-text-bold\"> Ingr\u00e9dients <\/p>\n<p class=\"aplus-p3\"> Acide hyaluronique macro, AHA\/PHA, Fruit du rosier sauvage <\/p>\n<p class=\"aplus-p3 a-text-bold\"> Ingr\u00e9dients <\/p>\n<p class=\"aplus-p3\"> Acide hyaluronique, Fruit du rosier sauvage, nacres illuminatrices <\/p>\n<p class=\"aplus-p3 a-text-bold\"> Ingr\u00e9dients <\/p>\n<p class=\"aplus-p3\"> Acides hyaluroniques micro &amp; macro, Sucres hydratants, Eau Florale de Rose <\/p>\n<p class=\"aplus-p3 a-text-bold\"> Routine Id\u00e9ale <\/p>\n<p class=\"aplus-p3\"> S\u00e9rum Glow et Soin de jour Source de Roses \/ Nectar de Lumi\u00e8re Argan Bio Active <\/p>\n<p class=\"aplus-p3 a-text-bold\"> Routine Id\u00e9ale <\/p>\n<p class=\"aplus-p3\"> S\u00e9rum Glow Hydra-Repulpant et Gel-Cr\u00e8me Hydra Glow Source de Roses <\/p>\n<p class=\"aplus-p3 a-text-bold\"> Routine Id\u00e9ale <\/p>\n<p class=\"aplus-p3\"> S\u00e9rum Glow Hydra-Repulpant et Masque 2-en-1 Hydra-Repulpant Source de Roses <\/p>\n<h3>\n<p class=\"aplus-question aplus-p1\"> Pourquoi appliquer un s\u00e9rum ? <\/p>\n<\/h3>\n<p class=\"aplus-answer aplus-p2\"> Utiliser un s\u00e9rum visage compl\u00e8te l\u2019action de votre soin de jour ou de nuit en boostant son efficacit\u00e9. Sa formule riche en actifs hautement concentr\u00e9s cible efficacement les besoins sp\u00e9cifiques de la peau. <\/p>\n<h3>\n<p class=\"aplus-question aplus-p1\"> A quelle \u00e9tape de la routine appliquer le s\u00e9rum ? <\/p>\n<\/h3>\n<p class=\"aplus-answer aplus-p2\"> Il peut s\u2019appliquer en 1\u00e8re \u00e9tape de votre routine de soin ou juste apr\u00e8s l\u2019application d\u2019une lotion, d\u2019un tonique ou d\u2019une essence, et avant l\u2019application de votre cr\u00e8me de jour ou de votre cr\u00e8me de nuit. <\/p>\n<h3>\n<p class=\"aplus-question aplus-p1\"> Qu\u2019est-ce que l\u2019acide hyaluronique ?  <\/p>\n<\/h3>\n<p class=\"aplus-answer aplus-p2\"> L&#8217;acide hyaluronique est une mol\u00e9cule naturelle pr\u00e9sente dans les tissus et les articulations. Il est souvent utilis\u00e9 dans les produits de beaut\u00e9 pour hydrater la peau, favoriser la r\u00e9g\u00e9n\u00e9ration, et aider \u00e0 r\u00e9duire les signes du vieillissement. <\/p>\n<p> Language                                            \u200f                                            :                                            \u200e                                            French   <br \/> Product Dimensions                                            \u200f                                            :                                            \u200e                                            10.37 x 7.48 x 15 cm; 129.37 g   <br \/> Date First Available                                            \u200f                                            :                                            \u200e                                            31 Oct. 2025   <br \/> Manufacturer                                            \u200f                                            :                                            \u200e                                            Melvita   <br \/> ASIN                                            \u200f                                            :                                            \u200e                                            B0FYP8N51R   <br \/> Item model number                                            \u200f                                            :                                            \u200e                                            80G0052   <br \/> Country of origin                                            \u200f                                            :                                            \u200e                                            France   <br \/>       Best Sellers Rank:  7,824 in Beauty (See Top 100 in Beauty)    399 in Day Creams      <br \/>  Customer reviews:                                                                                            4.8               4.8 out of 5 stars                                  (5)                                              var dpAcrHasRegisteredArcLinkClickAction;                    P.when(&#8216;A&#8217;, &#8216;ready&#8217;).execute(function(A) {                        if (dpAcrHasRegisteredArcLinkClickAction !== true) {                            dpAcrHasRegisteredArcLinkClickAction = true;                            A.declarative(                                &#8216;acrLink-click-metrics&#8217;, &#8216;click&#8217;,                                { &#8220;allowLinkDefault&#8221;: true },                                function (event) {                                    if (window.ue) {                                        ue.count(&#8220;acrLinkClickCount&#8221;, (ue.count(&#8220;acrLinkClickCount&#8221;) || 0) + 1);                                    }                                }                            );                        }                    });                                             P.when(&#8216;A&#8217;, &#8216;cf&#8217;).execute(function(A) {                A.declarative(&#8216;acrStarsLink-click-metrics&#8217;, &#8216;click&#8217;, { &#8220;allowLinkDefault&#8221; : true },  function(event){                    if(window.ue) {                        ue.count(&#8220;acrStarsLinkWithPopoverClickCount&#8221;, (ue.count(&#8220;acrStarsLinkWithPopoverClickCount&#8221;) || 0) + 1);                    }                });            });                          <br \/>Intensive, long-lasting moisturising; This ultra-performing serum offers 150 percent immediate hydration and works 24 hours to deeply plump skin, improve its texture and restore radiance and freshness from the first use<br \/>Patented niacinamide-like formula; Enriched with a patented complex with niacinamide-like properties, it strengthens the skin barrier, reduces the appearance of pores and refines skin texture for visibly smoother and radiant skin<br \/>Natural powerful active ingredients; The combination of macro hyaluronic acid, AHA and wild rose fruits gently exfoliates, moisturizes and brightens the complexion, the skin regains suppleness, natural radiance and an immediate new skin effect<br \/>Clinically proven results; 44 percent complexion brightness, 24 percent texture improvement and 16 percent skin rebound, 97 percent of women see more radiant skin and 94 percent smooth skin after 28 days of use<br \/>Organic and ethical commitment; Formula composed of 99 percent ingredients of natural origin, COSMOS ORGANIC certified by Ecocert, Glass bottle with dropper, Dermatologically tested for all skin types<\/p>\n\n","protected":false},"excerpt":{"rendered":"<p> From the manufacturer Testez le s\u00e9rum pendant 28 jours. Efficacit\u00e9 Prouv\u00e9e ou Rembours\u00e9e. Appliquer une goutte du s\u00e9rum Glow 3-en-1 Source de Roses matin et soir pendant 28 jours sur le visage. Constatez les r\u00e9sultats sur votre peau. Si vous n\u2019\u00eates pas convaincu(e), nous vous remboursons. Retrouvez les d\u00e9marches ici [&hellip;]<\/p>\n","protected":false},"featured_media":29007,"comment_status":"open","ping_status":"closed","template":"","meta":{"_gspb_post_css":"","om_disable_all_campaigns":false,"_monsterinsights_skip_tracking":false,"_monsterinsights_sitenote_active":false,"_monsterinsights_sitenote_note":"","_monsterinsights_sitenote_category":0},"store":[],"product_brand":[],"product_cat":[138],"product_tag":[1212,1719,6445,173,4369,2279,7200,768,269,1645,7201,1392,176],"class_list":{"0":"post-29006","1":"product","2":"type-product","3":"status-publish","4":"has-post-thumbnail","6":"product_cat-acide-hyaluronique-msm","7":"product_tag-3in1","8":"product_tag-bottle","9":"product_tag-combination","10":"product_tag-complex","11":"product_tag-glass","12":"product_tag-glow","13":"product_tag-hydraplumping","14":"product_tag-hydration","15":"product_tag-intense","16":"product_tag-melvita","17":"product_tag-niacinamidelike","18":"product_tag-serum","19":"product_tag-skin","21":"first","22":"instock","23":"shipping-taxable","24":"product-type-external"},"aioseo_notices":[],"jetpack_sharing_enabled":true,"_links":{"self":[{"href":"https:\/\/www.zolattitude.com\/index.php\/wp-json\/wp\/v2\/product\/29006","targetHints":{"allow":["GET"]}}],"collection":[{"href":"https:\/\/www.zolattitude.com\/index.php\/wp-json\/wp\/v2\/product"}],"about":[{"href":"https:\/\/www.zolattitude.com\/index.php\/wp-json\/wp\/v2\/types\/product"}],"replies":[{"embeddable":true,"href":"https:\/\/www.zolattitude.com\/index.php\/wp-json\/wp\/v2\/comments?post=29006"}],"wp:featuredmedia":[{"embeddable":true,"href":"https:\/\/www.zolattitude.com\/index.php\/wp-json\/wp\/v2\/media\/29007"}],"wp:attachment":[{"href":"https:\/\/www.zolattitude.com\/index.php\/wp-json\/wp\/v2\/media?parent=29006"}],"wp:term":[{"taxonomy":"store","embeddable":true,"href":"https:\/\/www.zolattitude.com\/index.php\/wp-json\/wp\/v2\/store?post=29006"},{"taxonomy":"product_brand","embeddable":true,"href":"https:\/\/www.zolattitude.com\/index.php\/wp-json\/wp\/v2\/product_brand?post=29006"},{"taxonomy":"product_cat","embeddable":true,"href":"https:\/\/www.zolattitude.com\/index.php\/wp-json\/wp\/v2\/product_cat?post=29006"},{"taxonomy":"product_tag","embeddable":true,"href":"https:\/\/www.zolattitude.com\/index.php\/wp-json\/wp\/v2\/product_tag?post=29006"}],"curies":[{"name":"wp","href":"https:\/\/api.w.org\/{rel}","templated":true}]}}