{"id":29042,"date":"2026-04-27T00:24:54","date_gmt":"2026-04-27T00:24:54","guid":{"rendered":"https:\/\/www.zolattitude.com\/index.php\/product\/masseur-de-cou-et-de-dos-de-relaxation-electrique-portable-masseur-de-cou-sans-fil-rechargeable-par-usb-avec-8-modes-pour-la-recuperation-les-le-sommeil-la-voiture\/"},"modified":"2026-04-27T00:25:09","modified_gmt":"2026-04-27T00:25:09","slug":"masseur-de-cou-et-de-dos-de-relaxation-electrique-portable-masseur-de-cou-sans-fil-rechargeable-par-usb-avec-8-modes-pour-la-recuperation-les-le-sommeil-la-voiture","status":"publish","type":"product","link":"https:\/\/www.zolattitude.com\/index.php\/product\/masseur-de-cou-et-de-dos-de-relaxation-electrique-portable-masseur-de-cou-sans-fil-rechargeable-par-usb-avec-8-modes-pour-la-recuperation-les-le-sommeil-la-voiture\/","title":{"rendered":"Masseur de cou et de dos \u2013 de relaxation \u00e9lectrique portable | Masseur de cou sans fil rechargeable par USB avec 8 modes pour la r\u00e9cup\u00e9ration, les, le sommeil, la voiture"},"content":{"rendered":"<p>Price: <span style=\"color:#b12704\">\u20ac18.56<\/span><br \/><i><small>(as of Apr 27, 2026 00:24:54 UTC &#8211; <span class=\"wp_automatic_amazon_disclaimer\" title=\"Product prices and availability are accurate as of the date\/time indicated and are subject to change. Any price and availability information displayed on [relevant Amazon Site(s), as applicable] at the time of purchase will apply to the purchase of this product.\">Details<\/span>)<\/small><\/i><br \/><a href=\"https:\/\/amazon.fr\/dp\/B0FFVS469H?tag=onamzmoukoubl-21\"><img decoding=\"async\" src=\"https:\/\/valvepress.s3.amazonaws.com\/imgs\/buy_now.png\"><\/a><br \/>\n<br \/>\n    <span>Am\u00e9liorez votre bien-\u00eatre avec un masseur de cou sans fil, con\u00e7u pour une relaxation profonde. Offrant 8 modes et une facilit\u00e9 de recharge USB, il s&#8217;adapte \u00e0 divers sc\u00e9narios, y compris les voyages, les entra\u00eenements de gym et les pauses au bureau. <br \/>Caract\u00e9ristiques : <br \/>Mat\u00e9riau : ABS + cuir synth\u00e9tique + gel. <br \/>Dimensions du produit : environ 13 x 13 cm. <br \/>Capacit\u00e9 de la batterie : 180 mAh. <br \/>Tension\/puissance : 3,7 V\/0,2 W. <br \/>Temps de charge : environ 2 heures. <br \/>Autonomie de la batterie : environ 3 heures. <br \/>Liste des produits : <br \/>1 masseur de cou. <br \/>1 c\u00e2ble USB. <br \/>1 mode d&#8217;emploi (fran\u00e7ais non garanti). <br \/>Remarques : <br \/>En raison des diff\u00e9rents param\u00e8tres d&#8217;\u00e9clairage et d&#8217;\u00e9cran, la couleur du produit peut \u00eatre l\u00e9g\u00e8rement diff\u00e9rente de celle de l&#8217;image. <br \/>En raison de la diff\u00e9rence de mesure manuelle, veuillez permettre une diff\u00e9rence de 1 \u00e0 3 cm.<\/span>    <br \/> Product Dimensions                                            \u200f                                            :                                            \u200e                                            14.7 x 14.4 x 3.2 cm; 99.79 g   <br \/> Manufacturer                                            \u200f                                            :                                            \u200e                                            Ancsttu   <br \/> ASIN                                            \u200f                                            :                                            \u200e                                            B0FFVS469H   <br \/> Item model number                                            \u200f                                            :                                            \u200e                                            KI4NIA791BJI95O19   <br \/>Utilisations multiples : \u00e9quip\u00e9 de 8 modes de massage et de 19 r\u00e9glages d&#8217;intensit\u00e9, ce masseur offre des options d&#8217;utilisation polyvalentes, s&#8217;adaptant parfaitement aux diff\u00e9rents besoins tout en r\u00e9pondant \u00e0 plusieurs zones du corps<br \/>Douleurs intelligentes : combine une technologie intelligente avec des m\u00e9thodes de relaxation musculaire profonde, pour r\u00e9duire la fatigue et am\u00e9liorer la flexibilit\u00e9 musculaire g\u00e9n\u00e9rale, efficacement<br \/>L\u00e9ger et portable : combinant la commodit\u00e9 sans fil avec une construction l\u00e9g\u00e8re, ce masseur de cou portable est con\u00e7u pour fournir un apaisement lors de vos voyages ou \u00e0 la maison<br \/>Pratique \u00e0 utiliser : con\u00e7u avec une activation \u00e0 un bouton, le masseur offre une exp\u00e9rience conviviale adapt\u00e9e \u00e0 tous les \u00e2ges et \u00e9limine le besoin d&#8217;une installation compliqu\u00e9e<br \/>Cadeau id\u00e9al : un masseur de cou sert de cadeau attentionn\u00e9 et significatif, transmettant l&#8217;amour et la pr\u00e9occupation pour la famille et les amis, particuli\u00e8rement adapt\u00e9 pour les anniversaires, les anniversaires de mariage ou les vacances, ce qui en fait un cadeau id\u00e9al pour des occasions sp\u00e9ciales tout en am\u00e9liorant les relations gr\u00e2ce aux soins et \u00e0 la relaxation<\/p>\n\n","protected":false},"excerpt":{"rendered":"<p> Am\u00e9liorez votre bien-\u00eatre avec un masseur de cou sans fil, con\u00e7u pour une relaxation profonde. Offrant 8 modes et une facilit\u00e9 de recharge USB, il s&#8217;adapte \u00e0 divers sc\u00e9narios, y compris les voyages, les entra\u00eenements de gym et les pauses au bureau. Caract\u00e9ristiques : Mat\u00e9riau : ABS + cuir synth\u00e9tique [&hellip;]<\/p>\n","protected":false},"featured_media":29043,"comment_status":"open","ping_status":"closed","template":"","meta":{"_gspb_post_css":"","om_disable_all_campaigns":false,"_monsterinsights_skip_tracking":false,"_monsterinsights_sitenote_active":false,"_monsterinsights_sitenote_note":"","_monsterinsights_sitenote_category":0},"store":[],"product_brand":[],"product_cat":[151],"product_tag":[1076,7205,7206,7207,7208,1073,7204,7209,772,2316,302,6126,7210,288,309,4803,5414,7211],"class_list":{"0":"post-29042","1":"product","2":"type-product","3":"status-publish","4":"has-post-thumbnail","6":"product_cat-sommeil-relaxation","7":"product_tag-avec","8":"product_tag-cou","9":"product_tag-dos","10":"product_tag-electrique","11":"product_tag-fil","12":"product_tag-les","13":"product_tag-masseur","14":"product_tag-modes","15":"product_tag-par","16":"product_tag-portable","17":"product_tag-pour","18":"product_tag-rechargeable","19":"product_tag-recuperation","20":"product_tag-relaxation","21":"product_tag-sans","22":"product_tag-sommeil","23":"product_tag-usb","24":"product_tag-voiture","26":"first","27":"instock","28":"shipping-taxable","29":"product-type-external"},"aioseo_notices":[],"jetpack_sharing_enabled":true,"_links":{"self":[{"href":"https:\/\/www.zolattitude.com\/index.php\/wp-json\/wp\/v2\/product\/29042","targetHints":{"allow":["GET"]}}],"collection":[{"href":"https:\/\/www.zolattitude.com\/index.php\/wp-json\/wp\/v2\/product"}],"about":[{"href":"https:\/\/www.zolattitude.com\/index.php\/wp-json\/wp\/v2\/types\/product"}],"replies":[{"embeddable":true,"href":"https:\/\/www.zolattitude.com\/index.php\/wp-json\/wp\/v2\/comments?post=29042"}],"wp:featuredmedia":[{"embeddable":true,"href":"https:\/\/www.zolattitude.com\/index.php\/wp-json\/wp\/v2\/media\/29043"}],"wp:attachment":[{"href":"https:\/\/www.zolattitude.com\/index.php\/wp-json\/wp\/v2\/media?parent=29042"}],"wp:term":[{"taxonomy":"store","embeddable":true,"href":"https:\/\/www.zolattitude.com\/index.php\/wp-json\/wp\/v2\/store?post=29042"},{"taxonomy":"product_brand","embeddable":true,"href":"https:\/\/www.zolattitude.com\/index.php\/wp-json\/wp\/v2\/product_brand?post=29042"},{"taxonomy":"product_cat","embeddable":true,"href":"https:\/\/www.zolattitude.com\/index.php\/wp-json\/wp\/v2\/product_cat?post=29042"},{"taxonomy":"product_tag","embeddable":true,"href":"https:\/\/www.zolattitude.com\/index.php\/wp-json\/wp\/v2\/product_tag?post=29042"}],"curies":[{"name":"wp","href":"https:\/\/api.w.org\/{rel}","templated":true}]}}