{"id":29053,"date":"2026-04-27T01:07:50","date_gmt":"2026-04-27T01:07:50","guid":{"rendered":"https:\/\/www.zolattitude.com\/index.php\/product\/racine-de-rhodiola-equilibre-lenergie-et-lendurance-et-soulage-le-stress\/"},"modified":"2026-04-27T01:07:57","modified_gmt":"2026-04-27T01:07:57","slug":"racine-de-rhodiola-equilibre-lenergie-et-lendurance-et-soulage-le-stress","status":"publish","type":"product","link":"https:\/\/www.zolattitude.com\/index.php\/product\/racine-de-rhodiola-equilibre-lenergie-et-lendurance-et-soulage-le-stress\/","title":{"rendered":"Racine de Rhodiola, \u00e9quilibre l\u2019\u00e9nergie et l\u2019endurance, et soulage le stress"},"content":{"rendered":"<p>Price: <span style=\"color:#b12704\">\u20ac35.99<\/span><br \/><i><small>(as of Apr 27, 2026 01:07:50 UTC &#8211; <span class=\"wp_automatic_amazon_disclaimer\" title=\"Product prices and availability are accurate as of the date\/time indicated and are subject to change. Any price and availability information displayed on [relevant Amazon Site(s), as applicable] at the time of purchase will apply to the purchase of this product.\">Details<\/span>)<\/small><\/i><br \/><a href=\"https:\/\/amazon.fr\/dp\/B0GXVMTG8P?tag=onamzmoukoubl-21\"><img decoding=\"async\" src=\"https:\/\/valvepress.s3.amazonaws.com\/imgs\/buy_now.png\"><\/a><br \/>\n<br \/>\n    <span>Bienvenue dans notre boutique!<br \/>Nous appr\u00e9cions grandement votre confiance et votre soutien. Nous nous concentrons toujours sur la qualit\u00e9 premium et le service r\u00e9fl\u00e9chi pour vous apporter une exp\u00e9rience de magasinage agr\u00e9able.<br \/>Nous gardons des d\u00e9tails de produit strictement normalis\u00e9s et un support apr\u00e8s-vente fiable pour chaque commande.<br \/>Votre satisfaction nous tient \u00e0 c\u0153ur. N\u2019h\u00e9sitez pas \u00e0 nous envoyer un message \u00e0 tout moment si vous avez des questions ou avez besoin d\u2019aide.<br \/>Je vous souhaite un temps de shopping merveilleux et tout le meilleur!<\/span>    <br \/> Package Dimensions                                            \u200f                                            :                                            \u200e                                            10 x 9 x 8 cm; 100 g   <br \/> Manufacturer                                            \u200f                                            :                                            \u200e                                            G\u00e9n\u00e9rique   <br \/> ASIN                                            \u200f                                            :                                            \u200e                                            B0GXVMTG8P   <br \/> Country of origin                                            \u200f                                            :                                            \u200e                                            China   <br \/>Soutient la gestion quotidienne du stress et l\u2019\u00e9quilibre \u00e9motionnel<br \/>Favorise une \u00e9nergie douce et \u00e9quilibr\u00e9e et une endurance quotidienne<br \/>Favorise la concentration, la vigilance et la clart\u00e9 mentale<br \/>Fabriqu\u00e9 avec des ingr\u00e9dients biologiques \u00e0 base de plantes<br \/>Convient aux v\u00e9g\u00e9tariens et pratique pour un usage quotidien<\/p>\n\n","protected":false},"excerpt":{"rendered":"<p> Bienvenue dans notre boutique!Nous appr\u00e9cions grandement votre confiance et votre soutien. Nous nous concentrons toujours sur la qualit\u00e9 premium et le service r\u00e9fl\u00e9chi pour vous apporter une exp\u00e9rience de magasinage agr\u00e9able.Nous gardons des d\u00e9tails de produit strictement normalis\u00e9s et un support apr\u00e8s-vente fiable pour chaque commande.Votre satisfaction nous tient \u00e0 [&hellip;]<\/p>\n","protected":false},"featured_media":29054,"comment_status":"open","ping_status":"closed","template":"","meta":{"_gspb_post_css":"","om_disable_all_campaigns":false,"_monsterinsights_skip_tracking":false,"_monsterinsights_sitenote_active":false,"_monsterinsights_sitenote_note":"","_monsterinsights_sitenote_category":0},"store":[],"product_brand":[],"product_cat":[150],"product_tag":[599,7212,6989,2350,419,6607,278],"class_list":{"0":"post-29053","1":"product","2":"type-product","3":"status-publish","4":"has-post-thumbnail","6":"product_cat-anti-stress-adaptogenes","7":"product_tag-equilibre","8":"product_tag-lendurance","9":"product_tag-lenergie","10":"product_tag-racine","11":"product_tag-rhodiola","12":"product_tag-soulage","13":"product_tag-stress","15":"first","16":"instock","17":"shipping-taxable","18":"product-type-external"},"aioseo_notices":[],"jetpack_sharing_enabled":true,"_links":{"self":[{"href":"https:\/\/www.zolattitude.com\/index.php\/wp-json\/wp\/v2\/product\/29053","targetHints":{"allow":["GET"]}}],"collection":[{"href":"https:\/\/www.zolattitude.com\/index.php\/wp-json\/wp\/v2\/product"}],"about":[{"href":"https:\/\/www.zolattitude.com\/index.php\/wp-json\/wp\/v2\/types\/product"}],"replies":[{"embeddable":true,"href":"https:\/\/www.zolattitude.com\/index.php\/wp-json\/wp\/v2\/comments?post=29053"}],"wp:featuredmedia":[{"embeddable":true,"href":"https:\/\/www.zolattitude.com\/index.php\/wp-json\/wp\/v2\/media\/29054"}],"wp:attachment":[{"href":"https:\/\/www.zolattitude.com\/index.php\/wp-json\/wp\/v2\/media?parent=29053"}],"wp:term":[{"taxonomy":"store","embeddable":true,"href":"https:\/\/www.zolattitude.com\/index.php\/wp-json\/wp\/v2\/store?post=29053"},{"taxonomy":"product_brand","embeddable":true,"href":"https:\/\/www.zolattitude.com\/index.php\/wp-json\/wp\/v2\/product_brand?post=29053"},{"taxonomy":"product_cat","embeddable":true,"href":"https:\/\/www.zolattitude.com\/index.php\/wp-json\/wp\/v2\/product_cat?post=29053"},{"taxonomy":"product_tag","embeddable":true,"href":"https:\/\/www.zolattitude.com\/index.php\/wp-json\/wp\/v2\/product_tag?post=29053"}],"curies":[{"name":"wp","href":"https:\/\/api.w.org\/{rel}","templated":true}]}}