{"id":29069,"date":"2026-04-27T01:18:52","date_gmt":"2026-04-27T01:18:52","guid":{"rendered":"https:\/\/www.zolattitude.com\/index.php\/product\/ashwagandha-organic-powder-500g-real-ground-ashwagandha-root-from-india-indian-ginseng-ayurveda-ideal-for-adding-to-smoothies-juices-golden-milk-vom-achterhof\/"},"modified":"2026-04-27T01:19:03","modified_gmt":"2026-04-27T01:19:03","slug":"ashwagandha-organic-powder-500g-real-ground-ashwagandha-root-from-india-indian-ginseng-ayurveda-ideal-for-adding-to-smoothies-juices-golden-milk-vom-achterhof","status":"publish","type":"product","link":"https:\/\/www.zolattitude.com\/index.php\/product\/ashwagandha-organic-powder-500g-real-ground-ashwagandha-root-from-india-indian-ginseng-ayurveda-ideal-for-adding-to-smoothies-juices-golden-milk-vom-achterhof\/","title":{"rendered":"Ashwagandha Organic Powder 500g | Real Ground Ashwagandha Root from India | Indian Ginseng | Ayurveda | Ideal for Adding to Smoothies, Juices &#038; Golden Milk | vom Achterhof"},"content":{"rendered":"<p>Price: <span style=\"color:#b12704\">\u20ac21.95<\/span><br \/><i><small>(as of Apr 27, 2026 01:18:53 UTC &#8211; <span class=\"wp_automatic_amazon_disclaimer\" title=\"Product prices and availability are accurate as of the date\/time indicated and are subject to change. Any price and availability information displayed on [relevant Amazon Site(s), as applicable] at the time of purchase will apply to the purchase of this product.\">Details<\/span>)<\/small><\/i><br \/><a href=\"https:\/\/amazon.fr\/dp\/B075ZX1W44?tag=onamzmoukoubl-21\"><img decoding=\"async\" src=\"https:\/\/valvepress.s3.amazonaws.com\/imgs\/buy_now.png\"><\/a><br \/>\n<\/p>\n<p>                                                 Product Description   <\/p>\n<p>                                                         <img decoding=\"async\" alt=\"vom-Achterhof herbes \u00e9pices th\u00e9 ayurveda curcuma\" src=\"https:\/\/images-na.ssl-images-amazon.com\/images\/G\/01\/x-locale\/common\/grey-pixel.gif\" class=\"a-lazy-loaded\" data-src=\"https:\/\/m.media-amazon.com\/images\/S\/aplus-media-library-service-media\/e7f6a211-b083-4794-b38b-ad122a79318a.__CR0,252,1920,576_PT0_SX600_V1___.png\"><img decoding=\"async\" alt=\"vom-Achterhof herbes \u00e9pices th\u00e9 ayurveda curcuma\" src=\"https:\/\/m.media-amazon.com\/images\/S\/aplus-media-library-service-media\/e7f6a211-b083-4794-b38b-ad122a79318a.__CR0,252,1920,576_PT0_SX600_V1___.png\">      <\/p>\n<p>                                                                             <img decoding=\"async\" alt=\"herbes \u00e9pices th\u00e9 ayurveda curcuma\" src=\"https:\/\/images-na.ssl-images-amazon.com\/images\/G\/01\/x-locale\/common\/grey-pixel.gif\" class=\"a-spacing-base a-lazy-loaded\" data-src=\"https:\/\/m.media-amazon.com\/images\/S\/aplus-media-library-service-media\/55e37d3c-9505-47d9-b99f-60f903f493ec.__CR87,0,1746,1080_PT0_SX970_V1___.png\"><img decoding=\"async\" alt=\"herbes \u00e9pices th\u00e9 ayurveda curcuma\" src=\"https:\/\/m.media-amazon.com\/images\/S\/aplus-media-library-service-media\/55e37d3c-9505-47d9-b99f-60f903f493ec.__CR87,0,1746,1080_PT0_SX970_V1___.png\">                                                                    <\/p>\n<h3 class=\"a-spacing-small\"> Avec l&#8217;assortiment d&#8217;Achterhof, c&#8217;est tout un monde d&#8217;ar\u00f4mes, de parfums et de saveurs que tu peux ramener chez toi, dans ta propre cuisine ! <\/h3>\n<p class=\"apm-text-center\">\n                                                      <img decoding=\"async\" alt=\"\u00e9pices \u00e9pices-bio poudre-d&amp;#39;\u00e9pices m\u00e9lange-d&amp;#39;\u00e9pices\" src=\"https:\/\/images-na.ssl-images-amazon.com\/images\/G\/01\/x-locale\/common\/grey-pixel.gif\" class=\"a-lazy-loaded\" data-src=\"https:\/\/m.media-amazon.com\/images\/S\/aplus-media-library-service-media\/0230e40b-30b2-48fc-a013-b7d8b7337b82.__CR236,0,2832,2832_PT0_SX220_V1___.jpeg\"><\/p>\n<p><img decoding=\"async\" alt=\"\u00e9pices \u00e9pices-bio poudre-d&amp;#39;\u00e9pices m\u00e9lange-d&amp;#39;\u00e9pices\" src=\"https:\/\/m.media-amazon.com\/images\/S\/aplus-media-library-service-media\/0230e40b-30b2-48fc-a013-b7d8b7337b82.__CR236,0,2832,2832_PT0_SX220_V1___.jpeg\"><br \/>\n                                                    \u00c9pices                                     <\/p>\n<p class=\"a-size-small\"> La bonne nourriture est une passion. Des ar\u00f4mes \u00e9pic\u00e9s, poivr\u00e9s, sucr\u00e9s, piquants, fum\u00e9s, \u00e2pres et doux tirent le meilleur de tes plats. <\/p>\n<p class=\"apm-text-center\">\n                                                      <img decoding=\"async\" alt=\"th\u00e9 tisane-bio infusion th\u00e9-aux-herbes\" src=\"https:\/\/images-na.ssl-images-amazon.com\/images\/G\/01\/x-locale\/common\/grey-pixel.gif\" class=\"a-lazy-loaded\" data-src=\"https:\/\/m.media-amazon.com\/images\/S\/aplus-media-library-service-media\/027c2c68-eed7-4782-bcc7-abd90f9ee882.__CR698,0,3837,3837_PT0_SX220_V1___.jpeg\"><\/p>\n<p><img decoding=\"async\" alt=\"th\u00e9 tisane-bio infusion th\u00e9-aux-herbes\" src=\"https:\/\/m.media-amazon.com\/images\/S\/aplus-media-library-service-media\/027c2c68-eed7-4782-bcc7-abd90f9ee882.__CR698,0,3837,3837_PT0_SX220_V1___.jpeg\"><br \/>\n                                                    Th\u00e9                                      <\/p>\n<p class=\"a-size-small\"> Plongez dans le monde profond des meilleurs th\u00e9s. Du stimulant oolong au fruit\u00e9 rooibos, en passant par le bienfaisant lapacho ou le citrique earl grey. <\/p>\n<p class=\"apm-text-center\">\n                                                      <img decoding=\"async\" alt=\"herbes-aromatiques-bio herbes-m\u00e9dicinales\" src=\"https:\/\/images-na.ssl-images-amazon.com\/images\/G\/01\/x-locale\/common\/grey-pixel.gif\" class=\"a-lazy-loaded\" data-src=\"https:\/\/m.media-amazon.com\/images\/S\/aplus-media-library-service-media\/91e26d2f-42d6-4124-8a02-629360b61ae0.__CR777,0,2406,2406_PT0_SX220_V1___.jpeg\"><\/p>\n<p><img decoding=\"async\" alt=\"herbes-aromatiques-bio herbes-m\u00e9dicinales\" src=\"https:\/\/m.media-amazon.com\/images\/S\/aplus-media-library-service-media\/91e26d2f-42d6-4124-8a02-629360b61ae0.__CR777,0,2406,2406_PT0_SX220_V1___.jpeg\"><br \/>\n                                                    Herbes aromatiques                                      <\/p>\n<p class=\"a-size-small\"> Des herbes naturelles authentiques de la cuisine m\u00e9diterran\u00e9enne l\u00e9g\u00e8re, des ar\u00f4mes \u00e9pic\u00e9s de la cuisine indienne ou encore de d\u00e9licieuses raret\u00e9s d&#8217;outre-mer. Gagnez des impressions du monde entier ! <\/p>\n<p class=\"apm-text-center\">\n                                                      <img decoding=\"async\" alt=\"farine low-carb peu-de-calories pauvre-en-calories\" src=\"https:\/\/images-na.ssl-images-amazon.com\/images\/G\/01\/x-locale\/common\/grey-pixel.gif\" class=\"a-lazy-loaded\" data-src=\"https:\/\/m.media-amazon.com\/images\/S\/aplus-media-library-service-media\/558dda6c-166b-4680-9a83-f3d57b69d5d0.__CR1040,0,4160,4160_PT0_SX220_V1___.jpeg\"><\/p>\n<p><img decoding=\"async\" alt=\"farine low-carb peu-de-calories pauvre-en-calories\" src=\"https:\/\/m.media-amazon.com\/images\/S\/aplus-media-library-service-media\/558dda6c-166b-4680-9a83-f3d57b69d5d0.__CR1040,0,4160,4160_PT0_SX220_V1___.jpeg\"><br \/>\n                                                    Low Carb                                     <\/p>\n<p class=\"a-size-small\"> Avec la farine de coco, la farine de lin, les fibres de pomme de terre et bien d&#8217;autres encore, Achterhof propose des alternatives riches en fibres et \u00e0 teneur r\u00e9duite en glucides pour ton alimentation low carb. <\/p>\n<p>                                                  <img decoding=\"async\" alt=\"vom-achterhof \u00e9pices th\u00e9 herbes low-carb bio\" src=\"https:\/\/images-na.ssl-images-amazon.com\/images\/G\/01\/x-locale\/common\/grey-pixel.gif\" class=\"a-lazy-loaded\" data-src=\"https:\/\/m.media-amazon.com\/images\/S\/aplus-media-library-service-media\/b0d10fb1-2b4e-404c-8af1-4852f49d61fa.__CR0,72,6000,1856_PT0_SX970_V1___.jpeg\"><img decoding=\"async\" alt=\"vom-achterhof \u00e9pices th\u00e9 herbes low-carb bio\" src=\"https:\/\/m.media-amazon.com\/images\/S\/aplus-media-library-service-media\/b0d10fb1-2b4e-404c-8af1-4852f49d61fa.__CR0,72,6000,1856_PT0_SX970_V1___.jpeg\">  <\/p>\n<h3> Le naturel et la meilleure qualit\u00e9 ! <\/h3>\n<p> C&#8217;est notre plus grande exigence. Que ce soit sous forme de poudre, de fleurs, de racines, de tubercules ou de capsules, l&#8217;Achterhof est le sp\u00e9cialiste des produits naturels authentiques, synonymes d&#8217;un go\u00fbt exceptionnel. Vom Achterhof &#8211; Par respect pour la nature. <\/p>\n<p>                         Add To Basket  <\/p>\n<p>                         Add To Basket  <\/p>\n<p>                         Add To Basket  <\/p>\n<p>                         Add To Basket  <\/p>\n<p>                         Add To Basket  <\/p>\n<p>                             Customer Reviews  <\/p>\n<p>                    4.7 out of 5 stars     8,949    <\/p>\n<p>                    4.6 out of 5 stars     794    <\/p>\n<p>                    4.5 out of 5 stars     535    <\/p>\n<p>                    4.6 out of 5 stars     2,576    <\/p>\n<p>                    4.5 out of 5 stars     1,389    <\/p>\n<p>                             Price  <\/p>\n<p>                                    \u20ac13.49\u20ac13.49                  \u20ac20.95\u20ac20.95                  \u20ac23.95\u20ac23.95                  \u20ac13.95\u20ac13.95                  \u20ac11.99\u20ac11.99           <\/p>\n<p>                             Infos produits<br \/>\n                                Ce que l&#8217;on appelle le &#8220;curcuma&#8221; peut \u00eatre utilis\u00e9 de diverses mani\u00e8res pour donner aux aliments et aux boissons une note agr\u00e9ablement piquante et intens\u00e9ment \u00e9pic\u00e9e.               Les fleurs de lavande peuvent \u00eatre consomm\u00e9es directement fra\u00eeches, sont adapt\u00e9es comme condiment pour la cuisine, la p\u00e2tisserie ou le fumage, mais se pr\u00eatent \u00e9galement \u00e0 la pr\u00e9paration d&#8217;un th\u00e9 ou au remplissage de sachets parfum\u00e9s.               Les t\u00eates florales de la camomille sont de petites merveilles de la nature. Les sommit\u00e9s fleuries de qualit\u00e9 bio ont de multiples usages et sont volontiers utilis\u00e9es pour une infusion ou un bain bienfaisant.               En raison de leurs propri\u00e9t\u00e9s d\u00e9salt\u00e9rantes, les fleurs rouges s\u00e9ch\u00e9es sont id\u00e9ales pour la pr\u00e9paration de th\u00e9. En raison de leur douceur, elles conviennent \u00e9galement parfaitement \u00e0 l&#8217;assaisonnement des desserts ou \u00e0 la d\u00e9coration des salades.               Notre fenouil bio a un go\u00fbt doux et sucr\u00e9. C&#8217;est pourquoi il convient parfaitement en combinaison avec des \u00e9pices plus intenses comme le poivre ou le cumin, pour compenser ou comme th\u00e9.           <\/p>\n<p>                             Qualit\u00e9 biologique  <\/p>\n<p>                                              \u2713<br \/>\n                                                          no data<\/p>\n<p>                                              \u2713<\/p>\n<p>                                              \u2713<\/p>\n<p>                                              \u2713<\/p>\n<p>                             Sachets aromatiques  <\/p>\n<p>                                              \u2713<\/p>\n<p>                                              \u2713<\/p>\n<p>                                              \u2713<\/p>\n<p>                                              \u2713<\/p>\n<p>                                              \u2713<\/p>\n<p>                             Naturel  <\/p>\n<p>                                              \u2713<\/p>\n<p>                                              \u2713<\/p>\n<p>                                              \u2713<\/p>\n<p>                                              \u2713<\/p>\n<p>                                              \u2713<\/p>\n<p>                                                                      <img decoding=\"async\" alt=\"ayurveda curcuma\" src=\"https:\/\/images-na.ssl-images-amazon.com\/images\/G\/01\/x-locale\/common\/grey-pixel.gif\" class=\"a-spacing-mini a-lazy-loaded\" data-src=\"https:\/\/m.media-amazon.com\/images\/S\/aplus-media-library-service-media\/8e09ed24-459e-4e61-92af-6dc0123d6990.__CR0,0,300,300_PT0_SX300_V1___.png\"><img decoding=\"async\" alt=\"ayurveda curcuma\" src=\"https:\/\/m.media-amazon.com\/images\/S\/aplus-media-library-service-media\/8e09ed24-459e-4e61-92af-6dc0123d6990.__CR0,0,300,300_PT0_SX300_V1___.png\">  <\/p>\n<h3 class=\"a-spacing-mini\"> Ayurveda : la connaissance de la vie <\/h3>\n<p class=\"a-spacing-base\"> L&#8217;art de gu\u00e9rir traditionnel indien consid\u00e8re l&#8217;\u00eatre humain comme une unit\u00e9 d&#8217;esprit &amp; d&#8217;\u00e2me. Le terme ayurveda vient du sanskrit et signifie &#8220;connaissance de la vie&#8221;. Chaque personne porte en elle des proportions diff\u00e9rentes des trois forces ayurv\u00e9diques qu&#8217;il s&#8217;agit d&#8217;\u00e9quilibrer : Vata &#8211; repr\u00e9sente le syst\u00e8me nerveux, la mobilit\u00e9, la respiration et tous les mouvements. Pitta &#8211; comprend le m\u00e9tabolisme et les \u00e9motions. Kapha &#8211; pour la force, l&#8217;endurance et la stabilit\u00e9. <\/p>\n<p>                                                                      <img decoding=\"async\" alt=\"ayurveda m\u00e9decine-chinoise\" src=\"https:\/\/images-na.ssl-images-amazon.com\/images\/G\/01\/x-locale\/common\/grey-pixel.gif\" class=\"a-spacing-mini a-lazy-loaded\" data-src=\"https:\/\/m.media-amazon.com\/images\/S\/aplus-media-library-service-media\/c9a6cce3-dd27-4a3b-a648-382a4b966c40.__CR0,0,300,300_PT0_SX300_V1___.png\"><img decoding=\"async\" alt=\"ayurveda m\u00e9decine-chinoise\" src=\"https:\/\/m.media-amazon.com\/images\/S\/aplus-media-library-service-media\/c9a6cce3-dd27-4a3b-a648-382a4b966c40.__CR0,0,300,300_PT0_SX300_V1___.png\">  <\/p>\n<h3 class=\"a-spacing-mini\"> M\u00e9decine traditionnelle chinoise <\/h3>\n<p class=\"a-spacing-base\"> La m\u00e9decine traditionnelle chinoise se base sur les cinq piliers de la th\u00e9rapie chinoise : l&#8217;acupuncture, la moxibustion, les massages (par exemple le shiatsu), les exercices de mouvement (par exemple le qi gong), des r\u00e8gles alimentaires fixes et la phytoth\u00e9rapie chinoise. L&#8217;objectif du traitement est de r\u00e9tablir l&#8217;\u00e9quilibre des forces dans le corps. <\/p>\n<p>                                                                      <img decoding=\"async\" alt=\"herboristerie ayurveda\" src=\"https:\/\/images-na.ssl-images-amazon.com\/images\/G\/01\/x-locale\/common\/grey-pixel.gif\" class=\"a-spacing-mini a-lazy-loaded\" data-src=\"https:\/\/m.media-amazon.com\/images\/S\/aplus-media-library-service-media\/a0424872-5c8a-4d2f-a670-baa8d3afe4b2.__CR0,0,300,300_PT0_SX300_V1___.png\"><img decoding=\"async\" alt=\"herboristerie ayurveda\" src=\"https:\/\/m.media-amazon.com\/images\/S\/aplus-media-library-service-media\/a0424872-5c8a-4d2f-a670-baa8d3afe4b2.__CR0,0,300,300_PT0_SX300_V1___.png\">  <\/p>\n<h3 class=\"a-spacing-mini\"> Herboristerie selon Hildegard von Bingen <\/h3>\n<p class=\"a-spacing-base\"> La b\u00e9n\u00e9dictine Hildegard von Bingen (1098 &#8211; 1179) \u00e9tait abbesse, po\u00e8te, compositrice, pr\u00e9dicatrice, conseill\u00e8re, mystique et bien plus encore. Elle est cependant connue jusqu&#8217;\u00e0 aujourd&#8217;hui comme une grande sp\u00e9cialiste de la nature et de la m\u00e9decine. Dans ses ouvrages m\u00e9dicaux, consid\u00e9r\u00e9s comme l&#8217;apog\u00e9e de ce que l&#8217;on appelle la m\u00e9decine monastique, elle d\u00e9crit les plantes m\u00e9dicinales et leurs domaines d&#8217;application. Gr\u00e2ce \u00e0 des instructions simples et faciles \u00e0 comprendre, elle a rendu la phytoth\u00e9rapie accessible aux profanes. <\/p>\n<p>                                                                      <img decoding=\"async\" alt=\"plantes-m\u00e9dicinales herbes-m\u00e9dicinales\" src=\"https:\/\/images-na.ssl-images-amazon.com\/images\/G\/01\/x-locale\/common\/grey-pixel.gif\" class=\"a-spacing-mini a-lazy-loaded\" data-src=\"https:\/\/m.media-amazon.com\/images\/S\/aplus-media-library-service-media\/5e32f866-2960-41eb-bfb1-aa9b6ffa9224.__CR0,0,300,300_PT0_SX300_V1___.png\"><img decoding=\"async\" alt=\"plantes-m\u00e9dicinales herbes-m\u00e9dicinales\" src=\"https:\/\/m.media-amazon.com\/images\/S\/aplus-media-library-service-media\/5e32f866-2960-41eb-bfb1-aa9b6ffa9224.__CR0,0,300,300_PT0_SX300_V1___.png\">  <\/p>\n<h3 class=\"a-spacing-mini\"> Phytoth\u00e9rapie <\/h3>\n<p class=\"a-spacing-base\"> La connaissance des vertus curatives des plantes est au c\u0153ur de la phytoth\u00e9rapie. Partout dans le monde, les gens sont fascin\u00e9s par le pouvoir des plantes. Les plantes m\u00e9dicinales utilis\u00e9es \u00e0 des fins th\u00e9rapeutiques (phytoth\u00e9rapeutiques) existent sous diff\u00e9rentes formes, par exemple sous forme d&#8217;infusion, d&#8217;extrait, de poudre ou d&#8217;huiles essentielles. Des facteurs tels que le processus de fabrication et le stockage peuvent jouer un r\u00f4le important dans l&#8217;efficacit\u00e9 des plantes. <\/p>\n<p>                                                                    <img decoding=\"async\" alt=\"\" src=\"https:\/\/images-na.ssl-images-amazon.com\/images\/G\/01\/x-locale\/common\/grey-pixel.gif\" class=\"a-lazy-loaded\" data-src=\"https:\/\/m.media-amazon.com\/images\/S\/aplus-media-library-service-media\/8e09ed24-459e-4e61-92af-6dc0123d6990.__CR0,0,300,300_PT0_SX300_V1___.png\"><img decoding=\"async\" alt=\"\" src=\"https:\/\/m.media-amazon.com\/images\/S\/aplus-media-library-service-media\/8e09ed24-459e-4e61-92af-6dc0123d6990.__CR0,0,300,300_PT0_SX300_V1___.png\">   <\/p>\n<p>\n                                                             Ayurveda : la connaissance de la vie   <\/p>\n<p>                                                                    <img decoding=\"async\" alt=\"\" src=\"https:\/\/images-na.ssl-images-amazon.com\/images\/G\/01\/x-locale\/common\/grey-pixel.gif\" class=\"a-lazy-loaded\" data-src=\"https:\/\/m.media-amazon.com\/images\/S\/aplus-media-library-service-media\/c9a6cce3-dd27-4a3b-a648-382a4b966c40.__CR0,0,300,300_PT0_SX300_V1___.png\"><img decoding=\"async\" alt=\"\" src=\"https:\/\/m.media-amazon.com\/images\/S\/aplus-media-library-service-media\/c9a6cce3-dd27-4a3b-a648-382a4b966c40.__CR0,0,300,300_PT0_SX300_V1___.png\">   <\/p>\n<p>\n                                                           M\u00e9decine traditionnelle chinoise   <\/p>\n<p>                                                                    <img decoding=\"async\" alt=\"\" src=\"https:\/\/images-na.ssl-images-amazon.com\/images\/G\/01\/x-locale\/common\/grey-pixel.gif\" class=\"a-lazy-loaded\" data-src=\"https:\/\/m.media-amazon.com\/images\/S\/aplus-media-library-service-media\/a0424872-5c8a-4d2f-a670-baa8d3afe4b2.__CR0,0,300,300_PT0_SX300_V1___.png\"><img decoding=\"async\" alt=\"\" src=\"https:\/\/m.media-amazon.com\/images\/S\/aplus-media-library-service-media\/a0424872-5c8a-4d2f-a670-baa8d3afe4b2.__CR0,0,300,300_PT0_SX300_V1___.png\">   <\/p>\n<p>\n                                                           Herboristerie selon Hildegard von Bingen   <\/p>\n<p>                                                                    <img decoding=\"async\" alt=\"\" src=\"https:\/\/images-na.ssl-images-amazon.com\/images\/G\/01\/x-locale\/common\/grey-pixel.gif\" class=\"a-lazy-loaded\" data-src=\"https:\/\/m.media-amazon.com\/images\/S\/aplus-media-library-service-media\/5e32f866-2960-41eb-bfb1-aa9b6ffa9224.__CR0,0,300,300_PT0_SX300_V1___.png\"><img decoding=\"async\" alt=\"\" src=\"https:\/\/m.media-amazon.com\/images\/S\/aplus-media-library-service-media\/5e32f866-2960-41eb-bfb1-aa9b6ffa9224.__CR0,0,300,300_PT0_SX300_V1___.png\">   <\/p>\n<p>\n                                                           Plantes m\u00e9dicinales   <\/p>\n<p> Is discontinued by manufacturer                                            \u200f                                            :                                            \u200e                                            No   <br \/> Package Dimensions                                            \u200f                                            :                                            \u200e                                            25.1 x 15.8 x 6.7 cm; 450 g   <br \/> Manufacturer                                            \u200f                                            :                                            \u200e                                            Blank\u2018s GmbH &#038; Co. KG   <br \/> ASIN                                            \u200f                                            :                                            \u200e                                            B075ZX1W44   <br \/> Manufacturer reference                                            \u200f                                            :                                            \u200e                                            Ashwgandha Parent   <br \/> Country of origin                                            \u200f                                            :                                            \u200e                                            Germany   <br \/>  Customer reviews:                                                                                            4.5               4.5 out of 5 stars                                  (1,582)                                              var dpAcrHasRegisteredArcLinkClickAction;                    P.when(&#8216;A&#8217;, &#8216;ready&#8217;).execute(function(A) {                        if (dpAcrHasRegisteredArcLinkClickAction !== true) {                            dpAcrHasRegisteredArcLinkClickAction = true;                            A.declarative(                                &#8216;acrLink-click-metrics&#8217;, &#8216;click&#8217;,                                { &#8220;allowLinkDefault&#8221;: true },                                function (event) {                                    if (window.ue) {                                        ue.count(&#8220;acrLinkClickCount&#8221;, (ue.count(&#8220;acrLinkClickCount&#8221;) || 0) + 1);                                    }                                }                            );                        }                    });                                             P.when(&#8216;A&#8217;, &#8216;cf&#8217;).execute(function(A) {                A.declarative(&#8216;acrStarsLink-click-metrics&#8217;, &#8216;click&#8217;, { &#8220;allowLinkDefault&#8221; : true },  function(event){                    if(window.ue) {                        ue.count(&#8220;acrStarsLinkWithPopoverClickCount&#8221;, (ue.count(&#8220;acrStarsLinkWithPopoverClickCount&#8221;) || 0) + 1);                    }                });            });                          <br \/>ORGANIC ASHWAGANDHA ROOT POWDER In the Ayurvedic art of India, Ashwagandha root is also known as sleep berry or Indian ginseng.<br \/>AYURVEDA Ayurvedic art has not yet made its breakthrough in our latitudes. However, the enormous wealth of knowledge of Ayurveda every year conquers more and more space.<br \/>ORIGIN As with all our products, we pay particular attention to the origin and the optimal quality of our raw materials. Ashwagandha powder from Achterhof is therefore exclusively available as an organic product.<br \/>ORGANIC QUALITY Our ashwagandha root powder is 100% organic and comes from a controlled organic culture. Each bag is filled and checked by hand in Germany.<br \/>ECOLOGICAL CONTROL AUTHORITY: DE-\u00d6KO 001 &#8211; from agriculture outside the EU &#8211; without added flavor enhancers and artificial flavours, not irradiated.<\/p>\n\n","protected":false},"excerpt":{"rendered":"<p> Product Description Avec l&#8217;assortiment d&#8217;Achterhof, c&#8217;est tout un monde d&#8217;ar\u00f4mes, de parfums et de saveurs que tu peux ramener chez toi, dans ta propre cuisine ! \u00c9pices La bonne nourriture est une passion. Des ar\u00f4mes \u00e9pic\u00e9s, poivr\u00e9s, sucr\u00e9s, piquants, fum\u00e9s, \u00e2pres et doux tirent le meilleur de tes plats. Th\u00e9 [&hellip;]<\/p>\n","protected":false},"featured_media":29070,"comment_status":"open","ping_status":"closed","template":"","meta":{"_gspb_post_css":"","om_disable_all_campaigns":false,"_monsterinsights_skip_tracking":false,"_monsterinsights_sitenote_active":false,"_monsterinsights_sitenote_note":"","_monsterinsights_sitenote_category":0},"store":[],"product_brand":[],"product_cat":[147],"product_tag":[415,7216,7214,493,3063,355,4722,1499,388,2032,820,1548,541,238,214,3367,359,389,7215],"class_list":{"0":"post-29069","1":"product","2":"type-product","3":"status-publish","4":"has-post-thumbnail","6":"product_cat-racines-adaptogenes","7":"product_tag-500g","8":"product_tag-achterhof","9":"product_tag-adding","10":"product_tag-ashwagandha","11":"product_tag-ayurveda","12":"product_tag-ginseng","13":"product_tag-golden","14":"product_tag-ground","15":"product_tag-ideal","16":"product_tag-india","17":"product_tag-indian","18":"product_tag-juices","19":"product_tag-milk","20":"product_tag-organic","21":"product_tag-powder","22":"product_tag-real","23":"product_tag-root","24":"product_tag-smoothies","25":"product_tag-vom","27":"first","28":"instock","29":"shipping-taxable","30":"product-type-external"},"aioseo_notices":[],"jetpack_sharing_enabled":true,"_links":{"self":[{"href":"https:\/\/www.zolattitude.com\/index.php\/wp-json\/wp\/v2\/product\/29069","targetHints":{"allow":["GET"]}}],"collection":[{"href":"https:\/\/www.zolattitude.com\/index.php\/wp-json\/wp\/v2\/product"}],"about":[{"href":"https:\/\/www.zolattitude.com\/index.php\/wp-json\/wp\/v2\/types\/product"}],"replies":[{"embeddable":true,"href":"https:\/\/www.zolattitude.com\/index.php\/wp-json\/wp\/v2\/comments?post=29069"}],"wp:featuredmedia":[{"embeddable":true,"href":"https:\/\/www.zolattitude.com\/index.php\/wp-json\/wp\/v2\/media\/29070"}],"wp:attachment":[{"href":"https:\/\/www.zolattitude.com\/index.php\/wp-json\/wp\/v2\/media?parent=29069"}],"wp:term":[{"taxonomy":"store","embeddable":true,"href":"https:\/\/www.zolattitude.com\/index.php\/wp-json\/wp\/v2\/store?post=29069"},{"taxonomy":"product_brand","embeddable":true,"href":"https:\/\/www.zolattitude.com\/index.php\/wp-json\/wp\/v2\/product_brand?post=29069"},{"taxonomy":"product_cat","embeddable":true,"href":"https:\/\/www.zolattitude.com\/index.php\/wp-json\/wp\/v2\/product_cat?post=29069"},{"taxonomy":"product_tag","embeddable":true,"href":"https:\/\/www.zolattitude.com\/index.php\/wp-json\/wp\/v2\/product_tag?post=29069"}],"curies":[{"name":"wp","href":"https:\/\/api.w.org\/{rel}","templated":true}]}}