{"id":29081,"date":"2026-04-27T01:45:09","date_gmt":"2026-04-27T01:45:09","guid":{"rendered":"https:\/\/www.zolattitude.com\/index.php\/product\/zinc-bisglycinate-15mg-selenium-maximum-assimilation-skin-nails-hair-immunity-fertility-made-in-france-180-capsules-6-months\/"},"modified":"2026-04-27T01:45:19","modified_gmt":"2026-04-27T01:45:19","slug":"zinc-bisglycinate-15mg-selenium-maximum-assimilation-skin-nails-hair-immunity-fertility-made-in-france-180-capsules-6-months","status":"publish","type":"product","link":"https:\/\/www.zolattitude.com\/index.php\/product\/zinc-bisglycinate-15mg-selenium-maximum-assimilation-skin-nails-hair-immunity-fertility-made-in-france-180-capsules-6-months\/","title":{"rendered":"Zinc Bisglycinate 15mg + Selenium | Maximum Assimilation | Skin, Nails, Hair, Immunity, Fertility | Made in France (180 Capsules | 6 Months)"},"content":{"rendered":"<p>Price: <span style=\"color:#b12704\"><del>\u20ac27.99<\/del> - \u20ac26.59<\/span><br \/><i><small>(as of Apr 27, 2026 01:45:09 UTC &#8211; <span class=\"wp_automatic_amazon_disclaimer\" title=\"Product prices and availability are accurate as of the date\/time indicated and are subject to change. Any price and availability information displayed on [relevant Amazon Site(s), as applicable] at the time of purchase will apply to the purchase of this product.\">Details<\/span>)<\/small><\/i><br \/><a href=\"https:\/\/amazon.fr\/dp\/B0FP57DY5R?tag=onamzmoukoubl-21\"><img decoding=\"async\" src=\"https:\/\/valvepress.s3.amazonaws.com\/imgs\/buy_now.png\"><\/a><br \/>\n<\/p>\n<p>                                                 Product Description   <\/p>\n<p>                                                                                                       <img decoding=\"async\" alt=\"Le texte indique \u00ab G\u00c9LULES DE BISGLYCINATE DE ZINC \u00bb et l&amp;#39;emballage du produit indique un suppl\u00e9ment de zinc. Le texte fran\u00e7ais inclut \u00ab Soutient la sant\u00e9 de la peau, des ongles et des chevaux \u00bb.\" src=\"https:\/\/images-na.ssl-images-amazon.com\/images\/G\/01\/x-locale\/common\/grey-pixel.gif\" class=\"a-lazy-loaded\" data-src=\"https:\/\/m.media-amazon.com\/images\/S\/aplus-media-library-service-media\/d8db865e-912f-4991-8729-1a6560a521c6.__CR0,0,2000,820_PT0_SX1464_V1___.jpg\"><img decoding=\"async\" alt=\"Le texte indique \u00ab G\u00c9LULES DE BISGLYCINATE DE ZINC \u00bb et l&amp;#39;emballage du produit indique un suppl\u00e9ment de zinc. Le texte fran\u00e7ais inclut \u00ab Soutient la sant\u00e9 de la peau, des ongles et des chevaux \u00bb.\" src=\"https:\/\/m.media-amazon.com\/images\/S\/aplus-media-library-service-media\/d8db865e-912f-4991-8729-1a6560a521c6.__CR0,0,2000,820_PT0_SX1464_V1___.jpg\">                                               <\/p>\n<p>                                                                                                       <img decoding=\"async\" alt=\"Le texte se lit comme suit : \u00ab LES POINTS FORTS DE NOTRE ZINC BISGLYCINATE EN G\u00c9LULES \u00bb, \u00ab 1 g\u00e9lule = 150 % des besoins journaliers en zinc \u00bb, \u00ab Bisglycinate de zinc + forme la plus assimilable \u00bb, \u00ab Excellente tol\u00e9rance digestive \u00bb, \u00ab Zinc brevet\u00e9 Cava Chelate\u00ae de haute qualit\u00e9 \u00bb\" src=\"https:\/\/images-na.ssl-images-amazon.com\/images\/G\/01\/x-locale\/common\/grey-pixel.gif\" class=\"a-lazy-loaded\" data-src=\"https:\/\/m.media-amazon.com\/images\/S\/aplus-media-library-service-media\/75585410-281d-4a6c-bd3a-2f5aab2e34a8.__CR0,0,2000,820_PT0_SX1464_V1___.jpg\"><img decoding=\"async\" alt=\"Le texte se lit comme suit : \u00ab LES POINTS FORTS DE NOTRE ZINC BISGLYCINATE EN G\u00c9LULES \u00bb, \u00ab 1 g\u00e9lule = 150 % des besoins journaliers en zinc \u00bb, \u00ab Bisglycinate de zinc + forme la plus assimilable \u00bb, \u00ab Excellente tol\u00e9rance digestive \u00bb, \u00ab Zinc brevet\u00e9 Cava Chelate\u00ae de haute qualit\u00e9 \u00bb\" src=\"https:\/\/m.media-amazon.com\/images\/S\/aplus-media-library-service-media\/75585410-281d-4a6c-bd3a-2f5aab2e34a8.__CR0,0,2000,820_PT0_SX1464_V1___.jpg\">                                               <\/p>\n<p>                                                                                                       <img decoding=\"async\" alt=\"Le texte indique \u00ab COMMENT CONSOMMER NOTRE BISGLYCINATE DE ZINC EN G\u00c9LULES ? \u00bb Infographie pr\u00e9sentant les instructions posologiques des suppl\u00e9ments avec des ic\u00f4nes pour \u00ab 1 g\u00e9lule par jour \u00bb et \u00ab Stock de 6 mois \u00bb.\" src=\"https:\/\/images-na.ssl-images-amazon.com\/images\/G\/01\/x-locale\/common\/grey-pixel.gif\" class=\"a-lazy-loaded\" data-src=\"https:\/\/m.media-amazon.com\/images\/S\/aplus-media-library-service-media\/959af668-fd32-4a5c-b21a-57388fef3ca5.__CR0,0,2000,820_PT0_SX1464_V1___.jpg\"><img decoding=\"async\" alt=\"Le texte indique \u00ab COMMENT CONSOMMER NOTRE BISGLYCINATE DE ZINC EN G\u00c9LULES ? \u00bb Infographie pr\u00e9sentant les instructions posologiques des suppl\u00e9ments avec des ic\u00f4nes pour \u00ab 1 g\u00e9lule par jour \u00bb et \u00ab Stock de 6 mois \u00bb.\" src=\"https:\/\/m.media-amazon.com\/images\/S\/aplus-media-library-service-media\/959af668-fd32-4a5c-b21a-57388fef3ca5.__CR0,0,2000,820_PT0_SX1464_V1___.jpg\">                                               <\/p>\n<p>                                                                                                       <img decoding=\"async\" alt=\"Le texte se lit comme suit : \u00ab POURQUOI PRENDRE \u00bb, \u00ab 1 g\u00e9lule par jour \u00bb, \u00ab Au cours du petit-d\u00e9jeuner ou du d\u00e9jeuner \u00bb, \u00ab Cure de 3 mois conseill\u00e9e \u00bb, \u00ab \u00e0 renouveler si n\u00e9cessaire \u00bb. Affichage des informations sur les produits en fran\u00e7ais avec ic\u00f4ne en forme d&amp;#39;horloge.\" src=\"https:\/\/images-na.ssl-images-amazon.com\/images\/G\/01\/x-locale\/common\/grey-pixel.gif\" class=\"a-lazy-loaded\" data-src=\"https:\/\/m.media-amazon.com\/images\/S\/aplus-media-library-service-media\/6350dd35-e174-48a1-b10e-7d9a53a31aa3.__CR0,0,2000,820_PT0_SX1464_V1___.jpg\"><img decoding=\"async\" alt=\"Le texte se lit comme suit : \u00ab POURQUOI PRENDRE \u00bb, \u00ab 1 g\u00e9lule par jour \u00bb, \u00ab Au cours du petit-d\u00e9jeuner ou du d\u00e9jeuner \u00bb, \u00ab Cure de 3 mois conseill\u00e9e \u00bb, \u00ab \u00e0 renouveler si n\u00e9cessaire \u00bb. Affichage des informations sur les produits en fran\u00e7ais avec ic\u00f4ne en forme d&amp;#39;horloge.\" src=\"https:\/\/m.media-amazon.com\/images\/S\/aplus-media-library-service-media\/6350dd35-e174-48a1-b10e-7d9a53a31aa3.__CR0,0,2000,820_PT0_SX1464_V1___.jpg\">                                               <\/p>\n<p>                                                                                                       <img decoding=\"async\" alt=\"Le texte dit \u00ab LE SAVIEZ-VOUS ? \u00bb avec des ic\u00f4nes pour \u00ab PEAU, CHEVEUX, ONGLES \u00bb, \u00ab IMMUNIT\u00c9 \u00bb et \u00ab SANT\u00c9 \u00bb en fran\u00e7ais. Infographie m\u00e9dicale ou li\u00e9e \u00e0 la sant\u00e9 avec une palette de couleurs bleu et blanc.\" src=\"https:\/\/images-na.ssl-images-amazon.com\/images\/G\/01\/x-locale\/common\/grey-pixel.gif\" class=\"a-lazy-loaded\" data-src=\"https:\/\/m.media-amazon.com\/images\/S\/aplus-media-library-service-media\/054845c7-8661-4e14-817c-3973564284f5.__CR0,0,2000,820_PT0_SX1464_V1___.jpg\"><img decoding=\"async\" alt=\"Le texte dit \u00ab LE SAVIEZ-VOUS ? \u00bb avec des ic\u00f4nes pour \u00ab PEAU, CHEVEUX, ONGLES \u00bb, \u00ab IMMUNIT\u00c9 \u00bb et \u00ab SANT\u00c9 \u00bb en fran\u00e7ais. Infographie m\u00e9dicale ou li\u00e9e \u00e0 la sant\u00e9 avec une palette de couleurs bleu et blanc.\" src=\"https:\/\/m.media-amazon.com\/images\/S\/aplus-media-library-service-media\/054845c7-8661-4e14-817c-3973564284f5.__CR0,0,2000,820_PT0_SX1464_V1___.jpg\">                                               <\/p>\n<p>                                                                                                       <img decoding=\"async\" alt=\"aplus content image\" src=\"https:\/\/images-na.ssl-images-amazon.com\/images\/G\/01\/x-locale\/common\/grey-pixel.gif\" class=\"a-lazy-loaded\" data-src=\"https:\/\/m.media-amazon.com\/images\/S\/aplus-media-library-service-media\/ecaac2a8-395f-4c3f-ba14-69a000ca392b.__CR0,0,2000,820_PT0_SX1464_V1___.jpg\"><img decoding=\"async\" alt=\"aplus content image\" src=\"https:\/\/m.media-amazon.com\/images\/S\/aplus-media-library-service-media\/ecaac2a8-395f-4c3f-ba14-69a000ca392b.__CR0,0,2000,820_PT0_SX1464_V1___.jpg\">                                                  <\/p>\n<h3>\n<p class=\"aplus-question aplus-p1\"> Le zinc est-il bon pour la peau et les cheveux ? <\/p>\n<\/h3>\n<p class=\"aplus-answer aplus-p2\"> Absolument. Le zinc contribue \u00e0 la sant\u00e9 de la peau, des cheveux et m\u00eame des ongles ! Il aide notamment \u00e0 combattre le stress oxydatif responsable du vieillissement pr\u00e9matur\u00e9 des cellules et qui peut fragiliser la peau, les cheveux et les ongles. <\/p>\n<h3>\n<p class=\"aplus-question aplus-p1\"> Quelle est la meilleure forme de zinc ? <\/p>\n<\/h3>\n<p class=\"aplus-answer aplus-p2\"> Le zinc bisglycinate est consid\u00e9r\u00e9 comme la forme de zinc la plus biodisponible et la mieux tol\u00e9r\u00e9e. Contrairement \u00e0 d\u2019autres formes comme l\u2019oxyde, le gluconate ou le citrate, il offre une absorption optimale tout en \u00e9vitant les inconforts digestifs. <\/p>\n<h3>\n<p class=\"aplus-question aplus-p1\"> Pourquoi avoir ajout\u00e9 du s\u00e9l\u00e9nium \u00e0 votre formule Zinc Bisglycinate ? <\/p>\n<\/h3>\n<p class=\"aplus-answer aplus-p2\"> Associer zinc et s\u00e9l\u00e9nium permet de maximiser leurs effets b\u00e9n\u00e9fiques sur le syst\u00e8me immunitaire, le stress oxydatif ou encore la sant\u00e9 sexuelle. Cette synergie permet de garantir l\u2019efficacit\u00e9 globale de notre compl\u00e9ment alimentaire. <\/p>\n<h3>\n<p class=\"aplus-question aplus-p1\"> Quels sont les sympt\u00f4mes d&#8217;un manque de zinc ? <\/p>\n<\/h3>\n<p class=\"aplus-answer aplus-p2\"> Cela peut se manifester par : peau s\u00e8che \/ sujette aux imperfections, chute de cheveux, ongles cassants, baisse d&#8217;immunit\u00e9, fatigue persistante, troubles de la fertilit\u00e9. Si ces signes apparaissent, il peut \u00eatre utile de v\u00e9rifier son apport en zinc. <\/p>\n<h3>\n<p class=\"aplus-question aplus-p1\"> Quelle est la diff\u00e9rence entre le zinc bisglycinate, gluconate et citrate ? <\/p>\n<\/h3>\n<p class=\"aplus-answer aplus-p2\"> La diff\u00e9rence repose sur leur forme chimique et niveau d\u2019absorption. Le bisglycinate est le mieux assimil\u00e9 et tol\u00e9r\u00e9e. Le gluconate est peu co\u00fbteux, mais moins bien assimil\u00e9. Le citrate est un peu mieux absorb\u00e9 mais peut causer des troubles digestifs <\/p>\n<p> Package Dimensions                                            \u200f                                            :                                            \u200e                                            24.5 x 16.8 x 1.4 cm; 51.83 g   <br \/> Manufacturer                                            \u200f                                            :                                            \u200e                                            Nujim\u00e9   <br \/> ASIN                                            \u200f                                            :                                            \u200e                                            B0FP58FNM5   <br \/> Country of origin                                            \u200f                                            :                                            \u200e                                            France   <br \/>  Customer reviews:                                                                                            4.8               4.8 out of 5 stars                                  (45)                                              var dpAcrHasRegisteredArcLinkClickAction;                    P.when(&#8216;A&#8217;, &#8216;ready&#8217;).execute(function(A) {                        if (dpAcrHasRegisteredArcLinkClickAction !== true) {                            dpAcrHasRegisteredArcLinkClickAction = true;                            A.declarative(                                &#8216;acrLink-click-metrics&#8217;, &#8216;click&#8217;,                                { &#8220;allowLinkDefault&#8221;: true },                                function (event) {                                    if (window.ue) {                                        ue.count(&#8220;acrLinkClickCount&#8221;, (ue.count(&#8220;acrLinkClickCount&#8221;) || 0) + 1);                                    }                                }                            );                        }                    });                                             P.when(&#8216;A&#8217;, &#8216;cf&#8217;).execute(function(A) {                A.declarative(&#8216;acrStarsLink-click-metrics&#8217;, &#8216;click&#8217;, { &#8220;allowLinkDefault&#8221; : true },  function(event){                    if(window.ue) {                        ue.count(&#8220;acrStarsLinkWithPopoverClickCount&#8221;, (ue.count(&#8220;acrStarsLinkWithPopoverClickCount&#8221;) || 0) + 1);                    }                });            });                          <br \/>Optimal dosages, maximum efficiency: a well-formulated supplement is above all a correct dosage. An underdose supplement is ineffective, while an overdose supplement can be harmful. At Nujim\u00e9, each active ingredient is carefully dosed to ensure optimal assimilation and visible results. We have selected Core Chelsea zinc bisglycinate, a form perfectly assimilable by the body that does not cause digestive discomfort. 1 capsule gives you 15mg of zinc per day, i.e. 150% of the recommended daily intake and 55 \u00b5g of selenium, or 100% of the recommended daily intake.<br \/>SKIN, NAILS AND HAIR HEALTH: Dull skin, fragile nails, brittle hair? Zinc and selenium are two essential trace elements to preserve the health of your hair, nails and skin! Thanks to their antioxidant action, they also help protect them from oxidative stress, which is responsible for premature aging of cells.<br \/>SUPPORT IMMUNE DEFENSES: Zinc is one of the pillars of immunity since it contributes to the proper functioning of the immune system and helps protect the body from oxidative stress. Our formula provides you with 15mg of zinc bisglycinate per day, a perfect dosage that allows you to cover 150% of the recommended daily intake and that guarantees high efficiency! Our Zinc Bisglycinate + Selenium capsules will therefore be ideal in case of temporary fatigue or changes in the season.<br \/>COGNITIVE FUNCTIONS: Zinc not only supports skin health or immunity, it also plays a key role in brain function. It contributes to proper cognitive functioning, including memory, concentration and mental clarity. Our highly assimilable Core Chelate zinc bisglycinate formula helps you maintain good mental performance, even in times of fatigue.<br \/>Innovative complement, made in France: developed by our healthcare professionals and entirely made in France, our formula containing 180 capsules of Zinc Bisglycinate + Selenium reflects the Nujim\u00e9 commitment to impeccable quality. Each ingredient has been rigorously selected for its purity, bioavailability and proven efficacy. All in an innovative formula, 100% vegan, no preservatives, no GMOs, no artificial flavors or colours and tested by independent laboratories. A supplement designed with demand, to accompany your well-being every day.<\/p>\n\n","protected":false},"excerpt":{"rendered":"<p> Product Description Le zinc est-il bon pour la peau et les cheveux ? Absolument. Le zinc contribue \u00e0 la sant\u00e9 de la peau, des cheveux et m\u00eame des ongles ! Il aide notamment \u00e0 combattre le stress oxydatif responsable du vieillissement pr\u00e9matur\u00e9 des cellules et qui peut fragiliser la peau, [&hellip;]<\/p>\n","protected":false},"featured_media":29082,"comment_status":"open","ping_status":"closed","template":"","meta":{"_gspb_post_css":"","om_disable_all_campaigns":false,"_monsterinsights_skip_tracking":false,"_monsterinsights_sitenote_active":false,"_monsterinsights_sitenote_note":"","_monsterinsights_sitenote_category":0},"store":[],"product_brand":[],"product_cat":[143],"product_tag":[2425,623,293,198,1408,201,175,272,1118,195,177,192,176,172],"class_list":{"0":"post-29081","1":"product","2":"type-product","3":"status-publish","4":"has-post-thumbnail","6":"product_cat-mineraux","7":"product_tag-15mg","8":"product_tag-assimilation","9":"product_tag-bisglycinate","10":"product_tag-capsules","11":"product_tag-fertility","12":"product_tag-france","13":"product_tag-hair","14":"product_tag-immunity","15":"product_tag-maximum","16":"product_tag-months","17":"product_tag-nails","18":"product_tag-selenium","19":"product_tag-skin","20":"product_tag-zinc","22":"first","23":"instock","24":"sale","25":"shipping-taxable","26":"product-type-external"},"aioseo_notices":[],"jetpack_sharing_enabled":true,"_links":{"self":[{"href":"https:\/\/www.zolattitude.com\/index.php\/wp-json\/wp\/v2\/product\/29081","targetHints":{"allow":["GET"]}}],"collection":[{"href":"https:\/\/www.zolattitude.com\/index.php\/wp-json\/wp\/v2\/product"}],"about":[{"href":"https:\/\/www.zolattitude.com\/index.php\/wp-json\/wp\/v2\/types\/product"}],"replies":[{"embeddable":true,"href":"https:\/\/www.zolattitude.com\/index.php\/wp-json\/wp\/v2\/comments?post=29081"}],"wp:featuredmedia":[{"embeddable":true,"href":"https:\/\/www.zolattitude.com\/index.php\/wp-json\/wp\/v2\/media\/29082"}],"wp:attachment":[{"href":"https:\/\/www.zolattitude.com\/index.php\/wp-json\/wp\/v2\/media?parent=29081"}],"wp:term":[{"taxonomy":"store","embeddable":true,"href":"https:\/\/www.zolattitude.com\/index.php\/wp-json\/wp\/v2\/store?post=29081"},{"taxonomy":"product_brand","embeddable":true,"href":"https:\/\/www.zolattitude.com\/index.php\/wp-json\/wp\/v2\/product_brand?post=29081"},{"taxonomy":"product_cat","embeddable":true,"href":"https:\/\/www.zolattitude.com\/index.php\/wp-json\/wp\/v2\/product_cat?post=29081"},{"taxonomy":"product_tag","embeddable":true,"href":"https:\/\/www.zolattitude.com\/index.php\/wp-json\/wp\/v2\/product_tag?post=29081"}],"curies":[{"name":"wp","href":"https:\/\/api.w.org\/{rel}","templated":true}]}}