{"id":29124,"date":"2026-04-28T00:13:52","date_gmt":"2026-04-28T00:13:52","guid":{"rendered":"https:\/\/www.zolattitude.com\/index.php\/product\/high-potency-intimate-flora-probiotic-for-women-4-bacterial-strains-including-lactobacillus-rhamnosus-45-billion-cfu-per-dose-probiotics-with-inulin-and-l-glutamine-60-capsules\/"},"modified":"2026-04-28T00:14:08","modified_gmt":"2026-04-28T00:14:08","slug":"high-potency-intimate-flora-probiotic-for-women-4-bacterial-strains-including-lactobacillus-rhamnosus-45-billion-cfu-per-dose-probiotics-with-inulin-and-l-glutamine-60-capsules","status":"publish","type":"product","link":"https:\/\/www.zolattitude.com\/index.php\/product\/high-potency-intimate-flora-probiotic-for-women-4-bacterial-strains-including-lactobacillus-rhamnosus-45-billion-cfu-per-dose-probiotics-with-inulin-and-l-glutamine-60-capsules\/","title":{"rendered":"High Potency Intimate Flora Probiotic for Women &#8211; 4 Bacterial Strains Including Lactobacillus Rhamnosus &#8211; 45 Billion CFU per Dose &#8211; Probiotics with Inulin and L-Glutamine &#8211; 60 Capsules"},"content":{"rendered":"<p>Price: <span style=\"color:#b12704\">\u20ac24.99<\/span><br \/><i><small>(as of Apr 28, 2026 00:13:53 UTC &#8211; <span class=\"wp_automatic_amazon_disclaimer\" title=\"Product prices and availability are accurate as of the date\/time indicated and are subject to change. Any price and availability information displayed on [relevant Amazon Site(s), as applicable] at the time of purchase will apply to the purchase of this product.\">Details<\/span>)<\/small><\/i><br \/><a href=\"https:\/\/amazon.fr\/dp\/B0B2LZ7VZS?tag=onamzmoukoubl-21\"><img decoding=\"async\" src=\"https:\/\/valvepress.s3.amazonaws.com\/imgs\/buy_now.png\"><\/a><br \/>\n<\/p>\n<p>                                                 From the brand   <\/p>\n<p>                                              <img decoding=\"async\" alt=\"aavalabs\" src=\"https:\/\/images-na.ssl-images-amazon.com\/images\/G\/01\/x-locale\/common\/grey-pixel.gif\" class=\"a-lazy-loaded\" data-src=\"https:\/\/m.media-amazon.com\/images\/S\/aplus-media-library-service-media\/5db7a568-209d-48f6-8da7-fcd62c56938a.__CR0,0,1464,625_PT0_SX1464_V1___.jpg\"><img decoding=\"async\" alt=\"aavalabs\" src=\"https:\/\/m.media-amazon.com\/images\/S\/aplus-media-library-service-media\/5db7a568-209d-48f6-8da7-fcd62c56938a.__CR0,0,1464,625_PT0_SX1464_V1___.jpg\">  <\/p>\n<h3> Nouveaux produits <\/h3>\n<p class=\"apm-brand-story-stores-link\">\n<h3> Nouveaux produits <\/h3>\n<p class=\"apm-brand-story-stores-link\">\n<h3> Nouveaux produits <\/h3>\n<p class=\"apm-brand-story-stores-link\">\n<h3> Les plus populaires <\/h3>\n<p class=\"apm-brand-story-stores-link\">\n<h3> Soutien immunitaire <\/h3>\n<p class=\"apm-brand-story-stores-link\">\n<h3> \u00c9nergie et \u00e9quilibre <\/h3>\n<p class=\"apm-brand-story-stores-link\">\n<h3> Beaut\u00e9 et anti-\u00e2ge <\/h3>\n<p class=\"apm-brand-story-stores-link\">\n<p>                                              <img decoding=\"async\" alt=\"aavalabs\" src=\"https:\/\/images-na.ssl-images-amazon.com\/images\/G\/01\/x-locale\/common\/grey-pixel.gif\" class=\"a-lazy-loaded\" data-src=\"https:\/\/m.media-amazon.com\/images\/S\/aplus-media-library-service-media\/38727815-6bd3-40ce-b38d-5495f919b139.__CR0,0,757,947_PT0_SX362_V1___.jpg\"><img decoding=\"async\" alt=\"aavalabs\" src=\"https:\/\/m.media-amazon.com\/images\/S\/aplus-media-library-service-media\/38727815-6bd3-40ce-b38d-5495f919b139.__CR0,0,757,947_PT0_SX362_V1___.jpg\">  <\/p>\n<p>                                              <img decoding=\"async\" alt=\"aavalabs\" src=\"https:\/\/images-na.ssl-images-amazon.com\/images\/G\/01\/x-locale\/common\/grey-pixel.gif\" class=\"a-lazy-loaded\" data-src=\"https:\/\/m.media-amazon.com\/images\/S\/aplus-media-library-service-media\/1f231341-4b0e-45af-8a86-9325ebea880d.__CR0,0,757,947_PT0_SX362_V1___.jpg\"><img decoding=\"async\" alt=\"aavalabs\" src=\"https:\/\/m.media-amazon.com\/images\/S\/aplus-media-library-service-media\/1f231341-4b0e-45af-8a86-9325ebea880d.__CR0,0,757,947_PT0_SX362_V1___.jpg\">  <\/p>\n<p>                                              <img decoding=\"async\" alt=\"valeurs aavalabs\" src=\"https:\/\/images-na.ssl-images-amazon.com\/images\/G\/01\/x-locale\/common\/grey-pixel.gif\" class=\"a-lazy-loaded\" data-src=\"https:\/\/m.media-amazon.com\/images\/S\/aplus-media-library-service-media\/413bcafe-3e30-41bf-8e44-4cf89e52b255.__CR0,0,758,948_PT0_SX362_V1___.jpg\"><img decoding=\"async\" alt=\"valeurs aavalabs\" src=\"https:\/\/m.media-amazon.com\/images\/S\/aplus-media-library-service-media\/413bcafe-3e30-41bf-8e44-4cf89e52b255.__CR0,0,758,948_PT0_SX362_V1___.jpg\">  <\/p>\n<p> Package Dimensions                                            \u200f                                            :                                            \u200e                                            11 x 5.2 x 5.2 cm; 28 g   <br \/> Manufacturer                                            \u200f                                            :                                            \u200e                                            AAVALABS   <br \/> ASIN                                            \u200f                                            :                                            \u200e                                            B0B2LZ7VZS   <br \/> Manufacturer reference                                            \u200f                                            :                                            \u200e                                            EU_Aava_Women_Probiolac_60_01   <br \/> Country of origin                                            \u200f                                            :                                            \u200e                                            Belgium   <br \/>  Customer reviews:                                                                                            4.4               4.4 out of 5 stars                                  (359)                                              var dpAcrHasRegisteredArcLinkClickAction;                    P.when(&#8216;A&#8217;, &#8216;ready&#8217;).execute(function(A) {                        if (dpAcrHasRegisteredArcLinkClickAction !== true) {                            dpAcrHasRegisteredArcLinkClickAction = true;                            A.declarative(                                &#8216;acrLink-click-metrics&#8217;, &#8216;click&#8217;,                                { &#8220;allowLinkDefault&#8221;: true },                                function (event) {                                    if (window.ue) {                                        ue.count(&#8220;acrLinkClickCount&#8221;, (ue.count(&#8220;acrLinkClickCount&#8221;) || 0) + 1);                                    }                                }                            );                        }                    });                                             P.when(&#8216;A&#8217;, &#8216;cf&#8217;).execute(function(A) {                A.declarative(&#8216;acrStarsLink-click-metrics&#8217;, &#8216;click&#8217;, { &#8220;allowLinkDefault&#8221; : true },  function(event){                    if(window.ue) {                        ue.count(&#8220;acrStarsLinkWithPopoverClickCount&#8221;, (ue.count(&#8220;acrStarsLinkWithPopoverClickCount&#8221;) || 0) + 1);                    }                });            });                          <br \/>\u27a4 DESIGNED FOR WOMEN &#8211; Our probiotics are among our top bestsellers. Thanks to our years of experience, we have created a new probiotic especially for women with lactobacillus rhamnosus and acidophilus. Thanks to our effective intestinal and intimate flora probiotic, we want to help all these women feel as comfortable as possible in their bodies!<br \/>\u27a4 HIGH POWER &#8211; A diverse microbiome is essential for normal immune function. Thanks to its 4 beneficial bacteria, the intimate flora probiotic supports the intestinal and vaginal flora. Each of these 4 strains has a function with unique benefits. Balancing flora is essential for well-being and can also prevent intimate problems in women. In addition to inulin and L-Glutamine, one capsule contains 15 billion CFUs of live crops.<br \/>\u27a4 PREMIUM QUALITY &#8211; When you buy from AAVALABS, you can be sure you get high quality products. Our specialists have conducted extensive research to determine which bacteria best support the vaginal flora. The result is 4 bacterial strains that complement each other perfectly. Taste the power of nature and the effectiveness of our Probiolac! This powerful formula supports you on a daily basis and is 100% organic, pure and free from GMOs and allergens.<br \/>\u27a4 EXTENDED RELEASE &#8211; With three capsules a day, you will give your body 45 billion CFU of live crops. We advise you to take them during a meal with water. The capsules are extended release for optimal effectiveness. Prolonged release allows probiotics to resist stomach acid and reach the intestines. These shelf-stable capsules are the perfect choice for your daily routine; whether you&#8217;re at home or on the go.<br \/>\u27a4 MONEY BACK GUARANTEE \u2013 Since the establishment of our Finnish family business, our goal is to offer products inspired by the freshness of Scandinavia. Quality is at the top of our priorities, which is why all our supplements are tested by third parties to comply with the highest European quality standards. We are so convinced of our products that we offer you a 365 day money back guarantee; even with an empty bottle!<\/p>\n\n","protected":false},"excerpt":{"rendered":"<p> From the brand Nouveaux produits Nouveaux produits Nouveaux produits Les plus populaires Soutien immunitaire \u00c9nergie et \u00e9quilibre Beaut\u00e9 et anti-\u00e2ge Package Dimensions \u200f : \u200e 11 x 5.2 x 5.2 cm; 28 g Manufacturer \u200f : \u200e AAVALABS ASIN \u200f : \u200e B0B2LZ7VZS Manufacturer reference \u200f : \u200e EU_Aava_Women_Probiolac_60_01 Country [&hellip;]<\/p>\n","protected":false},"featured_media":29125,"comment_status":"open","ping_status":"closed","template":"","meta":{"_gspb_post_css":"","om_disable_all_campaigns":false,"_monsterinsights_skip_tracking":false,"_monsterinsights_sitenote_active":false,"_monsterinsights_sitenote_note":"","_monsterinsights_sitenote_category":0},"store":[],"product_brand":[],"product_cat":[154],"product_tag":[1001,553,198,1096,306,435,294,578,2578,1003,440,1796,3268,433,490,556,492,1123],"class_list":{"0":"post-29124","1":"product","2":"type-product","3":"status-publish","4":"has-post-thumbnail","6":"product_cat-sante-intestinale","7":"product_tag-bacterial","8":"product_tag-billion","9":"product_tag-capsules","10":"product_tag-cfu","11":"product_tag-dose","12":"product_tag-flora","13":"product_tag-high","14":"product_tag-including","15":"product_tag-intimate","16":"product_tag-inulin","17":"product_tag-lactobacillus","18":"product_tag-lglutamine","19":"product_tag-potency","20":"product_tag-probiotic","21":"product_tag-probiotics","22":"product_tag-rhamnosus","23":"product_tag-strains","24":"product_tag-women","26":"first","27":"instock","28":"shipping-taxable","29":"product-type-external"},"aioseo_notices":[],"jetpack_sharing_enabled":true,"_links":{"self":[{"href":"https:\/\/www.zolattitude.com\/index.php\/wp-json\/wp\/v2\/product\/29124","targetHints":{"allow":["GET"]}}],"collection":[{"href":"https:\/\/www.zolattitude.com\/index.php\/wp-json\/wp\/v2\/product"}],"about":[{"href":"https:\/\/www.zolattitude.com\/index.php\/wp-json\/wp\/v2\/types\/product"}],"replies":[{"embeddable":true,"href":"https:\/\/www.zolattitude.com\/index.php\/wp-json\/wp\/v2\/comments?post=29124"}],"wp:featuredmedia":[{"embeddable":true,"href":"https:\/\/www.zolattitude.com\/index.php\/wp-json\/wp\/v2\/media\/29125"}],"wp:attachment":[{"href":"https:\/\/www.zolattitude.com\/index.php\/wp-json\/wp\/v2\/media?parent=29124"}],"wp:term":[{"taxonomy":"store","embeddable":true,"href":"https:\/\/www.zolattitude.com\/index.php\/wp-json\/wp\/v2\/store?post=29124"},{"taxonomy":"product_brand","embeddable":true,"href":"https:\/\/www.zolattitude.com\/index.php\/wp-json\/wp\/v2\/product_brand?post=29124"},{"taxonomy":"product_cat","embeddable":true,"href":"https:\/\/www.zolattitude.com\/index.php\/wp-json\/wp\/v2\/product_cat?post=29124"},{"taxonomy":"product_tag","embeddable":true,"href":"https:\/\/www.zolattitude.com\/index.php\/wp-json\/wp\/v2\/product_tag?post=29124"}],"curies":[{"name":"wp","href":"https:\/\/api.w.org\/{rel}","templated":true}]}}