{"id":29163,"date":"2026-04-28T01:10:21","date_gmt":"2026-04-28T01:10:21","guid":{"rendered":"https:\/\/www.zolattitude.com\/index.php\/product\/baobab-polityczny\/"},"modified":"2026-04-28T01:10:21","modified_gmt":"2026-04-28T01:10:21","slug":"baobab-polityczny","status":"publish","type":"product","link":"https:\/\/www.zolattitude.com\/index.php\/product\/baobab-polityczny\/","title":{"rendered":"Baobab polityczny"},"content":{"rendered":"<p>Price: <span style=\"color:#b12704\">\u20ac96.90<\/span><br \/><i><small>(as of Apr 28, 2026 01:10:21 UTC &#8211; <span class=\"wp_automatic_amazon_disclaimer\" title=\"Product prices and availability are accurate as of the date\/time indicated and are subject to change. Any price and availability information displayed on [relevant Amazon Site(s), as applicable] at the time of purchase will apply to the purchase of this product.\">Details<\/span>)<\/small><\/i><br \/><a href=\"https:\/\/amazon.fr\/dp\/6202002530?tag=onamzmoukoubl-21\"><img decoding=\"async\" src=\"https:\/\/valvepress.s3.amazonaws.com\/imgs\/buy_now.png\"><\/a><br \/>\n<br \/>\n  Opisuj\u0105c rywalizacj\u0119 polityczn\u0105 w Nigrze w latach 1990\u20132010, w\u015br\u00f3d polityk\u00f3w, kt\u00f3rzy od czasu konferencji narodowej stanowili czo\u0142\u00f3wk\u0119 sceny politycznej, ksi\u0105\u017cka przedstawia do\u015bwiadczenia Jego Ekscelencji Hama, kt\u00f3re pozwoli\u0142y mu osi\u0105gn\u0105\u0107 szacowny status politycznego baobabu tego kraju. Dzisiaj, gdy odszed\u0142 do Boga, pozostawi\u0142 potomno\u015bci nauk\u0119 w postaci biblioteki s\u0142u\u017c\u0105cej kszta\u0142ceniu m\u0142odego pokolenia, aby demokracja mog\u0142a si\u0119 rozwija\u0107 zgodnie z oczekiwaniami spo\u0142ecze\u0144stwa. W zakresie rywalizacji szkolnej, uniwersyteckiej i spo\u0142ecznej ksi\u0105\u017cka przedstawia do\u015bwiadczenia informatyka i socjologa.    <br \/>Publisher                                            \u200f                                            :                                            \u200e                                                        Wydawnictwo Nasza Wiedza       <br \/> Publication date                                            \u200f                                            :                                            \u200e                                                        29 July 2025       <br \/> Language                                            \u200f                                            :                                            \u200e                                            Polish   <br \/> Print length                                            \u200f                                            :                                            \u200e                                                        228 pages       <br \/> ISBN-10                                            \u200f                                            :                                            \u200e                                                        6202002530       <br \/> ISBN-13                                            \u200f                                            :                                            \u200e                                                        978-6202002530       <br \/> Item weight                                            \u200f                                            :                                            \u200e                                            308 g   <br \/> Dimensions                                            \u200f                                            :                                            \u200e                                                        15.01 x 1.32 x 22 cm       <br \/>\n<button id=\"nav-assist-product-summary\" role=\"button\" tabindex=\"-1\" class=\"nav-assistant-menu-item nav-assistant-link-item nav-assistant-keyboard-shortcut-item keyboard-shortcut-menu-container a-color-base a-color-link nav-assistant-link-button\" data-nav-assist-menu-item-index=\"13\" data-behavior=\"activate\" data-actuators='[{\"eventKey\":\"\u00ce\",\"eventCode\":\"KeyD\",\"isShiftRequired\":true},{\"eventKey\":\"\u2122\",\"eventCode\":\"KeyD\",\"isShiftRequired\":true},{\"eventKey\":\"\u2206\",\"eventCode\":\"KeyD\",\"isShiftRequired\":true},{\"eventKey\":\"D\",\"isShiftRequired\":true}]' data-target=\"#pqv-trigger\" data-modal-ignore='[data-cel-widget=\"pqv-dpx-widget-desktop\"]' aria-label=\"Product summary, shift, ALT, d\" aria-describedby=\"nav-assist-shortcut-help\"><\/p>\n<div class=\"keyboard-shortcut-container\" aria-hidden=\"true\">\n          <span class=\"shortcut-name nav-assistant-card-font\">Product summary<\/span><\/p>\n<div class=\"shortcut-keys-container\" dir=\"ltr\">\n              <span class=\"shortcut-key nav-assistant-card-font font-color\">shift<\/span><br \/>\n              <span class=\"plus-sign-color\">+<\/span><br \/>\n              <span class=\"shortcut-key nav-assistant-card-font font-color\">ALT<\/span><br \/>\n              <span class=\"plus-sign-color\">+<\/span><br \/>\n              <span class=\"shortcut-key nav-assistant-card-font font-color\">D<\/span><\/p><\/div>\n<\/p><\/div>\n<p>      <\/button><br \/>\n<br \/><\/p>\n","protected":false},"excerpt":{"rendered":"<p> Opisuj\u0105c rywalizacj\u0119 polityczn\u0105 w Nigrze w latach 1990\u20132010, w\u015br\u00f3d polityk\u00f3w, kt\u00f3rzy od czasu konferencji narodowej stanowili czo\u0142\u00f3wk\u0119 sceny politycznej, ksi\u0105\u017cka przedstawia do\u015bwiadczenia Jego Ekscelencji Hama, kt\u00f3re pozwoli\u0142y mu osi\u0105gn\u0105\u0107 szacowny status politycznego baobabu tego kraju. Dzisiaj, gdy odszed\u0142 do Boga, pozostawi\u0142 potomno\u015bci nauk\u0119 w postaci biblioteki s\u0142u\u017c\u0105cej kszta\u0142ceniu m\u0142odego pokolenia, [&hellip;]<\/p>\n","protected":false},"featured_media":29164,"comment_status":"open","ping_status":"closed","template":"","meta":{"_gspb_post_css":"","om_disable_all_campaigns":false,"_monsterinsights_skip_tracking":false,"_monsterinsights_sitenote_active":false,"_monsterinsights_sitenote_note":"","_monsterinsights_sitenote_category":0},"store":[],"product_brand":[],"product_cat":[148],"product_tag":[414,7223],"class_list":{"0":"post-29163","1":"product","2":"type-product","3":"status-publish","4":"has-post-thumbnail","6":"product_cat-superaliments-exotiques","7":"product_tag-baobab","8":"product_tag-polityczny","10":"first","11":"instock","12":"shipping-taxable","13":"product-type-external"},"aioseo_notices":[],"jetpack_sharing_enabled":true,"_links":{"self":[{"href":"https:\/\/www.zolattitude.com\/index.php\/wp-json\/wp\/v2\/product\/29163","targetHints":{"allow":["GET"]}}],"collection":[{"href":"https:\/\/www.zolattitude.com\/index.php\/wp-json\/wp\/v2\/product"}],"about":[{"href":"https:\/\/www.zolattitude.com\/index.php\/wp-json\/wp\/v2\/types\/product"}],"replies":[{"embeddable":true,"href":"https:\/\/www.zolattitude.com\/index.php\/wp-json\/wp\/v2\/comments?post=29163"}],"wp:featuredmedia":[{"embeddable":true,"href":"https:\/\/www.zolattitude.com\/index.php\/wp-json\/wp\/v2\/media\/29164"}],"wp:attachment":[{"href":"https:\/\/www.zolattitude.com\/index.php\/wp-json\/wp\/v2\/media?parent=29163"}],"wp:term":[{"taxonomy":"store","embeddable":true,"href":"https:\/\/www.zolattitude.com\/index.php\/wp-json\/wp\/v2\/store?post=29163"},{"taxonomy":"product_brand","embeddable":true,"href":"https:\/\/www.zolattitude.com\/index.php\/wp-json\/wp\/v2\/product_brand?post=29163"},{"taxonomy":"product_cat","embeddable":true,"href":"https:\/\/www.zolattitude.com\/index.php\/wp-json\/wp\/v2\/product_cat?post=29163"},{"taxonomy":"product_tag","embeddable":true,"href":"https:\/\/www.zolattitude.com\/index.php\/wp-json\/wp\/v2\/product_tag?post=29163"}],"curies":[{"name":"wp","href":"https:\/\/api.w.org\/{rel}","templated":true}]}}