{"id":29176,"date":"2026-04-28T01:45:55","date_gmt":"2026-04-28T01:45:55","guid":{"rendered":"https:\/\/www.zolattitude.com\/index.php\/product\/calciumlactat-50g-and-natriumalginat-50g-fashionable-use-for-gas-symmetry-ethylene\/"},"modified":"2026-04-28T01:46:04","modified_gmt":"2026-04-28T01:46:04","slug":"calciumlactat-50g-and-natriumalginat-50g-fashionable-use-for-gas-symmetry-ethylene","status":"publish","type":"product","link":"https:\/\/www.zolattitude.com\/index.php\/product\/calciumlactat-50g-and-natriumalginat-50g-fashionable-use-for-gas-symmetry-ethylene\/","title":{"rendered":"CALCIUMLACTAT 50g and NATRIUMALGINAT 50g \u2013 Fashionable use for gas symmetry (ethylene)"},"content":{"rendered":"<p>Price: <span style=\"color:#b12704\">\u20ac14.95<\/span><br \/><i><small>(as of Apr 28, 2026 01:45:55 UTC &#8211; <span class=\"wp_automatic_amazon_disclaimer\" title=\"Product prices and availability are accurate as of the date\/time indicated and are subject to change. Any price and availability information displayed on [relevant Amazon Site(s), as applicable] at the time of purchase will apply to the purchase of this product.\">Details<\/span>)<\/small><\/i><br \/><a href=\"https:\/\/amazon.fr\/dp\/B01A97H4X4?tag=onamzmoukoubl-21\"><img decoding=\"async\" src=\"https:\/\/valvepress.s3.amazonaws.com\/imgs\/buy_now.png\"><\/a><br \/>\n<\/p>\n<p>                                                 From the brand   <\/p>\n<p>                                              <img decoding=\"async\" alt=\"aplus content image\" src=\"https:\/\/images-na.ssl-images-amazon.com\/images\/G\/01\/x-locale\/common\/grey-pixel.gif\" class=\"a-lazy-loaded\" data-src=\"https:\/\/m.media-amazon.com\/images\/S\/aplus-media-library-service-media\/64ff97e8-547d-44a8-b852-90b6994a4a0c.__CR0,0,1464,625_PT0_SX1464_V1___.jpg\"><img decoding=\"async\" alt=\"aplus content image\" src=\"https:\/\/m.media-amazon.com\/images\/S\/aplus-media-library-service-media\/64ff97e8-547d-44a8-b852-90b6994a4a0c.__CR0,0,1464,625_PT0_SX1464_V1___.jpg\">  <\/p>\n<p>                                              <img decoding=\"async\" alt=\"\" src=\"https:\/\/images-na.ssl-images-amazon.com\/images\/G\/01\/x-locale\/common\/grey-pixel.gif\" class=\"a-lazy-loaded\" data-src=\"https:\/\/m.media-amazon.com\/images\/S\/aplus-media-library-service-media\/d44d3a2c-3bb9-46af-957c-aaa78887c905.__CR0,0,315,145_PT0_SX315_V1___.jpg\"><img decoding=\"async\" alt=\"\" src=\"https:\/\/m.media-amazon.com\/images\/S\/aplus-media-library-service-media\/d44d3a2c-3bb9-46af-957c-aaa78887c905.__CR0,0,315,145_PT0_SX315_V1___.jpg\">  <\/p>\n<h3> Special Ingredients <\/h3>\n<p> Depuis 2011, Special Ingredients est synonyme d\u2019ingr\u00e9dients et d\u2019ar\u00f4mes haut de gamme de la plus haute qualit\u00e9. Notre gamme s\u2019adresse aux chefs professionnels, aux artisans producteurs et aux passionn\u00e9s de gastronomie du monde entier. Nous proposons les derni\u00e8res innovations de la cuisine moderne. Nos ingr\u00e9dients allient nature et science, inspirent la cr\u00e9ativit\u00e9 et \u00e9l\u00e8vent les exp\u00e9riences culinaires \u00e0 un nouveau niveau. <\/p>\n<h3> Nos produits populaires <\/h3>\n<h3> \u00c9paississant <\/h3>\n<h3> G\u00e9lifiant <\/h3>\n<p> Is discontinued by manufacturer                                            \u200f                                            :                                            \u200e                                            No   <br \/> Product Dimensions                                            \u200f                                            :                                            \u200e                                            12 x 6 x 7.5 cm; 50 g   <br \/> Manufacturer                                            \u200f                                            :                                            \u200e                                            Special Ingredients   <br \/> ASIN                                            \u200f                                            :                                            \u200e                                            B01A97H4X4   <br \/>  Customer reviews:                                                                                            4.2               4.2 out of 5 stars                                  (592)                                              var dpAcrHasRegisteredArcLinkClickAction;                    P.when(&#8216;A&#8217;, &#8216;ready&#8217;).execute(function(A) {                        if (dpAcrHasRegisteredArcLinkClickAction !== true) {                            dpAcrHasRegisteredArcLinkClickAction = true;                            A.declarative(                                &#8216;acrLink-click-metrics&#8217;, &#8216;click&#8217;,                                { &#8220;allowLinkDefault&#8221;: true },                                function (event) {                                    if (window.ue) {                                        ue.count(&#8220;acrLinkClickCount&#8221;, (ue.count(&#8220;acrLinkClickCount&#8221;) || 0) + 1);                                    }                                }                            );                        }                    });                                             P.when(&#8216;A&#8217;, &#8216;cf&#8217;).execute(function(A) {                A.declarative(&#8216;acrStarsLink-click-metrics&#8217;, &#8216;click&#8217;, { &#8220;allowLinkDefault&#8221; : true },  function(event){                    if(window.ue) {                        ue.count(&#8220;acrStarsLinkWithPopoverClickCount&#8221;, (ue.count(&#8220;acrStarsLinkWithPopoverClickCount&#8221;) || 0) + 1);                    }                });            });                          <br \/>Combination &#8211; Experience the magic of molecular cooking with calcium lactate and sodium alginate. Together they turn any liquid into edible beads. Popular by great European chefs and cocktail bars!<br \/>Calcium Lactate &#8211; Our calcium lactate is a high quality ingredient, derived from lactic acid. Ideal for creating caviar, beads, liquid spaghetti or edible beads thanks to the spherification. Also available separately.<br \/>Sodium Alginate &#8211; Our Sodium Alginate is a powerful gelling agent for soft, firm, heat-resistant gels and foams. It also acts as a thickener, emulsifier and texturizing agent. Also available separately on Amazon.<br \/>Specifications &#8211; Suitable for vegans and vegetarians. Gluten free, non-GMO. Store in a cool, dry place away from light. Consume within 6 months after opening.<br \/>Special Ingredients Europe &#8211; We develop the highest quality ingredients for chefs, pastry chefs, mixologists and cooking enthusiasts. Thanks to our expertise, they create innovative recipes worthy of Michelin stars.<br \/>\n<button id=\"nav-assist-product-summary\" role=\"button\" tabindex=\"-1\" class=\"nav-assistant-menu-item nav-assistant-link-item nav-assistant-keyboard-shortcut-item keyboard-shortcut-menu-container a-color-base a-color-link nav-assistant-link-button\" data-nav-assist-menu-item-index=\"13\" data-behavior=\"activate\" data-actuators='[{\"eventKey\":\"\u00ce\",\"eventCode\":\"KeyD\",\"isShiftRequired\":true},{\"eventKey\":\"\u2122\",\"eventCode\":\"KeyD\",\"isShiftRequired\":true},{\"eventKey\":\"\u2206\",\"eventCode\":\"KeyD\",\"isShiftRequired\":true},{\"eventKey\":\"D\",\"isShiftRequired\":true}]' data-target=\"#pqv-trigger\" data-modal-ignore='[data-cel-widget=\"pqv-dpx-widget-desktop\"]' aria-label=\"Product summary, shift, ALT, d\" aria-describedby=\"nav-assist-shortcut-help\"><\/p>\n<div class=\"keyboard-shortcut-container\" aria-hidden=\"true\">\n          <span class=\"shortcut-name nav-assistant-card-font\">Product summary<\/span><\/p>\n<div class=\"shortcut-keys-container\" dir=\"ltr\">\n              <span class=\"shortcut-key nav-assistant-card-font font-color\">shift<\/span><br \/>\n              <span class=\"plus-sign-color\">+<\/span><br \/>\n              <span class=\"shortcut-key nav-assistant-card-font font-color\">ALT<\/span><br \/>\n              <span class=\"plus-sign-color\">+<\/span><br \/>\n              <span class=\"shortcut-key nav-assistant-card-font font-color\">D<\/span><\/p><\/div>\n<\/p><\/div>\n<p>      <\/button><br \/>\n<br \/><\/p>\n","protected":false},"excerpt":{"rendered":"<p> From the brand Special Ingredients Depuis 2011, Special Ingredients est synonyme d\u2019ingr\u00e9dients et d\u2019ar\u00f4mes haut de gamme de la plus haute qualit\u00e9. Notre gamme s\u2019adresse aux chefs professionnels, aux artisans producteurs et aux passionn\u00e9s de gastronomie du monde entier. Nous proposons les derni\u00e8res innovations de la cuisine moderne. Nos ingr\u00e9dients [&hellip;]<\/p>\n","protected":false},"featured_media":29177,"comment_status":"open","ping_status":"closed","template":"","meta":{"_gspb_post_css":"","om_disable_all_campaigns":false,"_monsterinsights_skip_tracking":false,"_monsterinsights_sitenote_active":false,"_monsterinsights_sitenote_note":"","_monsterinsights_sitenote_category":0},"store":[],"product_brand":[],"product_cat":[143],"product_tag":[2718,7224,7228,7226,1278,7225,7227],"class_list":{"0":"post-29176","1":"product","2":"type-product","3":"status-publish","4":"has-post-thumbnail","6":"product_cat-mineraux","7":"product_tag-50g","8":"product_tag-calciumlactat","9":"product_tag-ethylene","10":"product_tag-fashionable","11":"product_tag-gas","12":"product_tag-natriumalginat","13":"product_tag-symmetry","15":"first","16":"instock","17":"shipping-taxable","18":"product-type-external"},"aioseo_notices":[],"jetpack_sharing_enabled":true,"_links":{"self":[{"href":"https:\/\/www.zolattitude.com\/index.php\/wp-json\/wp\/v2\/product\/29176","targetHints":{"allow":["GET"]}}],"collection":[{"href":"https:\/\/www.zolattitude.com\/index.php\/wp-json\/wp\/v2\/product"}],"about":[{"href":"https:\/\/www.zolattitude.com\/index.php\/wp-json\/wp\/v2\/types\/product"}],"replies":[{"embeddable":true,"href":"https:\/\/www.zolattitude.com\/index.php\/wp-json\/wp\/v2\/comments?post=29176"}],"wp:featuredmedia":[{"embeddable":true,"href":"https:\/\/www.zolattitude.com\/index.php\/wp-json\/wp\/v2\/media\/29177"}],"wp:attachment":[{"href":"https:\/\/www.zolattitude.com\/index.php\/wp-json\/wp\/v2\/media?parent=29176"}],"wp:term":[{"taxonomy":"store","embeddable":true,"href":"https:\/\/www.zolattitude.com\/index.php\/wp-json\/wp\/v2\/store?post=29176"},{"taxonomy":"product_brand","embeddable":true,"href":"https:\/\/www.zolattitude.com\/index.php\/wp-json\/wp\/v2\/product_brand?post=29176"},{"taxonomy":"product_cat","embeddable":true,"href":"https:\/\/www.zolattitude.com\/index.php\/wp-json\/wp\/v2\/product_cat?post=29176"},{"taxonomy":"product_tag","embeddable":true,"href":"https:\/\/www.zolattitude.com\/index.php\/wp-json\/wp\/v2\/product_tag?post=29176"}],"curies":[{"name":"wp","href":"https:\/\/api.w.org\/{rel}","templated":true}]}}