{"id":29236,"date":"2026-04-29T00:20:22","date_gmt":"2026-04-29T00:20:22","guid":{"rendered":"https:\/\/www.zolattitude.com\/index.php\/product\/d-stress-day-night-pack-of-2-x-40-tablets-day-and-2-x-20-night-tablets-manages-stress-during-the-day-and-improves-sleep-at-night-continuous-acts-24-7-laboratory-synergia\/"},"modified":"2026-04-29T00:20:30","modified_gmt":"2026-04-29T00:20:30","slug":"d-stress-day-night-pack-of-2-x-40-tablets-day-and-2-x-20-night-tablets-manages-stress-during-the-day-and-improves-sleep-at-night-continuous-acts-24-7-laboratory-synergia","status":"publish","type":"product","link":"https:\/\/www.zolattitude.com\/index.php\/product\/d-stress-day-night-pack-of-2-x-40-tablets-day-and-2-x-20-night-tablets-manages-stress-during-the-day-and-improves-sleep-at-night-continuous-acts-24-7-laboratory-synergia\/","title":{"rendered":"D-STRESS DAY &#038; NIGHT PACK of 2 x 40 Tablets Day and 2 x 20 Night Tablets | Manages Stress during the Day and Improves Sleep at Night | Continuous Acts 24\/7 | Laboratory SYNERGIA"},"content":{"rendered":"<p>Price: <span style=\"color:#b12704\">\u20ac39.95<\/span><br \/><i><small>(as of Apr 29, 2026 00:20:23 UTC &#8211; <span class=\"wp_automatic_amazon_disclaimer\" title=\"Product prices and availability are accurate as of the date\/time indicated and are subject to change. Any price and availability information displayed on [relevant Amazon Site(s), as applicable] at the time of purchase will apply to the purchase of this product.\">Details<\/span>)<\/small><\/i><br \/><a href=\"https:\/\/amazon.fr\/dp\/B0F8BM9JSJ?tag=onamzmoukoubl-21\"><img decoding=\"async\" src=\"https:\/\/valvepress.s3.amazonaws.com\/imgs\/buy_now.png\"><\/a><br \/>\n<\/p>\n<p>                                                 Product Description   <\/p>\n<p>                                                         <img decoding=\"async\" alt=\"Le texte indique \u00ab synergia \u00bb, \u00ab LABORATOIRE \u00bb et \u00ab SPECIALISTE DES COMPLEMENTS NUTRITIONNELS DE SANTE DEPUIS 25 ANS \u00bb. Banni\u00e8re de marque d&amp;#39;entreprise en bleu et blanc.\" src=\"https:\/\/images-na.ssl-images-amazon.com\/images\/G\/01\/x-locale\/common\/grey-pixel.gif\" class=\"a-lazy-loaded\" data-src=\"https:\/\/m.media-amazon.com\/images\/S\/aplus-media-library-service-media\/ce8881e9-0b1f-4190-b558-529b9638df2a.__CR0,0,600,180_PT0_SX600_V1___.jpg\"><img decoding=\"async\" alt=\"Le texte indique \u00ab synergia \u00bb, \u00ab LABORATOIRE \u00bb et \u00ab SPECIALISTE DES COMPLEMENTS NUTRITIONNELS DE SANTE DEPUIS 25 ANS \u00bb. Banni\u00e8re de marque d&amp;#39;entreprise en bleu et blanc.\" src=\"https:\/\/m.media-amazon.com\/images\/S\/aplus-media-library-service-media\/ce8881e9-0b1f-4190-b558-529b9638df2a.__CR0,0,600,180_PT0_SX600_V1___.jpg\">      <\/p>\n<p>                                                                             <img decoding=\"async\" alt=\"aplus content image\" src=\"https:\/\/images-na.ssl-images-amazon.com\/images\/G\/01\/x-locale\/common\/grey-pixel.gif\" class=\"a-spacing-base a-lazy-loaded\" data-src=\"https:\/\/m.media-amazon.com\/images\/S\/aplus-media-library-service-media\/0c69e4aa-c15f-4c47-b556-b6340e81af14.__CR0,0,970,600_PT0_SX970_V1___.jpg\"><img decoding=\"async\" alt=\"aplus content image\" src=\"https:\/\/m.media-amazon.com\/images\/S\/aplus-media-library-service-media\/0c69e4aa-c15f-4c47-b556-b6340e81af14.__CR0,0,970,600_PT0_SX970_V1___.jpg\">                                                                       <\/p>\n<p>                                                                             <img decoding=\"async\" alt=\"aplus content image\" src=\"https:\/\/images-na.ssl-images-amazon.com\/images\/G\/01\/x-locale\/common\/grey-pixel.gif\" class=\"a-spacing-base a-lazy-loaded\" data-src=\"https:\/\/m.media-amazon.com\/images\/S\/aplus-media-library-service-media\/7aff2e38-c902-4d9b-918b-b47ccbeb978e.__CR0,0,970,600_PT0_SX970_V1___.jpg\"><img decoding=\"async\" alt=\"aplus content image\" src=\"https:\/\/m.media-amazon.com\/images\/S\/aplus-media-library-service-media\/7aff2e38-c902-4d9b-918b-b47ccbeb978e.__CR0,0,970,600_PT0_SX970_V1___.jpg\">                                                                    <\/p>\n<p>                                                                             <img decoding=\"async\" alt=\"aplus content image\" src=\"https:\/\/images-na.ssl-images-amazon.com\/images\/G\/01\/x-locale\/common\/grey-pixel.gif\" class=\"a-spacing-base a-lazy-loaded\" data-src=\"https:\/\/m.media-amazon.com\/images\/S\/aplus-media-library-service-media\/66c2b549-26f3-457c-b721-39093a8e9f01.__CR0,0,970,600_PT0_SX970_V1___.jpg\"><img decoding=\"async\" alt=\"aplus content image\" src=\"https:\/\/m.media-amazon.com\/images\/S\/aplus-media-library-service-media\/66c2b549-26f3-457c-b721-39093a8e9f01.__CR0,0,970,600_PT0_SX970_V1___.jpg\">                                                                    <\/p>\n<p>                                                  <img decoding=\"async\" alt=\"Eg\u00e9rie\" src=\"https:\/\/images-na.ssl-images-amazon.com\/images\/G\/01\/x-locale\/common\/grey-pixel.gif\" class=\"a-spacing-mini a-lazy-loaded\" data-src=\"https:\/\/m.media-amazon.com\/images\/S\/aplus-media-library-service-media\/c0ca56e9-22bc-455a-9905-421d54287edd.__CR0,0,600,600_PT0_SX300_V1___.jpg\"><img decoding=\"async\" alt=\"Eg\u00e9rie\" src=\"https:\/\/m.media-amazon.com\/images\/S\/aplus-media-library-service-media\/c0ca56e9-22bc-455a-9905-421d54287edd.__CR0,0,600,600_PT0_SX300_V1___.jpg\">  <\/p>\n<h3 class=\"a-spacing-mini\"> LABORATOIRE SYNERGIA <\/h3>\n<p> Le laboratoire Synergia est un laboratoire fran\u00e7ais sp\u00e9cialis\u00e9 dans les compl\u00e9ments nutritionnels de sant\u00e9 depuis plus de 25 ans, prescrits par les m\u00e9decins et distribu\u00e9s en pharmacie. Ses engagements : l\u2019efficacit\u00e9 par la synergie des micronutriments, le respect des biodisponibilit\u00e9s, des dosages nutritionnels pr\u00e9cis, des mati\u00e8res premi\u00e8res de grande qualit\u00e9 et le soutien d\u2019une expertise scientifique <\/p>\n<p> Package Dimensions                                            \u200f                                            :                                            \u200e                                            25.6 x 16.6 x 10.5 cm; 280 g   <br \/> Manufacturer                                            \u200f                                            :                                            \u200e                                            Synergia   <br \/> ASIN                                            \u200f                                            :                                            \u200e                                            B0F8BM9JSJ   <br \/> Country of origin                                            \u200f                                            :                                            \u200e                                            France   <br \/>  Customer reviews:                                                                                            5.0               5.0 out of 5 stars                                  (5)                                              var dpAcrHasRegisteredArcLinkClickAction;                    P.when(&#8216;A&#8217;, &#8216;ready&#8217;).execute(function(A) {                        if (dpAcrHasRegisteredArcLinkClickAction !== true) {                            dpAcrHasRegisteredArcLinkClickAction = true;                            A.declarative(                                &#8216;acrLink-click-metrics&#8217;, &#8216;click&#8217;,                                { &#8220;allowLinkDefault&#8221;: true },                                function (event) {                                    if (window.ue) {                                        ue.count(&#8220;acrLinkClickCount&#8221;, (ue.count(&#8220;acrLinkClickCount&#8221;) || 0) + 1);                                    }                                }                            );                        }                    });                                             P.when(&#8216;A&#8217;, &#8216;cf&#8217;).execute(function(A) {                A.declarative(&#8216;acrStarsLink-click-metrics&#8217;, &#8216;click&#8217;, { &#8220;allowLinkDefault&#8221; : true },  function(event){                    if(window.ue) {                        ue.count(&#8220;acrStarsLinkWithPopoverClickCount&#8221;, (ue.count(&#8220;acrStarsLinkWithPopoverClickCount&#8221;) || 0) + 1);                    }                });            });                          <br \/>A 2 IN 1 SOLUTION: DAY tablets to cope with stress and fatigue during the day, and NIGHT tablets to improve the quality of your sleep at night \ufe0f<br \/>A POWERFUL SYNERGY OF INGREDIENTS: magnesium 3rd generation, arginine, taurine, B vitamins and Bacognize by day &#038; melatonin 1.9 mg, Eschscholtzia californica, Bacognize and magnesium 3rd generation at night<br \/>A 24\/7 action: D-Stress DAY &#038; NIGHT offers continuous action 24\/7 thanks to its 2 complementary tablets, in the form of an attack cure<br \/>QUALITY IS OUR PRIORITY: Made according to European pharmaceutical requirements and standards, D-Stress DAY &#038; NIGHT is suitable for vegan people and is gluten free, soy and GMO free<br \/>A TRUSTED BRAND: The Synergia laboratory is a French laboratory specialized in health nutritional supplements, prescribed by doctors and sold in pharmacies for over 25 years<br \/>\n<button id=\"nav-assist-product-summary\" role=\"button\" tabindex=\"-1\" class=\"nav-assistant-menu-item nav-assistant-link-item nav-assistant-keyboard-shortcut-item keyboard-shortcut-menu-container a-color-base a-color-link nav-assistant-link-button\" data-nav-assist-menu-item-index=\"13\" data-behavior=\"activate\" data-actuators='[{\"eventKey\":\"\u00ce\",\"eventCode\":\"KeyD\",\"isShiftRequired\":true},{\"eventKey\":\"\u2122\",\"eventCode\":\"KeyD\",\"isShiftRequired\":true},{\"eventKey\":\"\u2206\",\"eventCode\":\"KeyD\",\"isShiftRequired\":true},{\"eventKey\":\"D\",\"isShiftRequired\":true}]' data-target=\"#pqv-trigger\" data-modal-ignore='[data-cel-widget=\"pqv-dpx-widget-desktop\"]' aria-label=\"Product summary, shift, ALT, d\" aria-describedby=\"nav-assist-shortcut-help\"><\/p>\n<div class=\"keyboard-shortcut-container\" aria-hidden=\"true\">\n          <span class=\"shortcut-name nav-assistant-card-font\">Product summary<\/span><\/p>\n<div class=\"shortcut-keys-container\" dir=\"ltr\">\n              <span class=\"shortcut-key nav-assistant-card-font font-color\">shift<\/span><br \/>\n              <span class=\"plus-sign-color\">+<\/span><br \/>\n              <span class=\"shortcut-key nav-assistant-card-font font-color\">ALT<\/span><br \/>\n              <span class=\"plus-sign-color\">+<\/span><br \/>\n              <span class=\"shortcut-key nav-assistant-card-font font-color\">D<\/span><\/p><\/div>\n<\/p><\/div>\n<p>      <\/button><br \/>\n<br \/><\/p>\n","protected":false},"excerpt":{"rendered":"<p> Product Description LABORATOIRE SYNERGIA Le laboratoire Synergia est un laboratoire fran\u00e7ais sp\u00e9cialis\u00e9 dans les compl\u00e9ments nutritionnels de sant\u00e9 depuis plus de 25 ans, prescrits par les m\u00e9decins et distribu\u00e9s en pharmacie. Ses engagements : l\u2019efficacit\u00e9 par la synergie des micronutriments, le respect des biodisponibilit\u00e9s, des dosages nutritionnels pr\u00e9cis, des mati\u00e8res [&hellip;]<\/p>\n","protected":false},"featured_media":29237,"comment_status":"open","ping_status":"closed","template":"","meta":{"_gspb_post_css":"","om_disable_all_campaigns":false,"_monsterinsights_skip_tracking":false,"_monsterinsights_sitenote_active":false,"_monsterinsights_sitenote_note":"","_monsterinsights_sitenote_category":0},"store":[],"product_brand":[],"product_cat":[152],"product_tag":[2184,3496,280,2145,1539,770,2148,2620,316,405,278,2149,179],"class_list":{"0":"post-29236","1":"product","2":"type-product","3":"status-publish","4":"has-post-thumbnail","6":"product_cat-magnesium-marin","7":"product_tag-acts","8":"product_tag-continuous","9":"product_tag-day","10":"product_tag-dstress","11":"product_tag-improves","12":"product_tag-laboratory","13":"product_tag-manages","14":"product_tag-night","15":"product_tag-pack","16":"product_tag-sleep","17":"product_tag-stress","18":"product_tag-synergia","19":"product_tag-tablets","21":"first","22":"instock","23":"shipping-taxable","24":"product-type-external"},"aioseo_notices":[],"jetpack_sharing_enabled":true,"_links":{"self":[{"href":"https:\/\/www.zolattitude.com\/index.php\/wp-json\/wp\/v2\/product\/29236","targetHints":{"allow":["GET"]}}],"collection":[{"href":"https:\/\/www.zolattitude.com\/index.php\/wp-json\/wp\/v2\/product"}],"about":[{"href":"https:\/\/www.zolattitude.com\/index.php\/wp-json\/wp\/v2\/types\/product"}],"replies":[{"embeddable":true,"href":"https:\/\/www.zolattitude.com\/index.php\/wp-json\/wp\/v2\/comments?post=29236"}],"wp:featuredmedia":[{"embeddable":true,"href":"https:\/\/www.zolattitude.com\/index.php\/wp-json\/wp\/v2\/media\/29237"}],"wp:attachment":[{"href":"https:\/\/www.zolattitude.com\/index.php\/wp-json\/wp\/v2\/media?parent=29236"}],"wp:term":[{"taxonomy":"store","embeddable":true,"href":"https:\/\/www.zolattitude.com\/index.php\/wp-json\/wp\/v2\/store?post=29236"},{"taxonomy":"product_brand","embeddable":true,"href":"https:\/\/www.zolattitude.com\/index.php\/wp-json\/wp\/v2\/product_brand?post=29236"},{"taxonomy":"product_cat","embeddable":true,"href":"https:\/\/www.zolattitude.com\/index.php\/wp-json\/wp\/v2\/product_cat?post=29236"},{"taxonomy":"product_tag","embeddable":true,"href":"https:\/\/www.zolattitude.com\/index.php\/wp-json\/wp\/v2\/product_tag?post=29236"}],"curies":[{"name":"wp","href":"https:\/\/api.w.org\/{rel}","templated":true}]}}