{"id":29248,"date":"2026-04-29T01:09:55","date_gmt":"2026-04-29T01:09:55","guid":{"rendered":"https:\/\/www.zolattitude.com\/index.php\/product\/memory-focus-oral-spray-with-natural-extracts-of-schisandra-rhodiola-bacopa-lions-mane-and-ginkgo-biloba-dietary-supplement-30ml\/"},"modified":"2026-04-29T01:10:09","modified_gmt":"2026-04-29T01:10:09","slug":"memory-focus-oral-spray-with-natural-extracts-of-schisandra-rhodiola-bacopa-lions-mane-and-ginkgo-biloba-dietary-supplement-30ml","status":"publish","type":"product","link":"https:\/\/www.zolattitude.com\/index.php\/product\/memory-focus-oral-spray-with-natural-extracts-of-schisandra-rhodiola-bacopa-lions-mane-and-ginkgo-biloba-dietary-supplement-30ml\/","title":{"rendered":"Memory &#038; Focus Oral Spray with Natural Extracts of Schisandra, Rhodiola, Bacopa, Lion&#8217;s Mane and Ginkgo biloba &#8211; Dietary Supplement &#8211; 30ml"},"content":{"rendered":"<p>Price: <span style=\"color:#b12704\"><del>\u20ac34.37<\/del> - \u20ac26.90<\/span><br \/><i><small>(as of Apr 29, 2026 01:09:56 UTC &#8211; <span class=\"wp_automatic_amazon_disclaimer\" title=\"Product prices and availability are accurate as of the date\/time indicated and are subject to change. Any price and availability information displayed on [relevant Amazon Site(s), as applicable] at the time of purchase will apply to the purchase of this product.\">Details<\/span>)<\/small><\/i><br \/><a href=\"https:\/\/amazon.fr\/dp\/B0FTZ93CFZ?tag=onamzmoukoubl-21\"><img decoding=\"async\" src=\"https:\/\/valvepress.s3.amazonaws.com\/imgs\/buy_now.png\"><\/a><br \/>\n<\/p>\n<p>                                                 From the brand   <\/p>\n<p>                                              <img decoding=\"async\" alt=\"Gamme de produits comprenant plusieurs bouteilles de ce qui semble \u00eatre des huiles essentielles ou des produits similaires, dispos\u00e9es en rang\u00e9e avec des \u00e9tiquettes de diff\u00e9rentes couleurs.\" src=\"https:\/\/images-na.ssl-images-amazon.com\/images\/G\/01\/x-locale\/common\/grey-pixel.gif\" class=\"a-lazy-loaded\" data-src=\"https:\/\/m.media-amazon.com\/images\/S\/aplus-media-library-service-media\/6ffbaa0e-1863-46c3-839f-2e9f6b0316c7.__CR0,0,1464,625_PT0_SX1464_V1___.png\"><img decoding=\"async\" alt=\"Gamme de produits comprenant plusieurs bouteilles de ce qui semble \u00eatre des huiles essentielles ou des produits similaires, dispos\u00e9es en rang\u00e9e avec des \u00e9tiquettes de diff\u00e9rentes couleurs.\" src=\"https:\/\/m.media-amazon.com\/images\/S\/aplus-media-library-service-media\/6ffbaa0e-1863-46c3-839f-2e9f6b0316c7.__CR0,0,1464,625_PT0_SX1464_V1___.png\">  <\/p>\n<p>                                              <img decoding=\"async\" alt=\"Le texte indique \u00ab NutraVal \u00bb et \u00ab Bien-\u00eatre moderne \u00bb. Pr\u00e9sentoir de produits pr\u00e9sentant quatre suppl\u00e9ments de bien-\u00eatre dans des bouteilles et des bo\u00eetes, avec des motifs d&amp;#39;emballage verts et bleus.\" src=\"https:\/\/images-na.ssl-images-amazon.com\/images\/G\/01\/x-locale\/common\/grey-pixel.gif\" class=\"a-lazy-loaded\" data-src=\"https:\/\/m.media-amazon.com\/images\/S\/aplus-media-library-service-media\/064e9b43-3010-4238-aee3-1aad75b9068f.__CR0,0,362,453_PT0_SX362_V1___.png\"><img decoding=\"async\" alt=\"Le texte indique \u00ab NutraVal \u00bb et \u00ab Bien-\u00eatre moderne \u00bb. Pr\u00e9sentoir de produits pr\u00e9sentant quatre suppl\u00e9ments de bien-\u00eatre dans des bouteilles et des bo\u00eetes, avec des motifs d&amp;#39;emballage verts et bleus.\" src=\"https:\/\/m.media-amazon.com\/images\/S\/aplus-media-library-service-media\/064e9b43-3010-4238-aee3-1aad75b9068f.__CR0,0,362,453_PT0_SX362_V1___.png\">  <\/p>\n<p>                                              <img decoding=\"async\" alt=\"Le texte se lit comme suit : \u00ab Formules fond\u00e9es sur des bases scientifiques \u00bb et \u00ab Formules soigneusement d\u00e9velopp\u00e9es \u00bb. Les bouteilles de produit contenant du liquide bleu sont illustr\u00e9es.\" src=\"https:\/\/images-na.ssl-images-amazon.com\/images\/G\/01\/x-locale\/common\/grey-pixel.gif\" class=\"a-lazy-loaded\" data-src=\"https:\/\/m.media-amazon.com\/images\/S\/aplus-media-library-service-media\/7f28803e-0f28-4823-a480-51dbf93aa4aa.__CR0,0,362,453_PT0_SX362_V1___.png\"><img decoding=\"async\" alt=\"Le texte se lit comme suit : \u00ab Formules fond\u00e9es sur des bases scientifiques \u00bb et \u00ab Formules soigneusement d\u00e9velopp\u00e9es \u00bb. Les bouteilles de produit contenant du liquide bleu sont illustr\u00e9es.\" src=\"https:\/\/m.media-amazon.com\/images\/S\/aplus-media-library-service-media\/7f28803e-0f28-4823-a480-51dbf93aa4aa.__CR0,0,362,453_PT0_SX362_V1___.png\">  <\/p>\n<p>                                              <img decoding=\"async\" alt=\"Le texte se lit comme suit : \u00ab Normes de qualit\u00e9 claires \u00bb et \u00ab Mati\u00e8res premi\u00e8res s\u00e9lectionn\u00e9es, Transformation soign\u00e9e, Qualit\u00e9 constante \u00bb. Le produit montre un flacon pulv\u00e9risateur en verre ambr\u00e9 avec un emballage en bo\u00eete sur fond beige.\" src=\"https:\/\/images-na.ssl-images-amazon.com\/images\/G\/01\/x-locale\/common\/grey-pixel.gif\" class=\"a-lazy-loaded\" data-src=\"https:\/\/m.media-amazon.com\/images\/S\/aplus-media-library-service-media\/1c435b9c-1632-4c23-a579-8c6a09411a66.__CR0,0,362,453_PT0_SX362_V1___.png\"><img decoding=\"async\" alt=\"Le texte se lit comme suit : \u00ab Normes de qualit\u00e9 claires \u00bb et \u00ab Mati\u00e8res premi\u00e8res s\u00e9lectionn\u00e9es, Transformation soign\u00e9e, Qualit\u00e9 constante \u00bb. Le produit montre un flacon pulv\u00e9risateur en verre ambr\u00e9 avec un emballage en bo\u00eete sur fond beige.\" src=\"https:\/\/m.media-amazon.com\/images\/S\/aplus-media-library-service-media\/1c435b9c-1632-4c23-a579-8c6a09411a66.__CR0,0,362,453_PT0_SX362_V1___.png\">  <\/p>\n<p>                                              <img decoding=\"async\" alt=\"Le texte se lit comme suit : \u00ab Directement. Precis. Con\u00e7u pour le quotidien. \u00bb \u00ab Utilisation simple. \u00bb Pr\u00e9sentoir du produit montrant des bouteilles transparentes avec un emballage \u00e9tiquet\u00e9 en violet sur fond neutre.\" src=\"https:\/\/images-na.ssl-images-amazon.com\/images\/G\/01\/x-locale\/common\/grey-pixel.gif\" class=\"a-lazy-loaded\" data-src=\"https:\/\/m.media-amazon.com\/images\/S\/aplus-media-library-service-media\/ef8b9c59-d763-4c77-a0d6-cb1e9df2de2c.__CR0,0,362,453_PT0_SX362_V1___.png\"><img decoding=\"async\" alt=\"Le texte se lit comme suit : \u00ab Directement. Precis. Con\u00e7u pour le quotidien. \u00bb \u00ab Utilisation simple. \u00bb Pr\u00e9sentoir du produit montrant des bouteilles transparentes avec un emballage \u00e9tiquet\u00e9 en violet sur fond neutre.\" src=\"https:\/\/m.media-amazon.com\/images\/S\/aplus-media-library-service-media\/ef8b9c59-d763-4c77-a0d6-cb1e9df2de2c.__CR0,0,362,453_PT0_SX362_V1___.png\">  <\/p>\n<p>                                              <img decoding=\"async\" alt=\"Le texte se lit comme suit : \u00ab D\u00e9velopp\u00e9 pour les r\u00e9alit\u00e9s de la vie moderne. Adapt\u00e9 \u00e0 son rythme \u00bb. Les images du produit montrent une bo\u00eete de suppl\u00e9ments SLIM rouge et un flacon pulv\u00e9risateur contenant des ingr\u00e9dients \u00e0 base de baies.\" src=\"https:\/\/images-na.ssl-images-amazon.com\/images\/G\/01\/x-locale\/common\/grey-pixel.gif\" class=\"a-lazy-loaded\" data-src=\"https:\/\/m.media-amazon.com\/images\/S\/aplus-media-library-service-media\/12a86502-ae97-427b-8a60-820496293eaa.__CR0,0,362,453_PT0_SX362_V1___.png\"><img decoding=\"async\" alt=\"Le texte se lit comme suit : \u00ab D\u00e9velopp\u00e9 pour les r\u00e9alit\u00e9s de la vie moderne. Adapt\u00e9 \u00e0 son rythme \u00bb. Les images du produit montrent une bo\u00eete de suppl\u00e9ments SLIM rouge et un flacon pulv\u00e9risateur contenant des ingr\u00e9dients \u00e0 base de baies.\" src=\"https:\/\/m.media-amazon.com\/images\/S\/aplus-media-library-service-media\/12a86502-ae97-427b-8a60-820496293eaa.__CR0,0,362,453_PT0_SX362_V1___.png\">  <\/p>\n<p>                                              <img decoding=\"async\" alt=\"Le texte indique \u00ab Ce qui compte pour nous \u00bb, suivi des bouteilles de produits sur fond beige. Le texte suppl\u00e9mentaire mentionne \u00ab Des produits que nous utilisons tous \u00bb et \u00ab additifs inutiles \u00bb.\" src=\"https:\/\/images-na.ssl-images-amazon.com\/images\/G\/01\/x-locale\/common\/grey-pixel.gif\" class=\"a-lazy-loaded\" data-src=\"https:\/\/m.media-amazon.com\/images\/S\/aplus-media-library-service-media\/0e00c543-3e94-4730-a243-4ec80309fae4.__CR0,0,362,453_PT0_SX362_V1___.png\"><img decoding=\"async\" alt=\"Le texte indique \u00ab Ce qui compte pour nous \u00bb, suivi des bouteilles de produits sur fond beige. Le texte suppl\u00e9mentaire mentionne \u00ab Des produits que nous utilisons tous \u00bb et \u00ab additifs inutiles \u00bb.\" src=\"https:\/\/m.media-amazon.com\/images\/S\/aplus-media-library-service-media\/0e00c543-3e94-4730-a243-4ec80309fae4.__CR0,0,362,453_PT0_SX362_V1___.png\">  <\/p>\n<p>                                              <img decoding=\"async\" alt=\"Le texte se lit comme suit : \u00ab Des r\u00e9ponses aux exigences de notre \u00e9poque \u00bb et \u00ab Des solutions r\u00e9fl\u00e9chies pour le quotidien moderne \u00bb. Le produit montre un flacon pulv\u00e9risateur vert avec un motif de feuille et un emballage blanc.\" src=\"https:\/\/images-na.ssl-images-amazon.com\/images\/G\/01\/x-locale\/common\/grey-pixel.gif\" class=\"a-lazy-loaded\" data-src=\"https:\/\/m.media-amazon.com\/images\/S\/aplus-media-library-service-media\/30537c7e-c765-4d55-b78f-d7cba5cadace.__CR0,0,362,453_PT0_SX362_V1___.png\"><img decoding=\"async\" alt=\"Le texte se lit comme suit : \u00ab Des r\u00e9ponses aux exigences de notre \u00e9poque \u00bb et \u00ab Des solutions r\u00e9fl\u00e9chies pour le quotidien moderne \u00bb. Le produit montre un flacon pulv\u00e9risateur vert avec un motif de feuille et un emballage blanc.\" src=\"https:\/\/m.media-amazon.com\/images\/S\/aplus-media-library-service-media\/30537c7e-c765-4d55-b78f-d7cba5cadace.__CR0,0,362,453_PT0_SX362_V1___.png\">  <\/p>\n<p> Product Dimensions                                            \u200f                                            :                                            \u200e                                            3.5 x 3.5 x 11 cm; 80 g   <br \/> Manufacturer                                            \u200f                                            :                                            \u200e                                            B4SOUND D.O.O.   <br \/> ASIN                                            \u200f                                            :                                            \u200e                                            B0FTZ93CFZ   <br \/> Item model number                                            \u200f                                            :                                            \u200e                                            NV-MEMORY   <br \/>Daily support of memory and concentration thanks to a formula based on carefully selected natural extracts.<br \/>Contributes to the maintenance of cognitive functions and mental clarity during periods of intense intellectual exertion.<br \/>Synergistic association of Chinese schisandra, rhodiola, bacopa, lion&#8217;s mane (Hericium erinaceus) and ginkgo biloba acting in a complementary way: Bacopa and lion&#8217;s mane are traditionally used in formulas dedicated to memory, learning and mental clarity Chinese schisandra and rhodiola are valued to support mental performance and Adaptation to daily stress. Ginkgo biloba is known for its use in cognitive wellness and concentration formulas.<br \/>Oral spray format allows quick and convenient absorption of active ingredients without capsules or water.<br \/>MCT coconut oil support promoting better bioavailability of extracts compared to traditional forms.<br \/>Ideal for students, professionals and anyone exposed to high mental load.<br \/>30ml bottle designed for daily use for 30 days.<br \/>\n<button id=\"nav-assist-product-summary\" role=\"button\" tabindex=\"-1\" class=\"nav-assistant-menu-item nav-assistant-link-item nav-assistant-keyboard-shortcut-item keyboard-shortcut-menu-container a-color-base a-color-link nav-assistant-link-button\" data-nav-assist-menu-item-index=\"13\" data-behavior=\"activate\" data-actuators='[{\"eventKey\":\"\u00ce\",\"eventCode\":\"KeyD\",\"isShiftRequired\":true},{\"eventKey\":\"\u2122\",\"eventCode\":\"KeyD\",\"isShiftRequired\":true},{\"eventKey\":\"\u2206\",\"eventCode\":\"KeyD\",\"isShiftRequired\":true},{\"eventKey\":\"D\",\"isShiftRequired\":true}]' data-target=\"#pqv-trigger\" data-modal-ignore='[data-cel-widget=\"pqv-dpx-widget-desktop\"]' aria-label=\"Product summary, shift, ALT, d\" aria-describedby=\"nav-assist-shortcut-help\"><\/p>\n<div class=\"keyboard-shortcut-container\" aria-hidden=\"true\">\n          <span class=\"shortcut-name nav-assistant-card-font\">Product summary<\/span><\/p>\n<div class=\"shortcut-keys-container\" dir=\"ltr\">\n              <span class=\"shortcut-key nav-assistant-card-font font-color\">shift<\/span><br \/>\n              <span class=\"plus-sign-color\">+<\/span><br \/>\n              <span class=\"shortcut-key nav-assistant-card-font font-color\">ALT<\/span><br \/>\n              <span class=\"plus-sign-color\">+<\/span><br \/>\n              <span class=\"shortcut-key nav-assistant-card-font font-color\">D<\/span><\/p><\/div>\n<\/p><\/div>\n<p>      <\/button><br \/>\n<br \/><\/p>\n","protected":false},"excerpt":{"rendered":"<p> From the brand Product Dimensions \u200f : \u200e 3.5 x 3.5 x 11 cm; 80 g Manufacturer \u200f : \u200e B4SOUND D.O.O. ASIN \u200f : \u200e B0FTZ93CFZ Item model number \u200f : \u200e NV-MEMORY Daily support of memory and concentration thanks to a formula based on carefully selected natural extracts.Contributes [&hellip;]<\/p>\n","protected":false},"featured_media":29249,"comment_status":"open","ping_status":"closed","template":"","meta":{"_gspb_post_css":"","om_disable_all_campaigns":false,"_monsterinsights_skip_tracking":false,"_monsterinsights_sitenote_active":false,"_monsterinsights_sitenote_note":"","_monsterinsights_sitenote_category":0},"store":[],"product_brand":[],"product_cat":[150],"product_tag":[1577,4941,1164,299,3198,5592,1163,2707,2708,424,260,3488,419,461,1946,200],"class_list":{"0":"post-29248","1":"product","2":"type-product","3":"status-publish","4":"has-post-thumbnail","6":"product_cat-anti-stress-adaptogenes","7":"product_tag-30ml","8":"product_tag-bacopa","9":"product_tag-biloba","10":"product_tag-dietary","11":"product_tag-extracts","12":"product_tag-focus","13":"product_tag-ginkgo","14":"product_tag-lions","15":"product_tag-mane","16":"product_tag-memory","17":"product_tag-natural","18":"product_tag-oral","19":"product_tag-rhodiola","20":"product_tag-schisandra","21":"product_tag-spray","22":"product_tag-supplement","24":"first","25":"instock","26":"sale","27":"shipping-taxable","28":"product-type-external"},"aioseo_notices":[],"jetpack_sharing_enabled":true,"_links":{"self":[{"href":"https:\/\/www.zolattitude.com\/index.php\/wp-json\/wp\/v2\/product\/29248","targetHints":{"allow":["GET"]}}],"collection":[{"href":"https:\/\/www.zolattitude.com\/index.php\/wp-json\/wp\/v2\/product"}],"about":[{"href":"https:\/\/www.zolattitude.com\/index.php\/wp-json\/wp\/v2\/types\/product"}],"replies":[{"embeddable":true,"href":"https:\/\/www.zolattitude.com\/index.php\/wp-json\/wp\/v2\/comments?post=29248"}],"wp:featuredmedia":[{"embeddable":true,"href":"https:\/\/www.zolattitude.com\/index.php\/wp-json\/wp\/v2\/media\/29249"}],"wp:attachment":[{"href":"https:\/\/www.zolattitude.com\/index.php\/wp-json\/wp\/v2\/media?parent=29248"}],"wp:term":[{"taxonomy":"store","embeddable":true,"href":"https:\/\/www.zolattitude.com\/index.php\/wp-json\/wp\/v2\/store?post=29248"},{"taxonomy":"product_brand","embeddable":true,"href":"https:\/\/www.zolattitude.com\/index.php\/wp-json\/wp\/v2\/product_brand?post=29248"},{"taxonomy":"product_cat","embeddable":true,"href":"https:\/\/www.zolattitude.com\/index.php\/wp-json\/wp\/v2\/product_cat?post=29248"},{"taxonomy":"product_tag","embeddable":true,"href":"https:\/\/www.zolattitude.com\/index.php\/wp-json\/wp\/v2\/product_tag?post=29248"}],"curies":[{"name":"wp","href":"https:\/\/api.w.org\/{rel}","templated":true}]}}