{"id":29271,"date":"2026-04-29T01:46:33","date_gmt":"2026-04-29T01:46:33","guid":{"rendered":"https:\/\/www.zolattitude.com\/index.php\/product\/magnesium-complex-premium-5-premium-compounds-200mg-elemental-magnesium-per-daily-dose-magnesium-bisglycinate-and-citrate-lab-tested-100-vegan\/"},"modified":"2026-04-29T01:46:44","modified_gmt":"2026-04-29T01:46:44","slug":"magnesium-complex-premium-5-premium-compounds-200mg-elemental-magnesium-per-daily-dose-magnesium-bisglycinate-and-citrate-lab-tested-100-vegan","status":"publish","type":"product","link":"https:\/\/www.zolattitude.com\/index.php\/product\/magnesium-complex-premium-5-premium-compounds-200mg-elemental-magnesium-per-daily-dose-magnesium-bisglycinate-and-citrate-lab-tested-100-vegan\/","title":{"rendered":"Magnesium Complex, Premium 5 Premium Compounds, 200mg Elemental Magnesium per Daily Dose, Magnesium Bisglycinate and Citrate, Lab Tested, 100% Vegan"},"content":{"rendered":"<p>Price: <span style=\"color:#b12704\">\u20ac19.99<\/span><br \/><i><small>(as of Apr 29, 2026 01:46:33 UTC &#8211; <span class=\"wp_automatic_amazon_disclaimer\" title=\"Product prices and availability are accurate as of the date\/time indicated and are subject to change. Any price and availability information displayed on [relevant Amazon Site(s), as applicable] at the time of purchase will apply to the purchase of this product.\">Details<\/span>)<\/small><\/i><br \/><a href=\"https:\/\/amazon.fr\/dp\/B08XY19B1X?tag=onamzmoukoubl-21\"><img decoding=\"async\" src=\"https:\/\/valvepress.s3.amazonaws.com\/imgs\/buy_now.png\"><\/a><br \/>\n<\/p>\n<p>                                                 Product Description   <\/p>\n<p>                                                                             <img decoding=\"async\" alt=\"Bouteille de suppl\u00e9ment de complexe de magn\u00e9sium sur table avec salade. Graphique circulaire orange indiquant \u00ab Complexe de Magn\u00e9sium \u00bb et \u00ab Les 5 glorieuses pour plus de puissance \u00bb. La marque Gloryfeel\" src=\"https:\/\/images-na.ssl-images-amazon.com\/images\/G\/01\/x-locale\/common\/grey-pixel.gif\" class=\"a-spacing-base a-lazy-loaded\" data-src=\"https:\/\/m.media-amazon.com\/images\/S\/aplus-media-library-service-media\/9b693a09-0aff-4cbe-8b5b-41a3f4c90b34.__CR0,15,970,600_PT0_SX970_V1___.jpg\"><img decoding=\"async\" alt=\"Bouteille de suppl\u00e9ment de complexe de magn\u00e9sium sur table avec salade. Graphique circulaire orange indiquant \u00ab Complexe de Magn\u00e9sium \u00bb et \u00ab Les 5 glorieuses pour plus de puissance \u00bb. La marque Gloryfeel\" src=\"https:\/\/m.media-amazon.com\/images\/S\/aplus-media-library-service-media\/9b693a09-0aff-4cbe-8b5b-41a3f4c90b34.__CR0,15,970,600_PT0_SX970_V1___.jpg\">                                         <\/p>\n<h3 class=\"a-spacing-mini\"> Le complexe de 5 ingr\u00e9dients pour plus de puissance et moins de fatigue <\/h3>\n<p class=\"a-spacing-base\"> Le magn\u00e9sium est un nutriment essentiel, mais notre corps ne peut pas le produire lui-m\u00eame. Nous devons donc en consommer suffisamment chaque jour dans notre alimentation. Notre complexe de magn\u00e9sium combine 5 formes diff\u00e9rentes de magn\u00e9sium : oxyde de magn\u00e9sium, dicitrate de trimagn\u00e9sium, bisglycinate de magn\u00e9sium, malate de magn\u00e9sium et ascorbate de magn\u00e9sium. De cette mani\u00e8re, l&#8217;organisme peut absorber les quantit\u00e9s n\u00e9cessaires de magn\u00e9sium provenant de diff\u00e9rentes sources, couvrant ainsi facilement les besoins quotidiens. Le magn\u00e9sium poss\u00e8de de nombreuses propri\u00e9t\u00e9s b\u00e9n\u00e9fiques pour la sant\u00e9 et contribue, entre autres, au fonctionnement normal des muscles et au maintien d&#8217;une ossature et d&#8217;une dentition normales. <\/p>\n<p>                                                  <img decoding=\"async\" alt=\"aplus content image\" src=\"https:\/\/images-na.ssl-images-amazon.com\/images\/G\/01\/x-locale\/common\/grey-pixel.gif\" class=\"a-lazy-loaded\" data-src=\"https:\/\/m.media-amazon.com\/images\/S\/aplus-media-library-service-media\/782f350a-87fd-483f-a17b-4ac8ab2fac42.__CR0,0,970,300_PT0_SX970_V1___.jpg\"><img decoding=\"async\" alt=\"aplus content image\" src=\"https:\/\/m.media-amazon.com\/images\/S\/aplus-media-library-service-media\/782f350a-87fd-483f-a17b-4ac8ab2fac42.__CR0,0,970,300_PT0_SX970_V1___.jpg\">  <\/p>\n<p>                                                                             <img decoding=\"async\" alt=\"Flacon de pilules de suppl\u00e9ment de magn\u00e9sium Gloryfeel avec capsules blanches. Les ic\u00f4nes montrent les avantages : r\u00e9duction de la fatigue, contribution au m\u00e9tabolisme \u00e9nerg\u00e9tique, \u00e0 la fonction musculaire et au maintien de l&amp;#39;\u00e9quilibre \u00e9lectrolytique.\" src=\"https:\/\/images-na.ssl-images-amazon.com\/images\/G\/01\/x-locale\/common\/grey-pixel.gif\" class=\"a-spacing-base a-lazy-loaded\" data-src=\"https:\/\/m.media-amazon.com\/images\/S\/aplus-media-library-service-media\/90fe05a6-1203-4224-9749-0f3f4128ffb9.__CR0,22,970,600_PT0_SX970_V1___.jpg\"><img decoding=\"async\" alt=\"Flacon de pilules de suppl\u00e9ment de magn\u00e9sium Gloryfeel avec capsules blanches. Les ic\u00f4nes montrent les avantages : r\u00e9duction de la fatigue, contribution au m\u00e9tabolisme \u00e9nerg\u00e9tique, \u00e0 la fonction musculaire et au maintien de l&amp;#39;\u00e9quilibre \u00e9lectrolytique.\" src=\"https:\/\/m.media-amazon.com\/images\/S\/aplus-media-library-service-media\/90fe05a6-1203-4224-9749-0f3f4128ffb9.__CR0,22,970,600_PT0_SX970_V1___.jpg\">                                                                    <\/p>\n<p class=\"apm-text-center\">\n                                                      <img decoding=\"async\" alt=\"un tas de guimauves blanches avec un cercle orange en arri\u00e8re-plan\" src=\"https:\/\/images-na.ssl-images-amazon.com\/images\/G\/01\/x-locale\/common\/grey-pixel.gif\" class=\"a-lazy-loaded\" data-src=\"https:\/\/m.media-amazon.com\/images\/S\/aplus-media-library-service-media\/b6d9a11a-184f-40dc-8fe3-17a21cef3645.__CR0,0,220,220_PT0_SX220_V1___.jpg\"><\/p>\n<p><img decoding=\"async\" alt=\"un tas de guimauves blanches avec un cercle orange en arri\u00e8re-plan\" src=\"https:\/\/m.media-amazon.com\/images\/S\/aplus-media-library-service-media\/b6d9a11a-184f-40dc-8fe3-17a21cef3645.__CR0,0,220,220_PT0_SX220_V1___.jpg\"><br \/>\n                                                    Tout ce dont vous avez besoin, sans promesses vaines                                     <\/p>\n<p class=\"a-size-small\"> La fa\u00e7on dont nous soutenons notre corps n&#8217;est pas une d\u00e9cision facile \u00e0 prendre. C&#8217;est pourquoi nous ne voulons pas la fabriquer plus compliqu\u00e9e qu&#8217;elle ne l&#8217;est d\u00e9j\u00e0 : nos produits contiennent les meilleurs ingr\u00e9dients, s\u00e9lectionn\u00e9s par nos experts. <\/p>\n<p class=\"a-size-small\"> gloryfeel : 100% qualit\u00e9, 0% de paroles en l&#8217;air. <\/p>\n<p class=\"apm-text-center\">\n                                                      <img decoding=\"async\" alt=\"femme regardant \u00e0 travers un microscope\" src=\"https:\/\/images-na.ssl-images-amazon.com\/images\/G\/01\/x-locale\/common\/grey-pixel.gif\" class=\"a-lazy-loaded\" data-src=\"https:\/\/m.media-amazon.com\/images\/S\/aplus-media-library-service-media\/9d2a4359-ef4a-46e9-848d-fdee1b574f94.__CR0,0,220,220_PT0_SX220_V1___.jpg\"><\/p>\n<p><img decoding=\"async\" alt=\"femme regardant \u00e0 travers un microscope\" src=\"https:\/\/m.media-amazon.com\/images\/S\/aplus-media-library-service-media\/9d2a4359-ef4a-46e9-848d-fdee1b574f94.__CR0,0,220,220_PT0_SX220_V1___.jpg\"><br \/>\n                                                    Le ressentez-vous aussi ? Notre promesse de qualit\u00e9                                     <\/p>\n<p class=\"a-size-small\"> Notre marque n&#8217;a pas cess\u00e9 d&#8217;\u00e9voluer au fil des ans. De nouvelles couleurs, un nouveau logo, mais une chose est rest\u00e9e la m\u00eame : la tr\u00e8s haute qualit\u00e9 de nos produits, pour lesquels nous ne fabriquons aucun compromis. D&#8217;ailleurs, nous faisons toujours contr\u00f4ler la qualit\u00e9 par des laboratoires externes et ind\u00e9pendants. <\/p>\n<p class=\"apm-text-center\">\n                                                      <img decoding=\"async\" alt=\"Bouteille en plastique blanche avec \u00e9tiquette bleue sur fond bleu clair avec un \u00e9l\u00e9ment circulaire orange dans le coin.\" src=\"https:\/\/images-na.ssl-images-amazon.com\/images\/G\/01\/x-locale\/common\/grey-pixel.gif\" class=\"a-lazy-loaded\" data-src=\"https:\/\/m.media-amazon.com\/images\/S\/aplus-media-library-service-media\/6576163e-cee4-4ae8-85c7-820444ca894c.__CR0,0,220,220_PT0_SX220_V1___.jpg\"><\/p>\n<p><img decoding=\"async\" alt=\"Bouteille en plastique blanche avec \u00e9tiquette bleue sur fond bleu clair avec un \u00e9l\u00e9ment circulaire orange dans le coin.\" src=\"https:\/\/m.media-amazon.com\/images\/S\/aplus-media-library-service-media\/6576163e-cee4-4ae8-85c7-820444ca894c.__CR0,0,220,220_PT0_SX220_V1___.jpg\"><br \/>\n                                                    Plus de 70 produits pour votre bien-\u00eatre                                     <\/p>\n<p class=\"a-size-small\"> Nos produits sont mis sur le march\u00e9 avec un seul objectif : vous. Nous avons plus de 70 produits dans notre assortiment, afin que votre bien-\u00eatre puisse augmenter, et votre joie de vivre avec. Nous cherchons, d\u00e9veloppons et proposons des r\u00e9ponses solides aux questions complexes sur l&#8217;alimentation. Nous le faisons avec passion, joie de vivre et \u00e9nergie. <\/p>\n<p class=\"apm-text-center\">\n                                                      <img decoding=\"async\" alt=\"femme tenant un bol de salade\" src=\"https:\/\/images-na.ssl-images-amazon.com\/images\/G\/01\/x-locale\/common\/grey-pixel.gif\" class=\"a-lazy-loaded\" data-src=\"https:\/\/m.media-amazon.com\/images\/S\/aplus-media-library-service-media\/0fd42762-0005-4190-b9e6-732162a74751.__CR0,0,220,220_PT0_SX220_V1___.jpg\"><\/p>\n<p><img decoding=\"async\" alt=\"femme tenant un bol de salade\" src=\"https:\/\/m.media-amazon.com\/images\/S\/aplus-media-library-service-media\/0fd42762-0005-4190-b9e6-732162a74751.__CR0,0,220,220_PT0_SX220_V1___.jpg\"><br \/>\n                                                    Notre vision et notre objectif : vous permettre de vous sentir mieux                                     <\/p>\n<p class=\"a-size-small\"> Tout le monde m\u00e9rite plus de joie de vivre : nous voulons aider les gens \u00e0 vivre une vie saine et \u00e9quilibr\u00e9e. Nous assumons cette responsabilit\u00e9 en proposant des compl\u00e9ments alimentaires d\u00e9velopp\u00e9s avec passion et qui vous apportent la joie de vivre chez vous. <\/p>\n<p>                         Add To Basket  <\/p>\n<p>                         Add To Basket  <\/p>\n<p>                         Add To Basket  <\/p>\n<p>                         Add To Basket  <\/p>\n<p>                         Add To Basket  <\/p>\n<p>                             Customer Reviews  <\/p>\n<p>                    4.2 out of 5 stars     8,835    <\/p>\n<p>                    4.4 out of 5 stars     1,540    <\/p>\n<p>                    4.4 out of 5 stars     2,779    <\/p>\n<p>                    4.2 out of 5 stars     12,077    <\/p>\n<p>                    4.2 out of 5 stars     3,330    <\/p>\n<p>                             Price  <\/p>\n<p>                                    \u20ac17.99\u20ac17.99                  \u20ac19.99\u20ac19.99                  \u20ac17.99\u20ac17.99                  \u20ac22.99\u20ac22.99                  \u20ac23.99\u20ac23.99           <\/p>\n<p>                             Principaux ingr\u00e9dients<br \/>\n                                Hydrolysate de collag\u00e8ne, agente d&#8217;enrobage, oxyde de magn\u00e9sium, acide L-ascorbique, citrate de zinc, hyaluronate de sodium, coenzyme Q10, ac\u00e9tate de r\u00e9tinyle, chol\u00e9calcif\u00e9rol, m\u00e9thylcobalamine                Oxyde de Magn\u00e9sium, Dicitrate de Tri-Magn\u00e9sium, Bisglycinate de Magn\u00e9sium, Mala de Magn\u00e9sium, Ascorbate de Magn\u00e9sium               Citrate de magn\u00e9sium tribasique, rev\u00eatement (hydroxypropylm\u00e9thylcellulose)               Collag\u00e8ne, acide hyaluronique, vitamine C d&#8217;ac\u00e9rola, zinc, extrait de bambou, biotine, s\u00e9l\u00e9nium. Ne contient ni iode ni additifs               Hyaluronate de sodium, extrait de son de riz           <\/p>\n<p>                             Directions<br \/>\n                                Prenez 1 capsule par jour avec un repas et un verre d&#8217;eau               Prenez 1 g\u00e9lule par jour avec un verre d&#8217;eau pendant un repas.               Prenez 3 x 1 g\u00e9lule par jour avec un verre d&#8217;eau pendant les repas               Prenez 2 capsules par jour avant un repas avec beaucoup d&#8217;eau               Prenez 1 capsule par jour avec un verre d&#8217;eau pendant le repas principal           <\/p>\n<p>                             Avantages<br \/>\n                                Le collag\u00e8ne est un composant important de la peau, des cheveux et des ongles. La vit C contribue \u00e0 la formation normale de collag\u00e8ne pour une fonction cartilagineuse normale. La vit A &amp; le zinc contribuent au maintien d&#8217;une peau normale               Le magn\u00e9sium aide \u00e0 r\u00e9duire la fatigue et l&#8217;\u00e9puisement. Le magn\u00e9sium favorise le fonctionnement normal du syst\u00e8me nerveux et des muscles               Le magn\u00e9sium aide \u00e0 r\u00e9duire la fatigue et l&#8217;\u00e9puisement. Le magn\u00e9sium favorise le fonctionnement normal du syst\u00e8me nerveux et des muscles               Il contribue \u00e0 r\u00e9duire les signes du vieillissement et \u00e0 maintenir une peau, des articulations et des cartilages sains               L&#8217;acide hyaluronique est un composant majeur du tissu conjonctif de la peau et joue un r\u00f4le dans le maintien de sa souplesse. Il agit \u00e9galement comme un &#8220;lubrifiant&#8221; pour les articulations et le cartilage           <\/p>\n<p>                             Quantit\u00e9 par bo\u00eete<br \/>\n                                60 capsules                180 capsules               200 capsules                180 capsules               90 capsules           <\/p>\n<p>                             Approvisionnement<br \/>\n                                2 mois                Environ 6 mois                Environ 3 mois                Environ 2 mois               3 mois           <\/p>\n<p>                             V\u00e9g\u00e9talien<br \/>\n                                Non, il contient des hydrolysats de collag\u00e8ne de poisson<br \/>\n                                              \u2713<\/p>\n<p>                                              \u2713<br \/>\n                                                        Non. Contient du collag\u00e8ne hydrolys\u00e9 (bovin)<br \/>\n                                              \u2713<\/p>\n<p>                             Sans OGM, engrais artificiels, pesticides et fongicides  <\/p>\n<p>                                              \u2713<\/p>\n<p>                                              \u2713<\/p>\n<p>                                              \u2713<\/p>\n<p>                                              \u2713<\/p>\n<p>                                              \u2713<\/p>\n<p>                             Sans gluten, sans lactose  <\/p>\n<p>                                              \u2713<\/p>\n<p>                                              \u2713<\/p>\n<p>                                              \u2713<\/p>\n<p>                                              \u2713<\/p>\n<p>                                              \u2713<\/p>\n<p>                             Dosage \u00e9lev\u00e9  <\/p>\n<p>                                              \u2713<\/p>\n<p>                                              \u2713<\/p>\n<p>                                              \u2713<\/p>\n<p>                                              \u2713<\/p>\n<p>                                              \u2713<\/p>\n<p> Package Dimensions                                            \u200f                                            :                                            \u200e                                            12.5 x 6.5 x 6.4 cm; 240 g   <br \/> Manufacturer                                            \u200f                                            :                                            \u200e                                            GloryFeel   <br \/> ASIN                                            \u200f                                            :                                            \u200e                                            B08XY19B1X   <br \/> Manufacturer reference                                            \u200f                                            :                                            \u200e                                            gf-mag-komplex   <br \/> Country of origin                                            \u200f                                            :                                            \u200e                                            Germany   <br \/>  Customer reviews:                                                                                            4.4               4.4 out of 5 stars                                  (1,540)                                              var dpAcrHasRegisteredArcLinkClickAction;                    P.when(&#8216;A&#8217;, &#8216;ready&#8217;).execute(function(A) {                        if (dpAcrHasRegisteredArcLinkClickAction !== true) {                            dpAcrHasRegisteredArcLinkClickAction = true;                            A.declarative(                                &#8216;acrLink-click-metrics&#8217;, &#8216;click&#8217;,                                { &#8220;allowLinkDefault&#8221;: true },                                function (event) {                                    if (window.ue) {                                        ue.count(&#8220;acrLinkClickCount&#8221;, (ue.count(&#8220;acrLinkClickCount&#8221;) || 0) + 1);                                    }                                }                            );                        }                    });                                             P.when(&#8216;A&#8217;, &#8216;cf&#8217;).execute(function(A) {                A.declarative(&#8216;acrStarsLink-click-metrics&#8217;, &#8216;click&#8217;, { &#8220;allowLinkDefault&#8221; : true },  function(event){                    if(window.ue) {                        ue.count(&#8220;acrStarsLinkWithPopoverClickCount&#8221;, (ue.count(&#8220;acrStarsLinkWithPopoverClickCount&#8221;) || 0) + 1);                    }                });            });                          <br \/>COMPLEX OF 5 FORMS OF PREMIUM MAGNESIUM &#8211; BIOACTIVE MAGNESIUM &#8211; Innovative 5-in-1 formula with 5 different magnesium compounds: tri-magnesium dicitrate, magnesium oxide, magnesium bisglycinate, magnesium malate and magnesium ascorbate. 180 vegan capsules give you 200 mg of elemental magnesium per daily dose (2 capsules).<br \/>MUSCLES, BONE AND ENERGY IMPROVEMENT* &#8211; Magnesium contributes to normal muscle function, as well as maintaining normal bones and teeth. Magnesium contributes to the normal functioning of the nervous system, normal mental function, reduced fatigue and exhaustion, and normal energy metabolism. Magnesium contributes to electrolyte balance and plays a role in cell division*.<br \/>EXCELLENT VALUE FOR MONEY &#8211; Our highly bioavailable blend of 5 forms of magnesium gives you fast and prolonged absorption as well as different absorption pathways. The body absorbs the necessary amounts of magnesium from different sources and can easily cover the daily needs. The complex magnesium capsules, small and easy to swallow, ensure a simple setting.<br \/>Premium quality, no undesirable additives \u2013 Our complex magnesium capsules are made without artificial additives or GMOs. No anti-caking agents, no flavours, no stabilizers, no lactose, no gluten and above all no preservatives.<br \/>NEW STANDARDS OF QUALITY AND STABILITY &#8211; gloryfeel products are manufactured in Germany and undergo extensive stability tests in order to maintain a consistent quality over a long period of time. Our commitment to exceed industry standards underscores our leadership position in quality assurance. Discover our certificates of analysis for more transparency and trust. Keep out of reach of children and not recommended for children under 6 years old.<br \/>\n<button id=\"nav-assist-product-summary\" role=\"button\" tabindex=\"-1\" class=\"nav-assistant-menu-item nav-assistant-link-item nav-assistant-keyboard-shortcut-item keyboard-shortcut-menu-container a-color-base a-color-link nav-assistant-link-button\" data-nav-assist-menu-item-index=\"13\" data-behavior=\"activate\" data-actuators='[{\"eventKey\":\"\u00ce\",\"eventCode\":\"KeyD\",\"isShiftRequired\":true},{\"eventKey\":\"\u2122\",\"eventCode\":\"KeyD\",\"isShiftRequired\":true},{\"eventKey\":\"\u2206\",\"eventCode\":\"KeyD\",\"isShiftRequired\":true},{\"eventKey\":\"D\",\"isShiftRequired\":true}]' data-target=\"#pqv-trigger\" data-modal-ignore='[data-cel-widget=\"pqv-dpx-widget-desktop\"]' aria-label=\"Product summary, shift, ALT, d\" aria-describedby=\"nav-assist-shortcut-help\"><\/p>\n<div class=\"keyboard-shortcut-container\" aria-hidden=\"true\">\n          <span class=\"shortcut-name nav-assistant-card-font\">Product summary<\/span><\/p>\n<div class=\"shortcut-keys-container\" dir=\"ltr\">\n              <span class=\"shortcut-key nav-assistant-card-font font-color\">shift<\/span><br \/>\n              <span class=\"plus-sign-color\">+<\/span><br \/>\n              <span class=\"shortcut-key nav-assistant-card-font font-color\">ALT<\/span><br \/>\n              <span class=\"plus-sign-color\">+<\/span><br \/>\n              <span class=\"shortcut-key nav-assistant-card-font font-color\">D<\/span><\/p><\/div>\n<\/p><\/div>\n<p>      <\/button><br \/>\n<br \/><\/p>\n","protected":false},"excerpt":{"rendered":"<p> Product Description Le complexe de 5 ingr\u00e9dients pour plus de puissance et moins de fatigue Le magn\u00e9sium est un nutriment essentiel, mais notre corps ne peut pas le produire lui-m\u00eame. Nous devons donc en consommer suffisamment chaque jour dans notre alimentation. Notre complexe de magn\u00e9sium combine 5 formes diff\u00e9rentes de [&hellip;]<\/p>\n","protected":false},"featured_media":29272,"comment_status":"open","ping_status":"closed","template":"","meta":{"_gspb_post_css":"","om_disable_all_campaigns":false,"_monsterinsights_skip_tracking":false,"_monsterinsights_sitenote_active":false,"_monsterinsights_sitenote_note":"","_monsterinsights_sitenote_category":0},"store":[],"product_brand":[],"product_cat":[143],"product_tag":[2821,293,2475,173,3377,948,306,2356,587,287,375,951,261],"class_list":{"0":"post-29271","1":"product","2":"type-product","3":"status-publish","4":"has-post-thumbnail","6":"product_cat-mineraux","7":"product_tag-200mg","8":"product_tag-bisglycinate","9":"product_tag-citrate","10":"product_tag-complex","11":"product_tag-compounds","12":"product_tag-daily","13":"product_tag-dose","14":"product_tag-elemental","15":"product_tag-lab","16":"product_tag-magnesium","17":"product_tag-premium","18":"product_tag-tested","19":"product_tag-vegan","21":"first","22":"instock","23":"shipping-taxable","24":"product-type-external"},"aioseo_notices":[],"jetpack_sharing_enabled":true,"_links":{"self":[{"href":"https:\/\/www.zolattitude.com\/index.php\/wp-json\/wp\/v2\/product\/29271","targetHints":{"allow":["GET"]}}],"collection":[{"href":"https:\/\/www.zolattitude.com\/index.php\/wp-json\/wp\/v2\/product"}],"about":[{"href":"https:\/\/www.zolattitude.com\/index.php\/wp-json\/wp\/v2\/types\/product"}],"replies":[{"embeddable":true,"href":"https:\/\/www.zolattitude.com\/index.php\/wp-json\/wp\/v2\/comments?post=29271"}],"wp:featuredmedia":[{"embeddable":true,"href":"https:\/\/www.zolattitude.com\/index.php\/wp-json\/wp\/v2\/media\/29272"}],"wp:attachment":[{"href":"https:\/\/www.zolattitude.com\/index.php\/wp-json\/wp\/v2\/media?parent=29271"}],"wp:term":[{"taxonomy":"store","embeddable":true,"href":"https:\/\/www.zolattitude.com\/index.php\/wp-json\/wp\/v2\/store?post=29271"},{"taxonomy":"product_brand","embeddable":true,"href":"https:\/\/www.zolattitude.com\/index.php\/wp-json\/wp\/v2\/product_brand?post=29271"},{"taxonomy":"product_cat","embeddable":true,"href":"https:\/\/www.zolattitude.com\/index.php\/wp-json\/wp\/v2\/product_cat?post=29271"},{"taxonomy":"product_tag","embeddable":true,"href":"https:\/\/www.zolattitude.com\/index.php\/wp-json\/wp\/v2\/product_tag?post=29271"}],"curies":[{"name":"wp","href":"https:\/\/api.w.org\/{rel}","templated":true}]}}