{"id":7808,"date":"2025-10-22T21:12:45","date_gmt":"2025-10-22T21:12:45","guid":{"rendered":"https:\/\/www.zolattitude.com\/index.php\/product\/life-extension-multivitamin-two-per-day-120-tablets-gluten-free-soy-free-non-gmo\/"},"modified":"2025-10-22T21:12:56","modified_gmt":"2025-10-22T21:12:56","slug":"life-extension-multivitamin-two-per-day-120-tablets-gluten-free-soy-free-non-gmo","status":"publish","type":"product","link":"https:\/\/www.zolattitude.com\/index.php\/product\/life-extension-multivitamin-two-per-day-120-tablets-gluten-free-soy-free-non-gmo\/","title":{"rendered":"Life Extension, Multivitamin Two per Day, 120 Tablets, Gluten Free, Soy Free, Non-GMO"},"content":{"rendered":"<p>Price: <span style=\"color:#b12704\">\u20ac39.80<\/span><br \/><i><small>(as of Oct 22, 2025 21:12:45 UTC &#8211; <span class=\"wp_automatic_amazon_disclaimer\" title=\"Product prices and availability are accurate as of the date\/time indicated and are subject to change. Any price and availability information displayed on [relevant Amazon Site(s), as applicable] at the time of purchase will apply to the purchase of this product.\">Details<\/span>)<\/small><\/i><br \/><a href=\"https:\/\/amazon.fr\/dp\/B0B3ML3MQK?tag=onamzmoukoubl-21\"><img decoding=\"async\" src=\"https:\/\/valvepress.s3.amazonaws.com\/imgs\/buy_now.png\"><\/a><br \/>\n<\/p>\n<p>                                             From the brand   <\/p>\n<p>                                             <img decoding=\"async\" alt=\"LEF Brand Story Background\" src=\"https:\/\/images-na.ssl-images-amazon.com\/images\/G\/01\/x-locale\/common\/grey-pixel.gif\" class=\"a-lazy-loaded\" data-src=\"https:\/\/m.media-amazon.com\/images\/S\/aplus-media-library-service-media\/12fafa81-e7c7-46dd-a5d2-e81b68a1dbdd.__CR0,0,1464,625_PT0_SX1464_V1___.jpg\"><img decoding=\"async\" alt=\"LEF Brand Story Background\" src=\"https:\/\/m.media-amazon.com\/images\/S\/aplus-media-library-service-media\/12fafa81-e7c7-46dd-a5d2-e81b68a1dbdd.__CR0,0,1464,625_PT0_SX1464_V1___.jpg\">  <\/p>\n<p>                                             <img decoding=\"async\" alt=\"\" src=\"https:\/\/images-na.ssl-images-amazon.com\/images\/G\/01\/x-locale\/common\/grey-pixel.gif\" class=\"a-lazy-loaded\" data-src=\"https:\/\/m.media-amazon.com\/images\/S\/aplus-media-library-service-media\/aea1bcca-bfb4-4e6a-ac12-20f4771541b2.__CR0,0,1312,604_PT0_SX315_V1___.jpg\"><img decoding=\"async\" alt=\"\" src=\"https:\/\/m.media-amazon.com\/images\/S\/aplus-media-library-service-media\/aea1bcca-bfb4-4e6a-ac12-20f4771541b2.__CR0,0,1312,604_PT0_SX315_V1___.jpg\">  <\/p>\n<p> Chez Life Extension, nous voulons t&#8217;aider \u00e0 mener une vie aussi saine que possible. Depuis plus de 40 ans, nous sommes \u00e0 la recherche d&#8217;un avenir plus sain. Nous pensons que la r\u00e9ponse est \u00e0 port\u00e9e de main et que la recherche scientifique rigoureuse est le moyen d&#8217;y parvenir. <\/p>\n<p>                                             <img decoding=\"async\" alt=\"\" src=\"https:\/\/images-na.ssl-images-amazon.com\/images\/G\/01\/x-locale\/common\/grey-pixel.gif\" class=\"a-lazy-loaded\" data-src=\"https:\/\/m.media-amazon.com\/images\/S\/aplus-media-library-service-media\/cabf472f-0e34-45a1-ad57-310cb487d541.__CR0,0,1508,1887_PT0_SX362_V1___.jpg\"><img decoding=\"async\" alt=\"\" src=\"https:\/\/m.media-amazon.com\/images\/S\/aplus-media-library-service-media\/cabf472f-0e34-45a1-ad57-310cb487d541.__CR0,0,1508,1887_PT0_SX362_V1___.jpg\">  <\/p>\n<h3> Notre promesse <\/h3>\n<p> Puret\u00e9 | Efficacit\u00e9| Qualit\u00e9 <\/p>\n<p> Les ingr\u00e9dients les plus purs. Les formules les plus puissantes. Les produits de la plus haute qualit\u00e9. <\/p>\n<p>                                                         Puret\u00e9                                        <\/p>\n<p> Nous nous procurons uniquement les meilleures mati\u00e8res premi\u00e8res de marque. 99% de nos produits sont fabriqu\u00e9s aux \u00c9tats-Unis et ne sont pas g\u00e9n\u00e9tiquement modifi\u00e9s. <\/p>\n<p>                                                         Efficacit\u00e9                                       <\/p>\n<p> Nos formules utilisent exactement les doses recommand\u00e9es par les \u00e9tudes cliniques ind\u00e9pendantes qui ont inspir\u00e9 leur \u00e9laboration. <\/p>\n<p>                                                         Qualit\u00e9                                       <\/p>\n<p> Ton corps m\u00e9rite ce qu&#8217;il y a de mieux. Ce n&#8217;est pas un hasard si 98 % de nos clients recommandent <\/p>\n<h3> Plus de choix dans la boutique <\/h3>\n<p class=\"apm-brand-story-stores-link\">\n<p>                                                         Qu&#8217;est-ce qui nous motive ?                                       <\/p>\n<p> Depuis plus de 40 ans, nous sommes anim\u00e9s par la conviction qu&#8217;une vie plus saine est possible pour chacun d&#8217;entre nous, \u00e0 condition de le vouloir. C&#8217;est ce qui nous inspire \u00e0 repousser toujours plus loin les limites de la science nutritionnelle. <\/p>\n<p>                                                         Nos produits sont-ils s\u00fbrs ?                                       <\/p>\n<p> Nos formules fournissent des nutriments et des dosages bas\u00e9s sur la recherche clinique. Nous appliquons les normes les plus strictes \u00e0 chacun des ingr\u00e9dients : Ils doivent \u00eatre propres. Ils doivent \u00eatre frais. Ils doivent \u00eatre les meilleurs. Car c&#8217;est ce que ton corps m\u00e9rite. <\/p>\n<p> Package Dimensions                                            \u200f                                            :                                            \u200e                                            12.4 x 7.1 x 6.9 cm; 80 g   <br \/> Manufacturer                                            \u200f                                            :                                            \u200e                                            Life Extension   <br \/> ASIN                                            \u200f                                            :                                            \u200e                                            B0B3ML3MQK   <br \/> Manufacturer reference                                            \u200f                                            :                                            \u200e                                            LEF-0770   <br \/> Country of origin                                            \u200f                                            :                                            \u200e                                            USA   <br \/>  Customer reviews:                                                                                     4.5             4.5 out of 5 stars                                    331 ratings                                             var dpAcrHasRegisteredArcLinkClickAction;                    P.when(&#8216;A&#8217;, &#8216;ready&#8217;).execute(function(A) {                        if (dpAcrHasRegisteredArcLinkClickAction !== true) {                            dpAcrHasRegisteredArcLinkClickAction = true;                            A.declarative(                                &#8216;acrLink-click-metrics&#8217;, &#8216;click&#8217;,                                { &#8220;allowLinkDefault&#8221;: true },                                function (event) {                                    if (window.ue) {                                        ue.count(&#8220;acrLinkClickCount&#8221;, (ue.count(&#8220;acrLinkClickCount&#8221;) || 0) + 1);                                    }                                }                            );                        }                    });                                             P.when(&#8216;A&#8217;, &#8216;cf&#8217;).execute(function(A) {                A.declarative(&#8216;acrStarsLink-click-metrics&#8217;, &#8216;click&#8217;, { &#8220;allowLinkDefault&#8221; : true },  function(event){                    if(window.ue) {                        ue.count(&#8220;acrStarsLinkWithPopoverClickCount&#8221;, (ue.count(&#8220;acrStarsLinkWithPopoverClickCount&#8221;) || 0) + 1);                    }                });            });                          <br \/>HIGH DOSE: One Dose, One Tablet, Two Per Day by Life Extension contains a unique composition of vitamins, minerals, trace elements, NAC, fruit extracts, plant extracts and enzymes that you can bring daily to your body<br \/>GOOD BIOAVAILABILITY: Life Extension Two per day is characterized by good bioavailability and is suitable for a diet-conscious lifestyle<br \/>High quality: the quality and purity of Life Extension multivitamin tablets are tested by independent laboratories<br \/>NO UNDESIRABLE ADDITIVES: Life Extension multivitamin tablets are gluten free and made without GMOs<br \/>IMPORTANT NUTRIMENTS Life Extension Multivitamin Blend contains a unique combination of vitamins, minerals, trace elements, NAC, fruit extracts, plant extracts and enzymes; essential nutrients that participate in many processes in the human body<\/p>\n\n","protected":false},"excerpt":{"rendered":"<p> From the brand Chez Life Extension, nous voulons t&#8217;aider \u00e0 mener une vie aussi saine que possible. Depuis plus de 40 ans, nous sommes \u00e0 la recherche d&#8217;un avenir plus sain. Nous pensons que la r\u00e9ponse est \u00e0 port\u00e9e de main et que la recherche scientifique rigoureuse est le moyen [&hellip;]<\/p>\n","protected":false},"featured_media":7809,"comment_status":"open","ping_status":"closed","template":"","meta":{"_gspb_post_css":"","om_disable_all_campaigns":false,"_monsterinsights_skip_tracking":false,"_monsterinsights_sitenote_active":false,"_monsterinsights_sitenote_note":"","_monsterinsights_sitenote_category":0},"store":[],"product_brand":[],"product_cat":[142],"product_tag":[280,2477,263,310,2476,266,362,1061,179],"class_list":{"0":"post-7808","1":"product","2":"type-product","3":"status-publish","4":"has-post-thumbnail","6":"product_cat-multivitamines","7":"product_tag-day","8":"product_tag-extension","9":"product_tag-free","10":"product_tag-gluten","11":"product_tag-life","12":"product_tag-multivitamin","13":"product_tag-nongmo","14":"product_tag-soy","15":"product_tag-tablets","17":"first","18":"instock","19":"shipping-taxable","20":"product-type-external"},"aioseo_notices":[],"jetpack_sharing_enabled":true,"_links":{"self":[{"href":"https:\/\/www.zolattitude.com\/index.php\/wp-json\/wp\/v2\/product\/7808","targetHints":{"allow":["GET"]}}],"collection":[{"href":"https:\/\/www.zolattitude.com\/index.php\/wp-json\/wp\/v2\/product"}],"about":[{"href":"https:\/\/www.zolattitude.com\/index.php\/wp-json\/wp\/v2\/types\/product"}],"replies":[{"embeddable":true,"href":"https:\/\/www.zolattitude.com\/index.php\/wp-json\/wp\/v2\/comments?post=7808"}],"wp:featuredmedia":[{"embeddable":true,"href":"https:\/\/www.zolattitude.com\/index.php\/wp-json\/wp\/v2\/media\/7809"}],"wp:attachment":[{"href":"https:\/\/www.zolattitude.com\/index.php\/wp-json\/wp\/v2\/media?parent=7808"}],"wp:term":[{"taxonomy":"store","embeddable":true,"href":"https:\/\/www.zolattitude.com\/index.php\/wp-json\/wp\/v2\/store?post=7808"},{"taxonomy":"product_brand","embeddable":true,"href":"https:\/\/www.zolattitude.com\/index.php\/wp-json\/wp\/v2\/product_brand?post=7808"},{"taxonomy":"product_cat","embeddable":true,"href":"https:\/\/www.zolattitude.com\/index.php\/wp-json\/wp\/v2\/product_cat?post=7808"},{"taxonomy":"product_tag","embeddable":true,"href":"https:\/\/www.zolattitude.com\/index.php\/wp-json\/wp\/v2\/product_tag?post=7808"}],"curies":[{"name":"wp","href":"https:\/\/api.w.org\/{rel}","templated":true}]}}