{"id":7942,"date":"2025-10-23T21:29:08","date_gmt":"2025-10-23T21:29:08","guid":{"rendered":"https:\/\/www.zolattitude.com\/index.php\/product\/bandini-omega-3-fish-oil-2000mg-366-capsules-180-days-600mg-bioactive-triglycerides-epa-and-dha-omega-3-for-brain-heart-no-aftertaste-odour-pure-bioavailable-non-gmo\/"},"modified":"2025-10-23T21:29:17","modified_gmt":"2025-10-23T21:29:17","slug":"bandini-omega-3-fish-oil-2000mg-366-capsules-180-days-600mg-bioactive-triglycerides-epa-and-dha-omega-3-for-brain-heart-no-aftertaste-odour-pure-bioavailable-non-gmo","status":"publish","type":"product","link":"https:\/\/www.zolattitude.com\/index.php\/product\/bandini-omega-3-fish-oil-2000mg-366-capsules-180-days-600mg-bioactive-triglycerides-epa-and-dha-omega-3-for-brain-heart-no-aftertaste-odour-pure-bioavailable-non-gmo\/","title":{"rendered":"Bandini\u00ae OMEGA 3 Fish Oil 2000mg, 366 Capsules (180 Days)- 600mg Bioactive Triglycerides EPA and DHA, Omega 3 for Brain, Heart | No Aftertaste &#038; Odour &#8211; Pure, Bioavailable, Non-GMO"},"content":{"rendered":"<p>Price: <span style=\"color:#b12704\">\u20ac26.90<\/span><br \/><i><small>(as of Oct 23, 2025 21:29:09 UTC &#8211; <span class=\"wp_automatic_amazon_disclaimer\" title=\"Product prices and availability are accurate as of the date\/time indicated and are subject to change. Any price and availability information displayed on [relevant Amazon Site(s), as applicable] at the time of purchase will apply to the purchase of this product.\">Details<\/span>)<\/small><\/i><\/p>\n<p><a href=\"https:\/\/amazon.fr\/dp\/B0B6W4HXZG?tag=onamzmoukoubl-21\"><img decoding=\"async\" src=\"https:\/\/valvepress.s3.amazonaws.com\/imgs\/buy_now.png\"><\/a><br \/>\n<\/p>\n<p>                                             Product Description   <\/p>\n<p>                                                                                                      <img decoding=\"async\" alt=\"Publicit\u00e9 en noir et blanc repr\u00e9sentant une silhouette athl\u00e9tique tenant un objet rond, avec le logo Bandini Sport Nutrition bien en \u00e9vidence.\" src=\"https:\/\/images-na.ssl-images-amazon.com\/images\/G\/01\/x-locale\/common\/grey-pixel.gif\" class=\"a-lazy-loaded\" data-src=\"https:\/\/m.media-amazon.com\/images\/S\/aplus-media-library-service-media\/3e7229bf-1617-403c-8d51-94c33cab36cc.__CR0,0,4068,1667_PT0_SX1464_V1___.png\"><img decoding=\"async\" alt=\"Publicit\u00e9 en noir et blanc repr\u00e9sentant une silhouette athl\u00e9tique tenant un objet rond, avec le logo Bandini Sport Nutrition bien en \u00e9vidence.\" src=\"https:\/\/m.media-amazon.com\/images\/S\/aplus-media-library-service-media\/3e7229bf-1617-403c-8d51-94c33cab36cc.__CR0,0,4068,1667_PT0_SX1464_V1___.png\">                                               <\/p>\n<p>                                                                                 <img decoding=\"async\" alt=\"sur le th\u00e8me du fitness avec un texte fran\u00e7ais sur la transformation, avec un torse monochrome sur fond sombre.\" src=\"https:\/\/m.media-amazon.com\/images\/S\/aplus-media-library-service-media\/6d1455c5-a782-40d5-99b6-f5f69c63d912.__CR0,0,4067,1667_PT0_SX1464_V1___.png\">                                                   <img decoding=\"async\" alt=\"Image promotionnelle en noir et blanc sur le th\u00e8me du fitness montrant un torse et des bras muscl\u00e9s avec un texte en fran\u00e7ais sur\" src=\"https:\/\/m.media-amazon.com\/images\/S\/aplus-media-library-service-media\/12fb368e-8a43-44ce-bd11-7d0525b62337.__CR0,0,4067,1667_PT0_SX1464_V1___.png\">                                                   <img decoding=\"async\" alt=\"Publicit\u00e9 de fitness en noir et blanc avec texte en fran\u00e7ais sur l'\u00e9nergie maximale pour les entra\u00eenements, montrant des \u00e9quipements d'exercice dans l'obscurit\u00e9.\" src=\"https:\/\/m.media-amazon.com\/images\/S\/aplus-media-library-service-media\/0f86f093-ca22-4383-812d-e2022c029c6b.__CR0,0,4067,1667_PT0_SX1464_V1___.png\">                                                   <img decoding=\"async\" alt=\"Affiche motivante en noir et blanc avec le texte fran\u00e7ais \u00ab Atteignez vos objectifs \u00bb montrant les muscles du torse sous\" src=\"https:\/\/m.media-amazon.com\/images\/S\/aplus-media-library-service-media\/91900912-8ba1-471e-9582-37524b5c2003.__CR0,0,4067,1667_PT0_SX1464_V1___.png\">                                                   <img decoding=\"async\" alt=\"Image en noir et blanc d'un torse et de bras muscl\u00e9s, avec le texte fran\u00e7ais \u00ab D\u00e9passez vos limites \u00bb superpos\u00e9\" src=\"https:\/\/m.media-amazon.com\/images\/S\/aplus-media-library-service-media\/63086be2-308d-4794-8dbb-921dacaee866.__CR0,0,4067,1667_PT0_SX1464_V1___.png\">               <\/p>\n<p>                       1 Transformation          2 Puissance maximale          3 \u00c9nergie maximale          4 Vos objectifs          5 d\u00e9passez vos limites             <\/p>\n<p>                                                                                                      <img decoding=\"async\" alt=\"Personne utilisant un \u00e9quipement de gym devant un mur jaune avec un texte fran\u00e7ais superpos\u00e9 sur l'entra\u00eenement physique\" src=\"https:\/\/images-na.ssl-images-amazon.com\/images\/G\/01\/x-locale\/common\/grey-pixel.gif\" class=\"a-lazy-loaded\" data-src=\"https:\/\/m.media-amazon.com\/images\/S\/aplus-media-library-service-media\/93acdb48-9e10-4d55-ae64-2051e96e6140.__CR0,0,4068,1667_PT0_SX1464_V1___.png\"><img decoding=\"async\" alt=\"Personne utilisant un \u00e9quipement de gym devant un mur jaune avec un texte fran\u00e7ais superpos\u00e9 sur l'entra\u00eenement physique\" src=\"https:\/\/m.media-amazon.com\/images\/S\/aplus-media-library-service-media\/93acdb48-9e10-4d55-ae64-2051e96e6140.__CR0,0,4068,1667_PT0_SX1464_V1___.png\">                                               <\/p>\n<p>                                                                                                      <img decoding=\"async\" alt=\"Deux contenants de suppl\u00e9ments de nutrition sportive : un grand contenant noir de cr\u00e9atine et un plus petit contenant bleu de formule ZMA\" src=\"https:\/\/images-na.ssl-images-amazon.com\/images\/G\/01\/x-locale\/common\/grey-pixel.gif\" class=\"a-lazy-loaded\" data-src=\"https:\/\/m.media-amazon.com\/images\/S\/aplus-media-library-service-media\/9e08c6d0-b8c7-4359-887f-11a88de9c2f4.__CR0,0,4068,1667_PT0_SX1464_V1___.png\"><img decoding=\"async\" alt=\"Deux contenants de suppl\u00e9ments de nutrition sportive : un grand contenant noir de cr\u00e9atine et un plus petit contenant bleu de formule ZMA\" src=\"https:\/\/m.media-amazon.com\/images\/S\/aplus-media-library-service-media\/9e08c6d0-b8c7-4359-887f-11a88de9c2f4.__CR0,0,4068,1667_PT0_SX1464_V1___.png\">                                               <\/p>\n<p>                                                                                 <img decoding=\"async\" alt=\"Panel d'information vert en fran\u00e7ais discutant d'ingr\u00e9dients de qualit\u00e9, mettant l'accent sur l'utilisation d'ingr\u00e9dients de qualit\u00e9 sup\u00e9rieure et mentionnant les options v\u00e9g\u00e9tariennes.\" src=\"https:\/\/m.media-amazon.com\/images\/S\/aplus-media-library-service-media\/a496b6e2-7901-480f-9ada-3522d3efc8ae.__CR0,0,4067,1667_PT0_SX1464_V1___.png\">       <\/p>\n<p>                                                                                 <img decoding=\"async\" alt=\"en fran\u00e7ais pour le soutien \u00e0 la r\u00e9cup\u00e9ration musculaire, avec du texte blanc et une ic\u00f4ne en forme de feuille dans le coin sup\u00e9rieur.\" src=\"https:\/\/m.media-amazon.com\/images\/S\/aplus-media-library-service-media\/4bb37931-bca0-4879-bec7-c37a50814665.__CR0,0,4067,1667_PT0_SX1464_V1___.png\">       <\/p>\n<p>                                                                                 <img decoding=\"async\" alt=\"Bloc de texte gris en fran\u00e7ais discutant des formules de produits, apparaissant sur un fond neutre avec un minimum d'\u00e9l\u00e9ments de conception.\" src=\"https:\/\/m.media-amazon.com\/images\/S\/aplus-media-library-service-media\/8df96e07-4b11-4ed7-a786-244f3b6c6e3d.__CR0,0,4067,1667_PT0_SX1464_V1___.png\">       <\/p>\n<p>                                                                                 <img decoding=\"async\" alt=\"Banni\u00e8re de texte \u00e0 th\u00e8me sombre en fran\u00e7ais affichant \u00ab UNE APPROCHE SCIENTIFIQUE \u00bb avec du texte suppl\u00e9mentaire en dessous.\" src=\"https:\/\/m.media-amazon.com\/images\/S\/aplus-media-library-service-media\/d5d76c2a-cdec-4d2d-a8ea-bf97196d594a.__CR0,0,4067,1667_PT0_SX1464_V1___.png\">       <\/p>\n<h3 class=\"a-text-center aplus-h1 a-text-bold\"> Produits connexes <\/h3>\n<p>                         Add To Basket  <\/p>\n<p>                         Add To Basket  <\/p>\n<p>                         Add To Basket  <\/p>\n<p>                         Add To Basket  <\/p>\n<p>                         Add To Basket  <\/p>\n<p>                                     Customer Reviews  <\/p>\n<p>                    4.1 out of 5 stars  1,235  <\/p>\n<p>                    4.4 out of 5 stars  286  <\/p>\n<p>                    4.4 out of 5 stars  921  <\/p>\n<p>                    4.1 out of 5 stars  109  <\/p>\n<p>                    4.7 out of 5 stars  313  <\/p>\n<p>                                     Price  <\/p>\n<p>                                                        \u20ac17.95\u20ac17.95     <\/p>\n<p>                                                        \u20ac19.90\u20ac19.90     <\/p>\n<p>                                                        \u20ac18.90\u20ac18.90     <\/p>\n<p>                                                        \u20ac12.90\u20ac12.90     <\/p>\n<p>                                                        \u20ac26.90\u20ac26.90     <\/p>\n<p>                                     Format  <\/p>\n<p>                                                Comprim\u00e9s    <\/p>\n<p>                                                G\u00e9lules    <\/p>\n<p>                                                G\u00e9lules    <\/p>\n<p>                                                Capsules    <\/p>\n<p>                                                Capsules    <\/p>\n<p>                                     Montant  <\/p>\n<p>                                                100 Comprim\u00e9s    <\/p>\n<p>                                                180 G\u00e9lules    <\/p>\n<p>                                                60 G\u00e9lules    <\/p>\n<p>                                                90 Capsules    <\/p>\n<p>                                                366 Capsules    <\/p>\n<p>                                     Fournir  <\/p>\n<p>                                                + 3 mois    <\/p>\n<p>                                                6 mois    <\/p>\n<p>                                                2 mois    <\/p>\n<p>                                                1 mois    <\/p>\n<p>                                                6 mois    <\/p>\n<p>                                     Vegan  <\/p>\n<p>                                                    \u2714       <\/p>\n<p>                                                    \u2714       <\/p>\n<p>                                                    \u2714       <\/p>\n<p>                                                    \u2714       <\/p>\n<p>                                                    \u2714       <\/p>\n<p>                                     GMP  <\/p>\n<p>                                                    \u2714       <\/p>\n<p>                                                    \u2714       <\/p>\n<p>                                                    \u2714       <\/p>\n<p>                                                    \u2714       <\/p>\n<p>                                                    \u2714       <\/p>\n<p> Package Dimensions                                            \u200f                                            :                                            \u200e                                            13.9 x 10.3 x 10.1 cm; 250 g   <br \/> Manufacturer                                            \u200f                                            :                                            \u200e                                            Bandini   <br \/> ASIN                                            \u200f                                            :                                            \u200e                                            B0B6W4HXZG   <br \/> Manufacturer reference                                            \u200f                                            :                                            \u200e                                            omega3   <br \/> Country of origin                                            \u200f                                            :                                            \u200e                                            Italy   <br \/>  Customer reviews:                                                                                     4.7             4.7 out of 5 stars                                    313 ratings                                             var dpAcrHasRegisteredArcLinkClickAction;                    P.when(&#8216;A&#8217;, &#8216;ready&#8217;).execute(function(A) {                        if (dpAcrHasRegisteredArcLinkClickAction !== true) {                            dpAcrHasRegisteredArcLinkClickAction = true;                            A.declarative(                                &#8216;acrLink-click-metrics&#8217;, &#8216;click&#8217;,                                { &#8220;allowLinkDefault&#8221;: true },                                function (event) {                                    if (window.ue) {                                        ue.count(&#8220;acrLinkClickCount&#8221;, (ue.count(&#8220;acrLinkClickCount&#8221;) || 0) + 1);                                    }                                }                            );                        }                    });                                             P.when(&#8216;A&#8217;, &#8216;cf&#8217;).execute(function(A) {                A.declarative(&#8216;acrStarsLink-click-metrics&#8217;, &#8216;click&#8217;, { &#8220;allowLinkDefault&#8221; : true },  function(event){                    if(window.ue) {                        ue.count(&#8220;acrStarsLinkWithPopoverClickCount&#8221;, (ue.count(&#8220;acrStarsLinkWithPopoverClickCount&#8221;) || 0) + 1);                    }                });            });                          <\/p>\n<p>HIGH DOSING, GUARANTEED SUPPLY. Highly dosed dietary supplement with 600mg EPA and DHA, including 360mg EPA (eicosapentaenoic acid), 240mg DHA (docosahexaenoic acid) and 6.8mg vitamin E per daily dose (2 capsules). Practical pack of 366 beads, one pack has a 6 month coverage<br \/>Features: Omega 3 is a dietary supplement that provides 360 mg of eicosapentaenoic acid (EPA) and 240 mg of docosahexaenoic acid (DHA), which contribute to normal heart function. The beneficial effect is achieved with a daily intake of 250 mg of EPA and DHA. It also provides vitamin E (6.8 mg per daily dose) which helps protect cells from oxidative stress<br \/>INSTRUCTIONS FOR USE AND INGREDIENTS. Take 2 capsules daily with water or another drink of your choice. Ingredients: fish oil titrated in omega 3, gelatin, firming: glycerol; vitamin E (D-alpha tocopherol acetate). The product does not contain flavors. A possible neutral odor is a sign of the quality of the raw material.<br \/>Quality tested. Omega 3,366 capsules Bandini Pharma is born from a rigorous selection of raw materials, in fact it contains pure fish oil (fish oil) titrated to Omega 3 with the addition of Vitamin E. Our premium oil beads prevent any unpleasant taste returns<br \/>Certified product. Bandini Pharma is an Italian company that offers innovative, high-quality products for your health and well-being in a dynamic and professional way: Our products are manufactured in our GMP certified laboratory, UNI EN ISO 9001:2015 and ISO 22000. The Bandini Pharma line, entirely made in Italy, includes a wide range of products at excellent value for money<\/p>\n\n","protected":false},"excerpt":{"rendered":"<p> Product Description 1 Transformation 2 Puissance maximale 3 \u00c9nergie maximale 4 Vos objectifs 5 d\u00e9passez vos limites Produits connexes Add To Basket Add To Basket Add To Basket Add To Basket Add To Basket Customer Reviews 4.1 out of 5 stars 1,235 4.4 out of 5 stars 286 4.4 out [&hellip;]<\/p>\n","protected":false},"featured_media":7943,"comment_status":"open","ping_status":"closed","template":"","meta":{"_gspb_post_css":"","om_disable_all_campaigns":false,"_monsterinsights_skip_tracking":false,"_monsterinsights_sitenote_active":false,"_monsterinsights_sitenote_note":"","_monsterinsights_sitenote_category":0},"store":[],"product_brand":[],"product_cat":[144],"product_tag":[320,1404,2510,817,953,816,1304,198,292,324,322,315,336,362,2511,243,259,213,1608],"class_list":{"0":"post-7942","1":"product","2":"type-product","3":"status-publish","4":"has-post-thumbnail","6":"product_cat-omega-3","7":"product_tag-2000mg","8":"product_tag-600mg","9":"product_tag-aftertaste","10":"product_tag-bandini","11":"product_tag-bioactive","12":"product_tag-bioavailable","13":"product_tag-brain","14":"product_tag-capsules","15":"product_tag-days","16":"product_tag-dha","17":"product_tag-epa","18":"product_tag-fish","19":"product_tag-heart","20":"product_tag-nongmo","21":"product_tag-odour","22":"product_tag-oil","23":"product_tag-omega","24":"product_tag-pure","25":"product_tag-triglycerides","27":"first","28":"instock","29":"shipping-taxable","30":"product-type-external"},"aioseo_notices":[],"jetpack_sharing_enabled":true,"_links":{"self":[{"href":"https:\/\/www.zolattitude.com\/index.php\/wp-json\/wp\/v2\/product\/7942","targetHints":{"allow":["GET"]}}],"collection":[{"href":"https:\/\/www.zolattitude.com\/index.php\/wp-json\/wp\/v2\/product"}],"about":[{"href":"https:\/\/www.zolattitude.com\/index.php\/wp-json\/wp\/v2\/types\/product"}],"replies":[{"embeddable":true,"href":"https:\/\/www.zolattitude.com\/index.php\/wp-json\/wp\/v2\/comments?post=7942"}],"wp:featuredmedia":[{"embeddable":true,"href":"https:\/\/www.zolattitude.com\/index.php\/wp-json\/wp\/v2\/media\/7943"}],"wp:attachment":[{"href":"https:\/\/www.zolattitude.com\/index.php\/wp-json\/wp\/v2\/media?parent=7942"}],"wp:term":[{"taxonomy":"store","embeddable":true,"href":"https:\/\/www.zolattitude.com\/index.php\/wp-json\/wp\/v2\/store?post=7942"},{"taxonomy":"product_brand","embeddable":true,"href":"https:\/\/www.zolattitude.com\/index.php\/wp-json\/wp\/v2\/product_brand?post=7942"},{"taxonomy":"product_cat","embeddable":true,"href":"https:\/\/www.zolattitude.com\/index.php\/wp-json\/wp\/v2\/product_cat?post=7942"},{"taxonomy":"product_tag","embeddable":true,"href":"https:\/\/www.zolattitude.com\/index.php\/wp-json\/wp\/v2\/product_tag?post=7942"}],"curies":[{"name":"wp","href":"https:\/\/api.w.org\/{rel}","templated":true}]}}