{"id":9864,"date":"2025-11-07T20:26:15","date_gmt":"2025-11-07T20:26:15","guid":{"rendered":"https:\/\/www.zolattitude.com\/index.php\/product\/nutriexpert-marine-magnesium-b6-food-supplement-with-magnesium-vitamin-b6-lemon-balm-promotes-nervous-system-balance-and-well-being-reduces-fatigue-pack-of-3-products\/"},"modified":"2025-11-07T20:26:15","modified_gmt":"2025-11-07T20:26:15","slug":"nutriexpert-marine-magnesium-b6-food-supplement-with-magnesium-vitamin-b6-lemon-balm-promotes-nervous-system-balance-and-well-being-reduces-fatigue-pack-of-3-products","status":"publish","type":"product","link":"https:\/\/www.zolattitude.com\/index.php\/product\/nutriexpert-marine-magnesium-b6-food-supplement-with-magnesium-vitamin-b6-lemon-balm-promotes-nervous-system-balance-and-well-being-reduces-fatigue-pack-of-3-products\/","title":{"rendered":"NUTRIEXPERT &#8211; Marine Magnesium B6+ &#8211; Food Supplement with Magnesium + Vitamin B6 + Lemon Balm &#8211; Promotes Nervous System Balance and Well-Being &#8211; Reduces Fatigue &#8211; Pack of 3 Products"},"content":{"rendered":"<p>Price: <span style=\"color:#b12704\">\u20ac24.90<\/span><br \/><i><small>(as of Nov 07, 2025 20:26:15 UTC &#8211; <span class=\"wp_automatic_amazon_disclaimer\" title=\"Product prices and availability are accurate as of the date\/time indicated and are subject to change. Any price and availability information displayed on [relevant Amazon Site(s), as applicable] at the time of purchase will apply to the purchase of this product.\">Details<\/span>)<\/small><\/i><br \/><a href=\"https:\/\/amazon.fr\/dp\/B09KV8G7YN?tag=onamzmoukoubl-21\"><img decoding=\"async\" src=\"https:\/\/valvepress.s3.amazonaws.com\/imgs\/buy_now.png\"><\/a><br \/>\n<\/p>\n<p>                                             Product Description   <\/p>\n<p>                                                        <img decoding=\"async\" alt=\"nutri\" src=\"https:\/\/images-na.ssl-images-amazon.com\/images\/G\/01\/x-locale\/common\/grey-pixel.gif\" class=\"a-lazy-loaded\" data-src=\"https:\/\/m.media-amazon.com\/images\/S\/aplus-media-library-service-media\/2c1d44a8-1395-47dc-a4cb-7b49d6679efd.__CR185,0,600,180_PT0_SX600_V1___.jpg\"><img decoding=\"async\" alt=\"nutri\" src=\"https:\/\/m.media-amazon.com\/images\/S\/aplus-media-library-service-media\/2c1d44a8-1395-47dc-a4cb-7b49d6679efd.__CR185,0,600,180_PT0_SX600_V1___.jpg\">      <\/p>\n<p>                                                                            <img decoding=\"async\" alt=\"magnesium marin\" src=\"https:\/\/images-na.ssl-images-amazon.com\/images\/G\/01\/x-locale\/common\/grey-pixel.gif\" class=\"a-spacing-base a-lazy-loaded\" data-src=\"https:\/\/m.media-amazon.com\/images\/S\/aplus-media-library-service-media\/7d5345c2-4fc0-470e-ad9a-a6107756aa7d.__CR0,0,970,600_PT0_SX970_V1___.jpg\"><img decoding=\"async\" alt=\"magnesium marin\" src=\"https:\/\/m.media-amazon.com\/images\/S\/aplus-media-library-service-media\/7d5345c2-4fc0-470e-ad9a-a6107756aa7d.__CR0,0,970,600_PT0_SX970_V1___.jpg\">                                                                    <\/p>\n<h3 class=\"a-size-extra-large aplus-13-heading-text a-text-bold\"> \u00c9quilibre du syst\u00e8me nerveux <\/h3>\n<p class=\"description\"> Le compl\u00e9ment alimentaire Magn\u00e9sium Marin B6+ NUTRI EXPERT associe des actifs d\u2019origine naturelle aux effets synergiques pour soutenir le syst\u00e8me nerveux : <\/p>\n<p class=\"description\">\n<p>Le Magn\u00e9sium marin issu du sel de mer en association avec la Vitamine B6 aident \u00e0 r\u00e9duire la fatigue et participent aux fonctions nerveuses et      psychologiques ;L\u2019extrait de M\u00e9lisse offre un effet apaisant favorisant la d\u00e9tente et soutient le bien-\u00eatre mental et physique. Pour r\u00e9duire l&#8217;irritabilit\u00e9 et aider \u00e0 maintenir une humeur positive.      <\/p>\n<p class=\"description\"> Cure 30 jours <\/p>\n<p>                                                                            <img decoding=\"async\" alt=\"AAA\" src=\"https:\/\/images-na.ssl-images-amazon.com\/images\/G\/01\/x-locale\/common\/grey-pixel.gif\" class=\"a-spacing-base a-lazy-loaded\" data-src=\"https:\/\/m.media-amazon.com\/images\/S\/aplus-media-library-service-media\/3ae033a8-9acf-42b4-86c0-89bc8deeff4f.__CR0,572,970,600_PT0_SX970_V1___.jpg\"><img decoding=\"async\" alt=\"AAA\" src=\"https:\/\/m.media-amazon.com\/images\/S\/aplus-media-library-service-media\/3ae033a8-9acf-42b4-86c0-89bc8deeff4f.__CR0,572,970,600_PT0_SX970_V1___.jpg\">                                                                    <\/p>\n<p> Manufacturer                                            \u200f                                            :                                            \u200e                                            NUTRI EXPERT   <br \/> ASIN                                            \u200f                                            :                                            \u200e                                            B09KV8G7YN   <br \/> Manufacturer reference                                            \u200f                                            :                                            \u200e                                            PK33MGM320   <br \/> Country of origin                                            \u200f                                            :                                            \u200e                                            France   <br \/>  Customer reviews:                                                                                     4.5             4.5 out of 5 stars                                    29 ratings                                             var dpAcrHasRegisteredArcLinkClickAction;                    P.when(&#8216;A&#8217;, &#8216;ready&#8217;).execute(function(A) {                        if (dpAcrHasRegisteredArcLinkClickAction !== true) {                            dpAcrHasRegisteredArcLinkClickAction = true;                            A.declarative(                                &#8216;acrLink-click-metrics&#8217;, &#8216;click&#8217;,                                { &#8220;allowLinkDefault&#8221;: true },                                function (event) {                                    if (window.ue) {                                        ue.count(&#8220;acrLinkClickCount&#8221;, (ue.count(&#8220;acrLinkClickCount&#8221;) || 0) + 1);                                    }                                }                            );                        }                    });                                             P.when(&#8216;A&#8217;, &#8216;cf&#8217;).execute(function(A) {                A.declarative(&#8216;acrStarsLink-click-metrics&#8217;, &#8216;click&#8217;, { &#8220;allowLinkDefault&#8221; : true },  function(event){                    if(window.ue) {                        ue.count(&#8220;acrStarsLinkWithPopoverClickCount&#8221;, (ue.count(&#8220;acrStarsLinkWithPopoverClickCount&#8221;) || 0) + 1);                    }                });            });                          <br \/>RELAXATION AND Psychic Well-Being: Marine Magnesium B6+, a dietary supplement developed to promote the proper functioning of the nervous system, reduce fatigue and contribute to mental well-being<br \/>Product advantages: Combines natural active ingredients with synergistic effects recognized for their effectiveness. Here, the action of magnesium is enhanced by vitamin B6 and lemon balm with soothing properties<br \/>Directions for use: Take 2 capsules daily, preferably during meals, with a large glass of water.<br \/>Composition: 2 capsules provide 150 mg of marine magnesium from sea salt (40% AR), 1.6 mg of vitamin B6 (114% AR) and 50 mg of lemon balm leaf extract.<br \/>Natural Health: Nutriexpert designs natural food supplements as well as hygiene, beauty and comfort products dedicated to your well-being.<\/p>\n\n","protected":false},"excerpt":{"rendered":"<p> Product Description \u00c9quilibre du syst\u00e8me nerveux Le compl\u00e9ment alimentaire Magn\u00e9sium Marin B6+ NUTRI EXPERT associe des actifs d\u2019origine naturelle aux effets synergiques pour soutenir le syst\u00e8me nerveux : Le Magn\u00e9sium marin issu du sel de mer en association avec la Vitamine B6 aident \u00e0 r\u00e9duire la fatigue et participent aux [&hellip;]<\/p>\n","protected":false},"featured_media":9865,"comment_status":"open","ping_status":"closed","template":"","meta":{"_gspb_post_css":"","om_disable_all_campaigns":false,"_monsterinsights_skip_tracking":false,"_monsterinsights_sitenote_active":false,"_monsterinsights_sitenote_note":"","_monsterinsights_sitenote_category":0},"store":[],"product_brand":[],"product_cat":[152],"product_tag":[254,408,270,199,407,287,167,290,2319,316,1934,1275,588,200,401,178,1223],"class_list":{"0":"post-9864","1":"product","2":"type-product","3":"status-publish","4":"has-post-thumbnail","6":"product_cat-magnesium-marin","7":"product_tag-balance","8":"product_tag-balm","9":"product_tag-fatigue","10":"product_tag-food","11":"product_tag-lemon","12":"product_tag-magnesium","13":"product_tag-marine","14":"product_tag-nervous","15":"product_tag-nutriexpert","16":"product_tag-pack","17":"product_tag-products","18":"product_tag-promotes","19":"product_tag-reduces","20":"product_tag-supplement","21":"product_tag-system","22":"product_tag-vitamin","23":"product_tag-wellbeing","25":"first","26":"instock","27":"shipping-taxable","28":"product-type-external"},"aioseo_notices":[],"jetpack_sharing_enabled":true,"_links":{"self":[{"href":"https:\/\/www.zolattitude.com\/index.php\/wp-json\/wp\/v2\/product\/9864","targetHints":{"allow":["GET"]}}],"collection":[{"href":"https:\/\/www.zolattitude.com\/index.php\/wp-json\/wp\/v2\/product"}],"about":[{"href":"https:\/\/www.zolattitude.com\/index.php\/wp-json\/wp\/v2\/types\/product"}],"replies":[{"embeddable":true,"href":"https:\/\/www.zolattitude.com\/index.php\/wp-json\/wp\/v2\/comments?post=9864"}],"wp:featuredmedia":[{"embeddable":true,"href":"https:\/\/www.zolattitude.com\/index.php\/wp-json\/wp\/v2\/media\/9865"}],"wp:attachment":[{"href":"https:\/\/www.zolattitude.com\/index.php\/wp-json\/wp\/v2\/media?parent=9864"}],"wp:term":[{"taxonomy":"store","embeddable":true,"href":"https:\/\/www.zolattitude.com\/index.php\/wp-json\/wp\/v2\/store?post=9864"},{"taxonomy":"product_brand","embeddable":true,"href":"https:\/\/www.zolattitude.com\/index.php\/wp-json\/wp\/v2\/product_brand?post=9864"},{"taxonomy":"product_cat","embeddable":true,"href":"https:\/\/www.zolattitude.com\/index.php\/wp-json\/wp\/v2\/product_cat?post=9864"},{"taxonomy":"product_tag","embeddable":true,"href":"https:\/\/www.zolattitude.com\/index.php\/wp-json\/wp\/v2\/product_tag?post=9864"}],"curies":[{"name":"wp","href":"https:\/\/api.w.org\/{rel}","templated":true}]}}